{"id":20206,"date":"2026-04-07T18:18:08","date_gmt":"2026-04-07T16:18:08","guid":{"rendered":"https:\/\/cottage.napokusy.cz\/?page_id=20206"},"modified":"2026-04-07T18:18:10","modified_gmt":"2026-04-07T16:18:10","slug":"staw-kapielowy","status":"publish","type":"page","link":"https:\/\/cottage.cz\/pl\/staw-kapielowy\/","title":{"rendered":"Staw k\u0105pielowy"},"content":{"rendered":"\n<p>Oferujemy nasz pensjonat przez ca\u0142y rok bezp\u0142atne korzystanie z siedlisk k\u0105pielowych z brodzikiem. G\u0142\u0119boko\u015b\u0107 k\u0105pieliska wynosi<strong>&nbsp;2,2m i d\u0142ugo\u015b\u0107 7m.<\/strong>&nbsp;Biotop jest u\u017cywany jako \u017ar\u00f3d\u0142o wody wiosn\u0105 las i deszczowej. Woda powierzchniowa jest wi\u0119c naturalnie ostygni\u0119cia i czyste. Siedlisko czyszczone jest przy u\u017cyciu ro\u015blin wodnych oraz systemu filtracji oczyszczaj\u0105cej z wodospadem. Strefy k\u0105pieli otaczaj\u0105 ro\u015bliny wodne. \u017bycie pod wod\u0105 zach\u0119ca do obserwacji, mo\u017cesz tak\u017ce zobaczy\u0107 traszki tutaj. Le\u017caki zapewniaj\u0105 miejsca do siedzenia na tarasie.<\/p>\n\n\n\n<p>Wykorzystujemy biotop r\u00f3wnie\u017c w sezonie zimowym jako miejsce ch\u0142odz\u0105ce&nbsp;<a href=\"https:\/\/www.cottage.cz\/pl\/naturalny-wellness\/\">wellness<\/a>&nbsp;po saunie lub dla hartowania.<\/p>\n\n\n\nngg_shortcode_0_placeholder\n\n\n\n<p><a href=\"https:\/\/www.cottage.cz\/pl\/jak-jsem-zacal-chytat-kapky-deste\/\">Artyku\u0142, jak zbudowali\u015bmy staw k\u0105pielowy mo\u017cna znale\u017a\u0107 tutaj<\/a>.<\/p>\n","protected":false},"excerpt":{"rendered":"<p>Oferujemy nasz pensjonat przez ca\u0142y rok bezp\u0142atne korzystanie z siedlisk k\u0105pielowych z brodzikiem. G\u0142\u0119boko\u015b\u0107 k\u0105pieliska wynosi&nbsp;2,2m i d\u0142ugo\u015b\u0107 7m.&nbsp;Biotop jest u\u017cywany jako \u017ar\u00f3d\u0142o wody wiosn\u0105 las i deszczowej. Woda powierzchniowa jest wi\u0119c naturalnie ostygni\u0119cia i czyste. Siedlisko czyszczone jest przy u\u017cyciu ro\u015blin wodnych oraz systemu filtracji oczyszczaj\u0105cej z wodospadem. Strefy k\u0105pieli otaczaj\u0105 ro\u015bliny wodne. \u017bycie [&hellip;]<\/p>\n","protected":false},"author":2,"featured_media":28477,"parent":0,"menu_order":0,"comment_status":"closed","ping_status":"closed","template":"","meta":{"_monsterinsights_skip_tracking":false,"_monsterinsights_sitenote_active":false,"_monsterinsights_sitenote_note":"","_monsterinsights_sitenote_category":0,"ngg_post_thumbnail":0,"footnotes":""},"class_list":["post-20206","page","type-page","status-publish","has-post-thumbnail","hentry"],"aioseo_notices":[],"_links":{"self":[{"href":"https:\/\/cottage.cz\/pl\/wp-json\/wp\/v2\/pages\/20206","targetHints":{"allow":["GET"]}}],"collection":[{"href":"https:\/\/cottage.cz\/pl\/wp-json\/wp\/v2\/pages"}],"about":[{"href":"https:\/\/cottage.cz\/pl\/wp-json\/wp\/v2\/types\/page"}],"author":[{"embeddable":true,"href":"https:\/\/cottage.cz\/pl\/wp-json\/wp\/v2\/users\/2"}],"replies":[{"embeddable":true,"href":"https:\/\/cottage.cz\/pl\/wp-json\/wp\/v2\/comments?post=20206"}],"version-history":[{"count":2,"href":"https:\/\/cottage.cz\/pl\/wp-json\/wp\/v2\/pages\/20206\/revisions"}],"predecessor-version":[{"id":28922,"href":"https:\/\/cottage.cz\/pl\/wp-json\/wp\/v2\/pages\/20206\/revisions\/28922"}],"wp:featuredmedia":[{"embeddable":true,"href":"https:\/\/cottage.cz\/pl\/wp-json\/wp\/v2\/media\/28477"}],"wp:attachment":[{"href":"https:\/\/cottage.cz\/pl\/wp-json\/wp\/v2\/media?parent=20206"}],"curies":[{"name":"wp","href":"https:\/\/api.w.org\/{rel}","templated":true}]}}