{"id":20196,"date":"2023-12-16T15:43:56","date_gmt":"2023-12-16T14:43:56","guid":{"rendered":"https:\/\/cottage.napokusy.cz\/?page_id=20196"},"modified":"2023-12-16T15:43:59","modified_gmt":"2023-12-16T14:43:59","slug":"oczyszczalni-korzen","status":"publish","type":"page","link":"https:\/\/cottage.cz\/pl\/oczyszczalni-korzen\/","title":{"rendered":"Oczyszczalni korze\u0144"},"content":{"rendered":"\n<p>Oczyszczalni korze\u0144 (K\u010cOV) urz\u0105dzenie, za pomoc\u0105 bakterii \u017cyj\u0105cych w systemie korzeniowym ro\u015blin i na piecu (wi\u0119c. \u017cwir) oczyszczone brudnej wody w gospodarstwie domowym i w etapie ko\u0144cowym, Woda mo\u017ce by\u0107 u\u017cywana do podlewania ogrodu.<\/p>\n\n\n\n<p>Nasz k\u010cOV sk\u0142ada si\u0119 ze zbiornika septycznego trzy komory, wa\u0142y pompowe, dwa zbiorniki wype\u0142nione ro\u015blinami \u017cwiru,&nbsp;staw nawadniaj\u0105cy do obszaru infiltracji.<\/p>\n\n\n\n<figure class=\"wp-block-image size-large\"><img decoding=\"async\" width=\"1024\" height=\"673\" data-src=\"https:\/\/www.cottage.cz\/wp-content\/uploads\/2020\/03\/zahrada_mensi-1024x673.jpg\" alt=\"\" class=\"wp-image-7080 lazyload\" data-srcset=\"https:\/\/cottage.cz\/wp-content\/uploads\/2020\/03\/zahrada_mensi-1024x673.jpg 1024w, https:\/\/cottage.cz\/wp-content\/uploads\/2020\/03\/zahrada_mensi-300x197.jpg 300w, https:\/\/cottage.cz\/wp-content\/uploads\/2020\/03\/zahrada_mensi-768x505.jpg 768w, https:\/\/cottage.cz\/wp-content\/uploads\/2020\/03\/zahrada_mensi-1536x1009.jpg 1536w, https:\/\/cottage.cz\/wp-content\/uploads\/2020\/03\/zahrada_mensi.jpg 1800w\" data-sizes=\"(max-width: 1024px) 100vw, 1024px\" src=\"data:image\/svg+xml;base64,PHN2ZyB3aWR0aD0iMSIgaGVpZ2h0PSIxIiB4bWxucz0iaHR0cDovL3d3dy53My5vcmcvMjAwMC9zdmciPjwvc3ZnPg==\" style=\"--smush-placeholder-width: 1024px; --smush-placeholder-aspect-ratio: 1024\/673;\" \/><\/figure>\n","protected":false},"excerpt":{"rendered":"<p>Oczyszczalni korze\u0144 (K\u010cOV) urz\u0105dzenie, za pomoc\u0105 bakterii \u017cyj\u0105cych w systemie korzeniowym ro\u015blin i na piecu (wi\u0119c. \u017cwir) oczyszczone brudnej wody w gospodarstwie domowym i w etapie ko\u0144cowym, Woda mo\u017ce by\u0107 u\u017cywana do podlewania ogrodu. Nasz k\u010cOV sk\u0142ada si\u0119 ze zbiornika septycznego trzy komory, wa\u0142y pompowe, dwa zbiorniki wype\u0142nione ro\u015blinami \u017cwiru,&nbsp;staw nawadniaj\u0105cy do obszaru infiltracji.<\/p>\n","protected":false},"author":2,"featured_media":15656,"parent":0,"menu_order":0,"comment_status":"closed","ping_status":"closed","template":"","meta":{"_monsterinsights_skip_tracking":false,"_monsterinsights_sitenote_active":false,"_monsterinsights_sitenote_note":"","_monsterinsights_sitenote_category":0,"ngg_post_thumbnail":0,"footnotes":""},"class_list":["post-20196","page","type-page","status-publish","has-post-thumbnail","hentry"],"aioseo_notices":[],"_links":{"self":[{"href":"https:\/\/cottage.cz\/pl\/wp-json\/wp\/v2\/pages\/20196","targetHints":{"allow":["GET"]}}],"collection":[{"href":"https:\/\/cottage.cz\/pl\/wp-json\/wp\/v2\/pages"}],"about":[{"href":"https:\/\/cottage.cz\/pl\/wp-json\/wp\/v2\/types\/page"}],"author":[{"embeddable":true,"href":"https:\/\/cottage.cz\/pl\/wp-json\/wp\/v2\/users\/2"}],"replies":[{"embeddable":true,"href":"https:\/\/cottage.cz\/pl\/wp-json\/wp\/v2\/comments?post=20196"}],"version-history":[{"count":1,"href":"https:\/\/cottage.cz\/pl\/wp-json\/wp\/v2\/pages\/20196\/revisions"}],"predecessor-version":[{"id":20197,"href":"https:\/\/cottage.cz\/pl\/wp-json\/wp\/v2\/pages\/20196\/revisions\/20197"}],"wp:featuredmedia":[{"embeddable":true,"href":"https:\/\/cottage.cz\/pl\/wp-json\/wp\/v2\/media\/15656"}],"wp:attachment":[{"href":"https:\/\/cottage.cz\/pl\/wp-json\/wp\/v2\/media?parent=20196"}],"curies":[{"name":"wp","href":"https:\/\/api.w.org\/{rel}","templated":true}]}}