{"id":20190,"date":"2023-12-16T15:38:31","date_gmt":"2023-12-16T14:38:31","guid":{"rendered":"https:\/\/cottage.napokusy.cz\/?page_id=20190"},"modified":"2023-12-16T15:38:34","modified_gmt":"2023-12-16T14:38:34","slug":"konigstein","status":"publish","type":"page","link":"https:\/\/cottage.cz\/pl\/konigstein\/","title":{"rendered":"K\u00f6nigstein"},"content":{"rendered":"<p>K\u00f6nigstein to miasto w Szwajcarii Sakso\u0144skiej(Szwajcaria Sakso\u0144ska i Wschodniej Rudawy) i \u017cy\u0107 w nim oko\u0142o 3 TIS. populacji. Pierwsze wzmianki o miejscowo\u015bci 1E. stolen\u00ed., gdy istnieje osada w pobli\u017cu zamku Koenigstein. Pocz\u0105tkowo miasto nale\u017ca\u0142o do kr\u00f3l\u00f3w czeskich.<\/p>\n<p>Twierdza K\u00f6nigstein jest jedn\u0105 z najwi\u0119kszych twierdz g\u00f3rskich w Europie. Na p\u0142askowy\u017cu, usytuowany 240 m nad Elbe, Historia wojskowo\u015bci jest dost\u0119pny okolicach skansenu 9,5 ha. Z piaskowca s\u0105 wy\u0142o\u017cone 1 800 metr\u00f3w d\u0142ugo\u015bci i 42 metrowych \u015bciany twierdzy. Bliski fortyfikacji znajduje si\u0119 152,5 metr g\u0142\u0119boko\u015bci &#8211; najg\u0142\u0119bsze w Saksonii, a drugi najg\u0142\u0119bszy w Europie. Proponuj\u0119 odwiedzi\u0107. Albo zaparkowane na parkingu poza miastem. Lub zaportujte \u0141ab\u0119 i jest \u0142adny spaceru \u015bcie\u017ck\u0105 w g\u00f3ry.<\/p>\n<p>Fort jest bardzo \u0142adne jarmarki bo\u017conarodzeniowe. wi\u0119cej na: \u00a0http:\/\/www.koenigstein.cz\/<\/p>\n<p><img decoding=\"async\" data-src=\"http:\/\/cottage.cz\/wp-content\/uploads\/2017\/07\/cottage_files\/k\u00f6nigstein.jpg\" src=\"data:image\/svg+xml;base64,PHN2ZyB3aWR0aD0iMSIgaGVpZ2h0PSIxIiB4bWxucz0iaHR0cDovL3d3dy53My5vcmcvMjAwMC9zdmciPjwvc3ZnPg==\" class=\"lazyload\" \/><img decoding=\"async\" src=\"http:\/\/cottage.cz\/wp-content\/uploads\/2017\/07\/cottage_files\/22 Pevnost K\u00f6nigstein - celkov\u00fd pohled, foto J. La\u0161t\u016fvka.jpg\" \/><img decoding=\"async\" data-src=\"http:\/\/cottage.cz\/wp-content\/uploads\/2017\/07\/cottage_files\/k\u00f6nigstein-chodby.jpg\" src=\"data:image\/svg+xml;base64,PHN2ZyB3aWR0aD0iMSIgaGVpZ2h0PSIxIiB4bWxucz0iaHR0cDovL3d3dy53My5vcmcvMjAwMC9zdmciPjwvc3ZnPg==\" class=\"lazyload\" \/><\/p>\n","protected":false},"excerpt":{"rendered":"<p>K\u00f6nigstein to miasto w Szwajcarii Sakso\u0144skiej(Szwajcaria Sakso\u0144ska i Wschodniej Rudawy) i \u017cy\u0107 w nim oko\u0142o 3 TIS. populacji. Pierwsze wzmianki o miejscowo\u015bci 1E. stolen\u00ed., gdy istnieje osada w pobli\u017cu zamku Koenigstein. Pocz\u0105tkowo miasto nale\u017ca\u0142o do kr\u00f3l\u00f3w czeskich. Twierdza K\u00f6nigstein jest jedn\u0105 z najwi\u0119kszych twierdz g\u00f3rskich w Europie. Na p\u0142askowy\u017cu, usytuowany 240 m nad Elbe, Historia [&hellip;]<\/p>\n","protected":false},"author":2,"featured_media":14912,"parent":0,"menu_order":0,"comment_status":"closed","ping_status":"closed","template":"","meta":{"_monsterinsights_skip_tracking":false,"_monsterinsights_sitenote_active":false,"_monsterinsights_sitenote_note":"","_monsterinsights_sitenote_category":0,"ngg_post_thumbnail":0,"footnotes":""},"class_list":["post-20190","page","type-page","status-publish","has-post-thumbnail","hentry"],"aioseo_notices":[],"_links":{"self":[{"href":"https:\/\/cottage.cz\/pl\/wp-json\/wp\/v2\/pages\/20190","targetHints":{"allow":["GET"]}}],"collection":[{"href":"https:\/\/cottage.cz\/pl\/wp-json\/wp\/v2\/pages"}],"about":[{"href":"https:\/\/cottage.cz\/pl\/wp-json\/wp\/v2\/types\/page"}],"author":[{"embeddable":true,"href":"https:\/\/cottage.cz\/pl\/wp-json\/wp\/v2\/users\/2"}],"replies":[{"embeddable":true,"href":"https:\/\/cottage.cz\/pl\/wp-json\/wp\/v2\/comments?post=20190"}],"version-history":[{"count":1,"href":"https:\/\/cottage.cz\/pl\/wp-json\/wp\/v2\/pages\/20190\/revisions"}],"predecessor-version":[{"id":20191,"href":"https:\/\/cottage.cz\/pl\/wp-json\/wp\/v2\/pages\/20190\/revisions\/20191"}],"wp:featuredmedia":[{"embeddable":true,"href":"https:\/\/cottage.cz\/pl\/wp-json\/wp\/v2\/media\/14912"}],"wp:attachment":[{"href":"https:\/\/cottage.cz\/pl\/wp-json\/wp\/v2\/media?parent=20190"}],"curies":[{"name":"wp","href":"https:\/\/api.w.org\/{rel}","templated":true}]}}