{"id":20184,"date":"2023-12-14T00:58:27","date_gmt":"2023-12-13T23:58:27","guid":{"rendered":"https:\/\/cottage.napokusy.cz\/?page_id=20184"},"modified":"2023-12-14T00:58:30","modified_gmt":"2023-12-13T23:58:30","slug":"kolarna","status":"publish","type":"page","link":"https:\/\/cottage.cz\/pl\/kolarna\/","title":{"rendered":"Kol\u00e1rna"},"content":{"rendered":"\n<figure class=\"wp-block-gallery has-nested-images columns-default is-cropped wp-block-gallery-1 is-layout-flex wp-block-gallery-is-layout-flex\">\n<figure class=\"wp-block-image size-large\"><img decoding=\"async\" width=\"1024\" height=\"768\" data-id=\"7544\" data-src=\"https:\/\/www.cottage.cz\/wp-content\/uploads\/2020\/08\/20200801_180806-1024x768.jpg\" alt=\"\" class=\"wp-image-7544 lazyload\" data-srcset=\"https:\/\/cottage.cz\/wp-content\/uploads\/2020\/08\/20200801_180806-1024x768.jpg 1024w, https:\/\/cottage.cz\/wp-content\/uploads\/2020\/08\/20200801_180806-300x225.jpg 300w, https:\/\/cottage.cz\/wp-content\/uploads\/2020\/08\/20200801_180806-768x576.jpg 768w, https:\/\/cottage.cz\/wp-content\/uploads\/2020\/08\/20200801_180806-1536x1152.jpg 1536w, https:\/\/cottage.cz\/wp-content\/uploads\/2020\/08\/20200801_180806-2048x1536.jpg 2048w\" data-sizes=\"(max-width: 1024px) 100vw, 1024px\" src=\"data:image\/svg+xml;base64,PHN2ZyB3aWR0aD0iMSIgaGVpZ2h0PSIxIiB4bWxucz0iaHR0cDovL3d3dy53My5vcmcvMjAwMC9zdmciPjwvc3ZnPg==\" style=\"--smush-placeholder-width: 1024px; --smush-placeholder-aspect-ratio: 1024\/768;\" \/><\/figure>\n\n\n\n<figure class=\"wp-block-image size-large\"><img decoding=\"async\" width=\"1024\" height=\"768\" data-id=\"7545\" data-src=\"https:\/\/www.cottage.cz\/wp-content\/uploads\/2020\/08\/20200801_184124-1024x768.jpg\" alt=\"\" class=\"wp-image-7545 lazyload\" data-srcset=\"https:\/\/cottage.cz\/wp-content\/uploads\/2020\/08\/20200801_184124-1024x768.jpg 1024w, https:\/\/cottage.cz\/wp-content\/uploads\/2020\/08\/20200801_184124-300x225.jpg 300w, https:\/\/cottage.cz\/wp-content\/uploads\/2020\/08\/20200801_184124-768x576.jpg 768w, https:\/\/cottage.cz\/wp-content\/uploads\/2020\/08\/20200801_184124-1536x1152.jpg 1536w, https:\/\/cottage.cz\/wp-content\/uploads\/2020\/08\/20200801_184124-2048x1536.jpg 2048w\" data-sizes=\"(max-width: 1024px) 100vw, 1024px\" src=\"data:image\/svg+xml;base64,PHN2ZyB3aWR0aD0iMSIgaGVpZ2h0PSIxIiB4bWxucz0iaHR0cDovL3d3dy53My5vcmcvMjAwMC9zdmciPjwvc3ZnPg==\" style=\"--smush-placeholder-width: 1024px; --smush-placeholder-aspect-ratio: 1024\/768;\" \/><\/figure>\n<\/figure>\n\n\n\n<p>Naszym go\u015bciom oferujemy kilka opcji, gdzie mog\u0105 zablokowa\u0107 swoje rowery. Wariant piwniczny, wariant drewutni.<\/p>\n","protected":false},"excerpt":{"rendered":"<p>Naszym go\u015bciom oferujemy kilka opcji, gdzie mog\u0105 zablokowa\u0107 swoje rowery. Wariant piwniczny, wariant drewutni.<\/p>\n","protected":false},"author":4,"featured_media":15710,"parent":0,"menu_order":0,"comment_status":"closed","ping_status":"closed","template":"","meta":{"_monsterinsights_skip_tracking":false,"_monsterinsights_sitenote_active":false,"_monsterinsights_sitenote_note":"","_monsterinsights_sitenote_category":0,"ngg_post_thumbnail":0,"footnotes":""},"class_list":["post-20184","page","type-page","status-publish","has-post-thumbnail","hentry"],"aioseo_notices":[],"_links":{"self":[{"href":"https:\/\/cottage.cz\/pl\/wp-json\/wp\/v2\/pages\/20184","targetHints":{"allow":["GET"]}}],"collection":[{"href":"https:\/\/cottage.cz\/pl\/wp-json\/wp\/v2\/pages"}],"about":[{"href":"https:\/\/cottage.cz\/pl\/wp-json\/wp\/v2\/types\/page"}],"author":[{"embeddable":true,"href":"https:\/\/cottage.cz\/pl\/wp-json\/wp\/v2\/users\/4"}],"replies":[{"embeddable":true,"href":"https:\/\/cottage.cz\/pl\/wp-json\/wp\/v2\/comments?post=20184"}],"version-history":[{"count":1,"href":"https:\/\/cottage.cz\/pl\/wp-json\/wp\/v2\/pages\/20184\/revisions"}],"predecessor-version":[{"id":20185,"href":"https:\/\/cottage.cz\/pl\/wp-json\/wp\/v2\/pages\/20184\/revisions\/20185"}],"wp:featuredmedia":[{"embeddable":true,"href":"https:\/\/cottage.cz\/pl\/wp-json\/wp\/v2\/media\/15710"}],"wp:attachment":[{"href":"https:\/\/cottage.cz\/pl\/wp-json\/wp\/v2\/media?parent=20184"}],"curies":[{"name":"wp","href":"https:\/\/api.w.org\/{rel}","templated":true}]}}