{"id":20171,"date":"2023-12-13T01:14:15","date_gmt":"2023-12-13T00:14:15","guid":{"rendered":"https:\/\/cottage.napokusy.cz\/?page_id=20171"},"modified":"2023-12-13T01:14:18","modified_gmt":"2023-12-13T00:14:18","slug":"zeglarstwo-na-gornym-weir-obere-schleuse","status":"publish","type":"page","link":"https:\/\/cottage.cz\/pl\/zeglarstwo-na-gornym-weir-obere-schleuse\/","title":{"rendered":"\u017beglarstwo na G\u00f3rnym Weir Obere Schleuse"},"content":{"rendered":"<p>wiesz, Kyjovsk\u00e9 \u017ce kiedy przechodz\u0105 przez dolin\u0119 do tylnego Doubice, przekroczenia granicy z Niemcami, wi\u0119c po pewnym czasie mo\u017cna pop\u0142yn\u0105\u0107 na \u0142odzi w w\u0105wozie niedaleko miasta K\u0159inice Hinterhermsdorf? Podczas p\u00f3\u0142godzinnego rejsu us\u0142yszysz historie (Tylko w j\u0119zyku niemieckim) lokalny krajobraz i skalista wyspa mi\u0142o\u015bci. Mo\u017cna tam iz powrotem, lub wykupi\u0107 bilet w jedn\u0105 stron\u0119 do ty\u0142u i spaceruj\u0105c w\u0105sk\u0105 \u015bcie\u017ck\u0105 wzd\u0142u\u017c rzeki.<\/p>\n<p>turyst\u00f3w wycieczkowych jest oryginalny drewniany \u015bluza czynna od Wielkanocy do ko\u0144ca pa\u017adziernika.\u00a0<strong>W\u0105w\u00f3z mo\u017cna dotrze\u0107 pieszo \/ Trasa rowerowa wzd\u0142u\u017c K\u0159inice Kyjovsk\u00e9 dolinie czerwonym szlakiem przez tyln\u0105 Doubice.<\/strong>\u00a0Tutaj mo\u017cna przekroczy\u0107 granic\u0119 pa\u0144stwow\u0105 dalszej drogi trzeba pokona\u0107 z\u0142amany mostek i je\u017adzi\u0107 na rowerze albo nad obcasach, gdzie mo\u017cna zablokowa\u0107 ko\u0142a i przej\u015b\u0107 5 min spacerem w d\u00f3\u0142 do rzeki lub omini\u0119cie grzbiet i dotrze\u0107 bezpo\u015brednio do rzeki.<\/p>\n<p>inny (d\u0142u\u017cej (oko\u0142o 5 km), ale przyjemne trasy dla rowerzyst\u00f3w ) prowadzi od granicy przez malownicze wioski Hinterhermsdorf. Lokalizacja jest r\u00f3wnie\u017c od\u015bwie\u017cenie. Inna droga prowadzi do lodi\u010dk\u00e1m z Mikul\u00e1\u0161ovice poszukiwania nad Weifberg.<\/p>\n<p>Aktualne informacje na temat\u00a0<a href=\"http:\/\/www.hinterhermsdorf.de\/\" target=\"_blank\" rel=\"noopener noreferrer\">www.hinterhermsdorf.de<\/a>\/<\/p>\n<p><strong>czas pracy:<\/strong>\u00a0Od Wielkanocy do ko\u0144ca \u0159\u00edjnaPo \u2013 fri 9:30-16:30, Wi\u0119c, nie 9:00-17:00<\/p>\n<p><strong>op\u0142ata:<\/strong>\u00a0doros\u0142y 5,- EUR, DZIECKO3,- EUR<\/p>\n<p><iframe data-src=\"http:\/\/www.youtube.com\/embed\/0Vk08Aj2VQ0\" width=\"640\" height=\"390\" frameborder=\"0\" src=\"data:image\/svg+xml;base64,PHN2ZyB3aWR0aD0iMSIgaGVpZ2h0PSIxIiB4bWxucz0iaHR0cDovL3d3dy53My5vcmcvMjAwMC9zdmciPjwvc3ZnPg==\" class=\"lazyload\" data-load-mode=\"1\"><\/iframe><\/p>\n<div class=\"gallery-1 gallery-wrapper columns-wrapper\"><div class=\"gallery-column\"><a class=\"gallery-item photoswipe-item\" data-caption=\"\" data-width=\"800\" data-height=\"600\" href=\"https:\/\/cottage.cz\/wp-content\/uploads\/2013\/07\/lodicky-saske-svycarskoObereSchleuse.jpg\" rel=\"lightbox[20171]\"><img decoding=\"async\" class=\"gallery-img-desktop lazyload\" data-src=\"https:\/\/cottage.cz\/wp-content\/uploads\/2013\/07\/lodicky-saske-svycarskoObereSchleuse-550x309.jpg\" alt=\"\" src=\"data:image\/svg+xml;base64,PHN2ZyB3aWR0aD0iMSIgaGVpZ2h0PSIxIiB4bWxucz0iaHR0cDovL3d3dy53My5vcmcvMjAwMC9zdmciPjwvc3ZnPg==\" style=\"--smush-placeholder-width: 550px; --smush-placeholder-aspect-ratio: 550\/309;\" \/><img decoding=\"async\" class=\"gallery-img-mobile lazyload\" data-src=\"https:\/\/cottage.cz\/wp-content\/uploads\/2013\/07\/lodicky-saske-svycarskoObereSchleuse-500x500.jpg\" alt=\"\" src=\"data:image\/svg+xml;base64,PHN2ZyB3aWR0aD0iMSIgaGVpZ2h0PSIxIiB4bWxucz0iaHR0cDovL3d3dy53My5vcmcvMjAwMC9zdmciPjwvc3ZnPg==\" style=\"--smush-placeholder-width: 500px; --smush-placeholder-aspect-ratio: 500\/500;\" \/><div class=\"gallery-enlarge\"><\/div><\/a><\/div><div class=\"gallery-column\"><a class=\"gallery-item photoswipe-item\" data-caption=\"\" data-width=\"800\" data-height=\"600\" href=\"https:\/\/cottage.cz\/wp-content\/uploads\/2013\/07\/lodicky-obere-schleuse.jpg\" rel=\"lightbox[20171]\"><img decoding=\"async\" class=\"gallery-img-desktop lazyload\" data-src=\"https:\/\/cottage.cz\/wp-content\/uploads\/2013\/07\/lodicky-obere-schleuse-550x309.jpg\" alt=\"\" src=\"data:image\/svg+xml;base64,PHN2ZyB3aWR0aD0iMSIgaGVpZ2h0PSIxIiB4bWxucz0iaHR0cDovL3d3dy53My5vcmcvMjAwMC9zdmciPjwvc3ZnPg==\" style=\"--smush-placeholder-width: 550px; --smush-placeholder-aspect-ratio: 550\/309;\" \/><img decoding=\"async\" class=\"gallery-img-mobile lazyload\" data-src=\"https:\/\/cottage.cz\/wp-content\/uploads\/2013\/07\/lodicky-obere-schleuse-500x500.jpg\" alt=\"\" src=\"data:image\/svg+xml;base64,PHN2ZyB3aWR0aD0iMSIgaGVpZ2h0PSIxIiB4bWxucz0iaHR0cDovL3d3dy53My5vcmcvMjAwMC9zdmciPjwvc3ZnPg==\" style=\"--smush-placeholder-width: 500px; --smush-placeholder-aspect-ratio: 500\/500;\" \/><div class=\"gallery-enlarge\"><\/div><\/a><\/div><div class=\"gallery-column\"><a class=\"gallery-item photoswipe-item\" data-caption=\"\" data-width=\"800\" data-height=\"600\" href=\"https:\/\/cottage.cz\/wp-content\/uploads\/2013\/07\/lodicky-obere-schleuse_2.jpg\" rel=\"lightbox[20171]\"><img decoding=\"async\" class=\"gallery-img-desktop lazyload\" data-src=\"https:\/\/cottage.cz\/wp-content\/uploads\/2013\/07\/lodicky-obere-schleuse_2-550x309.jpg\" alt=\"\" src=\"data:image\/svg+xml;base64,PHN2ZyB3aWR0aD0iMSIgaGVpZ2h0PSIxIiB4bWxucz0iaHR0cDovL3d3dy53My5vcmcvMjAwMC9zdmciPjwvc3ZnPg==\" style=\"--smush-placeholder-width: 550px; --smush-placeholder-aspect-ratio: 550\/309;\" \/><img decoding=\"async\" class=\"gallery-img-mobile lazyload\" data-src=\"https:\/\/cottage.cz\/wp-content\/uploads\/2013\/07\/lodicky-obere-schleuse_2-500x500.jpg\" alt=\"\" src=\"data:image\/svg+xml;base64,PHN2ZyB3aWR0aD0iMSIgaGVpZ2h0PSIxIiB4bWxucz0iaHR0cDovL3d3dy53My5vcmcvMjAwMC9zdmciPjwvc3ZnPg==\" style=\"--smush-placeholder-width: 500px; --smush-placeholder-aspect-ratio: 500\/500;\" \/><div class=\"gallery-enlarge\"><\/div><\/a><\/div><style type=\"text\/css\">.gallery-1 .gallery-column { width: 33.33%; padding-bottom: 18.75%; }.gallery-1 { margin-left: -0px; margin-right: -0px; }.gallery-1 .gallery-item {bottom: 0px;left: 0px;right: 0px;top: 0px;}<\/style><\/div>\n","protected":false},"excerpt":{"rendered":"<p>wiesz, Kyjovsk\u00e9 \u017ce kiedy przechodz\u0105 przez dolin\u0119 do tylnego Doubice, przekroczenia granicy z Niemcami, wi\u0119c po pewnym czasie mo\u017cna pop\u0142yn\u0105\u0107 na \u0142odzi w w\u0105wozie niedaleko miasta K\u0159inice Hinterhermsdorf? Podczas p\u00f3\u0142godzinnego rejsu us\u0142yszysz historie (Tylko w j\u0119zyku niemieckim) lokalny krajobraz i skalista wyspa mi\u0142o\u015bci. Mo\u017cna tam iz powrotem, lub wykupi\u0107 bilet w jedn\u0105 stron\u0119 do ty\u0142u [&hellip;]<\/p>\n","protected":false},"author":4,"featured_media":13502,"parent":0,"menu_order":0,"comment_status":"closed","ping_status":"closed","template":"","meta":{"_monsterinsights_skip_tracking":false,"_monsterinsights_sitenote_active":false,"_monsterinsights_sitenote_note":"","_monsterinsights_sitenote_category":0,"ngg_post_thumbnail":0,"footnotes":""},"class_list":["post-20171","page","type-page","status-publish","has-post-thumbnail","hentry"],"aioseo_notices":[],"_links":{"self":[{"href":"https:\/\/cottage.cz\/pl\/wp-json\/wp\/v2\/pages\/20171","targetHints":{"allow":["GET"]}}],"collection":[{"href":"https:\/\/cottage.cz\/pl\/wp-json\/wp\/v2\/pages"}],"about":[{"href":"https:\/\/cottage.cz\/pl\/wp-json\/wp\/v2\/types\/page"}],"author":[{"embeddable":true,"href":"https:\/\/cottage.cz\/pl\/wp-json\/wp\/v2\/users\/4"}],"replies":[{"embeddable":true,"href":"https:\/\/cottage.cz\/pl\/wp-json\/wp\/v2\/comments?post=20171"}],"version-history":[{"count":1,"href":"https:\/\/cottage.cz\/pl\/wp-json\/wp\/v2\/pages\/20171\/revisions"}],"predecessor-version":[{"id":20172,"href":"https:\/\/cottage.cz\/pl\/wp-json\/wp\/v2\/pages\/20171\/revisions\/20172"}],"wp:featuredmedia":[{"embeddable":true,"href":"https:\/\/cottage.cz\/pl\/wp-json\/wp\/v2\/media\/13502"}],"wp:attachment":[{"href":"https:\/\/cottage.cz\/pl\/wp-json\/wp\/v2\/media?parent=20171"}],"curies":[{"name":"wp","href":"https:\/\/api.w.org\/{rel}","templated":true}]}}