{"id":20138,"date":"2023-12-08T01:28:51","date_gmt":"2023-12-08T00:28:51","guid":{"rendered":"https:\/\/cottage.napokusy.cz\/?page_id=20138"},"modified":"2023-12-08T01:28:54","modified_gmt":"2023-12-08T00:28:54","slug":"kamenicky-senov","status":"publish","type":"page","link":"https:\/\/cottage.cz\/pl\/kamenicky-senov\/","title":{"rendered":"Kamenicky Senov"},"content":{"rendered":"\n<p>Miasto powy\u017cej\u00a0<a href=\"https:\/\/www.cottage.cz\/pl\/angielsko--Kamenice\/\">Czeska Kamenice<\/a>\u00a0i Nowy Bor. Znajduje si\u0119 tu najstarsza szko\u0142a szklarska na \u015bwiecie i mn\u00f3stwo ciekawej architektury. Wiele pomnik\u00f3w wci\u0105\u017c czeka na swoje martwe stanowiska.<\/p>\n\n\n\n<figure class=\"wp-block-gallery has-nested-images columns-default is-cropped wp-block-gallery-1 is-layout-flex wp-block-gallery-is-layout-flex\">\n<figure class=\"wp-block-image size-large\"><img decoding=\"async\" width=\"1024\" height=\"768\" data-id=\"7377\" data-src=\"https:\/\/www.cottage.cz\/wp-content\/uploads\/2020\/06\/IMG_20200609_195424-1024x768.jpg\" alt=\"\" class=\"wp-image-7377 lazyload\" data-srcset=\"https:\/\/cottage.cz\/wp-content\/uploads\/2020\/06\/IMG_20200609_195424-1024x768.jpg 1024w, https:\/\/cottage.cz\/wp-content\/uploads\/2020\/06\/IMG_20200609_195424-300x225.jpg 300w, https:\/\/cottage.cz\/wp-content\/uploads\/2020\/06\/IMG_20200609_195424-768x576.jpg 768w, https:\/\/cottage.cz\/wp-content\/uploads\/2020\/06\/IMG_20200609_195424-1536x1152.jpg 1536w, https:\/\/cottage.cz\/wp-content\/uploads\/2020\/06\/IMG_20200609_195424-2048x1536.jpg 2048w\" data-sizes=\"(max-width: 1024px) 100vw, 1024px\" src=\"data:image\/svg+xml;base64,PHN2ZyB3aWR0aD0iMSIgaGVpZ2h0PSIxIiB4bWxucz0iaHR0cDovL3d3dy53My5vcmcvMjAwMC9zdmciPjwvc3ZnPg==\" style=\"--smush-placeholder-width: 1024px; --smush-placeholder-aspect-ratio: 1024\/768;\" \/><\/figure>\n\n\n\n<figure class=\"wp-block-image size-large\"><img decoding=\"async\" width=\"768\" height=\"1024\" data-id=\"7378\" data-src=\"https:\/\/www.cottage.cz\/wp-content\/uploads\/2020\/06\/IMG_20200609_195631-768x1024.jpg\" alt=\"\" class=\"wp-image-7378 lazyload\" data-srcset=\"https:\/\/cottage.cz\/wp-content\/uploads\/2020\/06\/IMG_20200609_195631-768x1024.jpg 768w, https:\/\/cottage.cz\/wp-content\/uploads\/2020\/06\/IMG_20200609_195631-225x300.jpg 225w, https:\/\/cottage.cz\/wp-content\/uploads\/2020\/06\/IMG_20200609_195631-1152x1536.jpg 1152w, https:\/\/cottage.cz\/wp-content\/uploads\/2020\/06\/IMG_20200609_195631-1536x2048.jpg 1536w, https:\/\/cottage.cz\/wp-content\/uploads\/2020\/06\/IMG_20200609_195631-scaled.jpg 1920w\" data-sizes=\"(max-width: 768px) 100vw, 768px\" src=\"data:image\/svg+xml;base64,PHN2ZyB3aWR0aD0iMSIgaGVpZ2h0PSIxIiB4bWxucz0iaHR0cDovL3d3dy53My5vcmcvMjAwMC9zdmciPjwvc3ZnPg==\" style=\"--smush-placeholder-width: 768px; --smush-placeholder-aspect-ratio: 768\/1024;\" \/><\/figure>\n\n\n\n<figure class=\"wp-block-image size-large\"><img decoding=\"async\" width=\"1024\" height=\"768\" data-id=\"7379\" data-src=\"https:\/\/www.cottage.cz\/wp-content\/uploads\/2020\/06\/IMG_20200609_195638-1024x768.jpg\" alt=\"\" class=\"wp-image-7379 lazyload\" data-srcset=\"https:\/\/cottage.cz\/wp-content\/uploads\/2020\/06\/IMG_20200609_195638-1024x768.jpg 1024w, https:\/\/cottage.cz\/wp-content\/uploads\/2020\/06\/IMG_20200609_195638-300x225.jpg 300w, https:\/\/cottage.cz\/wp-content\/uploads\/2020\/06\/IMG_20200609_195638-768x576.jpg 768w, https:\/\/cottage.cz\/wp-content\/uploads\/2020\/06\/IMG_20200609_195638-1536x1152.jpg 1536w, https:\/\/cottage.cz\/wp-content\/uploads\/2020\/06\/IMG_20200609_195638-2048x1536.jpg 2048w\" data-sizes=\"(max-width: 1024px) 100vw, 1024px\" src=\"data:image\/svg+xml;base64,PHN2ZyB3aWR0aD0iMSIgaGVpZ2h0PSIxIiB4bWxucz0iaHR0cDovL3d3dy53My5vcmcvMjAwMC9zdmciPjwvc3ZnPg==\" style=\"--smush-placeholder-width: 1024px; --smush-placeholder-aspect-ratio: 1024\/768;\" \/><\/figure>\n\n\n\n<figure class=\"wp-block-image size-large\"><img decoding=\"async\" width=\"1024\" height=\"768\" data-id=\"7380\" data-src=\"https:\/\/www.cottage.cz\/wp-content\/uploads\/2020\/06\/IMG_20200609_200053-1024x768.jpg\" alt=\"\" class=\"wp-image-7380 lazyload\" data-srcset=\"https:\/\/cottage.cz\/wp-content\/uploads\/2020\/06\/IMG_20200609_200053-1024x768.jpg 1024w, https:\/\/cottage.cz\/wp-content\/uploads\/2020\/06\/IMG_20200609_200053-300x225.jpg 300w, https:\/\/cottage.cz\/wp-content\/uploads\/2020\/06\/IMG_20200609_200053-768x576.jpg 768w, https:\/\/cottage.cz\/wp-content\/uploads\/2020\/06\/IMG_20200609_200053-1536x1152.jpg 1536w, https:\/\/cottage.cz\/wp-content\/uploads\/2020\/06\/IMG_20200609_200053-2048x1536.jpg 2048w\" data-sizes=\"(max-width: 1024px) 100vw, 1024px\" src=\"data:image\/svg+xml;base64,PHN2ZyB3aWR0aD0iMSIgaGVpZ2h0PSIxIiB4bWxucz0iaHR0cDovL3d3dy53My5vcmcvMjAwMC9zdmciPjwvc3ZnPg==\" style=\"--smush-placeholder-width: 1024px; --smush-placeholder-aspect-ratio: 1024\/768;\" \/><\/figure>\n\n\n\n<figure class=\"wp-block-image size-large\"><img decoding=\"async\" width=\"1024\" height=\"768\" data-id=\"7381\" data-src=\"https:\/\/www.cottage.cz\/wp-content\/uploads\/2020\/06\/IMG_20200609_200628-1024x768.jpg\" alt=\"\" class=\"wp-image-7381 lazyload\" data-srcset=\"https:\/\/cottage.cz\/wp-content\/uploads\/2020\/06\/IMG_20200609_200628-1024x768.jpg 1024w, https:\/\/cottage.cz\/wp-content\/uploads\/2020\/06\/IMG_20200609_200628-300x225.jpg 300w, https:\/\/cottage.cz\/wp-content\/uploads\/2020\/06\/IMG_20200609_200628-768x576.jpg 768w, https:\/\/cottage.cz\/wp-content\/uploads\/2020\/06\/IMG_20200609_200628-1536x1152.jpg 1536w, https:\/\/cottage.cz\/wp-content\/uploads\/2020\/06\/IMG_20200609_200628-2048x1536.jpg 2048w\" data-sizes=\"(max-width: 1024px) 100vw, 1024px\" src=\"data:image\/svg+xml;base64,PHN2ZyB3aWR0aD0iMSIgaGVpZ2h0PSIxIiB4bWxucz0iaHR0cDovL3d3dy53My5vcmcvMjAwMC9zdmciPjwvc3ZnPg==\" style=\"--smush-placeholder-width: 1024px; --smush-placeholder-aspect-ratio: 1024\/768;\" \/><figcaption class=\"wp-element-caption\">dav<\/figcaption><\/figure>\n\n\n\n<figure class=\"wp-block-image size-large\"><img decoding=\"async\" width=\"1024\" height=\"768\" data-id=\"7382\" data-src=\"https:\/\/www.cottage.cz\/wp-content\/uploads\/2020\/06\/IMG_20200609_201245-1024x768.jpg\" alt=\"\" class=\"wp-image-7382 lazyload\" data-srcset=\"https:\/\/cottage.cz\/wp-content\/uploads\/2020\/06\/IMG_20200609_201245-1024x768.jpg 1024w, https:\/\/cottage.cz\/wp-content\/uploads\/2020\/06\/IMG_20200609_201245-300x225.jpg 300w, https:\/\/cottage.cz\/wp-content\/uploads\/2020\/06\/IMG_20200609_201245-768x576.jpg 768w, https:\/\/cottage.cz\/wp-content\/uploads\/2020\/06\/IMG_20200609_201245-1536x1152.jpg 1536w, https:\/\/cottage.cz\/wp-content\/uploads\/2020\/06\/IMG_20200609_201245-2048x1536.jpg 2048w\" data-sizes=\"(max-width: 1024px) 100vw, 1024px\" src=\"data:image\/svg+xml;base64,PHN2ZyB3aWR0aD0iMSIgaGVpZ2h0PSIxIiB4bWxucz0iaHR0cDovL3d3dy53My5vcmcvMjAwMC9zdmciPjwvc3ZnPg==\" style=\"--smush-placeholder-width: 1024px; --smush-placeholder-aspect-ratio: 1024\/768;\" \/><figcaption class=\"wp-element-caption\">dav<\/figcaption><\/figure>\n\n\n\n<figure class=\"wp-block-image size-large\"><img decoding=\"async\" width=\"768\" height=\"1024\" data-id=\"7383\" data-src=\"https:\/\/www.cottage.cz\/wp-content\/uploads\/2020\/06\/IMG_20200609_203402-768x1024.jpg\" alt=\"\" class=\"wp-image-7383 lazyload\" data-srcset=\"https:\/\/cottage.cz\/wp-content\/uploads\/2020\/06\/IMG_20200609_203402-768x1024.jpg 768w, https:\/\/cottage.cz\/wp-content\/uploads\/2020\/06\/IMG_20200609_203402-225x300.jpg 225w, https:\/\/cottage.cz\/wp-content\/uploads\/2020\/06\/IMG_20200609_203402-1152x1536.jpg 1152w, https:\/\/cottage.cz\/wp-content\/uploads\/2020\/06\/IMG_20200609_203402-1536x2048.jpg 1536w, https:\/\/cottage.cz\/wp-content\/uploads\/2020\/06\/IMG_20200609_203402-scaled.jpg 1920w\" data-sizes=\"(max-width: 768px) 100vw, 768px\" src=\"data:image\/svg+xml;base64,PHN2ZyB3aWR0aD0iMSIgaGVpZ2h0PSIxIiB4bWxucz0iaHR0cDovL3d3dy53My5vcmcvMjAwMC9zdmciPjwvc3ZnPg==\" style=\"--smush-placeholder-width: 768px; --smush-placeholder-aspect-ratio: 768\/1024;\" \/><figcaption class=\"wp-element-caption\">dav<\/figcaption><\/figure>\n<\/figure>\n","protected":false},"excerpt":{"rendered":"<p>Miasto powy\u017cej\u00a0Czeska Kamenice\u00a0i Nowy Bor. Znajduje si\u0119 tu najstarsza szko\u0142a szklarska na \u015bwiecie i mn\u00f3stwo ciekawej architektury. Wiele pomnik\u00f3w wci\u0105\u017c czeka na swoje martwe stanowiska.<\/p>\n","protected":false},"author":4,"featured_media":15560,"parent":0,"menu_order":0,"comment_status":"closed","ping_status":"closed","template":"","meta":{"_monsterinsights_skip_tracking":false,"_monsterinsights_sitenote_active":false,"_monsterinsights_sitenote_note":"","_monsterinsights_sitenote_category":0,"ngg_post_thumbnail":0,"footnotes":""},"class_list":["post-20138","page","type-page","status-publish","has-post-thumbnail","hentry"],"aioseo_notices":[],"_links":{"self":[{"href":"https:\/\/cottage.cz\/pl\/wp-json\/wp\/v2\/pages\/20138","targetHints":{"allow":["GET"]}}],"collection":[{"href":"https:\/\/cottage.cz\/pl\/wp-json\/wp\/v2\/pages"}],"about":[{"href":"https:\/\/cottage.cz\/pl\/wp-json\/wp\/v2\/types\/page"}],"author":[{"embeddable":true,"href":"https:\/\/cottage.cz\/pl\/wp-json\/wp\/v2\/users\/4"}],"replies":[{"embeddable":true,"href":"https:\/\/cottage.cz\/pl\/wp-json\/wp\/v2\/comments?post=20138"}],"version-history":[{"count":1,"href":"https:\/\/cottage.cz\/pl\/wp-json\/wp\/v2\/pages\/20138\/revisions"}],"predecessor-version":[{"id":20139,"href":"https:\/\/cottage.cz\/pl\/wp-json\/wp\/v2\/pages\/20138\/revisions\/20139"}],"wp:featuredmedia":[{"embeddable":true,"href":"https:\/\/cottage.cz\/pl\/wp-json\/wp\/v2\/media\/15560"}],"wp:attachment":[{"href":"https:\/\/cottage.cz\/pl\/wp-json\/wp\/v2\/media?parent=20138"}],"curies":[{"name":"wp","href":"https:\/\/api.w.org\/{rel}","templated":true}]}}