{"id":20126,"date":"2023-12-08T01:06:28","date_gmt":"2023-12-08T00:06:28","guid":{"rendered":"https:\/\/cottage.napokusy.cz\/?page_id=20126"},"modified":"2026-02-10T16:29:52","modified_gmt":"2026-02-10T15:29:52","slug":"taras-do-jogi","status":"publish","type":"page","link":"https:\/\/cottage.cz\/pl\/taras-do-jogi\/","title":{"rendered":"Taras do jogi"},"content":{"rendered":"\nngg_shortcode_0_placeholder\n\n\n\n<p>W du\u017cym ogrodzie oferujemy 49m2 taras do \u0107wicze\u0144 i wypoczynku.<\/p>\n","protected":false},"excerpt":{"rendered":"<p>W du\u017cym ogrodzie oferujemy 49m2 taras do \u0107wicze\u0144 i wypoczynku.<\/p>\n","protected":false},"author":4,"featured_media":14855,"parent":0,"menu_order":0,"comment_status":"closed","ping_status":"closed","template":"","meta":{"_monsterinsights_skip_tracking":false,"_monsterinsights_sitenote_active":false,"_monsterinsights_sitenote_note":"","_monsterinsights_sitenote_category":0,"ngg_post_thumbnail":0,"footnotes":""},"class_list":["post-20126","page","type-page","status-publish","has-post-thumbnail","hentry"],"aioseo_notices":[],"_links":{"self":[{"href":"https:\/\/cottage.cz\/pl\/wp-json\/wp\/v2\/pages\/20126","targetHints":{"allow":["GET"]}}],"collection":[{"href":"https:\/\/cottage.cz\/pl\/wp-json\/wp\/v2\/pages"}],"about":[{"href":"https:\/\/cottage.cz\/pl\/wp-json\/wp\/v2\/types\/page"}],"author":[{"embeddable":true,"href":"https:\/\/cottage.cz\/pl\/wp-json\/wp\/v2\/users\/4"}],"replies":[{"embeddable":true,"href":"https:\/\/cottage.cz\/pl\/wp-json\/wp\/v2\/comments?post=20126"}],"version-history":[{"count":2,"href":"https:\/\/cottage.cz\/pl\/wp-json\/wp\/v2\/pages\/20126\/revisions"}],"predecessor-version":[{"id":28751,"href":"https:\/\/cottage.cz\/pl\/wp-json\/wp\/v2\/pages\/20126\/revisions\/28751"}],"wp:featuredmedia":[{"embeddable":true,"href":"https:\/\/cottage.cz\/pl\/wp-json\/wp\/v2\/media\/14855"}],"wp:attachment":[{"href":"https:\/\/cottage.cz\/pl\/wp-json\/wp\/v2\/media?parent=20126"}],"curies":[{"name":"wp","href":"https:\/\/api.w.org\/{rel}","templated":true}]}}