{"id":20117,"date":"2023-12-08T00:56:36","date_gmt":"2023-12-07T23:56:36","guid":{"rendered":"https:\/\/cottage.napokusy.cz\/?page_id=20117"},"modified":"2026-01-01T20:02:18","modified_gmt":"2026-01-01T19:02:18","slug":"lekcje-jogi","status":"publish","type":"page","link":"https:\/\/cottage.cz\/pl\/lekcje-jogi\/","title":{"rendered":"Joga"},"content":{"rendered":"<p style=\"text-align: center;\"><strong><em>\u201cbilans \u015bwiat\u201d<\/em><\/strong><br \/>\nJeste\u015b tutaj na wakacje i chcesz spr\u00f3bowa\u0107 jogi?<\/p>\n<p style=\"text-align: center;\">Prywatne zaj\u0119cia jogi w sali \u201cmedytacja lipa\u201d w Czeskim COTTAGE. Dla os\u00f3b lub grup. To prowadzi u\u017cytkownika Irena Kubicov\u00e1<\/p>\n<p>Joga wstawanie rano delikatne lekcje jogi dla ka\u017cdego, kto ma pragnienie, aby da\u0107\u201d joga \u015bniadanie! Ruch oddech tak dopasowa\u0107, doskonali\u0107 sztuk\u0119 sam\u0105 w sobie uwagi.<\/p>\n<p>Wieczorna joga uspokojenia jogi na stres i dobry sen mo\u017ce by\u0107 inspiracj\u0105 i droga do spokojnego snu bez mn\u00f3stwo my\u015bli w mojej g\u0142owie.<br \/>\nCena 1100\/godz<strong>&nbsp;prywatna joga<\/strong> zawodowiec 1- 2 osoby. Cena 400\/godz.\/os- joga grupowa 3-12 ludzie<\/p>\n<p>Joga jest prowadzona zgodnie z zasadami terapii jogi, Jest ona odpowiednia dla wszystkich<\/p>\n<p style=\"text-align: center;\">Zajrzyj do kalendarza wydarze\u0144 na&nbsp;<a href=\"http:\/\/www.irenakubicova.cz\/\">www.irenakubicova.cz<\/a><\/p>\n<div class=\"gallery-1 gallery-wrapper columns-wrapper\"><div class=\"gallery-column\"><a class=\"gallery-item photoswipe-item\" data-caption=\"Prywatna joga z Iren\u0105\" data-width=\"1600\" data-height=\"664\" href=\"https:\/\/cottage.cz\/wp-content\/uploads\/2018\/07\/joga-sal-e1581598294841.jpg\" rel=\"lightbox[20117]\"><img decoding=\"async\" class=\"gallery-img-desktop lazyload\" data-src=\"https:\/\/cottage.cz\/wp-content\/uploads\/2018\/07\/joga-sal-e1581598294841-550x309.jpg\" alt=\"\" src=\"data:image\/svg+xml;base64,PHN2ZyB3aWR0aD0iMSIgaGVpZ2h0PSIxIiB4bWxucz0iaHR0cDovL3d3dy53My5vcmcvMjAwMC9zdmciPjwvc3ZnPg==\" style=\"--smush-placeholder-width: 550px; --smush-placeholder-aspect-ratio: 550\/309;\" \/><img decoding=\"async\" class=\"gallery-img-mobile lazyload\" data-src=\"https:\/\/cottage.cz\/wp-content\/uploads\/2018\/07\/joga-sal-e1581598294841-500x500.jpg\" alt=\"\" src=\"data:image\/svg+xml;base64,PHN2ZyB3aWR0aD0iMSIgaGVpZ2h0PSIxIiB4bWxucz0iaHR0cDovL3d3dy53My5vcmcvMjAwMC9zdmciPjwvc3ZnPg==\" style=\"--smush-placeholder-width: 500px; --smush-placeholder-aspect-ratio: 500\/500;\" \/><div class=\"gallery-enlarge\"><\/div><\/a><\/div><div class=\"gallery-column\"><a class=\"gallery-item photoswipe-item\" data-caption=\"Sala do jogi\" data-width=\"1600\" data-height=\"1067\" href=\"https:\/\/cottage.cz\/wp-content\/uploads\/2017\/12\/29a-e1581598925396.jpg\" rel=\"lightbox[20117]\"><img decoding=\"async\" class=\"gallery-img-desktop lazyload\" data-src=\"https:\/\/cottage.cz\/wp-content\/uploads\/2017\/12\/29a-e1581598925396-550x309.jpg\" alt=\"\" src=\"data:image\/svg+xml;base64,PHN2ZyB3aWR0aD0iMSIgaGVpZ2h0PSIxIiB4bWxucz0iaHR0cDovL3d3dy53My5vcmcvMjAwMC9zdmciPjwvc3ZnPg==\" style=\"--smush-placeholder-width: 550px; --smush-placeholder-aspect-ratio: 550\/309;\" \/><img decoding=\"async\" class=\"gallery-img-mobile lazyload\" data-src=\"https:\/\/cottage.cz\/wp-content\/uploads\/2017\/12\/29a-e1581598925396-500x500.jpg\" alt=\"\" src=\"data:image\/svg+xml;base64,PHN2ZyB3aWR0aD0iMSIgaGVpZ2h0PSIxIiB4bWxucz0iaHR0cDovL3d3dy53My5vcmcvMjAwMC9zdmciPjwvc3ZnPg==\" style=\"--smush-placeholder-width: 500px; --smush-placeholder-aspect-ratio: 500\/500;\" \/><div class=\"gallery-enlarge\"><\/div><\/a><\/div><div class=\"gallery-column\"><a class=\"gallery-item photoswipe-item\" data-caption=\"Sala do jogi\" data-width=\"6720\" data-height=\"4480\" href=\"https:\/\/cottage.cz\/wp-content\/uploads\/2018\/02\/27a.jpg\" rel=\"lightbox[20117]\"><img decoding=\"async\" class=\"gallery-img-desktop lazyload\" data-src=\"https:\/\/cottage.cz\/wp-content\/uploads\/2018\/02\/27a-550x309.jpg\" alt=\"\" src=\"data:image\/svg+xml;base64,PHN2ZyB3aWR0aD0iMSIgaGVpZ2h0PSIxIiB4bWxucz0iaHR0cDovL3d3dy53My5vcmcvMjAwMC9zdmciPjwvc3ZnPg==\" style=\"--smush-placeholder-width: 550px; --smush-placeholder-aspect-ratio: 550\/309;\" \/><img decoding=\"async\" class=\"gallery-img-mobile lazyload\" data-src=\"https:\/\/cottage.cz\/wp-content\/uploads\/2018\/02\/27a-500x500.jpg\" alt=\"\" src=\"data:image\/svg+xml;base64,PHN2ZyB3aWR0aD0iMSIgaGVpZ2h0PSIxIiB4bWxucz0iaHR0cDovL3d3dy53My5vcmcvMjAwMC9zdmciPjwvc3ZnPg==\" style=\"--smush-placeholder-width: 500px; --smush-placeholder-aspect-ratio: 500\/500;\" \/><div class=\"gallery-enlarge\"><\/div><\/a><\/div><style type=\"text\/css\">.gallery-1 .gallery-column { width: 33.33%; padding-bottom: 18.75%; }.gallery-1 { margin-left: -0px; margin-right: -0px; }.gallery-1 .gallery-item {bottom: 0px;left: 0px;right: 0px;top: 0px;}<\/style><\/div>\n","protected":false},"excerpt":{"rendered":"<p>\u201cbilans \u015bwiat\u201d Jeste\u015b tutaj na wakacje i chcesz spr\u00f3bowa\u0107 jogi? Prywatne zaj\u0119cia jogi w sali \u201cmedytacja lipa\u201d w Czeskim COTTAGE. Dla os\u00f3b lub grup. To prowadzi u\u017cytkownika Irena Kubicov\u00e1 Joga wstawanie rano delikatne lekcje jogi dla ka\u017cdego, kto ma pragnienie, aby da\u0107\u201d joga \u015bniadanie! Ruch oddech tak dopasowa\u0107, doskonali\u0107 sztuk\u0119 sam\u0105 w sobie uwagi. Wieczorna [&hellip;]<\/p>\n","protected":false},"author":4,"featured_media":12797,"parent":0,"menu_order":0,"comment_status":"closed","ping_status":"closed","template":"","meta":{"_monsterinsights_skip_tracking":false,"_monsterinsights_sitenote_active":false,"_monsterinsights_sitenote_note":"","_monsterinsights_sitenote_category":0,"ngg_post_thumbnail":0,"footnotes":""},"class_list":["post-20117","page","type-page","status-publish","has-post-thumbnail","hentry"],"aioseo_notices":[],"_links":{"self":[{"href":"https:\/\/cottage.cz\/pl\/wp-json\/wp\/v2\/pages\/20117","targetHints":{"allow":["GET"]}}],"collection":[{"href":"https:\/\/cottage.cz\/pl\/wp-json\/wp\/v2\/pages"}],"about":[{"href":"https:\/\/cottage.cz\/pl\/wp-json\/wp\/v2\/types\/page"}],"author":[{"embeddable":true,"href":"https:\/\/cottage.cz\/pl\/wp-json\/wp\/v2\/users\/4"}],"replies":[{"embeddable":true,"href":"https:\/\/cottage.cz\/pl\/wp-json\/wp\/v2\/comments?post=20117"}],"version-history":[{"count":3,"href":"https:\/\/cottage.cz\/pl\/wp-json\/wp\/v2\/pages\/20117\/revisions"}],"predecessor-version":[{"id":28559,"href":"https:\/\/cottage.cz\/pl\/wp-json\/wp\/v2\/pages\/20117\/revisions\/28559"}],"wp:featuredmedia":[{"embeddable":true,"href":"https:\/\/cottage.cz\/pl\/wp-json\/wp\/v2\/media\/12797"}],"wp:attachment":[{"href":"https:\/\/cottage.cz\/pl\/wp-json\/wp\/v2\/media?parent=20117"}],"curies":[{"name":"wp","href":"https:\/\/api.w.org\/{rel}","templated":true}]}}