{"id":19966,"date":"2026-02-10T09:56:51","date_gmt":"2026-02-10T08:56:51","guid":{"rendered":"https:\/\/cottage.napokusy.cz\/?page_id=19966"},"modified":"2026-02-10T09:56:54","modified_gmt":"2026-02-10T08:56:54","slug":"joga","status":"publish","type":"page","link":"https:\/\/cottage.cz\/pl\/joga\/","title":{"rendered":"Sala do jogi"},"content":{"rendered":"<p style=\"text-align: center;\">Instruktorom jogi oferujemy mo\u017cliwo\u015b\u0107 korzystania&nbsp;<strong>dusza \u201cmedytacja lipa\u201d<\/strong> ich pobytu u nas jednorazow\u0105 op\u0142at\u0119 2000,- \/pobyt \/ \u0142\u0105cznie z akcesoriami<\/p>\n<p style=\"text-align: center;\">wynajem bez po\u0142\u0105czenia z pobytem u nas 2000,-\/dzie\u0144<\/p>\n<p style=\"text-align: center;\">Hala ma 35 metr\u00f3w kwadratowych i jest wyposa\u017cony w urz\u0105dzenia (jogamatky, bolstery, Uwagi, ta\u015bmy, overbaly, kulki masuj\u0105ce, koce, poduszka)<\/p>\n<p style=\"text-align: center;\">Hala nadaje si\u0119 do kameralnych imprez, wygodnie 13-15 ludzie<br><strong>taras zewn\u0119trzny<\/strong>&nbsp;nie tylko do jogi o powierzchni 42m2<\/p>\n<p style=\"text-align: center;\">Joga Irene Kubicov\u00e1 wi\u0119cej na&nbsp;<a href=\"http:\/\/www.irenakubicova.cz\/\">www.irenakubicova.cz<\/a>&nbsp;a-N-A<a href=\"https:\/\/cottage.cz\/pl\/lekcje-jogi\/\">&nbsp;prywatne lekcje jogi<\/a>.<\/p>\n\n\nngg_shortcode_0_placeholder\n","protected":false},"excerpt":{"rendered":"<p>Instruktorom jogi oferujemy mo\u017cliwo\u015b\u0107 korzystania&nbsp;dusza \u201cmedytacja lipa\u201d ich pobytu u nas jednorazow\u0105 op\u0142at\u0119 2000,- \/pobyt \/ \u0142\u0105cznie z akcesoriami wynajem bez po\u0142\u0105czenia z pobytem u nas 2000,-\/dzie\u0144 Hala ma 35 metr\u00f3w kwadratowych i jest wyposa\u017cony w urz\u0105dzenia (jogamatky, bolstery, Uwagi, ta\u015bmy, overbaly, kulki masuj\u0105ce, koce, poduszka) Hala nadaje si\u0119 do kameralnych imprez, wygodnie 13-15 ludzietaras [&hellip;]<\/p>\n","protected":false},"author":4,"featured_media":12791,"parent":0,"menu_order":0,"comment_status":"closed","ping_status":"closed","template":"","meta":{"_monsterinsights_skip_tracking":false,"_monsterinsights_sitenote_active":false,"_monsterinsights_sitenote_note":"","_monsterinsights_sitenote_category":0,"ngg_post_thumbnail":0,"footnotes":""},"class_list":["post-19966","page","type-page","status-publish","has-post-thumbnail","hentry"],"aioseo_notices":[],"_links":{"self":[{"href":"https:\/\/cottage.cz\/pl\/wp-json\/wp\/v2\/pages\/19966","targetHints":{"allow":["GET"]}}],"collection":[{"href":"https:\/\/cottage.cz\/pl\/wp-json\/wp\/v2\/pages"}],"about":[{"href":"https:\/\/cottage.cz\/pl\/wp-json\/wp\/v2\/types\/page"}],"author":[{"embeddable":true,"href":"https:\/\/cottage.cz\/pl\/wp-json\/wp\/v2\/users\/4"}],"replies":[{"embeddable":true,"href":"https:\/\/cottage.cz\/pl\/wp-json\/wp\/v2\/comments?post=19966"}],"version-history":[{"count":5,"href":"https:\/\/cottage.cz\/pl\/wp-json\/wp\/v2\/pages\/19966\/revisions"}],"predecessor-version":[{"id":28712,"href":"https:\/\/cottage.cz\/pl\/wp-json\/wp\/v2\/pages\/19966\/revisions\/28712"}],"wp:featuredmedia":[{"embeddable":true,"href":"https:\/\/cottage.cz\/pl\/wp-json\/wp\/v2\/media\/12791"}],"wp:attachment":[{"href":"https:\/\/cottage.cz\/pl\/wp-json\/wp\/v2\/media?parent=19966"}],"curies":[{"name":"wp","href":"https:\/\/api.w.org\/{rel}","templated":true}]}}