{"id":19959,"date":"2023-12-08T00:25:04","date_gmt":"2023-12-07T23:25:04","guid":{"rendered":"https:\/\/cottage.napokusy.cz\/?page_id=19959"},"modified":"2023-12-08T00:25:06","modified_gmt":"2023-12-07T23:25:06","slug":"jirikov","status":"publish","type":"page","link":"https:\/\/cottage.cz\/pl\/jirikov\/","title":{"rendered":"Ji\u0159\u00edkov"},"content":{"rendered":"<p>P\u00f3\u0142nocnoczeskie miasto Ji\u0159\u00edkov znajduje si\u0119 na cyplu \u0160luknovsk\u00fd w pobli\u017cu granicy z Niemcami. W Ji\u0159\u00edkovie znajdziesz r\u00f3\u017cne budynki, mianowicie konstrukcja panelowa, nowe domy rodzinne, do zadbanych dom\u00f3w opatrunkowych, kt\u00f3re w wi\u0119kszo\u015bci stoj\u0105 wzd\u0142u\u017c potoku Ji\u0159\u00edkovsk\u00e9. Na placu mo\u017cna zobaczy\u0107 wspania\u0142e budowle z czas\u00f3w \u015bwietno\u015bci ubieg\u0142ego wieku, z oryginalnymi pere\u0142kami ludowych budowli, wi\u0119c. domy z muru pruskiego. Dominant\u0105 jest oryginalny ratusz w stylu klasycystycznym i barokowy ko\u015bci\u00f3\u0142 pod wezwaniem \u015bw 1728-1729. Najbardziej znanym miejscem jest pielgrzymkowy pseudogotycki ko\u015bci\u00f3\u0142 w Filipov \u2013 Bazylika Matki Bo\u017cej Wspomo\u017cycielki Wiernych. Zosta\u0142 wy\u015bwi\u0119cony 11. pa\u017adziernik 1886 i w roku 1926 otrzyma\u0142 stopie\u0144 naukowy \u201cBazylika Mniejsza\u201d. Papie\u017c Pius XI., kto podj\u0105\u0142 t\u0119 decyzj\u0119 przyczyni\u0142 si\u0119 do chwa\u0142y \u015bwi\u0105tyni?, bo ten by\u0142 w 30. w latach ubieg\u0142ego wieku najcz\u0119\u015bciej odwiedzany ko\u015bci\u00f3\u0142 w Europie \u015arodkowej. Pielgrzymka do Filipi odbywaj\u0105ca si\u0119 pod koniec maja ma swoj\u0105 tradycj\u0119 i jest poszukiwana przez turyst\u00f3w z Czech i Niemiec ze wzgl\u0119du na swoj\u0105 atrakcyjno\u015b\u0107.<\/p>\n<p>Oficjalna strona miasta: www.mestojirikov.cz<\/p>\n<p><img decoding=\"async\" data-src=\"http:\/\/cottage.cz\/wp-content\/uploads\/2017\/07\/cottage_files\/Jirikov-Filipov.jpg\" src=\"data:image\/svg+xml;base64,PHN2ZyB3aWR0aD0iMSIgaGVpZ2h0PSIxIiB4bWxucz0iaHR0cDovL3d3dy53My5vcmcvMjAwMC9zdmciPjwvc3ZnPg==\" class=\"lazyload\" \/><\/p>\n","protected":false},"excerpt":{"rendered":"<p>P\u00f3\u0142nocnoczeskie miasto Ji\u0159\u00edkov znajduje si\u0119 na cyplu \u0160luknovsk\u00fd w pobli\u017cu granicy z Niemcami. W Ji\u0159\u00edkovie znajdziesz r\u00f3\u017cne budynki, mianowicie konstrukcja panelowa, nowe domy rodzinne, do zadbanych dom\u00f3w opatrunkowych, kt\u00f3re w wi\u0119kszo\u015bci stoj\u0105 wzd\u0142u\u017c potoku Ji\u0159\u00edkovsk\u00e9. Na placu mo\u017cna zobaczy\u0107 wspania\u0142e budowle z czas\u00f3w \u015bwietno\u015bci ubieg\u0142ego wieku, z oryginalnymi pere\u0142kami ludowych budowli, wi\u0119c. domy z muru [&hellip;]<\/p>\n","protected":false},"author":4,"featured_media":0,"parent":0,"menu_order":0,"comment_status":"closed","ping_status":"closed","template":"","meta":{"_monsterinsights_skip_tracking":false,"_monsterinsights_sitenote_active":false,"_monsterinsights_sitenote_note":"","_monsterinsights_sitenote_category":0,"ngg_post_thumbnail":0,"footnotes":""},"class_list":["post-19959","page","type-page","status-publish","hentry"],"aioseo_notices":[],"_links":{"self":[{"href":"https:\/\/cottage.cz\/pl\/wp-json\/wp\/v2\/pages\/19959","targetHints":{"allow":["GET"]}}],"collection":[{"href":"https:\/\/cottage.cz\/pl\/wp-json\/wp\/v2\/pages"}],"about":[{"href":"https:\/\/cottage.cz\/pl\/wp-json\/wp\/v2\/types\/page"}],"author":[{"embeddable":true,"href":"https:\/\/cottage.cz\/pl\/wp-json\/wp\/v2\/users\/4"}],"replies":[{"embeddable":true,"href":"https:\/\/cottage.cz\/pl\/wp-json\/wp\/v2\/comments?post=19959"}],"version-history":[{"count":1,"href":"https:\/\/cottage.cz\/pl\/wp-json\/wp\/v2\/pages\/19959\/revisions"}],"predecessor-version":[{"id":19960,"href":"https:\/\/cottage.cz\/pl\/wp-json\/wp\/v2\/pages\/19959\/revisions\/19960"}],"wp:attachment":[{"href":"https:\/\/cottage.cz\/pl\/wp-json\/wp\/v2\/media?parent=19959"}],"curies":[{"name":"wp","href":"https:\/\/api.w.org\/{rel}","templated":true}]}}