{"id":19941,"date":"2025-11-08T00:04:00","date_gmt":"2025-11-07T23:04:00","guid":{"rendered":"https:\/\/cottage.napokusy.cz\/?page_id=19941"},"modified":"2025-11-29T15:38:41","modified_gmt":"2025-11-29T14:38:41","slug":"hrensko","status":"publish","type":"page","link":"https:\/\/cottage.cz\/pl\/hrensko\/","title":{"rendered":"Hrensko"},"content":{"rendered":"<div class=\"gallery-1 gallery-wrapper columns-wrapper\"><div class=\"gallery-column\"><a class=\"gallery-item photoswipe-item\" data-caption=\"\" data-width=\"800\" data-height=\"600\" href=\"https:\/\/cottage.cz\/wp-content\/uploads\/2013\/05\/hrensko-1.jpg\" rel=\"lightbox[19941]\"><img decoding=\"async\" class=\"gallery-img-desktop lazyload\" data-src=\"https:\/\/cottage.cz\/wp-content\/uploads\/2013\/05\/hrensko-1-550x309.jpg\" alt=\"\" src=\"data:image\/svg+xml;base64,PHN2ZyB3aWR0aD0iMSIgaGVpZ2h0PSIxIiB4bWxucz0iaHR0cDovL3d3dy53My5vcmcvMjAwMC9zdmciPjwvc3ZnPg==\" style=\"--smush-placeholder-width: 550px; --smush-placeholder-aspect-ratio: 550\/309;\" \/><img decoding=\"async\" class=\"gallery-img-mobile lazyload\" data-src=\"https:\/\/cottage.cz\/wp-content\/uploads\/2013\/05\/hrensko-1-500x500.jpg\" alt=\"\" src=\"data:image\/svg+xml;base64,PHN2ZyB3aWR0aD0iMSIgaGVpZ2h0PSIxIiB4bWxucz0iaHR0cDovL3d3dy53My5vcmcvMjAwMC9zdmciPjwvc3ZnPg==\" style=\"--smush-placeholder-width: 500px; --smush-placeholder-aspect-ratio: 500\/500;\" \/><div class=\"gallery-enlarge\"><\/div><\/a><\/div><div class=\"gallery-column\"><a class=\"gallery-item photoswipe-item\" data-caption=\"\" data-width=\"800\" data-height=\"600\" href=\"https:\/\/cottage.cz\/wp-content\/uploads\/2013\/05\/IMG_8894.jpg\" rel=\"lightbox[19941]\"><img decoding=\"async\" class=\"gallery-img-desktop lazyload\" data-src=\"https:\/\/cottage.cz\/wp-content\/uploads\/2013\/05\/IMG_8894-550x309.jpg\" alt=\"\" src=\"data:image\/svg+xml;base64,PHN2ZyB3aWR0aD0iMSIgaGVpZ2h0PSIxIiB4bWxucz0iaHR0cDovL3d3dy53My5vcmcvMjAwMC9zdmciPjwvc3ZnPg==\" style=\"--smush-placeholder-width: 550px; --smush-placeholder-aspect-ratio: 550\/309;\" \/><img decoding=\"async\" class=\"gallery-img-mobile lazyload\" data-src=\"https:\/\/cottage.cz\/wp-content\/uploads\/2013\/05\/IMG_8894-500x500.jpg\" alt=\"\" src=\"data:image\/svg+xml;base64,PHN2ZyB3aWR0aD0iMSIgaGVpZ2h0PSIxIiB4bWxucz0iaHR0cDovL3d3dy53My5vcmcvMjAwMC9zdmciPjwvc3ZnPg==\" style=\"--smush-placeholder-width: 500px; --smush-placeholder-aspect-ratio: 500\/500;\" \/><div class=\"gallery-enlarge\"><\/div><\/a><\/div><div class=\"gallery-column\"><a class=\"gallery-item photoswipe-item\" data-caption=\"\" data-width=\"800\" data-height=\"600\" href=\"https:\/\/cottage.cz\/wp-content\/uploads\/2013\/05\/IMG_8877.jpg\" rel=\"lightbox[19941]\"><img decoding=\"async\" class=\"gallery-img-desktop lazyload\" data-src=\"https:\/\/cottage.cz\/wp-content\/uploads\/2013\/05\/IMG_8877-550x309.jpg\" alt=\"\" src=\"data:image\/svg+xml;base64,PHN2ZyB3aWR0aD0iMSIgaGVpZ2h0PSIxIiB4bWxucz0iaHR0cDovL3d3dy53My5vcmcvMjAwMC9zdmciPjwvc3ZnPg==\" style=\"--smush-placeholder-width: 550px; --smush-placeholder-aspect-ratio: 550\/309;\" \/><img decoding=\"async\" class=\"gallery-img-mobile lazyload\" data-src=\"https:\/\/cottage.cz\/wp-content\/uploads\/2013\/05\/IMG_8877-500x500.jpg\" alt=\"\" src=\"data:image\/svg+xml;base64,PHN2ZyB3aWR0aD0iMSIgaGVpZ2h0PSIxIiB4bWxucz0iaHR0cDovL3d3dy53My5vcmcvMjAwMC9zdmciPjwvc3ZnPg==\" style=\"--smush-placeholder-width: 500px; --smush-placeholder-aspect-ratio: 500\/500;\" \/><div class=\"gallery-enlarge\"><\/div><\/a><\/div><div class=\"gallery-column\"><a class=\"gallery-item photoswipe-item\" data-caption=\"\" data-width=\"750\" data-height=\"800\" href=\"https:\/\/cottage.cz\/wp-content\/uploads\/2014\/08\/hrensko-boat.jpg\" rel=\"lightbox[19941]\"><img decoding=\"async\" class=\"gallery-img-desktop lazyload\" data-src=\"https:\/\/cottage.cz\/wp-content\/uploads\/2014\/08\/hrensko-boat-550x309.jpg\" alt=\"\" src=\"data:image\/svg+xml;base64,PHN2ZyB3aWR0aD0iMSIgaGVpZ2h0PSIxIiB4bWxucz0iaHR0cDovL3d3dy53My5vcmcvMjAwMC9zdmciPjwvc3ZnPg==\" style=\"--smush-placeholder-width: 550px; --smush-placeholder-aspect-ratio: 550\/309;\" \/><img decoding=\"async\" class=\"gallery-img-mobile lazyload\" data-src=\"https:\/\/cottage.cz\/wp-content\/uploads\/2014\/08\/hrensko-boat-500x500.jpg\" alt=\"\" src=\"data:image\/svg+xml;base64,PHN2ZyB3aWR0aD0iMSIgaGVpZ2h0PSIxIiB4bWxucz0iaHR0cDovL3d3dy53My5vcmcvMjAwMC9zdmciPjwvc3ZnPg==\" style=\"--smush-placeholder-width: 500px; --smush-placeholder-aspect-ratio: 500\/500;\" \/><div class=\"gallery-enlarge\"><\/div><\/a><\/div><div class=\"gallery-column\"><a class=\"gallery-item photoswipe-item\" data-caption=\"S\" data-width=\"2976\" data-height=\"3968\" href=\"https:\/\/cottage.cz\/wp-content\/uploads\/2018\/11\/IMG_20181125_122224.jpg\" rel=\"lightbox[19941]\"><img decoding=\"async\" class=\"gallery-img-desktop lazyload\" data-src=\"https:\/\/cottage.cz\/wp-content\/uploads\/2018\/11\/IMG_20181125_122224-550x309.jpg\" alt=\"\" src=\"data:image\/svg+xml;base64,PHN2ZyB3aWR0aD0iMSIgaGVpZ2h0PSIxIiB4bWxucz0iaHR0cDovL3d3dy53My5vcmcvMjAwMC9zdmciPjwvc3ZnPg==\" style=\"--smush-placeholder-width: 550px; --smush-placeholder-aspect-ratio: 550\/309;\" \/><img decoding=\"async\" class=\"gallery-img-mobile lazyload\" data-src=\"https:\/\/cottage.cz\/wp-content\/uploads\/2018\/11\/IMG_20181125_122224-500x500.jpg\" alt=\"\" src=\"data:image\/svg+xml;base64,PHN2ZyB3aWR0aD0iMSIgaGVpZ2h0PSIxIiB4bWxucz0iaHR0cDovL3d3dy53My5vcmcvMjAwMC9zdmciPjwvc3ZnPg==\" style=\"--smush-placeholder-width: 500px; --smush-placeholder-aspect-ratio: 500\/500;\" \/><div class=\"gallery-enlarge\"><\/div><\/a><\/div><div class=\"gallery-column\"><a class=\"gallery-item photoswipe-item\" data-caption=\"\" data-width=\"3968\" data-height=\"2976\" href=\"https:\/\/cottage.cz\/wp-content\/uploads\/2018\/11\/IMG_20181021_102026.jpg\" rel=\"lightbox[19941]\"><img decoding=\"async\" class=\"gallery-img-desktop lazyload\" data-src=\"https:\/\/cottage.cz\/wp-content\/uploads\/2018\/11\/IMG_20181021_102026-550x309.jpg\" alt=\"\" src=\"data:image\/svg+xml;base64,PHN2ZyB3aWR0aD0iMSIgaGVpZ2h0PSIxIiB4bWxucz0iaHR0cDovL3d3dy53My5vcmcvMjAwMC9zdmciPjwvc3ZnPg==\" style=\"--smush-placeholder-width: 550px; --smush-placeholder-aspect-ratio: 550\/309;\" \/><img decoding=\"async\" class=\"gallery-img-mobile lazyload\" data-src=\"https:\/\/cottage.cz\/wp-content\/uploads\/2018\/11\/IMG_20181021_102026-500x500.jpg\" alt=\"\" src=\"data:image\/svg+xml;base64,PHN2ZyB3aWR0aD0iMSIgaGVpZ2h0PSIxIiB4bWxucz0iaHR0cDovL3d3dy53My5vcmcvMjAwMC9zdmciPjwvc3ZnPg==\" style=\"--smush-placeholder-width: 500px; --smush-placeholder-aspect-ratio: 500\/500;\" \/><div class=\"gallery-enlarge\"><\/div><\/a><\/div><div class=\"gallery-column\"><a class=\"gallery-item photoswipe-item\" data-caption=\"\" data-width=\"2560\" data-height=\"1707\" href=\"https:\/\/cottage.cz\/wp-content\/uploads\/2020\/04\/vylet-CSS-004-scaled.jpg\" rel=\"lightbox[19941]\"><img decoding=\"async\" class=\"gallery-img-desktop lazyload\" data-src=\"https:\/\/cottage.cz\/wp-content\/uploads\/2020\/04\/vylet-CSS-004-scaled-550x309.jpg\" alt=\"\" src=\"data:image\/svg+xml;base64,PHN2ZyB3aWR0aD0iMSIgaGVpZ2h0PSIxIiB4bWxucz0iaHR0cDovL3d3dy53My5vcmcvMjAwMC9zdmciPjwvc3ZnPg==\" style=\"--smush-placeholder-width: 550px; --smush-placeholder-aspect-ratio: 550\/309;\" \/><img decoding=\"async\" class=\"gallery-img-mobile lazyload\" data-src=\"https:\/\/cottage.cz\/wp-content\/uploads\/2020\/04\/vylet-CSS-004-scaled-500x500.jpg\" alt=\"\" src=\"data:image\/svg+xml;base64,PHN2ZyB3aWR0aD0iMSIgaGVpZ2h0PSIxIiB4bWxucz0iaHR0cDovL3d3dy53My5vcmcvMjAwMC9zdmciPjwvc3ZnPg==\" style=\"--smush-placeholder-width: 500px; --smush-placeholder-aspect-ratio: 500\/500;\" \/><div class=\"gallery-enlarge\"><\/div><\/a><\/div><div class=\"gallery-column\"><a class=\"gallery-item photoswipe-item\" data-caption=\"\" data-width=\"2560\" data-height=\"1707\" href=\"https:\/\/cottage.cz\/wp-content\/uploads\/2020\/04\/vylet-CSS-005-scaled.jpg\" rel=\"lightbox[19941]\"><img decoding=\"async\" class=\"gallery-img-desktop lazyload\" data-src=\"https:\/\/cottage.cz\/wp-content\/uploads\/2020\/04\/vylet-CSS-005-scaled-550x309.jpg\" alt=\"\" src=\"data:image\/svg+xml;base64,PHN2ZyB3aWR0aD0iMSIgaGVpZ2h0PSIxIiB4bWxucz0iaHR0cDovL3d3dy53My5vcmcvMjAwMC9zdmciPjwvc3ZnPg==\" style=\"--smush-placeholder-width: 550px; --smush-placeholder-aspect-ratio: 550\/309;\" \/><img decoding=\"async\" class=\"gallery-img-mobile lazyload\" data-src=\"https:\/\/cottage.cz\/wp-content\/uploads\/2020\/04\/vylet-CSS-005-scaled-500x500.jpg\" alt=\"\" src=\"data:image\/svg+xml;base64,PHN2ZyB3aWR0aD0iMSIgaGVpZ2h0PSIxIiB4bWxucz0iaHR0cDovL3d3dy53My5vcmcvMjAwMC9zdmciPjwvc3ZnPg==\" style=\"--smush-placeholder-width: 500px; --smush-placeholder-aspect-ratio: 500\/500;\" \/><div class=\"gallery-enlarge\"><\/div><\/a><\/div><div class=\"gallery-column\"><a class=\"gallery-item photoswipe-item\" data-caption=\"\" data-width=\"2560\" data-height=\"1707\" href=\"https:\/\/cottage.cz\/wp-content\/uploads\/2020\/04\/vylet-CSS-011-scaled.jpg\" rel=\"lightbox[19941]\"><img decoding=\"async\" class=\"gallery-img-desktop lazyload\" data-src=\"https:\/\/cottage.cz\/wp-content\/uploads\/2020\/04\/vylet-CSS-011-scaled-550x309.jpg\" alt=\"\" src=\"data:image\/svg+xml;base64,PHN2ZyB3aWR0aD0iMSIgaGVpZ2h0PSIxIiB4bWxucz0iaHR0cDovL3d3dy53My5vcmcvMjAwMC9zdmciPjwvc3ZnPg==\" style=\"--smush-placeholder-width: 550px; --smush-placeholder-aspect-ratio: 550\/309;\" \/><img decoding=\"async\" class=\"gallery-img-mobile lazyload\" data-src=\"https:\/\/cottage.cz\/wp-content\/uploads\/2020\/04\/vylet-CSS-011-scaled-500x500.jpg\" alt=\"\" src=\"data:image\/svg+xml;base64,PHN2ZyB3aWR0aD0iMSIgaGVpZ2h0PSIxIiB4bWxucz0iaHR0cDovL3d3dy53My5vcmcvMjAwMC9zdmciPjwvc3ZnPg==\" style=\"--smush-placeholder-width: 500px; --smush-placeholder-aspect-ratio: 500\/500;\" \/><div class=\"gallery-enlarge\"><\/div><\/a><\/div><style type=\"text\/css\">.gallery-1 .gallery-column { width: 33.33%; padding-bottom: 18.75%; }.gallery-1 { margin-left: -0px; margin-right: -0px; }.gallery-1 .gallery-item {bottom: 0px;left: 0px;right: 0px;top: 0px;}<\/style><\/div>\n<p>H\u0159ensko (niemiecki Herrnskretschen) jest jedn\u0105 z bram do&nbsp;<a title=\"H\u0159ensko\" href=\"https:\/\/www.cottage.cz\/pl\/Czeska-Szwajcaria-Park-Narodowy\">Czeska Szwajcaria Park Narodowy<\/a>. Niewielka miejscowo\u015b\u0107 po\u0142o\u017cona u zbiegu \u0141ab\u0105 i Kamenice jest ca\u0142kowicie koncentruje si\u0119 na turystyce. Z wysoko\u015bci 115 m n.m. jest najni\u017cej po\u0142o\u017conych wiosek w Czechach. Wie\u015b jest godna podziwu, &nbsp;ogromny kanion Labe, &nbsp;pi\u0119kna dolina wzd\u0142u\u017c rzeki Kamenice z mo\u017cliwo\u015bci\u0105 p\u0142ywania \u0142\u00f3dk\u0105 w w\u0105wozie (w\u0105wozy jazda jest mo\u017cliwa w obu kierunkach na dwie sekcje &#8211; Edmund i dziki. Prze\u0142om\u00f3w s\u0105 dost\u0119pne tylko w \u0142odzi \u017caglowych.). &nbsp;Z powodu niskich temperatur mi\u0119dzy ska\u0142ami z ro\u015blin g\u00f3rskich rozwija\u0107 tutaj.<\/p>\n<p>Aktualne informacje o dopuszczenie i eksploatacji&nbsp;<a title=\"Sout\u011b\u017eky p\u0142ywanie \u0142\u00f3dk\u0105\" href=\"http:\/\/www.hrensko.cz\/\">\u0142odzie w sout\u011bzk\u00e1ch w H\u0159enska<\/a>.<\/p>\n<p>Dzi\u015b centrum H\u0159enska jest otoczony przez producent\u00f3w azjatyckich. Parking i sklepy s\u0105 drogie i zat\u0142oczone w sezonie. Polecam go zobaczy\u0107 \u0142atwy H\u0159ensko sami w\u0142a\u015bcicielem i szybko biec do pomp lub Grosser Winterberg (Czech Big Winter Hill)&nbsp; najwy\u017cszy zbudowany zagroda w Szwajcarii Sakso\u0144skiej, tu\u017c powy\u017cej granicznego H\u0159enska \/ Schmilka.<\/p>\n<p>Oficjalna strona wsi:&nbsp;<a href=\"http:\/\/www.hrensko.cz\/\">www.hrensko.cz<\/a><\/p>\n<p><iframe data-src=\"https:\/\/www.youtube.com\/embed\/6jJa94_NI5Q?rel=0\" width=\"853\" height=\"480\" frameborder=\"0\" src=\"data:image\/svg+xml;base64,PHN2ZyB3aWR0aD0iMSIgaGVpZ2h0PSIxIiB4bWxucz0iaHR0cDovL3d3dy53My5vcmcvMjAwMC9zdmciPjwvc3ZnPg==\" class=\"lazyload\" data-load-mode=\"1\"><\/iframe><\/p>\n<p><a href=\"https:\/\/www.cottage.cz\/wp-content\/uploads\/2018\/12\/hrensko_mapa.jpg\" rel=\"lightbox[19941]\"><img decoding=\"async\" class=\"alignnone wp-image-5895 size-full lazyload\" data-src=\"https:\/\/www.cottage.cz\/wp-content\/uploads\/2018\/12\/hrensko_mapa.jpg\" alt=\"\" width=\"1280\" height=\"902\" data-srcset=\"https:\/\/cottage.cz\/wp-content\/uploads\/2018\/12\/hrensko_mapa.jpg 1280w, https:\/\/cottage.cz\/wp-content\/uploads\/2018\/12\/hrensko_mapa-300x211.jpg 300w, https:\/\/cottage.cz\/wp-content\/uploads\/2018\/12\/hrensko_mapa-768x541.jpg 768w, https:\/\/cottage.cz\/wp-content\/uploads\/2018\/12\/hrensko_mapa-1024x722.jpg 1024w\" data-sizes=\"(max-width: 1280px) 100vw, 1280px\" src=\"data:image\/svg+xml;base64,PHN2ZyB3aWR0aD0iMSIgaGVpZ2h0PSIxIiB4bWxucz0iaHR0cDovL3d3dy53My5vcmcvMjAwMC9zdmciPjwvc3ZnPg==\" style=\"--smush-placeholder-width: 1280px; --smush-placeholder-aspect-ratio: 1280\/902;\" \/><\/a><\/p>\n","protected":false},"excerpt":{"rendered":"<p>H\u0159ensko (niemiecki Herrnskretschen) jest jedn\u0105 z bram do&nbsp;Czeska Szwajcaria Park Narodowy. Niewielka miejscowo\u015b\u0107 po\u0142o\u017cona u zbiegu \u0141ab\u0105 i Kamenice jest ca\u0142kowicie koncentruje si\u0119 na turystyce. Z wysoko\u015bci 115 m n.m. jest najni\u017cej po\u0142o\u017conych wiosek w Czechach. Wie\u015b jest godna podziwu, &nbsp;ogromny kanion Labe, &nbsp;pi\u0119kna dolina wzd\u0142u\u017c rzeki Kamenice z mo\u017cliwo\u015bci\u0105 p\u0142ywania \u0142\u00f3dk\u0105 w w\u0105wozie (w\u0105wozy [&hellip;]<\/p>\n","protected":false},"author":4,"featured_media":12176,"parent":0,"menu_order":0,"comment_status":"closed","ping_status":"closed","template":"","meta":{"_monsterinsights_skip_tracking":false,"_monsterinsights_sitenote_active":false,"_monsterinsights_sitenote_note":"","_monsterinsights_sitenote_category":0,"ngg_post_thumbnail":0,"footnotes":""},"class_list":["post-19941","page","type-page","status-publish","has-post-thumbnail","hentry"],"aioseo_notices":[],"_links":{"self":[{"href":"https:\/\/cottage.cz\/pl\/wp-json\/wp\/v2\/pages\/19941","targetHints":{"allow":["GET"]}}],"collection":[{"href":"https:\/\/cottage.cz\/pl\/wp-json\/wp\/v2\/pages"}],"about":[{"href":"https:\/\/cottage.cz\/pl\/wp-json\/wp\/v2\/types\/page"}],"author":[{"embeddable":true,"href":"https:\/\/cottage.cz\/pl\/wp-json\/wp\/v2\/users\/4"}],"replies":[{"embeddable":true,"href":"https:\/\/cottage.cz\/pl\/wp-json\/wp\/v2\/comments?post=19941"}],"version-history":[{"count":2,"href":"https:\/\/cottage.cz\/pl\/wp-json\/wp\/v2\/pages\/19941\/revisions"}],"predecessor-version":[{"id":28066,"href":"https:\/\/cottage.cz\/pl\/wp-json\/wp\/v2\/pages\/19941\/revisions\/28066"}],"wp:featuredmedia":[{"embeddable":true,"href":"https:\/\/cottage.cz\/pl\/wp-json\/wp\/v2\/media\/12176"}],"wp:attachment":[{"href":"https:\/\/cottage.cz\/pl\/wp-json\/wp\/v2\/media?parent=19941"}],"curies":[{"name":"wp","href":"https:\/\/api.w.org\/{rel}","templated":true}]}}