{"id":19934,"date":"2023-12-07T23:58:21","date_gmt":"2023-12-07T22:58:21","guid":{"rendered":"https:\/\/cottage.napokusy.cz\/?page_id=19934"},"modified":"2023-12-07T23:58:24","modified_gmt":"2023-12-07T22:58:24","slug":"platny","status":"publish","type":"page","link":"https:\/\/cottage.cz\/pl\/platny\/","title":{"rendered":"P\u0142atny"},"content":{"rendered":"\n<figure class=\"wp-block-gallery has-nested-images columns-default is-cropped wp-block-gallery-1 is-layout-flex wp-block-gallery-is-layout-flex\">\n<figure class=\"wp-block-image size-large\"><img decoding=\"async\" width=\"1024\" height=\"768\" data-id=\"8039\" data-src=\"https:\/\/www.cottage.cz\/wp-content\/uploads\/2021\/05\/20210501_105344-1024x768.jpg\" alt=\"\" class=\"wp-image-8039 lazyload\" data-srcset=\"https:\/\/cottage.cz\/wp-content\/uploads\/2021\/05\/20210501_105344-1024x768.jpg 1024w, https:\/\/cottage.cz\/wp-content\/uploads\/2021\/05\/20210501_105344-300x225.jpg 300w, https:\/\/cottage.cz\/wp-content\/uploads\/2021\/05\/20210501_105344-768x576.jpg 768w, https:\/\/cottage.cz\/wp-content\/uploads\/2021\/05\/20210501_105344-1536x1152.jpg 1536w, https:\/\/cottage.cz\/wp-content\/uploads\/2021\/05\/20210501_105344-2048x1536.jpg 2048w\" data-sizes=\"(max-width: 1024px) 100vw, 1024px\" src=\"data:image\/svg+xml;base64,PHN2ZyB3aWR0aD0iMSIgaGVpZ2h0PSIxIiB4bWxucz0iaHR0cDovL3d3dy53My5vcmcvMjAwMC9zdmciPjwvc3ZnPg==\" style=\"--smush-placeholder-width: 1024px; --smush-placeholder-aspect-ratio: 1024\/768;\" \/><\/figure>\n\n\n\n<figure class=\"wp-block-image size-large\"><img decoding=\"async\" width=\"768\" height=\"1024\" data-id=\"8040\" data-src=\"https:\/\/www.cottage.cz\/wp-content\/uploads\/2021\/05\/20210501_105944-768x1024.jpg\" alt=\"\" class=\"wp-image-8040 lazyload\" data-srcset=\"https:\/\/cottage.cz\/wp-content\/uploads\/2021\/05\/20210501_105944-768x1024.jpg 768w, https:\/\/cottage.cz\/wp-content\/uploads\/2021\/05\/20210501_105944-225x300.jpg 225w, https:\/\/cottage.cz\/wp-content\/uploads\/2021\/05\/20210501_105944-1152x1536.jpg 1152w, https:\/\/cottage.cz\/wp-content\/uploads\/2021\/05\/20210501_105944-1536x2048.jpg 1536w, https:\/\/cottage.cz\/wp-content\/uploads\/2021\/05\/20210501_105944-scaled.jpg 1920w\" data-sizes=\"(max-width: 768px) 100vw, 768px\" src=\"data:image\/svg+xml;base64,PHN2ZyB3aWR0aD0iMSIgaGVpZ2h0PSIxIiB4bWxucz0iaHR0cDovL3d3dy53My5vcmcvMjAwMC9zdmciPjwvc3ZnPg==\" style=\"--smush-placeholder-width: 768px; --smush-placeholder-aspect-ratio: 768\/1024;\" \/><\/figure>\n\n\n\n<figure class=\"wp-block-image size-large\"><img decoding=\"async\" width=\"1024\" height=\"768\" data-id=\"8041\" data-src=\"https:\/\/www.cottage.cz\/wp-content\/uploads\/2021\/05\/20210501_105952-1-1024x768.jpg\" alt=\"\" class=\"wp-image-8041 lazyload\" data-srcset=\"https:\/\/cottage.cz\/wp-content\/uploads\/2021\/05\/20210501_105952-1-1024x768.jpg 1024w, https:\/\/cottage.cz\/wp-content\/uploads\/2021\/05\/20210501_105952-1-300x225.jpg 300w, https:\/\/cottage.cz\/wp-content\/uploads\/2021\/05\/20210501_105952-1-768x576.jpg 768w, https:\/\/cottage.cz\/wp-content\/uploads\/2021\/05\/20210501_105952-1-1536x1152.jpg 1536w, https:\/\/cottage.cz\/wp-content\/uploads\/2021\/05\/20210501_105952-1-2048x1536.jpg 2048w\" data-sizes=\"(max-width: 1024px) 100vw, 1024px\" src=\"data:image\/svg+xml;base64,PHN2ZyB3aWR0aD0iMSIgaGVpZ2h0PSIxIiB4bWxucz0iaHR0cDovL3d3dy53My5vcmcvMjAwMC9zdmciPjwvc3ZnPg==\" style=\"--smush-placeholder-width: 1024px; --smush-placeholder-aspect-ratio: 1024\/768;\" \/><\/figure>\n<\/figure>\n\n\n\n<p>Wej\u015bcie na najwy\u017cszy szczyt wychodni \u0160luknovsk\u00fd, P\u0142atny (610 m.n.m.) mo\u017cesz organizowa\u0107 z kilku stron. Od wsi Kunratice do czerwonych, z obce\u00a0<a href=\"https:\/\/www.cottage.cz\/pl\/Brtn%C3%ADk\/\">Brtn\u00edky<\/a>\u00a0po czerwonym i wreszcie po zielonym ze Star\u00e9 Hrabec\u00ed. Widok bezpo\u015brednio z g\u00f3ry to niewiele (wysokie buki blokuj\u0105 widok), ale np. wychodz\u0105c z Kunratic natkniesz si\u0119 na punkt widokowy Volsk\u00fd k\u00e1men z krzy\u017cem Bienerta.<\/p>\n","protected":false},"excerpt":{"rendered":"<p>Wej\u015bcie na najwy\u017cszy szczyt wychodni \u0160luknovsk\u00fd, P\u0142atny (610 m.n.m.) mo\u017cesz organizowa\u0107 z kilku stron. Od wsi Kunratice do czerwonych, z obce\u00a0Brtn\u00edky\u00a0po czerwonym i wreszcie po zielonym ze Star\u00e9 Hrabec\u00ed. Widok bezpo\u015brednio z g\u00f3ry to niewiele (wysokie buki blokuj\u0105 widok), ale np. wychodz\u0105c z Kunratic natkniesz si\u0119 na punkt widokowy Volsk\u00fd k\u00e1men z krzy\u017cem Bienerta.<\/p>\n","protected":false},"author":4,"featured_media":16175,"parent":0,"menu_order":0,"comment_status":"closed","ping_status":"closed","template":"","meta":{"_monsterinsights_skip_tracking":false,"_monsterinsights_sitenote_active":false,"_monsterinsights_sitenote_note":"","_monsterinsights_sitenote_category":0,"ngg_post_thumbnail":0,"footnotes":""},"class_list":["post-19934","page","type-page","status-publish","has-post-thumbnail","hentry"],"aioseo_notices":[],"_links":{"self":[{"href":"https:\/\/cottage.cz\/pl\/wp-json\/wp\/v2\/pages\/19934","targetHints":{"allow":["GET"]}}],"collection":[{"href":"https:\/\/cottage.cz\/pl\/wp-json\/wp\/v2\/pages"}],"about":[{"href":"https:\/\/cottage.cz\/pl\/wp-json\/wp\/v2\/types\/page"}],"author":[{"embeddable":true,"href":"https:\/\/cottage.cz\/pl\/wp-json\/wp\/v2\/users\/4"}],"replies":[{"embeddable":true,"href":"https:\/\/cottage.cz\/pl\/wp-json\/wp\/v2\/comments?post=19934"}],"version-history":[{"count":1,"href":"https:\/\/cottage.cz\/pl\/wp-json\/wp\/v2\/pages\/19934\/revisions"}],"predecessor-version":[{"id":19935,"href":"https:\/\/cottage.cz\/pl\/wp-json\/wp\/v2\/pages\/19934\/revisions\/19935"}],"wp:featuredmedia":[{"embeddable":true,"href":"https:\/\/cottage.cz\/pl\/wp-json\/wp\/v2\/media\/16175"}],"wp:attachment":[{"href":"https:\/\/cottage.cz\/pl\/wp-json\/wp\/v2\/media?parent=19934"}],"curies":[{"name":"wp","href":"https:\/\/api.w.org\/{rel}","templated":true}]}}