{"id":19928,"date":"2023-12-07T23:53:55","date_gmt":"2023-12-07T22:53:55","guid":{"rendered":"https:\/\/cottage.napokusy.cz\/?page_id=19928"},"modified":"2023-12-07T23:53:58","modified_gmt":"2023-12-07T22:53:58","slug":"zamek-kamenice","status":"publish","type":"page","link":"https:\/\/cottage.cz\/pl\/zamek-kamenice\/","title":{"rendered":"Zamek Kamenice"},"content":{"rendered":"<p><span id=\"tr_2\" class=\"tr_\" data-source=\"1\" data-orig=\"Hrad Kamenice je z\u0159\u00edcenina hradu nejist\u00e9ho st\u00e1\u0159\u00ed\">Zamek Kamenice to ruiny zamku o niepewnym wieku<\/span>\u00a0(<span id=\"tr_3\" class=\"tr_\" data-source=\"1\" data-orig=\"z\u0159ejm\u011b zalo\u017een ji\u017e v\">najwyra\u017aniej ju\u017c za\u0142o\u017cone<\/span>\u00a013. wiek).\u00a0<span id=\"tr_4\" class=\"tr_\" data-source=\"1\" data-orig=\"Hrad je voln\u011b p\u0159\u00edstupn\u00fd a stoj\u00ed na\">Zamek jest og\u00f3lnodost\u0119pny i stoi<\/span>\u00a0530\u00a0<span id=\"tr_5\" class=\"tr_\" data-source=\"1\" data-orig=\"metr\u016f vysok\u00e9m Z\u00e1meck\u00e9m vrchu nad m\u011bstem \u010cesk\u00e1 Kamenice\">metr\u00f3w wysoko\u015bci Z\u00e1meck\u00fd vrch nad miastem \u010cesk\u00e1 Kamenice<\/span>.\u00a0<span id=\"tr_6\" class=\"tr_\" data-source=\"1\" data-orig=\"Na hradn\u00ed vrch vede zelen\u011b zna\u010den\u00e1 turistick\u00e1 cesta\">Na wzg\u00f3rze zamkowe prowadzi oznakowana w kolorze zielonym \u015bcie\u017cka turystyczna<\/span>.\u00a0<span id=\"tr_7\" class=\"tr_\" data-source=\"1\" data-orig=\"Z \u010cesk\u00e9 Kamenice je to cca\">Z Czeskich Kamenic jest ok<\/span>\u00a01 km. (<span id=\"tr_8\" class=\"tr_\" data-source=\"1\" data-orig=\"mo\u017enost parkov\u00e1n\u00ed v ul Pra\u017esk\u00e1 p\u0159ed obchodem Barvy laky\">mo\u017cliwo\u015b\u0107 parkowania przy ulicy Praskiej przed sklepem Barvy laky<\/span>).\u00a0<span id=\"tr_9\" class=\"tr_\" data-source=\"1\" data-orig=\"Cesta je vhodn\u00e1 pro rodiny s d\u011btmi\">Trasa przystosowana jest dla rodzin z dzie\u0107mi<\/span>\u00a0(<span id=\"tr_10\" class=\"tr_\" data-source=\"1\" data-orig=\"bez ko\u010d\u00e1rku\">bez w\u00f3zka<\/span>),\u00a0<span id=\"tr_11\" class=\"tr_\" data-source=\"1\" data-orig=\"i kdy\u017e je po\u0159\u00e1d do kopce\">cho\u0107 nadal jest pod g\u00f3r\u0119<\/span>. nadmiar jest 230 m,\u00a0<span id=\"tr_12\" class=\"tr_\" data-source=\"1\" data-orig=\"v\u00fdstup trv\u00e1 asi hodinu\">wspinaczka trwa oko\u0142o godziny<\/span>.\u00a0<span id=\"tr_13\" class=\"tr_\" data-source=\"1\" data-orig=\"Z vrcholu\">Z g\u00f3ry<\/span>,\u00a0<span id=\"tr_14\" class=\"tr_\" data-source=\"1\" data-orig=\"kde je\">gdzie jest<\/span>\u00a012\u00a0<span id=\"tr_15\" class=\"tr_\" data-source=\"1\" data-orig=\"metr\u016f vysok\u00e1 d\u0159ev\u011bn\u00e1 rozhledna s\">metr\u00f3w wysoko\u015bci, drewniana wie\u017ca widokowa z<\/span>\u00a058 schody,\u00a0<span id=\"tr_16\" class=\"tr_\" data-source=\"1\" data-orig=\"je dobr\u00fd v\u00fdhled jak na \u010ceskou Kamenici\">jest dobry widok na oba \u010cesk\u00e1 Kamenice<\/span>,\u00a0<span id=\"tr_17\" class=\"tr_\" data-source=\"1\" data-orig=\"tak okoln\u00ed kopce \u010cesk\u00e9ho st\u0159edoho\u0159\u00ed a\">jak r\u00f3wnie\u017c okoliczne wzg\u00f3rza \u010cesk\u00fd st\u0159edoho\u0159\u00ed i<\/span>\u00a0<a href=\"https:\/\/www.cottage.cz\/luzicke-hory\">g\u00f3ry \u0141u\u017cyckie<\/a>.<\/p>\n<div class=\"gallery-1 gallery-wrapper columns-wrapper\"><div class=\"gallery-column\"><a class=\"gallery-item photoswipe-item\" data-caption=\"\" data-width=\"800\" data-height=\"450\" href=\"https:\/\/cottage.cz\/wp-content\/uploads\/2017\/01\/IMG_20170101_112807.jpg\" rel=\"lightbox[19928]\"><img decoding=\"async\" class=\"gallery-img-desktop lazyload\" data-src=\"https:\/\/cottage.cz\/wp-content\/uploads\/2017\/01\/IMG_20170101_112807-550x309.jpg\" alt=\"\" src=\"data:image\/svg+xml;base64,PHN2ZyB3aWR0aD0iMSIgaGVpZ2h0PSIxIiB4bWxucz0iaHR0cDovL3d3dy53My5vcmcvMjAwMC9zdmciPjwvc3ZnPg==\" style=\"--smush-placeholder-width: 550px; --smush-placeholder-aspect-ratio: 550\/309;\" \/><img decoding=\"async\" class=\"gallery-img-mobile lazyload\" data-src=\"https:\/\/cottage.cz\/wp-content\/uploads\/2017\/01\/IMG_20170101_112807-500x500.jpg\" alt=\"\" src=\"data:image\/svg+xml;base64,PHN2ZyB3aWR0aD0iMSIgaGVpZ2h0PSIxIiB4bWxucz0iaHR0cDovL3d3dy53My5vcmcvMjAwMC9zdmciPjwvc3ZnPg==\" style=\"--smush-placeholder-width: 500px; --smush-placeholder-aspect-ratio: 500\/500;\" \/><div class=\"gallery-enlarge\"><\/div><\/a><\/div><div class=\"gallery-column\"><a class=\"gallery-item photoswipe-item\" data-caption=\"\" data-width=\"800\" data-height=\"450\" href=\"https:\/\/cottage.cz\/wp-content\/uploads\/2017\/01\/IMG_20170101_114923.jpg\" rel=\"lightbox[19928]\"><img decoding=\"async\" class=\"gallery-img-desktop lazyload\" data-src=\"https:\/\/cottage.cz\/wp-content\/uploads\/2017\/01\/IMG_20170101_114923-550x309.jpg\" alt=\"\" src=\"data:image\/svg+xml;base64,PHN2ZyB3aWR0aD0iMSIgaGVpZ2h0PSIxIiB4bWxucz0iaHR0cDovL3d3dy53My5vcmcvMjAwMC9zdmciPjwvc3ZnPg==\" style=\"--smush-placeholder-width: 550px; --smush-placeholder-aspect-ratio: 550\/309;\" \/><img decoding=\"async\" class=\"gallery-img-mobile lazyload\" data-src=\"https:\/\/cottage.cz\/wp-content\/uploads\/2017\/01\/IMG_20170101_114923-500x500.jpg\" alt=\"\" src=\"data:image\/svg+xml;base64,PHN2ZyB3aWR0aD0iMSIgaGVpZ2h0PSIxIiB4bWxucz0iaHR0cDovL3d3dy53My5vcmcvMjAwMC9zdmciPjwvc3ZnPg==\" style=\"--smush-placeholder-width: 500px; --smush-placeholder-aspect-ratio: 500\/500;\" \/><div class=\"gallery-enlarge\"><\/div><\/a><\/div><div class=\"gallery-column\"><a class=\"gallery-item photoswipe-item\" data-caption=\"\" data-width=\"800\" data-height=\"450\" href=\"https:\/\/cottage.cz\/wp-content\/uploads\/2017\/01\/IMG_20170101_120618.jpg\" rel=\"lightbox[19928]\"><img decoding=\"async\" class=\"gallery-img-desktop lazyload\" data-src=\"https:\/\/cottage.cz\/wp-content\/uploads\/2017\/01\/IMG_20170101_120618-550x309.jpg\" alt=\"\" src=\"data:image\/svg+xml;base64,PHN2ZyB3aWR0aD0iMSIgaGVpZ2h0PSIxIiB4bWxucz0iaHR0cDovL3d3dy53My5vcmcvMjAwMC9zdmciPjwvc3ZnPg==\" style=\"--smush-placeholder-width: 550px; --smush-placeholder-aspect-ratio: 550\/309;\" \/><img decoding=\"async\" class=\"gallery-img-mobile lazyload\" data-src=\"https:\/\/cottage.cz\/wp-content\/uploads\/2017\/01\/IMG_20170101_120618-500x500.jpg\" alt=\"\" src=\"data:image\/svg+xml;base64,PHN2ZyB3aWR0aD0iMSIgaGVpZ2h0PSIxIiB4bWxucz0iaHR0cDovL3d3dy53My5vcmcvMjAwMC9zdmciPjwvc3ZnPg==\" style=\"--smush-placeholder-width: 500px; --smush-placeholder-aspect-ratio: 500\/500;\" \/><div class=\"gallery-enlarge\"><\/div><\/a><\/div><div class=\"gallery-column\"><a class=\"gallery-item photoswipe-item\" data-caption=\"\" data-width=\"800\" data-height=\"450\" href=\"https:\/\/cottage.cz\/wp-content\/uploads\/2017\/01\/IMG_20170101_121122.jpg\" rel=\"lightbox[19928]\"><img decoding=\"async\" class=\"gallery-img-desktop lazyload\" data-src=\"https:\/\/cottage.cz\/wp-content\/uploads\/2017\/01\/IMG_20170101_121122-550x309.jpg\" alt=\"\" src=\"data:image\/svg+xml;base64,PHN2ZyB3aWR0aD0iMSIgaGVpZ2h0PSIxIiB4bWxucz0iaHR0cDovL3d3dy53My5vcmcvMjAwMC9zdmciPjwvc3ZnPg==\" style=\"--smush-placeholder-width: 550px; --smush-placeholder-aspect-ratio: 550\/309;\" \/><img decoding=\"async\" class=\"gallery-img-mobile lazyload\" data-src=\"https:\/\/cottage.cz\/wp-content\/uploads\/2017\/01\/IMG_20170101_121122-500x500.jpg\" alt=\"\" src=\"data:image\/svg+xml;base64,PHN2ZyB3aWR0aD0iMSIgaGVpZ2h0PSIxIiB4bWxucz0iaHR0cDovL3d3dy53My5vcmcvMjAwMC9zdmciPjwvc3ZnPg==\" style=\"--smush-placeholder-width: 500px; --smush-placeholder-aspect-ratio: 500\/500;\" \/><div class=\"gallery-enlarge\"><\/div><\/a><\/div><div class=\"gallery-column\"><a class=\"gallery-item photoswipe-item\" data-caption=\"\" data-width=\"787\" data-height=\"521\" href=\"https:\/\/cottage.cz\/wp-content\/uploads\/2017\/01\/hrad-kamenice.jpg\" rel=\"lightbox[19928]\"><img decoding=\"async\" class=\"gallery-img-desktop lazyload\" data-src=\"https:\/\/cottage.cz\/wp-content\/uploads\/2017\/01\/hrad-kamenice-550x309.jpg\" alt=\"\" src=\"data:image\/svg+xml;base64,PHN2ZyB3aWR0aD0iMSIgaGVpZ2h0PSIxIiB4bWxucz0iaHR0cDovL3d3dy53My5vcmcvMjAwMC9zdmciPjwvc3ZnPg==\" style=\"--smush-placeholder-width: 550px; --smush-placeholder-aspect-ratio: 550\/309;\" \/><img decoding=\"async\" class=\"gallery-img-mobile lazyload\" data-src=\"https:\/\/cottage.cz\/wp-content\/uploads\/2017\/01\/hrad-kamenice-500x500.jpg\" alt=\"\" src=\"data:image\/svg+xml;base64,PHN2ZyB3aWR0aD0iMSIgaGVpZ2h0PSIxIiB4bWxucz0iaHR0cDovL3d3dy53My5vcmcvMjAwMC9zdmciPjwvc3ZnPg==\" style=\"--smush-placeholder-width: 500px; --smush-placeholder-aspect-ratio: 500\/500;\" \/><div class=\"gallery-enlarge\"><\/div><\/a><\/div><style type=\"text\/css\">.gallery-1 .gallery-column { width: 33.33%; padding-bottom: 18.75%; }.gallery-1 { margin-left: -0px; margin-right: -0px; }.gallery-1 .gallery-item {bottom: 0px;left: 0px;right: 0px;top: 0px;}<\/style><\/div>\n","protected":false},"excerpt":{"rendered":"<p>Zamek Kamenice to ruiny zamku o niepewnym wieku\u00a0(najwyra\u017aniej ju\u017c za\u0142o\u017cone\u00a013. wiek).\u00a0Zamek jest og\u00f3lnodost\u0119pny i stoi\u00a0530\u00a0metr\u00f3w wysoko\u015bci Z\u00e1meck\u00fd vrch nad miastem \u010cesk\u00e1 Kamenice.\u00a0Na wzg\u00f3rze zamkowe prowadzi oznakowana w kolorze zielonym \u015bcie\u017cka turystyczna.\u00a0Z Czeskich Kamenic jest ok\u00a01 km. (mo\u017cliwo\u015b\u0107 parkowania przy ulicy Praskiej przed sklepem Barvy laky).\u00a0Trasa przystosowana jest dla rodzin z dzie\u0107mi\u00a0(bez w\u00f3zka),\u00a0cho\u0107 nadal jest pod [&hellip;]<\/p>\n","protected":false},"author":4,"featured_media":0,"parent":0,"menu_order":0,"comment_status":"closed","ping_status":"closed","template":"","meta":{"_monsterinsights_skip_tracking":false,"_monsterinsights_sitenote_active":false,"_monsterinsights_sitenote_note":"","_monsterinsights_sitenote_category":0,"ngg_post_thumbnail":0,"footnotes":""},"class_list":["post-19928","page","type-page","status-publish","hentry"],"aioseo_notices":[],"_links":{"self":[{"href":"https:\/\/cottage.cz\/pl\/wp-json\/wp\/v2\/pages\/19928","targetHints":{"allow":["GET"]}}],"collection":[{"href":"https:\/\/cottage.cz\/pl\/wp-json\/wp\/v2\/pages"}],"about":[{"href":"https:\/\/cottage.cz\/pl\/wp-json\/wp\/v2\/types\/page"}],"author":[{"embeddable":true,"href":"https:\/\/cottage.cz\/pl\/wp-json\/wp\/v2\/users\/4"}],"replies":[{"embeddable":true,"href":"https:\/\/cottage.cz\/pl\/wp-json\/wp\/v2\/comments?post=19928"}],"version-history":[{"count":1,"href":"https:\/\/cottage.cz\/pl\/wp-json\/wp\/v2\/pages\/19928\/revisions"}],"predecessor-version":[{"id":19929,"href":"https:\/\/cottage.cz\/pl\/wp-json\/wp\/v2\/pages\/19928\/revisions\/19929"}],"wp:attachment":[{"href":"https:\/\/cottage.cz\/pl\/wp-json\/wp\/v2\/media?parent=19928"}],"curies":[{"name":"wp","href":"https:\/\/api.w.org\/{rel}","templated":true}]}}