{"id":19921,"date":"2023-12-07T23:44:46","date_gmt":"2023-12-07T22:44:46","guid":{"rendered":"https:\/\/cottage.napokusy.cz\/?page_id=19921"},"modified":"2023-12-07T23:44:48","modified_gmt":"2023-12-07T22:44:48","slug":"hinterhermsdorf","status":"publish","type":"page","link":"https:\/\/cottage.cz\/pl\/hinterhermsdorf\/","title":{"rendered":"Hinterhermsdorf"},"content":{"rendered":"<p>Malownicza wioska Hinterhermsdorf le\u017cy na skraju Parku Narodowego Szwajcarii Sakso\u0144skiej w pobli\u017cu Sebnitz. \u00a0Mieszka tu ok 650 rezydent. \u00a0Tury\u015bci odwiedzaj\u0105 g\u0142\u00f3wnie \u0142odzie Obere Schlause i \u015bcie\u017ck\u0119 edukacyjn\u0105\u00a0<a href=\"https:\/\/www.cottage.cz\/pl\/waldhusche-hinterhermsdorf\">Waldhusche<\/a>. Z Czeskiej Szwajcarii , bezpo\u015brednio na granicy z Czechami, Chod\u017amy 650 mieszka\u0144cy.<\/p>\n","protected":false},"excerpt":{"rendered":"<p>Malownicza wioska Hinterhermsdorf le\u017cy na skraju Parku Narodowego Szwajcarii Sakso\u0144skiej w pobli\u017cu Sebnitz. \u00a0Mieszka tu ok 650 rezydent. \u00a0Tury\u015bci odwiedzaj\u0105 g\u0142\u00f3wnie \u0142odzie Obere Schlause i \u015bcie\u017ck\u0119 edukacyjn\u0105\u00a0Waldhusche. Z Czeskiej Szwajcarii , bezpo\u015brednio na granicy z Czechami, Chod\u017amy 650 mieszka\u0144cy.<\/p>\n","protected":false},"author":4,"featured_media":0,"parent":0,"menu_order":0,"comment_status":"closed","ping_status":"closed","template":"","meta":{"_monsterinsights_skip_tracking":false,"_monsterinsights_sitenote_active":false,"_monsterinsights_sitenote_note":"","_monsterinsights_sitenote_category":0,"ngg_post_thumbnail":0,"footnotes":""},"class_list":["post-19921","page","type-page","status-publish","hentry"],"aioseo_notices":[],"_links":{"self":[{"href":"https:\/\/cottage.cz\/pl\/wp-json\/wp\/v2\/pages\/19921","targetHints":{"allow":["GET"]}}],"collection":[{"href":"https:\/\/cottage.cz\/pl\/wp-json\/wp\/v2\/pages"}],"about":[{"href":"https:\/\/cottage.cz\/pl\/wp-json\/wp\/v2\/types\/page"}],"author":[{"embeddable":true,"href":"https:\/\/cottage.cz\/pl\/wp-json\/wp\/v2\/users\/4"}],"replies":[{"embeddable":true,"href":"https:\/\/cottage.cz\/pl\/wp-json\/wp\/v2\/comments?post=19921"}],"version-history":[{"count":1,"href":"https:\/\/cottage.cz\/pl\/wp-json\/wp\/v2\/pages\/19921\/revisions"}],"predecessor-version":[{"id":19922,"href":"https:\/\/cottage.cz\/pl\/wp-json\/wp\/v2\/pages\/19921\/revisions\/19922"}],"wp:attachment":[{"href":"https:\/\/cottage.cz\/pl\/wp-json\/wp\/v2\/media?parent=19921"}],"curies":[{"name":"wp","href":"https:\/\/api.w.org\/{rel}","templated":true}]}}