{"id":19901,"date":"2023-12-06T23:37:45","date_gmt":"2023-12-06T22:37:45","guid":{"rendered":"https:\/\/cottage.napokusy.cz\/?page_id=19901"},"modified":"2023-12-06T23:37:48","modified_gmt":"2023-12-06T22:37:48","slug":"szlak-gabrieli","status":"publish","type":"page","link":"https:\/\/cottage.cz\/pl\/szlak-gabrieli\/","title":{"rendered":"szlak Gabrieli"},"content":{"rendered":"\n<p>Szlak turystyczny z Mezni Louce do Prav\u010dick\u00e1 bramy. Zosta\u0142 nazwany na cze\u015b\u0107 siostry ksi\u0119cia Edmunda Clary-Aldringena, Pionierem lokalna turystyka. 6 km d\u0142ugo\u015bci, pak, schody, nie nadaje si\u0119 do w\u00f3zk\u00f3w dzieci\u0119cych.<\/p>\n\n\n\n<figure class=\"wp-block-gallery has-nested-images columns-default is-cropped wp-block-gallery-1 is-layout-flex wp-block-gallery-is-layout-flex\">\n<figure class=\"wp-block-image\"><img decoding=\"async\" width=\"1024\" height=\"768\" data-id=\"6346\" data-src=\"https:\/\/www.cottage.cz\/wp-content\/uploads\/2019\/05\/GOPR0731-1024x768.jpg\" alt=\"\" class=\"wp-image-6346 lazyload\" src=\"data:image\/svg+xml;base64,PHN2ZyB3aWR0aD0iMSIgaGVpZ2h0PSIxIiB4bWxucz0iaHR0cDovL3d3dy53My5vcmcvMjAwMC9zdmciPjwvc3ZnPg==\" style=\"--smush-placeholder-width: 1024px; --smush-placeholder-aspect-ratio: 1024\/768;\" \/><\/figure>\n\n\n\n<figure class=\"wp-block-image\"><img decoding=\"async\" width=\"1024\" height=\"768\" data-id=\"6347\" data-src=\"https:\/\/www.cottage.cz\/wp-content\/uploads\/2019\/05\/GOPR0734-1024x768.jpg\" alt=\"\" class=\"wp-image-6347 lazyload\" data-srcset=\"https:\/\/cottage.cz\/wp-content\/uploads\/2019\/05\/GOPR0734-1024x768.jpg 1024w, https:\/\/cottage.cz\/wp-content\/uploads\/2019\/05\/GOPR0734-300x225.jpg 300w, https:\/\/cottage.cz\/wp-content\/uploads\/2019\/05\/GOPR0734-768x576.jpg 768w\" data-sizes=\"(max-width: 1024px) 100vw, 1024px\" src=\"data:image\/svg+xml;base64,PHN2ZyB3aWR0aD0iMSIgaGVpZ2h0PSIxIiB4bWxucz0iaHR0cDovL3d3dy53My5vcmcvMjAwMC9zdmciPjwvc3ZnPg==\" style=\"--smush-placeholder-width: 1024px; --smush-placeholder-aspect-ratio: 1024\/768;\" \/><\/figure>\n\n\n\n<figure class=\"wp-block-image\"><img decoding=\"async\" width=\"1024\" height=\"768\" data-id=\"6348\" data-src=\"https:\/\/www.cottage.cz\/wp-content\/uploads\/2019\/05\/GOPR0736-1024x768.jpg\" alt=\"\" class=\"wp-image-6348 lazyload\" data-srcset=\"https:\/\/cottage.cz\/wp-content\/uploads\/2019\/05\/GOPR0736-1024x768.jpg 1024w, https:\/\/cottage.cz\/wp-content\/uploads\/2019\/05\/GOPR0736-300x225.jpg 300w, https:\/\/cottage.cz\/wp-content\/uploads\/2019\/05\/GOPR0736-768x576.jpg 768w\" data-sizes=\"(max-width: 1024px) 100vw, 1024px\" src=\"data:image\/svg+xml;base64,PHN2ZyB3aWR0aD0iMSIgaGVpZ2h0PSIxIiB4bWxucz0iaHR0cDovL3d3dy53My5vcmcvMjAwMC9zdmciPjwvc3ZnPg==\" style=\"--smush-placeholder-width: 1024px; --smush-placeholder-aspect-ratio: 1024\/768;\" \/><\/figure>\n\n\n\n<figure class=\"wp-block-image\"><img decoding=\"async\" width=\"1024\" height=\"768\" data-id=\"6349\" data-src=\"https:\/\/www.cottage.cz\/wp-content\/uploads\/2019\/05\/GOPR0878-1024x768.jpg\" alt=\"\" class=\"wp-image-6349 lazyload\" data-srcset=\"https:\/\/cottage.cz\/wp-content\/uploads\/2019\/05\/GOPR0878-1024x768.jpg 1024w, https:\/\/cottage.cz\/wp-content\/uploads\/2019\/05\/GOPR0878-300x225.jpg 300w, https:\/\/cottage.cz\/wp-content\/uploads\/2019\/05\/GOPR0878-768x576.jpg 768w\" data-sizes=\"(max-width: 1024px) 100vw, 1024px\" src=\"data:image\/svg+xml;base64,PHN2ZyB3aWR0aD0iMSIgaGVpZ2h0PSIxIiB4bWxucz0iaHR0cDovL3d3dy53My5vcmcvMjAwMC9zdmciPjwvc3ZnPg==\" style=\"--smush-placeholder-width: 1024px; --smush-placeholder-aspect-ratio: 1024\/768;\" \/><\/figure>\n\n\n\n<figure class=\"wp-block-image\"><img decoding=\"async\" width=\"1024\" height=\"768\" data-id=\"6350\" data-src=\"https:\/\/www.cottage.cz\/wp-content\/uploads\/2019\/05\/GOPR0883-1024x768.jpg\" alt=\"\" class=\"wp-image-6350 lazyload\" data-srcset=\"https:\/\/cottage.cz\/wp-content\/uploads\/2019\/05\/GOPR0883-1024x768.jpg 1024w, https:\/\/cottage.cz\/wp-content\/uploads\/2019\/05\/GOPR0883-300x225.jpg 300w, https:\/\/cottage.cz\/wp-content\/uploads\/2019\/05\/GOPR0883-768x576.jpg 768w\" data-sizes=\"(max-width: 1024px) 100vw, 1024px\" src=\"data:image\/svg+xml;base64,PHN2ZyB3aWR0aD0iMSIgaGVpZ2h0PSIxIiB4bWxucz0iaHR0cDovL3d3dy53My5vcmcvMjAwMC9zdmciPjwvc3ZnPg==\" style=\"--smush-placeholder-width: 1024px; --smush-placeholder-aspect-ratio: 1024\/768;\" \/><\/figure>\n\n\n\n<figure class=\"wp-block-image\"><img decoding=\"async\" width=\"1024\" height=\"768\" data-id=\"6351\" data-src=\"https:\/\/www.cottage.cz\/wp-content\/uploads\/2019\/05\/GOPR0886-1024x768.jpg\" alt=\"\" class=\"wp-image-6351 lazyload\" src=\"data:image\/svg+xml;base64,PHN2ZyB3aWR0aD0iMSIgaGVpZ2h0PSIxIiB4bWxucz0iaHR0cDovL3d3dy53My5vcmcvMjAwMC9zdmciPjwvc3ZnPg==\" style=\"--smush-placeholder-width: 1024px; --smush-placeholder-aspect-ratio: 1024\/768;\" \/><\/figure>\n\n\n\n<figure class=\"wp-block-image\"><img decoding=\"async\" width=\"1024\" height=\"768\" data-id=\"6352\" data-src=\"https:\/\/www.cottage.cz\/wp-content\/uploads\/2019\/05\/GOPR0889-1024x768.jpg\" alt=\"\" class=\"wp-image-6352 lazyload\" data-srcset=\"https:\/\/cottage.cz\/wp-content\/uploads\/2019\/05\/GOPR0889-1024x768.jpg 1024w, https:\/\/cottage.cz\/wp-content\/uploads\/2019\/05\/GOPR0889-300x225.jpg 300w, https:\/\/cottage.cz\/wp-content\/uploads\/2019\/05\/GOPR0889-768x576.jpg 768w\" data-sizes=\"(max-width: 1024px) 100vw, 1024px\" src=\"data:image\/svg+xml;base64,PHN2ZyB3aWR0aD0iMSIgaGVpZ2h0PSIxIiB4bWxucz0iaHR0cDovL3d3dy53My5vcmcvMjAwMC9zdmciPjwvc3ZnPg==\" style=\"--smush-placeholder-width: 1024px; --smush-placeholder-aspect-ratio: 1024\/768;\" \/><\/figure>\n\n\n\n<figure class=\"wp-block-image\"><img decoding=\"async\" width=\"1024\" height=\"768\" data-id=\"6353\" data-src=\"https:\/\/www.cottage.cz\/wp-content\/uploads\/2019\/05\/GOPR0891-1024x768.jpg\" alt=\"\" class=\"wp-image-6353 lazyload\" data-srcset=\"https:\/\/cottage.cz\/wp-content\/uploads\/2019\/05\/GOPR0891-1024x768.jpg 1024w, https:\/\/cottage.cz\/wp-content\/uploads\/2019\/05\/GOPR0891-300x225.jpg 300w, https:\/\/cottage.cz\/wp-content\/uploads\/2019\/05\/GOPR0891-768x576.jpg 768w\" data-sizes=\"(max-width: 1024px) 100vw, 1024px\" src=\"data:image\/svg+xml;base64,PHN2ZyB3aWR0aD0iMSIgaGVpZ2h0PSIxIiB4bWxucz0iaHR0cDovL3d3dy53My5vcmcvMjAwMC9zdmciPjwvc3ZnPg==\" style=\"--smush-placeholder-width: 1024px; --smush-placeholder-aspect-ratio: 1024\/768;\" \/><\/figure>\n<\/figure>\n","protected":false},"excerpt":{"rendered":"<p>Szlak turystyczny z Mezni Louce do Prav\u010dick\u00e1 bramy. Zosta\u0142 nazwany na cze\u015b\u0107 siostry ksi\u0119cia Edmunda Clary-Aldringena, Pionierem lokalna turystyka. 6 km d\u0142ugo\u015bci, pak, schody, nie nadaje si\u0119 do w\u00f3zk\u00f3w dzieci\u0119cych.<\/p>\n","protected":false},"author":4,"featured_media":14633,"parent":0,"menu_order":0,"comment_status":"closed","ping_status":"closed","template":"","meta":{"_monsterinsights_skip_tracking":false,"_monsterinsights_sitenote_active":false,"_monsterinsights_sitenote_note":"","_monsterinsights_sitenote_category":0,"ngg_post_thumbnail":0,"footnotes":""},"class_list":["post-19901","page","type-page","status-publish","has-post-thumbnail","hentry"],"aioseo_notices":[],"_links":{"self":[{"href":"https:\/\/cottage.cz\/pl\/wp-json\/wp\/v2\/pages\/19901","targetHints":{"allow":["GET"]}}],"collection":[{"href":"https:\/\/cottage.cz\/pl\/wp-json\/wp\/v2\/pages"}],"about":[{"href":"https:\/\/cottage.cz\/pl\/wp-json\/wp\/v2\/types\/page"}],"author":[{"embeddable":true,"href":"https:\/\/cottage.cz\/pl\/wp-json\/wp\/v2\/users\/4"}],"replies":[{"embeddable":true,"href":"https:\/\/cottage.cz\/pl\/wp-json\/wp\/v2\/comments?post=19901"}],"version-history":[{"count":1,"href":"https:\/\/cottage.cz\/pl\/wp-json\/wp\/v2\/pages\/19901\/revisions"}],"predecessor-version":[{"id":19902,"href":"https:\/\/cottage.cz\/pl\/wp-json\/wp\/v2\/pages\/19901\/revisions\/19902"}],"wp:featuredmedia":[{"embeddable":true,"href":"https:\/\/cottage.cz\/pl\/wp-json\/wp\/v2\/media\/14633"}],"wp:attachment":[{"href":"https:\/\/cottage.cz\/pl\/wp-json\/wp\/v2\/media?parent=19901"}],"curies":[{"name":"wp","href":"https:\/\/api.w.org\/{rel}","templated":true}]}}