{"id":19891,"date":"2023-12-06T23:29:38","date_gmt":"2023-12-06T22:29:38","guid":{"rendered":"https:\/\/cottage.napokusy.cz\/?page_id=19891"},"modified":"2025-09-18T10:35:34","modified_gmt":"2025-09-18T08:35:34","slug":"sauna-finska","status":"publish","type":"page","link":"https:\/\/cottage.cz\/pl\/sauna-finska\/","title":{"rendered":"Sauna fi\u0144ska"},"content":{"rendered":"\n<figure class=\"wp-block-gallery has-nested-images columns-default is-cropped wp-block-gallery-1 is-layout-flex wp-block-gallery-is-layout-flex\">\n<figure class=\"wp-block-image size-large\"><img decoding=\"async\" width=\"1024\" height=\"682\" data-id=\"10707\" data-src=\"https:\/\/www.cottage.cz\/wp-content\/uploads\/2023\/10\/IMG-20230926-WA0014-1024x682.jpg\" alt=\"\" class=\"wp-image-10707 lazyload\" data-srcset=\"https:\/\/cottage.cz\/wp-content\/uploads\/2023\/10\/IMG-20230926-WA0014-1024x682.jpg 1024w, https:\/\/cottage.cz\/wp-content\/uploads\/2023\/10\/IMG-20230926-WA0014-300x200.jpg 300w, https:\/\/cottage.cz\/wp-content\/uploads\/2023\/10\/IMG-20230926-WA0014-768x512.jpg 768w, https:\/\/cottage.cz\/wp-content\/uploads\/2023\/10\/IMG-20230926-WA0014-1536x1023.jpg 1536w, https:\/\/cottage.cz\/wp-content\/uploads\/2023\/10\/IMG-20230926-WA0014-1320x879.jpg 1320w, https:\/\/cottage.cz\/wp-content\/uploads\/2023\/10\/IMG-20230926-WA0014.jpg 1800w\" data-sizes=\"(max-width: 1024px) 100vw, 1024px\" src=\"data:image\/svg+xml;base64,PHN2ZyB3aWR0aD0iMSIgaGVpZ2h0PSIxIiB4bWxucz0iaHR0cDovL3d3dy53My5vcmcvMjAwMC9zdmciPjwvc3ZnPg==\" style=\"--smush-placeholder-width: 1024px; --smush-placeholder-aspect-ratio: 1024\/682;\" \/><figcaption class=\"wp-element-caption\">Sauna fi\u0144ska<\/figcaption><\/figure>\n\n\n\n<figure class=\"wp-block-image size-large\"><img decoding=\"async\" width=\"1024\" height=\"683\" data-id=\"10706\" data-src=\"https:\/\/www.cottage.cz\/wp-content\/uploads\/2023\/10\/IMG-20230926-WA0012-1024x683.jpg\" alt=\"\" class=\"wp-image-10706 lazyload\" data-srcset=\"https:\/\/cottage.cz\/wp-content\/uploads\/2023\/10\/IMG-20230926-WA0012-1024x683.jpg 1024w, https:\/\/cottage.cz\/wp-content\/uploads\/2023\/10\/IMG-20230926-WA0012-300x200.jpg 300w, https:\/\/cottage.cz\/wp-content\/uploads\/2023\/10\/IMG-20230926-WA0012-768x512.jpg 768w, https:\/\/cottage.cz\/wp-content\/uploads\/2023\/10\/IMG-20230926-WA0012-1536x1024.jpg 1536w, https:\/\/cottage.cz\/wp-content\/uploads\/2023\/10\/IMG-20230926-WA0012-1320x880.jpg 1320w, https:\/\/cottage.cz\/wp-content\/uploads\/2023\/10\/IMG-20230926-WA0012.jpg 1800w\" data-sizes=\"(max-width: 1024px) 100vw, 1024px\" src=\"data:image\/svg+xml;base64,PHN2ZyB3aWR0aD0iMSIgaGVpZ2h0PSIxIiB4bWxucz0iaHR0cDovL3d3dy53My5vcmcvMjAwMC9zdmciPjwvc3ZnPg==\" style=\"--smush-placeholder-width: 1024px; --smush-placeholder-aspect-ratio: 1024\/683;\" \/><figcaption class=\"wp-element-caption\">Strefa relaksu<\/figcaption><\/figure>\n\n\n\n<figure class=\"wp-block-image size-large\"><img decoding=\"async\" width=\"1600\" height=\"1067\" data-id=\"5715\" data-src=\"https:\/\/www.cottage.cz\/wp-content\/uploads\/2018\/11\/RV_CZ_Cottage_Night7-e1581598483798.jpg\" alt=\"\" class=\"wp-image-5715 lazyload\" src=\"data:image\/svg+xml;base64,PHN2ZyB3aWR0aD0iMSIgaGVpZ2h0PSIxIiB4bWxucz0iaHR0cDovL3d3dy53My5vcmcvMjAwMC9zdmciPjwvc3ZnPg==\" style=\"--smush-placeholder-width: 1600px; --smush-placeholder-aspect-ratio: 1600\/1067;\" \/><figcaption class=\"wp-element-caption\">Staw ch\u0142odz\u0105cy<\/figcaption><\/figure>\n<\/figure>\n\n\n\n<p>Naszym go\u015bciom oferujemy wy\u0142\u0105cznie <strong>prywatn\u0105 saun\u0119 fi\u0144sk\u0105 mog\u0105c\u0105 pomie\u015bci\u0107 do 6 os\u00f3b.<\/strong> Przygotujemy dla Ciebie po\u015bciel, wod\u0119 z owocami i przyjemny zimny <a href=\"https:\/\/cottage.cz\/pl\/staw-kapielowy\/\" title=\"\">biotop do k\u0105pieli<\/a> na \u015bwie\u017cym powietrzu. Zalecamy korzystanie z sauny i p\u0142ywanie bez stroju k\u0105pielowego. W naszym ogrodzie panuje cisza, spok\u00f3j i prywatno\u015b\u0107. Sauna jest cz\u0119\u015bci\u0105 <a href=\"https:\/\/cottage.cz\/pl\/naturalne-prywatne-wellness\/\" title=\"\">prywatnego wellness<\/a>.<\/p>\n\n\n\n<p>Mo\u017cna r\u00f3wnie\u017c skorzysta\u0107 ze wsp\u00f3lnej (i prywatnej) sauny z naturalnym ogniem w <a href=\"https:\/\/cottage.cz\/pl\/hartownia\/\" title=\"Hartownia\">Otu\u017eov\u00e1rnie<\/a> (500 m od Bohemian Cottage). Sauna mo\u017ce pomie\u015bci\u0107 do 8 os\u00f3b, z mo\u017cliwo\u015bci\u0105 skorzystania z rytua\u0142\u00f3w saunowych.<br><\/p>\n\n\n\n<figure class=\"wp-block-gallery has-nested-images columns-default is-cropped wp-block-gallery-2 is-layout-flex wp-block-gallery-is-layout-flex\">\n<figure class=\"wp-block-image size-large\"><img decoding=\"async\" width=\"768\" height=\"1024\" data-id=\"24705\" data-src=\"https:\/\/cottage.cz\/wp-content\/uploads\/2024\/11\/20250110_144252-768x1024.jpg\" alt=\"\" class=\"wp-image-24705 lazyload\" data-srcset=\"https:\/\/cottage.cz\/wp-content\/uploads\/2024\/11\/20250110_144252-768x1024.jpg 768w, https:\/\/cottage.cz\/wp-content\/uploads\/2024\/11\/20250110_144252-225x300.jpg 225w, https:\/\/cottage.cz\/wp-content\/uploads\/2024\/11\/20250110_144252-1152x1536.jpg 1152w, https:\/\/cottage.cz\/wp-content\/uploads\/2024\/11\/20250110_144252-1536x2048.jpg 1536w, https:\/\/cottage.cz\/wp-content\/uploads\/2024\/11\/20250110_144252-scaled.jpg 1920w\" data-sizes=\"(max-width: 768px) 100vw, 768px\" src=\"data:image\/svg+xml;base64,PHN2ZyB3aWR0aD0iMSIgaGVpZ2h0PSIxIiB4bWxucz0iaHR0cDovL3d3dy53My5vcmcvMjAwMC9zdmciPjwvc3ZnPg==\" style=\"--smush-placeholder-width: 768px; --smush-placeholder-aspect-ratio: 768\/1024;\" \/><\/figure>\n\n\n\n<figure class=\"wp-block-image size-large\"><img decoding=\"async\" width=\"768\" height=\"1024\" data-id=\"27387\" data-src=\"https:\/\/cottage.cz\/wp-content\/uploads\/2025\/08\/20241101_162437-768x1024.jpg\" alt=\"\" class=\"wp-image-27387 lazyload\" data-srcset=\"https:\/\/cottage.cz\/wp-content\/uploads\/2025\/08\/20241101_162437-768x1024.jpg 768w, https:\/\/cottage.cz\/wp-content\/uploads\/2025\/08\/20241101_162437-225x300.jpg 225w, https:\/\/cottage.cz\/wp-content\/uploads\/2025\/08\/20241101_162437-1152x1536.jpg 1152w, https:\/\/cottage.cz\/wp-content\/uploads\/2025\/08\/20241101_162437-1536x2048.jpg 1536w, https:\/\/cottage.cz\/wp-content\/uploads\/2025\/08\/20241101_162437-scaled.jpg 1920w\" data-sizes=\"(max-width: 768px) 100vw, 768px\" src=\"data:image\/svg+xml;base64,PHN2ZyB3aWR0aD0iMSIgaGVpZ2h0PSIxIiB4bWxucz0iaHR0cDovL3d3dy53My5vcmcvMjAwMC9zdmciPjwvc3ZnPg==\" style=\"--smush-placeholder-width: 768px; --smush-placeholder-aspect-ratio: 768\/1024;\" \/><\/figure>\n\n\n\n<figure class=\"wp-block-image size-large\"><img decoding=\"async\" width=\"768\" height=\"1024\" data-id=\"24786\" data-src=\"https:\/\/cottage.cz\/wp-content\/uploads\/2025\/02\/20250103_160421-768x1024.jpg\" alt=\"\" class=\"wp-image-24786 lazyload\" data-srcset=\"https:\/\/cottage.cz\/wp-content\/uploads\/2025\/02\/20250103_160421-768x1024.jpg 768w, https:\/\/cottage.cz\/wp-content\/uploads\/2025\/02\/20250103_160421-225x300.jpg 225w, https:\/\/cottage.cz\/wp-content\/uploads\/2025\/02\/20250103_160421-1152x1536.jpg 1152w, https:\/\/cottage.cz\/wp-content\/uploads\/2025\/02\/20250103_160421-1536x2048.jpg 1536w, https:\/\/cottage.cz\/wp-content\/uploads\/2025\/02\/20250103_160421-scaled.jpg 1920w\" data-sizes=\"(max-width: 768px) 100vw, 768px\" src=\"data:image\/svg+xml;base64,PHN2ZyB3aWR0aD0iMSIgaGVpZ2h0PSIxIiB4bWxucz0iaHR0cDovL3d3dy53My5vcmcvMjAwMC9zdmciPjwvc3ZnPg==\" style=\"--smush-placeholder-width: 768px; --smush-placeholder-aspect-ratio: 768\/1024;\" \/><\/figure>\n<\/figure>\n\n\n\n<p><\/p>\n","protected":false},"excerpt":{"rendered":"<p>Naszym go\u015bciom oferujemy wy\u0142\u0105cznie prywatn\u0105 saun\u0119 fi\u0144sk\u0105 mog\u0105c\u0105 pomie\u015bci\u0107 do 6 os\u00f3b. Przygotujemy dla Ciebie po\u015bciel, wod\u0119 z owocami i przyjemny zimny biotop do k\u0105pieli na \u015bwie\u017cym powietrzu. Zalecamy korzystanie z sauny i p\u0142ywanie bez stroju k\u0105pielowego. W naszym ogrodzie panuje cisza, spok\u00f3j i prywatno\u015b\u0107. Sauna jest cz\u0119\u015bci\u0105 prywatnego wellness. Mo\u017cna r\u00f3wnie\u017c skorzysta\u0107 ze wsp\u00f3lnej [&hellip;]<\/p>\n","protected":false},"author":4,"featured_media":19583,"parent":0,"menu_order":0,"comment_status":"closed","ping_status":"closed","template":"","meta":{"_monsterinsights_skip_tracking":false,"_monsterinsights_sitenote_active":false,"_monsterinsights_sitenote_note":"","_monsterinsights_sitenote_category":0,"ngg_post_thumbnail":0,"footnotes":""},"class_list":["post-19891","page","type-page","status-publish","has-post-thumbnail","hentry"],"aioseo_notices":[],"_links":{"self":[{"href":"https:\/\/cottage.cz\/pl\/wp-json\/wp\/v2\/pages\/19891","targetHints":{"allow":["GET"]}}],"collection":[{"href":"https:\/\/cottage.cz\/pl\/wp-json\/wp\/v2\/pages"}],"about":[{"href":"https:\/\/cottage.cz\/pl\/wp-json\/wp\/v2\/types\/page"}],"author":[{"embeddable":true,"href":"https:\/\/cottage.cz\/pl\/wp-json\/wp\/v2\/users\/4"}],"replies":[{"embeddable":true,"href":"https:\/\/cottage.cz\/pl\/wp-json\/wp\/v2\/comments?post=19891"}],"version-history":[{"count":6,"href":"https:\/\/cottage.cz\/pl\/wp-json\/wp\/v2\/pages\/19891\/revisions"}],"predecessor-version":[{"id":27579,"href":"https:\/\/cottage.cz\/pl\/wp-json\/wp\/v2\/pages\/19891\/revisions\/27579"}],"wp:featuredmedia":[{"embeddable":true,"href":"https:\/\/cottage.cz\/pl\/wp-json\/wp\/v2\/media\/19583"}],"wp:attachment":[{"href":"https:\/\/cottage.cz\/pl\/wp-json\/wp\/v2\/media?parent=19891"}],"curies":[{"name":"wp","href":"https:\/\/api.w.org\/{rel}","templated":true}]}}