{"id":19853,"date":"2023-12-06T22:00:38","date_gmt":"2023-12-06T21:00:38","guid":{"rendered":"https:\/\/cottage.napokusy.cz\/?page_id=19853"},"modified":"2025-08-29T08:54:00","modified_gmt":"2025-08-29T06:54:00","slug":"ladestation","status":"publish","type":"page","link":"https:\/\/cottage.cz\/pl\/ladestation\/","title":{"rendered":"Stacja \u0142adowania"},"content":{"rendered":"\n<p>Dla naszych go\u015bci mamy do dyspozycji tr\u00f3jfazowy kabel \u0142aduj\u0105cy przeznaczony do \u0142adowania pojazd\u00f3w elektrycznych maksymalnym pr\u0105dem 32 I wydajno\u015b\u0107 22 kW. Kabel EV to rodzaj elastycznego kabla do pod\u0142\u0105czenia pojazdu elektrycznego ze z\u0142\u0105czem typu 2 \/ To niebia\u0144skie.<\/p>\n\n\n\n<p>Op\u0142ata za do\u0142adowanie: 500 czk<\/p>\n\n\n\n<figure class=\"wp-block-gallery has-nested-images columns-default is-cropped wp-block-gallery-1 is-layout-flex wp-block-gallery-is-layout-flex\">\n<figure class=\"wp-block-image size-large\"><img decoding=\"async\" width=\"768\" height=\"1024\" data-id=\"10681\" data-src=\"https:\/\/www.cottage.cz\/wp-content\/uploads\/2023\/09\/20230911_102649-768x1024.jpg\" alt=\"\" class=\"wp-image-10681 lazyload\" data-srcset=\"https:\/\/cottage.cz\/wp-content\/uploads\/2023\/09\/20230911_102649-768x1024.jpg 768w, https:\/\/cottage.cz\/wp-content\/uploads\/2023\/09\/20230911_102649-225x300.jpg 225w, https:\/\/cottage.cz\/wp-content\/uploads\/2023\/09\/20230911_102649-1152x1536.jpg 1152w, https:\/\/cottage.cz\/wp-content\/uploads\/2023\/09\/20230911_102649-1536x2048.jpg 1536w, https:\/\/cottage.cz\/wp-content\/uploads\/2023\/09\/20230911_102649-1320x1760.jpg 1320w, https:\/\/cottage.cz\/wp-content\/uploads\/2023\/09\/20230911_102649-scaled.jpg 1920w\" data-sizes=\"(max-width: 768px) 100vw, 768px\" src=\"data:image\/svg+xml;base64,PHN2ZyB3aWR0aD0iMSIgaGVpZ2h0PSIxIiB4bWxucz0iaHR0cDovL3d3dy53My5vcmcvMjAwMC9zdmciPjwvc3ZnPg==\" style=\"--smush-placeholder-width: 768px; --smush-placeholder-aspect-ratio: 768\/1024;\" \/><figcaption class=\"wp-element-caption\">na\u0142adowa\u0107<\/figcaption><\/figure>\n\n\n\n<figure class=\"wp-block-image size-large\"><img decoding=\"async\" width=\"768\" height=\"1024\" data-id=\"10507\" data-src=\"https:\/\/www.cottage.cz\/wp-content\/uploads\/2023\/07\/IMG_9124-768x1024.jpg\" alt=\"\" class=\"wp-image-10507 lazyload\" data-srcset=\"https:\/\/cottage.cz\/wp-content\/uploads\/2023\/07\/IMG_9124-768x1024.jpg 768w, https:\/\/cottage.cz\/wp-content\/uploads\/2023\/07\/IMG_9124-225x300.jpg 225w, https:\/\/cottage.cz\/wp-content\/uploads\/2023\/07\/IMG_9124-1152x1536.jpg 1152w, https:\/\/cottage.cz\/wp-content\/uploads\/2023\/07\/IMG_9124-1536x2048.jpg 1536w, https:\/\/cottage.cz\/wp-content\/uploads\/2023\/07\/IMG_9124-1320x1760.jpg 1320w, https:\/\/cottage.cz\/wp-content\/uploads\/2023\/07\/IMG_9124-scaled.jpg 1920w\" data-sizes=\"(max-width: 768px) 100vw, 768px\" src=\"data:image\/svg+xml;base64,PHN2ZyB3aWR0aD0iMSIgaGVpZ2h0PSIxIiB4bWxucz0iaHR0cDovL3d3dy53My5vcmcvMjAwMC9zdmciPjwvc3ZnPg==\" style=\"--smush-placeholder-width: 768px; --smush-placeholder-aspect-ratio: 768\/1024;\" \/><\/figure>\n<\/figure>\n","protected":false},"excerpt":{"rendered":"<p>Dla naszych go\u015bci mamy do dyspozycji tr\u00f3jfazowy kabel \u0142aduj\u0105cy przeznaczony do \u0142adowania pojazd\u00f3w elektrycznych maksymalnym pr\u0105dem 32 I wydajno\u015b\u0107 22 kW. Kabel EV to rodzaj elastycznego kabla do pod\u0142\u0105czenia pojazdu elektrycznego ze z\u0142\u0105czem typu 2 \/ To niebia\u0144skie. Op\u0142ata za do\u0142adowanie: 500 czk<\/p>\n","protected":false},"author":4,"featured_media":19052,"parent":0,"menu_order":0,"comment_status":"closed","ping_status":"closed","template":"","meta":{"_monsterinsights_skip_tracking":false,"_monsterinsights_sitenote_active":false,"_monsterinsights_sitenote_note":"","_monsterinsights_sitenote_category":0,"ngg_post_thumbnail":0,"footnotes":""},"class_list":["post-19853","page","type-page","status-publish","has-post-thumbnail","hentry"],"aioseo_notices":[],"_links":{"self":[{"href":"https:\/\/cottage.cz\/pl\/wp-json\/wp\/v2\/pages\/19853","targetHints":{"allow":["GET"]}}],"collection":[{"href":"https:\/\/cottage.cz\/pl\/wp-json\/wp\/v2\/pages"}],"about":[{"href":"https:\/\/cottage.cz\/pl\/wp-json\/wp\/v2\/types\/page"}],"author":[{"embeddable":true,"href":"https:\/\/cottage.cz\/pl\/wp-json\/wp\/v2\/users\/4"}],"replies":[{"embeddable":true,"href":"https:\/\/cottage.cz\/pl\/wp-json\/wp\/v2\/comments?post=19853"}],"version-history":[{"count":6,"href":"https:\/\/cottage.cz\/pl\/wp-json\/wp\/v2\/pages\/19853\/revisions"}],"predecessor-version":[{"id":27504,"href":"https:\/\/cottage.cz\/pl\/wp-json\/wp\/v2\/pages\/19853\/revisions\/27504"}],"wp:featuredmedia":[{"embeddable":true,"href":"https:\/\/cottage.cz\/pl\/wp-json\/wp\/v2\/media\/19052"}],"wp:attachment":[{"href":"https:\/\/cottage.cz\/pl\/wp-json\/wp\/v2\/media?parent=19853"}],"curies":[{"name":"wp","href":"https:\/\/api.w.org\/{rel}","templated":true}]}}