{"id":19835,"date":"2023-12-06T21:37:17","date_gmt":"2023-12-06T20:37:17","guid":{"rendered":"https:\/\/cottage.napokusy.cz\/?page_id=19835"},"modified":"2024-02-06T09:58:43","modified_gmt":"2024-02-06T08:58:43","slug":"kupon-na-prezent","status":"publish","type":"page","link":"https:\/\/cottage.cz\/pl\/kupon-na-prezent\/","title":{"rendered":"Kupon na prezent"},"content":{"rendered":"\n<p>Oferujemy bony upominkowe dla dw\u00f3ch lub wi\u0119cej nocy, si\u0142a 1 rok.<\/p>\n\n\n\n<p>Kupon mo\u017ce zawiera\u0107:<\/p>\n\n\n\n<ul class=\"wp-block-list\">\n<li>zakwaterowanie w okre\u015blonym dniu lub w dniu wolnym wed\u0142ug w\u0142asnego wyboru odbiorcy<\/li>\n\n\n\n<li>\u015aniadanie kosz babci<\/li>\n\n\n\n<li>prywatne wellness (sauna, wir, naturalne jezioro)<\/li>\n\n\n\n<li>prywatny klasa joga<\/li>\n\n\n\n<li>prywatna wycieczka z przewodnikiem<\/li>\n\n\n\n<li>wynajem rowery i inne sporty sprz\u0119t elektryczny<\/li>\n<\/ul>\n\n\n\n<p><strong>Wy\u015blij nam swoje \u017cyczenia na info@cottage.cz<\/strong>&nbsp;a my stworzymy dla Ciebie obr\u00f3t i wy\u015blemy Ci voucher.<\/p>\n\n\n\n<figure class=\"wp-block-gallery has-nested-images columns-default is-cropped wp-block-gallery-1 is-layout-flex wp-block-gallery-is-layout-flex\">\n<figure class=\"wp-block-image size-large\"><img decoding=\"async\" width=\"960\" height=\"828\" data-id=\"6768\" data-src=\"https:\/\/www.cottage.cz\/wp-content\/uploads\/2019\/12\/voucher-bohemian-cottage.jpg\" alt=\"\" class=\"wp-image-6768 lazyload\" data-srcset=\"https:\/\/cottage.cz\/wp-content\/uploads\/2019\/12\/voucher-bohemian-cottage.jpg 960w, https:\/\/cottage.cz\/wp-content\/uploads\/2019\/12\/voucher-bohemian-cottage-300x259.jpg 300w, https:\/\/cottage.cz\/wp-content\/uploads\/2019\/12\/voucher-bohemian-cottage-768x662.jpg 768w\" data-sizes=\"(max-width: 960px) 100vw, 960px\" src=\"data:image\/svg+xml;base64,PHN2ZyB3aWR0aD0iMSIgaGVpZ2h0PSIxIiB4bWxucz0iaHR0cDovL3d3dy53My5vcmcvMjAwMC9zdmciPjwvc3ZnPg==\" style=\"--smush-placeholder-width: 960px; --smush-placeholder-aspect-ratio: 960\/828;\" \/><\/figure>\n<\/figure>\n","protected":false},"excerpt":{"rendered":"<p>Oferujemy bony upominkowe dla dw\u00f3ch lub wi\u0119cej nocy, si\u0142a 1 rok. Kupon mo\u017ce zawiera\u0107: Wy\u015blij nam swoje \u017cyczenia na info@cottage.cz&nbsp;a my stworzymy dla Ciebie obr\u00f3t i wy\u015blemy Ci voucher.<\/p>\n","protected":false},"author":4,"featured_media":14396,"parent":0,"menu_order":0,"comment_status":"closed","ping_status":"closed","template":"","meta":{"_monsterinsights_skip_tracking":false,"_monsterinsights_sitenote_active":false,"_monsterinsights_sitenote_note":"","_monsterinsights_sitenote_category":0,"ngg_post_thumbnail":0,"footnotes":""},"class_list":["post-19835","page","type-page","status-publish","has-post-thumbnail","hentry"],"aioseo_notices":[],"_links":{"self":[{"href":"https:\/\/cottage.cz\/pl\/wp-json\/wp\/v2\/pages\/19835","targetHints":{"allow":["GET"]}}],"collection":[{"href":"https:\/\/cottage.cz\/pl\/wp-json\/wp\/v2\/pages"}],"about":[{"href":"https:\/\/cottage.cz\/pl\/wp-json\/wp\/v2\/types\/page"}],"author":[{"embeddable":true,"href":"https:\/\/cottage.cz\/pl\/wp-json\/wp\/v2\/users\/4"}],"replies":[{"embeddable":true,"href":"https:\/\/cottage.cz\/pl\/wp-json\/wp\/v2\/comments?post=19835"}],"version-history":[{"count":2,"href":"https:\/\/cottage.cz\/pl\/wp-json\/wp\/v2\/pages\/19835\/revisions"}],"predecessor-version":[{"id":21790,"href":"https:\/\/cottage.cz\/pl\/wp-json\/wp\/v2\/pages\/19835\/revisions\/21790"}],"wp:featuredmedia":[{"embeddable":true,"href":"https:\/\/cottage.cz\/pl\/wp-json\/wp\/v2\/media\/14396"}],"wp:attachment":[{"href":"https:\/\/cottage.cz\/pl\/wp-json\/wp\/v2\/media?parent=19835"}],"curies":[{"name":"wp","href":"https:\/\/api.w.org\/{rel}","templated":true}]}}