{"id":19823,"date":"2023-12-06T21:17:40","date_gmt":"2023-12-06T20:17:40","guid":{"rendered":"https:\/\/cottage.napokusy.cz\/?page_id=19823"},"modified":"2023-12-06T21:17:43","modified_gmt":"2023-12-06T20:17:43","slug":"wycieczka-rowerowa-po-parku-narodowym-czeska-szwajcaria-z-przewodnikiem","status":"publish","type":"page","link":"https:\/\/cottage.cz\/pl\/wycieczka-rowerowa-po-parku-narodowym-czeska-szwajcaria-z-przewodnikiem\/","title":{"rendered":"Wycieczka rowerowa po Parku Narodowym Czeska Szwajcaria z przewodnikiem"},"content":{"rendered":"<p><span id=\"tr_2\" class=\"tr_\" data-source=\"1\" data-orig=\"Projedeme na kole \u010cesk\u00e9 \u0160v\u00fdcarsko k\u0159\u00ed\u017eem kr\u00e1\u017eem\">Rowerem przemierzymy Czesk\u0105 Szwajcari\u0119<\/span>.\u00a0<span id=\"tr_3\" class=\"tr_\" data-source=\"1\" data-orig=\"Najedeme  cca\">Przejedziemy ok<\/span>\u00a050\u00a0<span id=\"tr_4\" class=\"tr_\" data-source=\"1\" data-orig=\"km dle startu a c\u00edle\">km wed\u0142ug startu i mety<\/span>.<\/p>\n<p><strong>Przybli\u017cony harmonogram<\/strong>\u00a0<em>(mo\u017ce by\u0107 indywidualnie)<\/em><\/p>\n<p>9:00 Pocz\u0105tek<\/p>\n<p>10:00 Kyjov dolina<\/p>\n<p>11:00 Hinterhermsdorf\u00a0<em>(pompy, do uzgodnienia)<\/em><\/p>\n<p>12:00 kosz<\/p>\n<p>13:00\u00a0<span id=\"tr_5\" class=\"tr_\" data-source=\"1\" data-orig=\"Loveck\u00e1 chata Na Tok\u00e1n\u00ed\">Domek my\u015bliwski Na Tok\u00e1n\u00ed<\/span>, piknik<\/p>\n<p>14:00\u00a0<span id=\"tr_6\" class=\"tr_\" data-source=\"1\" data-orig=\"Podst\u00e1vkov\u00e9 chalupy v Doubici\">Domki platformowe w Doubicy<\/span><\/p>\n<p>15:00 pi\u0119kna Lipa, K\u0159inick\u00e9 browar<\/p>\n<p>Cena: \u00a0 \u00a03500 CZK (poprowadzi\u0107,\u00a0<span id=\"tr_7\" class=\"tr_\" data-source=\"1\" data-orig=\"zap\u016fj\u010den\u00ed kol\">wypo\u017cyczalnia rower\u00f3w<\/span>)<\/p>\n<p>Polecam dla 2 -4 osoby<\/p>\n<p><img decoding=\"async\" src=\"http:\/\/cottage.cz\/wp-content\/uploads\/2017\/07\/cottage_files\/03 Jet\u0159ichovick\u00e9 vyhl\u00eddky, foto Z. Patzelt.jpg\" \/><img decoding=\"async\" data-src=\"http:\/\/cottage.cz\/wp-content\/uploads\/2017\/07\/cottage_files\/IMG_20160505_102808.jpg\" src=\"data:image\/svg+xml;base64,PHN2ZyB3aWR0aD0iMSIgaGVpZ2h0PSIxIiB4bWxucz0iaHR0cDovL3d3dy53My5vcmcvMjAwMC9zdmciPjwvc3ZnPg==\" class=\"lazyload\" \/><img decoding=\"async\" data-src=\"http:\/\/cottage.cz\/wp-content\/uploads\/2017\/07\/cottage_files\/IMG_20160713_100916.jpg\" src=\"data:image\/svg+xml;base64,PHN2ZyB3aWR0aD0iMSIgaGVpZ2h0PSIxIiB4bWxucz0iaHR0cDovL3d3dy53My5vcmcvMjAwMC9zdmciPjwvc3ZnPg==\" class=\"lazyload\" \/><img decoding=\"async\" data-src=\"http:\/\/cottage.cz\/wp-content\/uploads\/2017\/07\/cottage_files\/IMG_20160910_102615.jpg\" src=\"data:image\/svg+xml;base64,PHN2ZyB3aWR0aD0iMSIgaGVpZ2h0PSIxIiB4bWxucz0iaHR0cDovL3d3dy53My5vcmcvMjAwMC9zdmciPjwvc3ZnPg==\" class=\"lazyload\" \/><\/p>\n","protected":false},"excerpt":{"rendered":"<p>Rowerem przemierzymy Czesk\u0105 Szwajcari\u0119.\u00a0Przejedziemy ok\u00a050\u00a0km wed\u0142ug startu i mety. Przybli\u017cony harmonogram\u00a0(mo\u017ce by\u0107 indywidualnie) 9:00 Pocz\u0105tek 10:00 Kyjov dolina 11:00 Hinterhermsdorf\u00a0(pompy, do uzgodnienia) 12:00 kosz 13:00\u00a0Domek my\u015bliwski Na Tok\u00e1n\u00ed, piknik 14:00\u00a0Domki platformowe w Doubicy 15:00 pi\u0119kna Lipa, K\u0159inick\u00e9 browar Cena: \u00a0 \u00a03500 CZK (poprowadzi\u0107,\u00a0wypo\u017cyczalnia rower\u00f3w) Polecam dla 2 -4 osoby<\/p>\n","protected":false},"author":4,"featured_media":0,"parent":0,"menu_order":0,"comment_status":"closed","ping_status":"closed","template":"","meta":{"_monsterinsights_skip_tracking":false,"_monsterinsights_sitenote_active":false,"_monsterinsights_sitenote_note":"","_monsterinsights_sitenote_category":0,"ngg_post_thumbnail":0,"footnotes":""},"class_list":["post-19823","page","type-page","status-publish","hentry"],"aioseo_notices":[],"_links":{"self":[{"href":"https:\/\/cottage.cz\/pl\/wp-json\/wp\/v2\/pages\/19823","targetHints":{"allow":["GET"]}}],"collection":[{"href":"https:\/\/cottage.cz\/pl\/wp-json\/wp\/v2\/pages"}],"about":[{"href":"https:\/\/cottage.cz\/pl\/wp-json\/wp\/v2\/types\/page"}],"author":[{"embeddable":true,"href":"https:\/\/cottage.cz\/pl\/wp-json\/wp\/v2\/users\/4"}],"replies":[{"embeddable":true,"href":"https:\/\/cottage.cz\/pl\/wp-json\/wp\/v2\/comments?post=19823"}],"version-history":[{"count":1,"href":"https:\/\/cottage.cz\/pl\/wp-json\/wp\/v2\/pages\/19823\/revisions"}],"predecessor-version":[{"id":19824,"href":"https:\/\/cottage.cz\/pl\/wp-json\/wp\/v2\/pages\/19823\/revisions\/19824"}],"wp:attachment":[{"href":"https:\/\/cottage.cz\/pl\/wp-json\/wp\/v2\/media?parent=19823"}],"curies":[{"name":"wp","href":"https:\/\/api.w.org\/{rel}","templated":true}]}}