{"id":19817,"date":"2023-12-06T21:06:59","date_gmt":"2023-12-06T20:06:59","guid":{"rendered":"https:\/\/cottage.napokusy.cz\/?page_id=19817"},"modified":"2023-12-06T21:07:01","modified_gmt":"2023-12-06T20:07:01","slug":"korytarz","status":"publish","type":"page","link":"https:\/\/cottage.cz\/pl\/korytarz\/","title":{"rendered":"Korytarz"},"content":{"rendered":"\n<p>Po wej\u015bciu na korytarz otula Ci\u0119 urok domku, tynk gliniany, siedzenie przy kominku, stare drewniane schody i belki. Twoje oczy pieszcz\u0105 przytulno\u015b\u0107 i design&nbsp;<a href=\"https:\/\/www.cottage.cz\/pl\/bohemian-boutique\/\">galeria sprzeda\u017cy<\/a>.<\/p>\n\n\n\n<p class=\"has-text-align-center\">Tutaj zaczyna si\u0119 i ko\u0144czy na nas. Cieszy\u0107 si\u0119 \u2026<\/p>\n\n\n\n<figure class=\"wp-block-gallery has-nested-images columns-default is-cropped wp-block-gallery-1 is-layout-flex wp-block-gallery-is-layout-flex\">\n<figure class=\"wp-block-image size-large\"><img decoding=\"async\" width=\"1024\" height=\"683\" data-id=\"6900\" data-src=\"https:\/\/www.cottage.cz\/wp-content\/uploads\/2018\/08\/03-1024x683.jpg\" alt=\"\" class=\"wp-image-6900 lazyload\" src=\"data:image\/svg+xml;base64,PHN2ZyB3aWR0aD0iMSIgaGVpZ2h0PSIxIiB4bWxucz0iaHR0cDovL3d3dy53My5vcmcvMjAwMC9zdmciPjwvc3ZnPg==\" style=\"--smush-placeholder-width: 1024px; --smush-placeholder-aspect-ratio: 1024\/683;\" \/><figcaption class=\"wp-element-caption\">Kominek w przedpokoju<\/figcaption><\/figure>\n\n\n\n<figure class=\"wp-block-image size-large\"><img decoding=\"async\" width=\"1024\" height=\"683\" data-id=\"6901\" data-src=\"https:\/\/www.cottage.cz\/wp-content\/uploads\/2018\/08\/04b-1024x683.jpg\" alt=\"Heggies places\" class=\"wp-image-6901 lazyload\" data-srcset=\"https:\/\/cottage.cz\/wp-content\/uploads\/2018\/08\/04b-1024x683.jpg 1024w, https:\/\/cottage.cz\/wp-content\/uploads\/2018\/08\/04b-300x200.jpg 300w, https:\/\/cottage.cz\/wp-content\/uploads\/2018\/08\/04b-768x512.jpg 768w, https:\/\/cottage.cz\/wp-content\/uploads\/2018\/08\/04b-1536x1024.jpg 1536w, https:\/\/cottage.cz\/wp-content\/uploads\/2018\/08\/04b-2048x1365.jpg 2048w\" data-sizes=\"(max-width: 1024px) 100vw, 1024px\" src=\"data:image\/svg+xml;base64,PHN2ZyB3aWR0aD0iMSIgaGVpZ2h0PSIxIiB4bWxucz0iaHR0cDovL3d3dy53My5vcmcvMjAwMC9zdmciPjwvc3ZnPg==\" style=\"--smush-placeholder-width: 1024px; --smush-placeholder-aspect-ratio: 1024\/683;\" \/><figcaption class=\"wp-element-caption\">Siedz\u0105c na korytarzu<\/figcaption><\/figure>\n\n\n\n<figure class=\"wp-block-image size-large\"><img decoding=\"async\" width=\"1024\" height=\"683\" data-id=\"10142\" data-src=\"https:\/\/www.cottage.cz\/wp-content\/uploads\/2023\/01\/Resize-of-18-1024x683.jpg\" alt=\"\" class=\"wp-image-10142 lazyload\" data-srcset=\"https:\/\/cottage.cz\/wp-content\/uploads\/2023\/01\/Resize-of-18-1024x683.jpg 1024w, https:\/\/cottage.cz\/wp-content\/uploads\/2023\/01\/Resize-of-18-300x200.jpg 300w, https:\/\/cottage.cz\/wp-content\/uploads\/2023\/01\/Resize-of-18-768x512.jpg 768w, https:\/\/cottage.cz\/wp-content\/uploads\/2023\/01\/Resize-of-18.jpg 1200w\" data-sizes=\"(max-width: 1024px) 100vw, 1024px\" src=\"data:image\/svg+xml;base64,PHN2ZyB3aWR0aD0iMSIgaGVpZ2h0PSIxIiB4bWxucz0iaHR0cDovL3d3dy53My5vcmcvMjAwMC9zdmciPjwvc3ZnPg==\" style=\"--smush-placeholder-width: 1024px; --smush-placeholder-aspect-ratio: 1024\/683;\" \/><figcaption class=\"wp-element-caption\">Butik<\/figcaption><\/figure>\n<\/figure>\n","protected":false},"excerpt":{"rendered":"<p>Po wej\u015bciu na korytarz otula Ci\u0119 urok domku, tynk gliniany, siedzenie przy kominku, stare drewniane schody i belki. Twoje oczy pieszcz\u0105 przytulno\u015b\u0107 i design&nbsp;galeria sprzeda\u017cy. Tutaj zaczyna si\u0119 i ko\u0144czy na nas. Cieszy\u0107 si\u0119 \u2026<\/p>\n","protected":false},"author":4,"featured_media":12869,"parent":0,"menu_order":0,"comment_status":"closed","ping_status":"closed","template":"","meta":{"_monsterinsights_skip_tracking":false,"_monsterinsights_sitenote_active":false,"_monsterinsights_sitenote_note":"","_monsterinsights_sitenote_category":0,"ngg_post_thumbnail":0,"footnotes":""},"class_list":["post-19817","page","type-page","status-publish","has-post-thumbnail","hentry"],"aioseo_notices":[],"_links":{"self":[{"href":"https:\/\/cottage.cz\/pl\/wp-json\/wp\/v2\/pages\/19817","targetHints":{"allow":["GET"]}}],"collection":[{"href":"https:\/\/cottage.cz\/pl\/wp-json\/wp\/v2\/pages"}],"about":[{"href":"https:\/\/cottage.cz\/pl\/wp-json\/wp\/v2\/types\/page"}],"author":[{"embeddable":true,"href":"https:\/\/cottage.cz\/pl\/wp-json\/wp\/v2\/users\/4"}],"replies":[{"embeddable":true,"href":"https:\/\/cottage.cz\/pl\/wp-json\/wp\/v2\/comments?post=19817"}],"version-history":[{"count":1,"href":"https:\/\/cottage.cz\/pl\/wp-json\/wp\/v2\/pages\/19817\/revisions"}],"predecessor-version":[{"id":19818,"href":"https:\/\/cottage.cz\/pl\/wp-json\/wp\/v2\/pages\/19817\/revisions\/19818"}],"wp:featuredmedia":[{"embeddable":true,"href":"https:\/\/cottage.cz\/pl\/wp-json\/wp\/v2\/media\/12869"}],"wp:attachment":[{"href":"https:\/\/cottage.cz\/pl\/wp-json\/wp\/v2\/media?parent=19817"}],"curies":[{"name":"wp","href":"https:\/\/api.w.org\/{rel}","templated":true}]}}