{"id":19811,"date":"2023-12-06T21:00:42","date_gmt":"2023-12-06T20:00:42","guid":{"rendered":"https:\/\/cottage.napokusy.cz\/?page_id=19811"},"modified":"2024-05-25T17:25:30","modified_gmt":"2024-05-25T15:25:30","slug":"czech-kamenice","status":"publish","type":"page","link":"https:\/\/cottage.cz\/pl\/czech-kamenice\/","title":{"rendered":"Czech Kamenice"},"content":{"rendered":"<p>Czech Kamenice (to. B\u00f6hmisch Kamnitz) Jest to pi\u0119kne miasto w p\u00f3\u0142nocnych Czechach. w 2005 Czech Kamenice zdoby\u0142 nagrody historycznego miasta. Zabytkowe centrum jest na pewno dobry, aby zobaczy\u0107 na w\u0142asne oczy. Nale\u017c\u0119 Nr dom mieszcza\u0144ski. p. 73 (Dzi\u015b Centrum Informacji), Provost Church of St.. Jacob , Kaplica Narodzenia NMP \u2026 Z Kamenice Czeskiej prowadzi \u017c\u00f3\u0142ty znak (Nowy szlak) wok\u00f3\u0142 naturalnego basenu do formacji kamiennych Ig\u0142a, O\u0142tarze braterskie i punkty widokowe \u017baby i Okr\u0119tu Podwodnego, z kt\u00f3rych mo\u017cna rozejrze\u0107 si\u0119 po okolicy\u00a0<a title=\"g\u00f3r \u0141u\u017cyckich\" href=\"https:\/\/www.cottage.cz\/pl\/G%C3%B3ry-%C5%81u%C5%BCyckie\">g\u00f3ry \u0141u\u017cyckie<\/a>\u00a0ja robi\u0119\u00a0<a title=\"NP Czeska Szwajcaria\" href=\"https:\/\/www.cottage.cz\/pl\/Czeska-Szwajcaria-Park-Narodowy\">Czeska Szwajcaria Park Narodowy<\/a>.<\/p>\n<p>Polecam r\u00f3wnie\u017c odwiedzi\u0107 lokaln\u0105 przechowuj\u0105 materia\u0142y i akcesoria, kt\u00f3ry znajduje si\u0119 na rogu (mianowicie. Zdj\u0119cia) a Zegar astronomiczny.<\/p>\n<div class=\"gallery-1 gallery-wrapper columns-wrapper\"><div class=\"gallery-column\"><a class=\"gallery-item photoswipe-item\" data-caption=\"\" data-width=\"800\" data-height=\"606\" href=\"https:\/\/cottage.cz\/wp-content\/uploads\/2013\/06\/Ceska_Kamenice-kostel.jpg\" rel=\"lightbox[19811]\"><img decoding=\"async\" class=\"gallery-img-desktop lazyload\" data-src=\"https:\/\/cottage.cz\/wp-content\/uploads\/2013\/06\/Ceska_Kamenice-kostel-550x309.jpg\" alt=\"\" src=\"data:image\/svg+xml;base64,PHN2ZyB3aWR0aD0iMSIgaGVpZ2h0PSIxIiB4bWxucz0iaHR0cDovL3d3dy53My5vcmcvMjAwMC9zdmciPjwvc3ZnPg==\" style=\"--smush-placeholder-width: 550px; --smush-placeholder-aspect-ratio: 550\/309;\" \/><img decoding=\"async\" class=\"gallery-img-mobile lazyload\" data-src=\"https:\/\/cottage.cz\/wp-content\/uploads\/2013\/06\/Ceska_Kamenice-kostel-500x500.jpg\" alt=\"\" src=\"data:image\/svg+xml;base64,PHN2ZyB3aWR0aD0iMSIgaGVpZ2h0PSIxIiB4bWxucz0iaHR0cDovL3d3dy53My5vcmcvMjAwMC9zdmciPjwvc3ZnPg==\" style=\"--smush-placeholder-width: 500px; --smush-placeholder-aspect-ratio: 500\/500;\" \/><div class=\"gallery-enlarge\"><\/div><\/a><\/div><div class=\"gallery-column\"><a class=\"gallery-item photoswipe-item\" data-caption=\"\" data-width=\"800\" data-height=\"535\" href=\"https:\/\/cottage.cz\/wp-content\/uploads\/2013\/06\/Ceska_Kamenice-pohled.jpg\" rel=\"lightbox[19811]\"><img decoding=\"async\" class=\"gallery-img-desktop lazyload\" data-src=\"https:\/\/cottage.cz\/wp-content\/uploads\/2013\/06\/Ceska_Kamenice-pohled-550x309.jpg\" alt=\"\" src=\"data:image\/svg+xml;base64,PHN2ZyB3aWR0aD0iMSIgaGVpZ2h0PSIxIiB4bWxucz0iaHR0cDovL3d3dy53My5vcmcvMjAwMC9zdmciPjwvc3ZnPg==\" style=\"--smush-placeholder-width: 550px; --smush-placeholder-aspect-ratio: 550\/309;\" \/><img decoding=\"async\" class=\"gallery-img-mobile lazyload\" data-src=\"https:\/\/cottage.cz\/wp-content\/uploads\/2013\/06\/Ceska_Kamenice-pohled-500x500.jpg\" alt=\"\" src=\"data:image\/svg+xml;base64,PHN2ZyB3aWR0aD0iMSIgaGVpZ2h0PSIxIiB4bWxucz0iaHR0cDovL3d3dy53My5vcmcvMjAwMC9zdmciPjwvc3ZnPg==\" style=\"--smush-placeholder-width: 500px; --smush-placeholder-aspect-ratio: 500\/500;\" \/><div class=\"gallery-enlarge\"><\/div><\/a><\/div><div class=\"gallery-column\"><a class=\"gallery-item photoswipe-item\" data-caption=\"\" data-width=\"800\" data-height=\"533\" href=\"https:\/\/cottage.cz\/wp-content\/uploads\/2013\/06\/ceska-kamenice.jpg\" rel=\"lightbox[19811]\"><img decoding=\"async\" class=\"gallery-img-desktop lazyload\" data-src=\"https:\/\/cottage.cz\/wp-content\/uploads\/2013\/06\/ceska-kamenice-550x309.jpg\" alt=\"\" src=\"data:image\/svg+xml;base64,PHN2ZyB3aWR0aD0iMSIgaGVpZ2h0PSIxIiB4bWxucz0iaHR0cDovL3d3dy53My5vcmcvMjAwMC9zdmciPjwvc3ZnPg==\" style=\"--smush-placeholder-width: 550px; --smush-placeholder-aspect-ratio: 550\/309;\" \/><img decoding=\"async\" class=\"gallery-img-mobile lazyload\" data-src=\"https:\/\/cottage.cz\/wp-content\/uploads\/2013\/06\/ceska-kamenice-500x500.jpg\" alt=\"\" src=\"data:image\/svg+xml;base64,PHN2ZyB3aWR0aD0iMSIgaGVpZ2h0PSIxIiB4bWxucz0iaHR0cDovL3d3dy53My5vcmcvMjAwMC9zdmciPjwvc3ZnPg==\" style=\"--smush-placeholder-width: 500px; --smush-placeholder-aspect-ratio: 500\/500;\" \/><div class=\"gallery-enlarge\"><\/div><\/a><\/div><div class=\"gallery-column\"><a class=\"gallery-item photoswipe-item\" data-caption=\"Bratrsk\u00fd olt\u00e1\u0159\" data-width=\"2560\" data-height=\"1920\" href=\"https:\/\/cottage.cz\/wp-content\/uploads\/2021\/07\/20210630_142250-scaled.jpg\" rel=\"lightbox[19811]\"><img decoding=\"async\" class=\"gallery-img-desktop lazyload\" data-src=\"https:\/\/cottage.cz\/wp-content\/uploads\/2021\/07\/20210630_142250-scaled-550x309.jpg\" alt=\"\" src=\"data:image\/svg+xml;base64,PHN2ZyB3aWR0aD0iMSIgaGVpZ2h0PSIxIiB4bWxucz0iaHR0cDovL3d3dy53My5vcmcvMjAwMC9zdmciPjwvc3ZnPg==\" style=\"--smush-placeholder-width: 550px; --smush-placeholder-aspect-ratio: 550\/309;\" \/><img decoding=\"async\" class=\"gallery-img-mobile lazyload\" data-src=\"https:\/\/cottage.cz\/wp-content\/uploads\/2021\/07\/20210630_142250-scaled-500x500.jpg\" alt=\"\" src=\"data:image\/svg+xml;base64,PHN2ZyB3aWR0aD0iMSIgaGVpZ2h0PSIxIiB4bWxucz0iaHR0cDovL3d3dy53My5vcmcvMjAwMC9zdmciPjwvc3ZnPg==\" style=\"--smush-placeholder-width: 500px; --smush-placeholder-aspect-ratio: 500\/500;\" \/><div class=\"gallery-enlarge\"><\/div><\/a><\/div><div class=\"gallery-column\"><a class=\"gallery-item photoswipe-item\" data-caption=\"\" data-width=\"1920\" data-height=\"2560\" href=\"https:\/\/cottage.cz\/wp-content\/uploads\/2021\/07\/20210630_133327-scaled.jpg\" rel=\"lightbox[19811]\"><img decoding=\"async\" class=\"gallery-img-desktop lazyload\" data-src=\"https:\/\/cottage.cz\/wp-content\/uploads\/2021\/07\/20210630_133327-scaled-550x309.jpg\" alt=\"\" src=\"data:image\/svg+xml;base64,PHN2ZyB3aWR0aD0iMSIgaGVpZ2h0PSIxIiB4bWxucz0iaHR0cDovL3d3dy53My5vcmcvMjAwMC9zdmciPjwvc3ZnPg==\" style=\"--smush-placeholder-width: 550px; --smush-placeholder-aspect-ratio: 550\/309;\" \/><img decoding=\"async\" class=\"gallery-img-mobile lazyload\" data-src=\"https:\/\/cottage.cz\/wp-content\/uploads\/2021\/07\/20210630_133327-scaled-500x500.jpg\" alt=\"\" src=\"data:image\/svg+xml;base64,PHN2ZyB3aWR0aD0iMSIgaGVpZ2h0PSIxIiB4bWxucz0iaHR0cDovL3d3dy53My5vcmcvMjAwMC9zdmciPjwvc3ZnPg==\" style=\"--smush-placeholder-width: 500px; --smush-placeholder-aspect-ratio: 500\/500;\" \/><div class=\"gallery-enlarge\"><\/div><\/a><\/div><div class=\"gallery-column\"><a class=\"gallery-item photoswipe-item\" data-caption=\"\" data-width=\"1441\" data-height=\"2560\" href=\"https:\/\/cottage.cz\/wp-content\/uploads\/2024\/05\/20240525_115644-scaled.jpg\" rel=\"lightbox[19811]\"><img decoding=\"async\" class=\"gallery-img-desktop lazyload\" data-src=\"https:\/\/cottage.cz\/wp-content\/uploads\/2024\/05\/20240525_115644-scaled-550x309.jpg\" alt=\"\" src=\"data:image\/svg+xml;base64,PHN2ZyB3aWR0aD0iMSIgaGVpZ2h0PSIxIiB4bWxucz0iaHR0cDovL3d3dy53My5vcmcvMjAwMC9zdmciPjwvc3ZnPg==\" style=\"--smush-placeholder-width: 550px; --smush-placeholder-aspect-ratio: 550\/309;\" \/><img decoding=\"async\" class=\"gallery-img-mobile lazyload\" data-src=\"https:\/\/cottage.cz\/wp-content\/uploads\/2024\/05\/20240525_115644-scaled-500x500.jpg\" alt=\"\" src=\"data:image\/svg+xml;base64,PHN2ZyB3aWR0aD0iMSIgaGVpZ2h0PSIxIiB4bWxucz0iaHR0cDovL3d3dy53My5vcmcvMjAwMC9zdmciPjwvc3ZnPg==\" style=\"--smush-placeholder-width: 500px; --smush-placeholder-aspect-ratio: 500\/500;\" \/><div class=\"gallery-enlarge\"><\/div><\/a><\/div><div class=\"gallery-column\"><a class=\"gallery-item photoswipe-item\" data-caption=\"\" data-width=\"1441\" data-height=\"2560\" href=\"https:\/\/cottage.cz\/wp-content\/uploads\/2024\/05\/20240525_120055-scaled.jpg\" rel=\"lightbox[19811]\"><img decoding=\"async\" class=\"gallery-img-desktop lazyload\" data-src=\"https:\/\/cottage.cz\/wp-content\/uploads\/2024\/05\/20240525_120055-scaled-550x309.jpg\" alt=\"\" src=\"data:image\/svg+xml;base64,PHN2ZyB3aWR0aD0iMSIgaGVpZ2h0PSIxIiB4bWxucz0iaHR0cDovL3d3dy53My5vcmcvMjAwMC9zdmciPjwvc3ZnPg==\" style=\"--smush-placeholder-width: 550px; --smush-placeholder-aspect-ratio: 550\/309;\" \/><img decoding=\"async\" class=\"gallery-img-mobile lazyload\" data-src=\"https:\/\/cottage.cz\/wp-content\/uploads\/2024\/05\/20240525_120055-scaled-500x500.jpg\" alt=\"\" src=\"data:image\/svg+xml;base64,PHN2ZyB3aWR0aD0iMSIgaGVpZ2h0PSIxIiB4bWxucz0iaHR0cDovL3d3dy53My5vcmcvMjAwMC9zdmciPjwvc3ZnPg==\" style=\"--smush-placeholder-width: 500px; --smush-placeholder-aspect-ratio: 500\/500;\" \/><div class=\"gallery-enlarge\"><\/div><\/a><\/div><div class=\"gallery-column\"><a class=\"gallery-item photoswipe-item\" data-caption=\"\" data-width=\"2560\" data-height=\"1441\" href=\"https:\/\/cottage.cz\/wp-content\/uploads\/2024\/05\/20240525_115802-scaled.jpg\" rel=\"lightbox[19811]\"><img decoding=\"async\" class=\"gallery-img-desktop lazyload\" data-src=\"https:\/\/cottage.cz\/wp-content\/uploads\/2024\/05\/20240525_115802-scaled-550x309.jpg\" alt=\"\" src=\"data:image\/svg+xml;base64,PHN2ZyB3aWR0aD0iMSIgaGVpZ2h0PSIxIiB4bWxucz0iaHR0cDovL3d3dy53My5vcmcvMjAwMC9zdmciPjwvc3ZnPg==\" style=\"--smush-placeholder-width: 550px; --smush-placeholder-aspect-ratio: 550\/309;\" \/><img decoding=\"async\" class=\"gallery-img-mobile lazyload\" data-src=\"https:\/\/cottage.cz\/wp-content\/uploads\/2024\/05\/20240525_115802-scaled-500x500.jpg\" alt=\"\" src=\"data:image\/svg+xml;base64,PHN2ZyB3aWR0aD0iMSIgaGVpZ2h0PSIxIiB4bWxucz0iaHR0cDovL3d3dy53My5vcmcvMjAwMC9zdmciPjwvc3ZnPg==\" style=\"--smush-placeholder-width: 500px; --smush-placeholder-aspect-ratio: 500\/500;\" \/><div class=\"gallery-enlarge\"><\/div><\/a><\/div><style type=\"text\/css\">.gallery-1 .gallery-column { width: 33.33%; padding-bottom: 18.75%; }.gallery-1 { margin-left: -0px; margin-right: -0px; }.gallery-1 .gallery-item {bottom: 0px;left: 0px;right: 0px;top: 0px;}<\/style><\/div>\n","protected":false},"excerpt":{"rendered":"<p>Czech Kamenice (to. B\u00f6hmisch Kamnitz) Jest to pi\u0119kne miasto w p\u00f3\u0142nocnych Czechach. w 2005 Czech Kamenice zdoby\u0142 nagrody historycznego miasta. Zabytkowe centrum jest na pewno dobry, aby zobaczy\u0107 na w\u0142asne oczy. Nale\u017c\u0119 Nr dom mieszcza\u0144ski. p. 73 (Dzi\u015b Centrum Informacji), Provost Church of St.. Jacob , Kaplica Narodzenia NMP \u2026 Z Kamenice Czeskiej prowadzi \u017c\u00f3\u0142ty [&hellip;]<\/p>\n","protected":false},"author":4,"featured_media":12035,"parent":0,"menu_order":0,"comment_status":"closed","ping_status":"closed","template":"","meta":{"_monsterinsights_skip_tracking":false,"_monsterinsights_sitenote_active":false,"_monsterinsights_sitenote_note":"","_monsterinsights_sitenote_category":0,"ngg_post_thumbnail":0,"footnotes":""},"class_list":["post-19811","page","type-page","status-publish","has-post-thumbnail","hentry"],"aioseo_notices":[],"_links":{"self":[{"href":"https:\/\/cottage.cz\/pl\/wp-json\/wp\/v2\/pages\/19811","targetHints":{"allow":["GET"]}}],"collection":[{"href":"https:\/\/cottage.cz\/pl\/wp-json\/wp\/v2\/pages"}],"about":[{"href":"https:\/\/cottage.cz\/pl\/wp-json\/wp\/v2\/types\/page"}],"author":[{"embeddable":true,"href":"https:\/\/cottage.cz\/pl\/wp-json\/wp\/v2\/users\/4"}],"replies":[{"embeddable":true,"href":"https:\/\/cottage.cz\/pl\/wp-json\/wp\/v2\/comments?post=19811"}],"version-history":[{"count":3,"href":"https:\/\/cottage.cz\/pl\/wp-json\/wp\/v2\/pages\/19811\/revisions"}],"predecessor-version":[{"id":23329,"href":"https:\/\/cottage.cz\/pl\/wp-json\/wp\/v2\/pages\/19811\/revisions\/23329"}],"wp:featuredmedia":[{"embeddable":true,"href":"https:\/\/cottage.cz\/pl\/wp-json\/wp\/v2\/media\/12035"}],"wp:attachment":[{"href":"https:\/\/cottage.cz\/pl\/wp-json\/wp\/v2\/media?parent=19811"}],"curies":[{"name":"wp","href":"https:\/\/api.w.org\/{rel}","templated":true}]}}