{"id":19804,"date":"2023-12-06T20:51:43","date_gmt":"2023-12-06T19:51:43","guid":{"rendered":"https:\/\/cottage.napokusy.cz\/?page_id=19804"},"modified":"2023-12-06T20:51:46","modified_gmt":"2023-12-06T19:51:46","slug":"jednodniowa-wycieczka-do-e-bike-ceskosaskym-szwajcarii","status":"publish","type":"page","link":"https:\/\/cottage.cz\/pl\/jednodniowa-wycieczka-do-e-bike-ceskosaskym-szwajcarii\/","title":{"rendered":"Jednodniowa wycieczka do e-bike \u010ceskoSask\u00fdm Szwajcarii"},"content":{"rendered":"\n<p><em>\u201cKochan bez spoconych koszulek\u201d<\/em><\/p>\n\n\n\n<p>Spr\u00f3buj Pedelec, je\u017adzi\u0107 po okolicy, odpr\u0119\u017cy\u0107 si\u0119 w g\u00f3r\u0119 i w d\u00f3\u0142<\/p>\n\n\n\n<p>9:00 Krasna Lipa \u2013 plac&nbsp;<em>(lub Pa\u0144stwa hotel)<\/em><\/p>\n\n\n\n<p>10:00 Kyjov dolina<\/p>\n\n\n\n<p>10:30 Hinterhermsdorf \u2013 Szwajcaria Sakso\u0144ska<\/p>\n\n\n\n<p>11:00 K\u0159inice dolina rzeki z tramwajem w ska\u0142ach<\/p>\n\n\n\n<p>12:00 Bad Scandic \u2013 Uzdrowiska w Saksonii<\/p>\n\n\n\n<p>13:00 H\u0159ensko \u2013 miasto nad rzek\u0105 Kamenice<\/p>\n\n\n\n<p>14:00 na Tok\u00e1n\u00ed \u2013 domki my\u015bliwskie Hrabia Kinsky<\/p>\n\n\n\n<p>15:00 Doubice \u2013 coko\u0142y<\/p>\n\n\n\n<p>16:00 z powrotem<\/p>\n\n\n\n<p><strong>Cena w zale\u017cno\u015bci od liczby os\u00f3b porozumienia<br><\/strong><em>(Zawarte e-bike, poprowadzi\u0107, piwo)<\/em><\/p>\n\n\n\n<p>Alex cieszy przewodnik<\/p>\n","protected":false},"excerpt":{"rendered":"<p>\u201cKochan bez spoconych koszulek\u201d Spr\u00f3buj Pedelec, je\u017adzi\u0107 po okolicy, odpr\u0119\u017cy\u0107 si\u0119 w g\u00f3r\u0119 i w d\u00f3\u0142 9:00 Krasna Lipa \u2013 plac&nbsp;(lub Pa\u0144stwa hotel) 10:00 Kyjov dolina 10:30 Hinterhermsdorf \u2013 Szwajcaria Sakso\u0144ska 11:00 K\u0159inice dolina rzeki z tramwajem w ska\u0142ach 12:00 Bad Scandic \u2013 Uzdrowiska w Saksonii 13:00 H\u0159ensko \u2013 miasto nad rzek\u0105 Kamenice 14:00 na [&hellip;]<\/p>\n","protected":false},"author":4,"featured_media":11702,"parent":0,"menu_order":0,"comment_status":"closed","ping_status":"closed","template":"","meta":{"_monsterinsights_skip_tracking":false,"_monsterinsights_sitenote_active":false,"_monsterinsights_sitenote_note":"","_monsterinsights_sitenote_category":0,"ngg_post_thumbnail":0,"footnotes":""},"class_list":["post-19804","page","type-page","status-publish","has-post-thumbnail","hentry"],"aioseo_notices":[],"_links":{"self":[{"href":"https:\/\/cottage.cz\/pl\/wp-json\/wp\/v2\/pages\/19804","targetHints":{"allow":["GET"]}}],"collection":[{"href":"https:\/\/cottage.cz\/pl\/wp-json\/wp\/v2\/pages"}],"about":[{"href":"https:\/\/cottage.cz\/pl\/wp-json\/wp\/v2\/types\/page"}],"author":[{"embeddable":true,"href":"https:\/\/cottage.cz\/pl\/wp-json\/wp\/v2\/users\/4"}],"replies":[{"embeddable":true,"href":"https:\/\/cottage.cz\/pl\/wp-json\/wp\/v2\/comments?post=19804"}],"version-history":[{"count":1,"href":"https:\/\/cottage.cz\/pl\/wp-json\/wp\/v2\/pages\/19804\/revisions"}],"predecessor-version":[{"id":19805,"href":"https:\/\/cottage.cz\/pl\/wp-json\/wp\/v2\/pages\/19804\/revisions\/19805"}],"wp:featuredmedia":[{"embeddable":true,"href":"https:\/\/cottage.cz\/pl\/wp-json\/wp\/v2\/media\/11702"}],"wp:attachment":[{"href":"https:\/\/cottage.cz\/pl\/wp-json\/wp\/v2\/media?parent=19804"}],"curies":[{"name":"wp","href":"https:\/\/api.w.org\/{rel}","templated":true}]}}