{"id":19798,"date":"2023-12-06T20:45:17","date_gmt":"2023-12-06T19:45:17","guid":{"rendered":"https:\/\/cottage.napokusy.cz\/?page_id=19798"},"modified":"2024-12-16T19:09:44","modified_gmt":"2024-12-16T18:09:44","slug":"brtniky","status":"publish","type":"page","link":"https:\/\/cottage.cz\/pl\/brtniky\/","title":{"rendered":"Brtniky"},"content":{"rendered":"\n<p>wie\u015b Brtn\u00edky (niemiecki Zeidler) Le\u017cy mi\u0119dzy miejscowo\u015bci Krasna Lipa i Stary K\u0159e\u010dany. Jego lokalizacja na skraju Parku Narodowego Szwajcarii Czeskiej odgrywa rol\u0119 p\u00f3\u0142nocnej bramy. w 2011 mieszka\u0142 tu na sta\u0142e 251 rezydent. Jest restauracja U Krkovi\u010dky nowo przywr\u00f3cona Kalwaria. Zalecamy r\u00f3wnie\u017c odwiedzi\u0107 osad\u0119 Kope\u0107 (1 km od Brnik) i restauracja U Oty.<\/p>\n","protected":false},"excerpt":{"rendered":"<p>wie\u015b Brtn\u00edky (niemiecki Zeidler) Le\u017cy mi\u0119dzy miejscowo\u015bci Krasna Lipa i Stary K\u0159e\u010dany. Jego lokalizacja na skraju Parku Narodowego Szwajcarii Czeskiej odgrywa rol\u0119 p\u00f3\u0142nocnej bramy. w 2011 mieszka\u0142 tu na sta\u0142e 251 rezydent. Jest restauracja U Krkovi\u010dky nowo przywr\u00f3cona Kalwaria. Zalecamy r\u00f3wnie\u017c odwiedzi\u0107 osad\u0119 Kope\u0107 (1 km od Brnik) i restauracja U Oty.<\/p>\n","protected":false},"author":4,"featured_media":13607,"parent":0,"menu_order":0,"comment_status":"closed","ping_status":"closed","template":"","meta":{"_monsterinsights_skip_tracking":false,"_monsterinsights_sitenote_active":false,"_monsterinsights_sitenote_note":"","_monsterinsights_sitenote_category":0,"ngg_post_thumbnail":0,"footnotes":""},"class_list":["post-19798","page","type-page","status-publish","has-post-thumbnail","hentry"],"aioseo_notices":[],"_links":{"self":[{"href":"https:\/\/cottage.cz\/pl\/wp-json\/wp\/v2\/pages\/19798","targetHints":{"allow":["GET"]}}],"collection":[{"href":"https:\/\/cottage.cz\/pl\/wp-json\/wp\/v2\/pages"}],"about":[{"href":"https:\/\/cottage.cz\/pl\/wp-json\/wp\/v2\/types\/page"}],"author":[{"embeddable":true,"href":"https:\/\/cottage.cz\/pl\/wp-json\/wp\/v2\/users\/4"}],"replies":[{"embeddable":true,"href":"https:\/\/cottage.cz\/pl\/wp-json\/wp\/v2\/comments?post=19798"}],"version-history":[{"count":3,"href":"https:\/\/cottage.cz\/pl\/wp-json\/wp\/v2\/pages\/19798\/revisions"}],"predecessor-version":[{"id":24435,"href":"https:\/\/cottage.cz\/pl\/wp-json\/wp\/v2\/pages\/19798\/revisions\/24435"}],"wp:featuredmedia":[{"embeddable":true,"href":"https:\/\/cottage.cz\/pl\/wp-json\/wp\/v2\/media\/13607"}],"wp:attachment":[{"href":"https:\/\/cottage.cz\/pl\/wp-json\/wp\/v2\/media?parent=19798"}],"curies":[{"name":"wp","href":"https:\/\/api.w.org\/{rel}","templated":true}]}}