{"id":19792,"date":"2023-12-04T00:19:08","date_gmt":"2023-12-03T23:19:08","guid":{"rendered":"https:\/\/cottage.napokusy.cz\/?page_id=19792"},"modified":"2025-04-25T08:14:39","modified_gmt":"2025-04-25T06:14:39","slug":"wyjazdy","status":"publish","type":"page","link":"https:\/\/cottage.cz\/pl\/wyjazdy\/","title":{"rendered":"Wyjazdy"},"content":{"rendered":"<p style=\"text-align: center;\"><strong>#<a href=\"https:\/\/cottage.cz\/pl\/tag\/kapielowy\/\">k\u0105pielowy<\/a> \u00a0#<a href=\"\/pl?tag=dla-dzieci\">dla-dzieci<\/a> #<a href=\"https:\/\/cottage.cz\/pl\/tag\/pieszo\/\" target=\"_blank\" rel=\"noopener\">pieszo<\/a>\u00a0 #<a href=\"https:\/\/cottage.cz\/pl\/tag\/wycieczki-rowerowe\/\" target=\"_blank\" rel=\"noopener\">rowerowe<\/a> #<a href=\"https:\/\/www.cottage.cz\/pl\/tag\/na-rolkach\">na rolkach<\/a>\u00a0 <a href=\"https:\/\/www.cottage.cz\/pl\/tag\/ferraty\/\">#feraty<\/a>\u00a0 #<a href=\"https:\/\/www.cottage.cz\/pl\/tag\/w-deszczu\">w deszczu<\/a>\u00a0 \u00a0#<a href=\"https:\/\/www.cottage.cz\/tag\/zima\/\">ZIMA<\/a>\u00a0 #<a href=\"https:\/\/www.cottage.cz\/pl\/tag\/rakietach-snieznych\">wakietach snieznych<\/a> #<a href=\"https:\/\/www.cottage.cz\/pl\/tag\/przelaj\">przelaj<\/a><\/strong><\/p>\n<p><a href=\"https:\/\/www.cottage.cz\/wp-content\/uploads\/2020\/04\/mapa-A4-ceske-svycarsko.jpg\" rel=\"lightbox[19792]\"><img decoding=\"async\" class=\"alignright wp-image-7186 size-medium lazyload\" data-src=\"https:\/\/www.cottage.cz\/wp-content\/uploads\/2020\/04\/mapa-A4-ceske-svycarsko-300x212.jpg\" alt=\"\" width=\"300\" height=\"212\" data-srcset=\"https:\/\/cottage.cz\/wp-content\/uploads\/2020\/04\/mapa-A4-ceske-svycarsko-300x212.jpg 300w, https:\/\/cottage.cz\/wp-content\/uploads\/2020\/04\/mapa-A4-ceske-svycarsko-1024x724.jpg 1024w, https:\/\/cottage.cz\/wp-content\/uploads\/2020\/04\/mapa-A4-ceske-svycarsko-768x543.jpg 768w, https:\/\/cottage.cz\/wp-content\/uploads\/2020\/04\/mapa-A4-ceske-svycarsko-1536x1086.jpg 1536w, https:\/\/cottage.cz\/wp-content\/uploads\/2020\/04\/mapa-A4-ceske-svycarsko.jpg 1754w\" data-sizes=\"(max-width: 300px) 100vw, 300px\" src=\"data:image\/svg+xml;base64,PHN2ZyB3aWR0aD0iMSIgaGVpZ2h0PSIxIiB4bWxucz0iaHR0cDovL3d3dy53My5vcmcvMjAwMC9zdmciPjwvc3ZnPg==\" style=\"--smush-placeholder-width: 300px; --smush-placeholder-aspect-ratio: 300\/212;\" \/><\/a>Testowane na w\u0142asnej rodziny. Nasze propozycje wycieczek na terenie Parku Narodowego Czeska Szwajcaria i G\u00f3r \u0141u\u017cyckich.\u00a0<strong>Jest tu co\u015b do odkrycia w ka\u017cd\u0105 pogod\u0119 i por\u0119 roku.<\/strong>\u00a0Brawa dla natury, na kultur\u0119 lub sport.<br \/>\nNasza mapa do pobrania <a href=\"https:\/\/www.cottage.cz\/pl\/map\">uwolni\u0107 tutaj<\/a>.<\/p>\n<div class=\"pt-cv-wrapper\"><div class=\"pt-cv-view pt-cv-grid pt-cv-colsys pt-cv-pgregular pt-cv-sharp-buttons\" id=\"pt-cv-view-2049a5d3vx\"><div data-id=\"pt-cv-page-1\" class=\"pt-cv-page\" data-cvc=\"3\"><div class=\"col-md-4 col-sm-6 col-xs-12 pt-cv-content-item pt-cv-1-col\"  data-pid=\"21604\"><div class='pt-cv-ifield'><a href=\"https:\/\/cottage.cz\/pl\/dzien-3-w-czeskiej-szwajcarii-lodzie-obere-schleuse\/\" class=\"_self pt-cv-href-thumbnail pt-cv-thumb-default cvplbd\" target=\"_self\" ><img decoding=\"async\" width=\"768\" height=\"576\" data-src=\"https:\/\/cottage.cz\/wp-content\/uploads\/2016\/03\/IMG_20170905_124022-768x576.jpg\" class=\"pt-cv-thumbnail img-none lazyload\" alt=\"Dzie\u0144 3 w Czeskiej Szwajcarii \u2013 \u0142odzie Obere Schleuse\" data-srcset=\"https:\/\/cottage.cz\/wp-content\/uploads\/2016\/03\/IMG_20170905_124022-768x576.jpg 768w, https:\/\/cottage.cz\/wp-content\/uploads\/2016\/03\/IMG_20170905_124022-300x225.jpg 300w, https:\/\/cottage.cz\/wp-content\/uploads\/2016\/03\/IMG_20170905_124022-1024x768.jpg 1024w, https:\/\/cottage.cz\/wp-content\/uploads\/2016\/03\/IMG_20170905_124022-1536x1152.jpg 1536w, https:\/\/cottage.cz\/wp-content\/uploads\/2016\/03\/IMG_20170905_124022-2048x1536.jpg 2048w\" data-sizes=\"(max-width: 768px) 100vw, 768px\" src=\"data:image\/svg+xml;base64,PHN2ZyB3aWR0aD0iMSIgaGVpZ2h0PSIxIiB4bWxucz0iaHR0cDovL3d3dy53My5vcmcvMjAwMC9zdmciPjwvc3ZnPg==\" style=\"--smush-placeholder-width: 768px; --smush-placeholder-aspect-ratio: 768\/576;\" \/><\/a>\n<h4 class=\"pt-cv-title\"><a href=\"https:\/\/cottage.cz\/pl\/dzien-3-w-czeskiej-szwajcarii-lodzie-obere-schleuse\/\" class=\"_self cvplbd\" target=\"_self\" >Dzie\u0144 3 w Czeskiej Szwajcarii \u2013 \u0142odzie Obere Schleuse<\/a><\/h4><\/div><\/div>\n<div class=\"col-md-4 col-sm-6 col-xs-12 pt-cv-content-item pt-cv-1-col\"  data-pid=\"21596\"><div class='pt-cv-ifield'><a href=\"https:\/\/cottage.cz\/pl\/dzien-do-punktu-widokowego-jetrichovice-pieszo-lub-na-hulajnodze\/\" class=\"_self pt-cv-href-thumbnail pt-cv-thumb-default cvplbd\" target=\"_self\" ><img decoding=\"async\" width=\"768\" height=\"576\" data-src=\"https:\/\/cottage.cz\/wp-content\/uploads\/2018\/12\/IMG_20181006_092413-768x576.jpg\" class=\"pt-cv-thumbnail img-none lazyload\" alt=\"Dzie\u0144 Do punktu widokowego Jet\u0159ichovice pieszo lub na hulajnodze\" data-srcset=\"https:\/\/cottage.cz\/wp-content\/uploads\/2018\/12\/IMG_20181006_092413-768x576.jpg 768w, https:\/\/cottage.cz\/wp-content\/uploads\/2018\/12\/IMG_20181006_092413-300x225.jpg 300w, https:\/\/cottage.cz\/wp-content\/uploads\/2018\/12\/IMG_20181006_092413-1024x768.jpg 1024w\" data-sizes=\"(max-width: 768px) 100vw, 768px\" src=\"data:image\/svg+xml;base64,PHN2ZyB3aWR0aD0iMSIgaGVpZ2h0PSIxIiB4bWxucz0iaHR0cDovL3d3dy53My5vcmcvMjAwMC9zdmciPjwvc3ZnPg==\" style=\"--smush-placeholder-width: 768px; --smush-placeholder-aspect-ratio: 768\/576;\" \/><\/a>\n<h4 class=\"pt-cv-title\"><a href=\"https:\/\/cottage.cz\/pl\/dzien-do-punktu-widokowego-jetrichovice-pieszo-lub-na-hulajnodze\/\" class=\"_self cvplbd\" target=\"_self\" >Dzie\u0144 Do punktu widokowego Jet\u0159ichovice pieszo lub na hulajnodze<\/a><\/h4><\/div><\/div>\n<div class=\"col-md-4 col-sm-6 col-xs-12 pt-cv-content-item pt-cv-1-col\"  data-pid=\"21586\"><div class='pt-cv-ifield'><a href=\"https:\/\/cottage.cz\/pl\/podroz-przygoda-w-regionie-schramsteine\/\" class=\"_self pt-cv-href-thumbnail pt-cv-thumb-default cvplbd\" target=\"_self\" ><img decoding=\"async\" width=\"768\" height=\"432\" data-src=\"https:\/\/cottage.cz\/wp-content\/uploads\/2016\/04\/Schrammsteine_7-768x432.jpg\" class=\"pt-cv-thumbnail img-none lazyload\" alt=\"Podr\u00f3\u017c przygoda w regionie - Schramsteine\" data-srcset=\"https:\/\/cottage.cz\/wp-content\/uploads\/2016\/04\/Schrammsteine_7-768x432.jpg 768w, https:\/\/cottage.cz\/wp-content\/uploads\/2016\/04\/Schrammsteine_7-300x169.jpg 300w, https:\/\/cottage.cz\/wp-content\/uploads\/2016\/04\/Schrammsteine_7.jpg 800w\" data-sizes=\"(max-width: 768px) 100vw, 768px\" src=\"data:image\/svg+xml;base64,PHN2ZyB3aWR0aD0iMSIgaGVpZ2h0PSIxIiB4bWxucz0iaHR0cDovL3d3dy53My5vcmcvMjAwMC9zdmciPjwvc3ZnPg==\" style=\"--smush-placeholder-width: 768px; --smush-placeholder-aspect-ratio: 768\/432;\" \/><\/a>\n<h4 class=\"pt-cv-title\"><a href=\"https:\/\/cottage.cz\/pl\/podroz-przygoda-w-regionie-schramsteine\/\" class=\"_self cvplbd\" target=\"_self\" >Podr\u00f3\u017c przygoda w regionie &#8211; Schramsteine<\/a><\/h4><\/div><\/div>\n<div class=\"col-md-4 col-sm-6 col-xs-12 pt-cv-content-item pt-cv-1-col\"  data-pid=\"21577\"><div class='pt-cv-ifield'><a href=\"https:\/\/cottage.cz\/pl\/top3-szwajcarii-saksonskiej\/\" class=\"_self pt-cv-href-thumbnail pt-cv-thumb-default cvplbd\" target=\"_self\" ><img decoding=\"async\" width=\"768\" height=\"406\" data-src=\"https:\/\/cottage.cz\/wp-content\/uploads\/2016\/05\/2-Bastei_und_Kurort_Rathen_Saechsische_Schweiz-768x406.jpg\" class=\"pt-cv-thumbnail img-none lazyload\" alt=\"TOP3 Szwajcarii Sakso\u0144skiej\" data-srcset=\"https:\/\/cottage.cz\/wp-content\/uploads\/2016\/05\/2-Bastei_und_Kurort_Rathen_Saechsische_Schweiz-768x406.jpg 768w, https:\/\/cottage.cz\/wp-content\/uploads\/2016\/05\/2-Bastei_und_Kurort_Rathen_Saechsische_Schweiz-300x159.jpg 300w, https:\/\/cottage.cz\/wp-content\/uploads\/2016\/05\/2-Bastei_und_Kurort_Rathen_Saechsische_Schweiz.jpg 800w\" data-sizes=\"(max-width: 768px) 100vw, 768px\" src=\"data:image\/svg+xml;base64,PHN2ZyB3aWR0aD0iMSIgaGVpZ2h0PSIxIiB4bWxucz0iaHR0cDovL3d3dy53My5vcmcvMjAwMC9zdmciPjwvc3ZnPg==\" style=\"--smush-placeholder-width: 768px; --smush-placeholder-aspect-ratio: 768\/406;\" \/><\/a>\n<h4 class=\"pt-cv-title\"><a href=\"https:\/\/cottage.cz\/pl\/top3-szwajcarii-saksonskiej\/\" class=\"_self cvplbd\" target=\"_self\" >TOP3 Szwajcarii Sakso\u0144skiej<\/a><\/h4><\/div><\/div>\n<div class=\"col-md-4 col-sm-6 col-xs-12 pt-cv-content-item pt-cv-1-col\"  data-pid=\"21570\"><div class='pt-cv-ifield'><a href=\"https:\/\/cottage.cz\/pl\/andrenalin-i-pot-w-gor-luzyckich-na-rowerze\/\" class=\"_self pt-cv-href-thumbnail pt-cv-thumb-default cvplbd\" target=\"_self\" ><img decoding=\"async\" width=\"768\" height=\"576\" data-src=\"https:\/\/cottage.cz\/wp-content\/uploads\/2016\/05\/IMG_5439-768x576.jpg\" class=\"pt-cv-thumbnail img-none lazyload\" alt=\"Andrenalin i pot w G\u00f3r \u0141u\u017cyckich na rowerze!\" data-srcset=\"https:\/\/cottage.cz\/wp-content\/uploads\/2016\/05\/IMG_5439-768x576.jpg 768w, https:\/\/cottage.cz\/wp-content\/uploads\/2016\/05\/IMG_5439-300x225.jpg 300w, https:\/\/cottage.cz\/wp-content\/uploads\/2016\/05\/IMG_5439-1024x768.jpg 1024w\" data-sizes=\"(max-width: 768px) 100vw, 768px\" src=\"data:image\/svg+xml;base64,PHN2ZyB3aWR0aD0iMSIgaGVpZ2h0PSIxIiB4bWxucz0iaHR0cDovL3d3dy53My5vcmcvMjAwMC9zdmciPjwvc3ZnPg==\" style=\"--smush-placeholder-width: 768px; --smush-placeholder-aspect-ratio: 768\/576;\" \/><\/a>\n<h4 class=\"pt-cv-title\"><a href=\"https:\/\/cottage.cz\/pl\/andrenalin-i-pot-w-gor-luzyckich-na-rowerze\/\" class=\"_self cvplbd\" target=\"_self\" >Andrenalin i pot w G\u00f3r \u0141u\u017cyckich na rowerze!<\/a><\/h4><\/div><\/div>\n<div class=\"col-md-4 col-sm-6 col-xs-12 pt-cv-content-item pt-cv-1-col\"  data-pid=\"21561\"><div class='pt-cv-ifield'><a href=\"https:\/\/cottage.cz\/pl\/polevsko-bajkowy-spacer-dla-gigantow\/\" class=\"_self pt-cv-href-thumbnail pt-cv-thumb-default cvplbd\" target=\"_self\" ><img decoding=\"async\" width=\"768\" height=\"432\" data-src=\"https:\/\/cottage.cz\/wp-content\/uploads\/2016\/07\/polevsko_1-768x432.jpg\" class=\"pt-cv-thumbnail img-none lazyload\" alt=\"Polevsko - bajkowy spacer dla gigant\u00f3w\" data-srcset=\"https:\/\/cottage.cz\/wp-content\/uploads\/2016\/07\/polevsko_1-768x432.jpg 768w, https:\/\/cottage.cz\/wp-content\/uploads\/2016\/07\/polevsko_1-300x169.jpg 300w, https:\/\/cottage.cz\/wp-content\/uploads\/2016\/07\/polevsko_1.jpg 800w\" data-sizes=\"(max-width: 768px) 100vw, 768px\" src=\"data:image\/svg+xml;base64,PHN2ZyB3aWR0aD0iMSIgaGVpZ2h0PSIxIiB4bWxucz0iaHR0cDovL3d3dy53My5vcmcvMjAwMC9zdmciPjwvc3ZnPg==\" style=\"--smush-placeholder-width: 768px; --smush-placeholder-aspect-ratio: 768\/432;\" \/><\/a>\n<h4 class=\"pt-cv-title\"><a href=\"https:\/\/cottage.cz\/pl\/polevsko-bajkowy-spacer-dla-gigantow\/\" class=\"_self cvplbd\" target=\"_self\" >Polevsko &#8211; bajkowy spacer dla gigant\u00f3w<\/a><\/h4><\/div><\/div>\n<div class=\"col-md-4 col-sm-6 col-xs-12 pt-cv-content-item pt-cv-1-col\"  data-pid=\"21554\"><div class='pt-cv-ifield'><a href=\"https:\/\/cottage.cz\/pl\/nadal-w-dol-krasna-lipa-pirna-drezno-meissen\/\" class=\"_self pt-cv-href-thumbnail pt-cv-thumb-default cvplbd\" target=\"_self\" ><img decoding=\"async\" width=\"768\" height=\"432\" data-src=\"https:\/\/cottage.cz\/wp-content\/uploads\/2016\/07\/konigstein-768x432.jpg\" class=\"pt-cv-thumbnail img-none lazyload\" alt=\"Nadal w d\u00f3\u0142: Krasna Lipa - Pirna - Drezno \u2013 Meissen\" data-srcset=\"https:\/\/cottage.cz\/wp-content\/uploads\/2016\/07\/konigstein-768x432.jpg 768w, https:\/\/cottage.cz\/wp-content\/uploads\/2016\/07\/konigstein-300x169.jpg 300w, https:\/\/cottage.cz\/wp-content\/uploads\/2016\/07\/konigstein.jpg 800w\" data-sizes=\"(max-width: 768px) 100vw, 768px\" src=\"data:image\/svg+xml;base64,PHN2ZyB3aWR0aD0iMSIgaGVpZ2h0PSIxIiB4bWxucz0iaHR0cDovL3d3dy53My5vcmcvMjAwMC9zdmciPjwvc3ZnPg==\" style=\"--smush-placeholder-width: 768px; --smush-placeholder-aspect-ratio: 768\/432;\" \/><\/a>\n<h4 class=\"pt-cv-title\"><a href=\"https:\/\/cottage.cz\/pl\/nadal-w-dol-krasna-lipa-pirna-drezno-meissen\/\" class=\"_self cvplbd\" target=\"_self\" >Nadal w d\u00f3\u0142: Krasna Lipa &#8211; Pirna &#8211; Drezno \u2013 Meissen<\/a><\/h4><\/div><\/div>\n<div class=\"col-md-4 col-sm-6 col-xs-12 pt-cv-content-item pt-cv-1-col\"  data-pid=\"21542\"><div class='pt-cv-ifield'><a href=\"https:\/\/cottage.cz\/pl\/pavlinino-dolina-nature-reserve\/\" class=\"_self pt-cv-href-thumbnail pt-cv-thumb-default cvplbd\" target=\"_self\" ><img decoding=\"async\" width=\"768\" height=\"432\" data-src=\"https:\/\/cottage.cz\/wp-content\/uploads\/2016\/07\/pavlinino-udoli_1-768x432.jpg\" class=\"pt-cv-thumbnail img-none lazyload\" alt=\"Pavl\u00ednino Dolina Nature Reserve\" data-srcset=\"https:\/\/cottage.cz\/wp-content\/uploads\/2016\/07\/pavlinino-udoli_1-768x432.jpg 768w, https:\/\/cottage.cz\/wp-content\/uploads\/2016\/07\/pavlinino-udoli_1-300x169.jpg 300w, https:\/\/cottage.cz\/wp-content\/uploads\/2016\/07\/pavlinino-udoli_1.jpg 800w\" data-sizes=\"(max-width: 768px) 100vw, 768px\" src=\"data:image\/svg+xml;base64,PHN2ZyB3aWR0aD0iMSIgaGVpZ2h0PSIxIiB4bWxucz0iaHR0cDovL3d3dy53My5vcmcvMjAwMC9zdmciPjwvc3ZnPg==\" style=\"--smush-placeholder-width: 768px; --smush-placeholder-aspect-ratio: 768\/432;\" \/><\/a>\n<h4 class=\"pt-cv-title\"><a href=\"https:\/\/cottage.cz\/pl\/pavlinino-dolina-nature-reserve\/\" class=\"_self cvplbd\" target=\"_self\" >Pavl\u00ednino Dolina Nature Reserve<\/a><\/h4><\/div><\/div>\n<div class=\"col-md-4 col-sm-6 col-xs-12 pt-cv-content-item pt-cv-1-col\"  data-pid=\"21536\"><div class='pt-cv-ifield'><a href=\"https:\/\/cottage.cz\/pl\/rezerwat-przyrody-pavlinino-udoli\/\" class=\"_self pt-cv-href-thumbnail pt-cv-thumb-default cvplbd\" target=\"_self\" ><img decoding=\"async\" width=\"768\" height=\"432\" data-src=\"https:\/\/cottage.cz\/wp-content\/uploads\/2016\/07\/pavlinino-udoli_2-768x432.jpg\" class=\"pt-cv-thumbnail img-none lazyload\" alt=\"Rezerwat przyrody Pavl\u00ednino \u00fadol\u00ed\" data-srcset=\"https:\/\/cottage.cz\/wp-content\/uploads\/2016\/07\/pavlinino-udoli_2-768x432.jpg 768w, https:\/\/cottage.cz\/wp-content\/uploads\/2016\/07\/pavlinino-udoli_2-300x169.jpg 300w, https:\/\/cottage.cz\/wp-content\/uploads\/2016\/07\/pavlinino-udoli_2.jpg 800w\" data-sizes=\"(max-width: 768px) 100vw, 768px\" src=\"data:image\/svg+xml;base64,PHN2ZyB3aWR0aD0iMSIgaGVpZ2h0PSIxIiB4bWxucz0iaHR0cDovL3d3dy53My5vcmcvMjAwMC9zdmciPjwvc3ZnPg==\" style=\"--smush-placeholder-width: 768px; --smush-placeholder-aspect-ratio: 768\/432;\" \/><\/a>\n<h4 class=\"pt-cv-title\"><a href=\"https:\/\/cottage.cz\/pl\/rezerwat-przyrody-pavlinino-udoli\/\" class=\"_self cvplbd\" target=\"_self\" >Rezerwat przyrody Pavl\u00ednino \u00fadol\u00ed<\/a><\/h4><\/div><\/div>\n<div class=\"col-md-4 col-sm-6 col-xs-12 pt-cv-content-item pt-cv-1-col\"  data-pid=\"21529\"><div class='pt-cv-ifield'><a href=\"https:\/\/cottage.cz\/pl\/jetrichovice-i-las-pfeifer\/\" class=\"_self pt-cv-href-thumbnail pt-cv-thumb-default cvplbd\" target=\"_self\" ><img decoding=\"async\" width=\"768\" height=\"432\" data-src=\"https:\/\/cottage.cz\/wp-content\/uploads\/2016\/08\/jetrichovice-pfeiferuv-lesik_3-768x432.jpg\" class=\"pt-cv-thumbnail img-none lazyload\" alt=\"Jet\u0159ichovice i las Pfeifer\" data-srcset=\"https:\/\/cottage.cz\/wp-content\/uploads\/2016\/08\/jetrichovice-pfeiferuv-lesik_3-768x432.jpg 768w, https:\/\/cottage.cz\/wp-content\/uploads\/2016\/08\/jetrichovice-pfeiferuv-lesik_3-300x169.jpg 300w, https:\/\/cottage.cz\/wp-content\/uploads\/2016\/08\/jetrichovice-pfeiferuv-lesik_3.jpg 800w\" data-sizes=\"(max-width: 768px) 100vw, 768px\" src=\"data:image\/svg+xml;base64,PHN2ZyB3aWR0aD0iMSIgaGVpZ2h0PSIxIiB4bWxucz0iaHR0cDovL3d3dy53My5vcmcvMjAwMC9zdmciPjwvc3ZnPg==\" style=\"--smush-placeholder-width: 768px; --smush-placeholder-aspect-ratio: 768\/432;\" \/><\/a>\n<h4 class=\"pt-cv-title\"><a href=\"https:\/\/cottage.cz\/pl\/jetrichovice-i-las-pfeifer\/\" class=\"_self cvplbd\" target=\"_self\" >Jet\u0159ichovice i las Pfeifer<\/a><\/h4><\/div><\/div>\n<div class=\"col-md-4 col-sm-6 col-xs-12 pt-cv-content-item pt-cv-1-col\"  data-pid=\"21520\"><div class='pt-cv-ifield'><a href=\"https:\/\/cottage.cz\/pl\/papststein\/\" class=\"_self pt-cv-href-thumbnail pt-cv-thumb-default cvplbd\" target=\"_self\" ><img decoding=\"async\" width=\"768\" height=\"432\" data-src=\"https:\/\/cottage.cz\/wp-content\/uploads\/2016\/09\/Papststein_0-768x432.jpg\" class=\"pt-cv-thumbnail img-none lazyload\" alt=\"Papststein\" data-srcset=\"https:\/\/cottage.cz\/wp-content\/uploads\/2016\/09\/Papststein_0-768x432.jpg 768w, https:\/\/cottage.cz\/wp-content\/uploads\/2016\/09\/Papststein_0-300x169.jpg 300w, https:\/\/cottage.cz\/wp-content\/uploads\/2016\/09\/Papststein_0.jpg 800w\" data-sizes=\"(max-width: 768px) 100vw, 768px\" src=\"data:image\/svg+xml;base64,PHN2ZyB3aWR0aD0iMSIgaGVpZ2h0PSIxIiB4bWxucz0iaHR0cDovL3d3dy53My5vcmcvMjAwMC9zdmciPjwvc3ZnPg==\" style=\"--smush-placeholder-width: 768px; --smush-placeholder-aspect-ratio: 768\/432;\" \/><\/a>\n<h4 class=\"pt-cv-title\"><a href=\"https:\/\/cottage.cz\/pl\/papststein\/\" class=\"_self cvplbd\" target=\"_self\" >Papststein<\/a><\/h4><\/div><\/div>\n<div class=\"col-md-4 col-sm-6 col-xs-12 pt-cv-content-item pt-cv-1-col\"  data-pid=\"21513\"><div class='pt-cv-ifield'><a href=\"https:\/\/cottage.cz\/pl\/stolpen\/\" class=\"_self pt-cv-href-thumbnail pt-cv-thumb-default cvplbd\" target=\"_self\" ><img decoding=\"async\" width=\"768\" height=\"432\" data-src=\"https:\/\/cottage.cz\/wp-content\/uploads\/2016\/10\/IMG_20161015_141754-768x432.jpg\" class=\"pt-cv-thumbnail img-none lazyload\" alt=\"Stolpen\" data-srcset=\"https:\/\/cottage.cz\/wp-content\/uploads\/2016\/10\/IMG_20161015_141754-768x432.jpg 768w, https:\/\/cottage.cz\/wp-content\/uploads\/2016\/10\/IMG_20161015_141754-300x169.jpg 300w, https:\/\/cottage.cz\/wp-content\/uploads\/2016\/10\/IMG_20161015_141754.jpg 800w\" data-sizes=\"(max-width: 768px) 100vw, 768px\" src=\"data:image\/svg+xml;base64,PHN2ZyB3aWR0aD0iMSIgaGVpZ2h0PSIxIiB4bWxucz0iaHR0cDovL3d3dy53My5vcmcvMjAwMC9zdmciPjwvc3ZnPg==\" style=\"--smush-placeholder-width: 768px; --smush-placeholder-aspect-ratio: 768\/432;\" \/><\/a>\n<h4 class=\"pt-cv-title\"><a href=\"https:\/\/cottage.cz\/pl\/stolpen\/\" class=\"_self cvplbd\" target=\"_self\" >Stolpen<\/a><\/h4><\/div><\/div>\n<div class=\"col-md-4 col-sm-6 col-xs-12 pt-cv-content-item pt-cv-1-col\"  data-pid=\"21506\"><div class='pt-cv-ifield'><a href=\"https:\/\/cottage.cz\/pl\/gry-na-zamku-chribska\/\" class=\"_self pt-cv-href-thumbnail pt-cv-thumb-default cvplbd\" target=\"_self\" ><img decoding=\"async\" width=\"768\" height=\"432\" data-src=\"https:\/\/cottage.cz\/wp-content\/uploads\/2016\/11\/IMG_20161106_130327-768x432.jpg\" class=\"pt-cv-thumbnail img-none lazyload\" alt=\"Gry na zamku Ch\u0159ibska\" data-srcset=\"https:\/\/cottage.cz\/wp-content\/uploads\/2016\/11\/IMG_20161106_130327-768x432.jpg 768w, https:\/\/cottage.cz\/wp-content\/uploads\/2016\/11\/IMG_20161106_130327-300x169.jpg 300w, https:\/\/cottage.cz\/wp-content\/uploads\/2016\/11\/IMG_20161106_130327-1024x576.jpg 1024w, https:\/\/cottage.cz\/wp-content\/uploads\/2016\/11\/IMG_20161106_130327.jpg 1920w\" data-sizes=\"(max-width: 768px) 100vw, 768px\" src=\"data:image\/svg+xml;base64,PHN2ZyB3aWR0aD0iMSIgaGVpZ2h0PSIxIiB4bWxucz0iaHR0cDovL3d3dy53My5vcmcvMjAwMC9zdmciPjwvc3ZnPg==\" style=\"--smush-placeholder-width: 768px; --smush-placeholder-aspect-ratio: 768\/432;\" \/><\/a>\n<h4 class=\"pt-cv-title\"><a href=\"https:\/\/cottage.cz\/pl\/gry-na-zamku-chribska\/\" class=\"_self cvplbd\" target=\"_self\" >Gry na zamku Ch\u0159ibska<\/a><\/h4><\/div><\/div>\n<div class=\"col-md-4 col-sm-6 col-xs-12 pt-cv-content-item pt-cv-1-col\"  data-pid=\"21500\"><div class='pt-cv-ifield'><a href=\"https:\/\/cottage.cz\/pl\/rakietach-snieznych-na-icefalls\/\" class=\"_self pt-cv-href-thumbnail pt-cv-thumb-default cvplbd\" target=\"_self\" ><img decoding=\"async\" width=\"768\" height=\"432\" data-src=\"https:\/\/cottage.cz\/wp-content\/uploads\/2017\/02\/na-sneznicich-za-ledopady-768x432.jpg\" class=\"pt-cv-thumbnail img-none lazyload\" alt=\"Rakietach \u015bnie\u017cnych na icefalls\" data-srcset=\"https:\/\/cottage.cz\/wp-content\/uploads\/2017\/02\/na-sneznicich-za-ledopady-768x432.jpg 768w, https:\/\/cottage.cz\/wp-content\/uploads\/2017\/02\/na-sneznicich-za-ledopady-300x169.jpg 300w, https:\/\/cottage.cz\/wp-content\/uploads\/2017\/02\/na-sneznicich-za-ledopady.jpg 800w\" data-sizes=\"(max-width: 768px) 100vw, 768px\" src=\"data:image\/svg+xml;base64,PHN2ZyB3aWR0aD0iMSIgaGVpZ2h0PSIxIiB4bWxucz0iaHR0cDovL3d3dy53My5vcmcvMjAwMC9zdmciPjwvc3ZnPg==\" style=\"--smush-placeholder-width: 768px; --smush-placeholder-aspect-ratio: 768\/432;\" \/><\/a>\n<h4 class=\"pt-cv-title\"><a href=\"https:\/\/cottage.cz\/pl\/rakietach-snieznych-na-icefalls\/\" class=\"_self cvplbd\" target=\"_self\" >Rakietach \u015bnie\u017cnych na icefalls<\/a><\/h4><\/div><\/div>\n<div class=\"col-md-4 col-sm-6 col-xs-12 pt-cv-content-item pt-cv-1-col\"  data-pid=\"21486\"><div class='pt-cv-ifield'><a href=\"https:\/\/cottage.cz\/pl\/jezdzi-na-rolkach-po-labie\/\" class=\"_self pt-cv-href-thumbnail pt-cv-thumb-default cvplbd\" target=\"_self\" ><img decoding=\"async\" width=\"768\" height=\"512\" data-src=\"https:\/\/cottage.cz\/wp-content\/uploads\/2013\/08\/labe-768x512.jpg\" class=\"pt-cv-thumbnail img-none lazyload\" alt=\"Je\u017adzi na rolkach po \u0141abie\" data-srcset=\"https:\/\/cottage.cz\/wp-content\/uploads\/2013\/08\/labe-768x512.jpg 768w, https:\/\/cottage.cz\/wp-content\/uploads\/2013\/08\/labe-300x200.jpg 300w, https:\/\/cottage.cz\/wp-content\/uploads\/2013\/08\/labe.jpg 800w\" data-sizes=\"(max-width: 768px) 100vw, 768px\" src=\"data:image\/svg+xml;base64,PHN2ZyB3aWR0aD0iMSIgaGVpZ2h0PSIxIiB4bWxucz0iaHR0cDovL3d3dy53My5vcmcvMjAwMC9zdmciPjwvc3ZnPg==\" style=\"--smush-placeholder-width: 768px; --smush-placeholder-aspect-ratio: 768\/512;\" \/><\/a>\n<h4 class=\"pt-cv-title\"><a href=\"https:\/\/cottage.cz\/pl\/jezdzi-na-rolkach-po-labie\/\" class=\"_self cvplbd\" target=\"_self\" >Je\u017adzi na rolkach po \u0141abie<\/a><\/h4><\/div><\/div><\/div><\/div>\n<div class=\"text-left pt-cv-pagination-wrapper\"><ul class=\"pt-cv-pagination pt-cv-ajax pagination\" data-totalpages=\"4\" data-currentpage=\"1\" data-sid=\"2049a5d3vx\" data-unid=\"\" data-isblock=\"\" data-postid=\"\"><li class=\"active\"><a href=\"#\">1<\/a><\/li>\n\t<li ><a class=\"\" href=\"https:\/\/cottage.cz\/pl\/wp-json\/wp\/v2\/pages\/19792\/?_page=2\">2<\/a><\/li>\n\t<li ><a class=\"\" href=\"https:\/\/cottage.cz\/pl\/wp-json\/wp\/v2\/pages\/19792\/?_page=3\">3<\/a><\/li>\n\t<li ><a class=\"\" href=\"https:\/\/cottage.cz\/pl\/wp-json\/wp\/v2\/pages\/19792\/?_page=4\">4<\/a><\/li>\n\t<li ><a class=\" \" href=\"https:\/\/cottage.cz\/pl\/wp-json\/wp\/v2\/pages\/19792\/?_page=2\">&rsaquo;<\/a><\/li>\n\t<\/ul><img decoding=\"async\" width=\"15\" height=\"15\" class=\"pt-cv-spinner\" alt=\"Loading...\" src=\"data:image\/gif;base64,R0lGODlhDwAPALMPAMrKygwMDJOTkz09PZWVla+vr3p6euTk5M7OzuXl5TMzMwAAAJmZmWZmZszMzP\/\/\/yH\/C05FVFNDQVBFMi4wAwEAAAAh+QQFCgAPACwAAAAADwAPAAAEQvDJaZaZOIcV8iQK8VRX4iTYoAwZ4iCYoAjZ4RxejhVNoT+mRGP4cyF4Pp0N98sBGIBMEMOotl6YZ3S61Bmbkm4mAgAh+QQFCgAPACwAAAAADQANAAAENPDJSRSZeA418itN8QiK8BiLITVsFiyBBIoYqnoewAD4xPw9iY4XLGYSjkQR4UAUD45DLwIAIfkEBQoADwAsAAAAAA8ACQAABC\/wyVlamTi3nSdgwFNdhEJgTJoNyoB9ISYoQmdjiZPcj7EYCAeCF1gEDo4Dz2eIAAAh+QQFCgAPACwCAAAADQANAAAEM\/DJBxiYeLKdX3IJZT1FU0iIg2RNKx3OkZVnZ98ToRD4MyiDnkAh6BkNC0MvsAj0kMpHBAAh+QQFCgAPACwGAAAACQAPAAAEMDC59KpFDll73HkAA2wVY5KgiK5b0RRoI6MuzG6EQqCDMlSGheEhUAgqgUUAFRySIgAh+QQFCgAPACwCAAIADQANAAAEM\/DJKZNLND\/kkKaHc3xk+QAMYDKsiaqmZCxGVjSFFCxB1vwy2oOgIDxuucxAMTAJFAJNBAAh+QQFCgAPACwAAAYADwAJAAAEMNAs86q1yaWwwv2Ig0jUZx3OYa4XoRAfwADXoAwfo1+CIjyFRuEho60aSNYlOPxEAAAh+QQFCgAPACwAAAIADQANAAAENPA9s4y8+IUVcqaWJ4qEQozSoAzoIyhCK2NFU2SJk0hNnyEOhKR2AzAAj4Pj4GE4W0bkJQIAOw==\" \/><div class=\"clear pt-cv-clear-pagination\"><\/div><\/div><\/div>\t\t\t<style type=\"text\/css\" id=\"pt-cv-inline-style-4d4559c0vx\">#pt-cv-view-2049a5d3vx.pt-cv-post-border { margin: 0; border-top-width: 1px; border-left-width: 1px }\n#pt-cv-view-2049a5d3vx.pt-cv-post-border { margin: 0; border-top-style: solid; border-left-style: solid }\n#pt-cv-view-2049a5d3vx.pt-cv-post-border .pt-cv-content-item   { border-right-width: 1px; border-bottom-width: 1px; border-right-style: solid; border-bottom-style: solid; }\n#pt-cv-view-2049a5d3vx .pt-cv-title a, #pt-cv-view-2049a5d3vx  .panel-title { font-weight: 600 !important; }\n#pt-cv-view-2049a5d3vx .pt-cv-readmore  { color: #ffffff !important; background-color: #ba7f42 !important; }\n#pt-cv-view-2049a5d3vx .pt-cv-readmore:hover  { color: #ffffff !important; background-color: #ba7f42 !important; }\n#pt-cv-view-2049a5d3vx  + .pt-cv-pagination-wrapper .pt-cv-more , #pt-cv-view-2049a5d3vx  + .pt-cv-pagination-wrapper .pagination .active a { color: #ffffff !important; background-color: #00aeef !important; }<\/style>\r\n\t\t\t\n","protected":false},"excerpt":{"rendered":"<p>#k\u0105pielowy \u00a0#dla-dzieci #pieszo\u00a0 #rowerowe #na rolkach\u00a0 #feraty\u00a0 #w deszczu\u00a0 \u00a0#ZIMA\u00a0 #wakietach snieznych #przelaj Testowane na w\u0142asnej rodziny. Nasze propozycje wycieczek na terenie Parku Narodowego Czeska Szwajcaria i G\u00f3r \u0141u\u017cyckich.\u00a0Jest tu co\u015b do odkrycia w ka\u017cd\u0105 pogod\u0119 i por\u0119 roku.\u00a0Brawa dla natury, na kultur\u0119 lub sport. Nasza mapa do pobrania uwolni\u0107 tutaj.<\/p>\n","protected":false},"author":4,"featured_media":15692,"parent":0,"menu_order":0,"comment_status":"closed","ping_status":"closed","template":"","meta":{"_monsterinsights_skip_tracking":false,"_monsterinsights_sitenote_active":false,"_monsterinsights_sitenote_note":"","_monsterinsights_sitenote_category":0,"ngg_post_thumbnail":0,"footnotes":""},"class_list":["post-19792","page","type-page","status-publish","has-post-thumbnail","hentry"],"aioseo_notices":[],"_links":{"self":[{"href":"https:\/\/cottage.cz\/pl\/wp-json\/wp\/v2\/pages\/19792","targetHints":{"allow":["GET"]}}],"collection":[{"href":"https:\/\/cottage.cz\/pl\/wp-json\/wp\/v2\/pages"}],"about":[{"href":"https:\/\/cottage.cz\/pl\/wp-json\/wp\/v2\/types\/page"}],"author":[{"embeddable":true,"href":"https:\/\/cottage.cz\/pl\/wp-json\/wp\/v2\/users\/4"}],"replies":[{"embeddable":true,"href":"https:\/\/cottage.cz\/pl\/wp-json\/wp\/v2\/comments?post=19792"}],"version-history":[{"count":14,"href":"https:\/\/cottage.cz\/pl\/wp-json\/wp\/v2\/pages\/19792\/revisions"}],"predecessor-version":[{"id":25528,"href":"https:\/\/cottage.cz\/pl\/wp-json\/wp\/v2\/pages\/19792\/revisions\/25528"}],"wp:featuredmedia":[{"embeddable":true,"href":"https:\/\/cottage.cz\/pl\/wp-json\/wp\/v2\/media\/15692"}],"wp:attachment":[{"href":"https:\/\/cottage.cz\/pl\/wp-json\/wp\/v2\/media?parent=19792"}],"curies":[{"name":"wp","href":"https:\/\/api.w.org\/{rel}","templated":true}]}}