{"id":19786,"date":"2023-12-04T00:09:10","date_gmt":"2023-12-03T23:09:10","guid":{"rendered":"https:\/\/cottage.napokusy.cz\/?page_id=19786"},"modified":"2023-12-04T00:09:13","modified_gmt":"2023-12-03T23:09:13","slug":"brtnicke-icefalls","status":"publish","type":"page","link":"https:\/\/cottage.cz\/pl\/brtnicke-icefalls\/","title":{"rendered":"Brtnick\u00e9 icefalls"},"content":{"rendered":"<p>Zobacz jak\u00a0<a href=\"http:\/\/www.npcs.cz\/\">Zarz\u0105d Parku Narodowego Czeska Szwajcaria<\/a>\u00a0odwzorowane dost\u0119pne icefalls wok\u00f3\u0142 Kyjova,\u00a0<a title=\"Brnik\" href=\"https:\/\/www.cottage.cz\/pl\/Brtn%C3%ADk\">Brtn\u00edky<\/a>\u00a0Wolf Mountain. W celu uzyskania wskaz\u00f3wek w snowy parku terenu przygotowa\u0142 map\u0119 jasny, gdzie mo\u017cna znale\u017a\u0107 nie tylko wszystkie najbardziej znane formacje lodowe, ale r\u00f3wnie\u017c wskaz\u00f3wki dotycz\u0105ce dw\u00f3ch rejs\u00f3w do ledop\u00e1d\u016fm. parking dost\u0119pny: Kyjov, Brtn\u00edky, Vl\u010d\u00ed Hora, dudki.<\/p>\n<div class=\"gallery-1 gallery-wrapper columns-wrapper\"><div class=\"gallery-column\"><a class=\"gallery-item photoswipe-item\" data-caption=\"Ledop\u00e1dy - 30 min p\u011b\u0161ky\" data-width=\"460\" data-height=\"341\" href=\"https:\/\/cottage.cz\/wp-content\/uploads\/2015\/02\/ledopady.jpg\" rel=\"lightbox[19786]\"><img decoding=\"async\" class=\"gallery-img-desktop lazyload\" data-src=\"https:\/\/cottage.cz\/wp-content\/uploads\/2015\/02\/ledopady-550x309.jpg\" alt=\"\" src=\"data:image\/svg+xml;base64,PHN2ZyB3aWR0aD0iMSIgaGVpZ2h0PSIxIiB4bWxucz0iaHR0cDovL3d3dy53My5vcmcvMjAwMC9zdmciPjwvc3ZnPg==\" style=\"--smush-placeholder-width: 550px; --smush-placeholder-aspect-ratio: 550\/309;\" \/><img decoding=\"async\" class=\"gallery-img-mobile lazyload\" data-src=\"https:\/\/cottage.cz\/wp-content\/uploads\/2015\/02\/ledopady-500x500.jpg\" alt=\"\" src=\"data:image\/svg+xml;base64,PHN2ZyB3aWR0aD0iMSIgaGVpZ2h0PSIxIiB4bWxucz0iaHR0cDovL3d3dy53My5vcmcvMjAwMC9zdmciPjwvc3ZnPg==\" style=\"--smush-placeholder-width: 500px; --smush-placeholder-aspect-ratio: 500\/500;\" \/><div class=\"gallery-enlarge\"><\/div><\/a><\/div><div class=\"gallery-column\"><a class=\"gallery-item photoswipe-item\" data-caption=\"\" data-width=\"450\" data-height=\"800\" href=\"https:\/\/cottage.cz\/wp-content\/uploads\/2017\/02\/ukazatel-ledopady.jpg\" rel=\"lightbox[19786]\"><img decoding=\"async\" class=\"gallery-img-desktop lazyload\" data-src=\"https:\/\/cottage.cz\/wp-content\/uploads\/2017\/02\/ukazatel-ledopady-550x309.jpg\" alt=\"\" src=\"data:image\/svg+xml;base64,PHN2ZyB3aWR0aD0iMSIgaGVpZ2h0PSIxIiB4bWxucz0iaHR0cDovL3d3dy53My5vcmcvMjAwMC9zdmciPjwvc3ZnPg==\" style=\"--smush-placeholder-width: 550px; --smush-placeholder-aspect-ratio: 550\/309;\" \/><img decoding=\"async\" class=\"gallery-img-mobile lazyload\" data-src=\"https:\/\/cottage.cz\/wp-content\/uploads\/2017\/02\/ukazatel-ledopady-500x500.jpg\" alt=\"\" src=\"data:image\/svg+xml;base64,PHN2ZyB3aWR0aD0iMSIgaGVpZ2h0PSIxIiB4bWxucz0iaHR0cDovL3d3dy53My5vcmcvMjAwMC9zdmciPjwvc3ZnPg==\" style=\"--smush-placeholder-width: 500px; --smush-placeholder-aspect-ratio: 500\/500;\" \/><div class=\"gallery-enlarge\"><\/div><\/a><\/div><div class=\"gallery-column\"><a class=\"gallery-item photoswipe-item\" data-caption=\"Icewaterfalls in Bohemian Switzerland\" data-width=\"450\" data-height=\"800\" href=\"https:\/\/cottage.cz\/wp-content\/uploads\/2017\/02\/brtnicke-ledopady.jpg\" rel=\"lightbox[19786]\"><img decoding=\"async\" class=\"gallery-img-desktop lazyload\" data-src=\"https:\/\/cottage.cz\/wp-content\/uploads\/2017\/02\/brtnicke-ledopady-550x309.jpg\" alt=\"\" src=\"data:image\/svg+xml;base64,PHN2ZyB3aWR0aD0iMSIgaGVpZ2h0PSIxIiB4bWxucz0iaHR0cDovL3d3dy53My5vcmcvMjAwMC9zdmciPjwvc3ZnPg==\" style=\"--smush-placeholder-width: 550px; --smush-placeholder-aspect-ratio: 550\/309;\" \/><img decoding=\"async\" class=\"gallery-img-mobile lazyload\" data-src=\"https:\/\/cottage.cz\/wp-content\/uploads\/2017\/02\/brtnicke-ledopady-500x500.jpg\" alt=\"\" src=\"data:image\/svg+xml;base64,PHN2ZyB3aWR0aD0iMSIgaGVpZ2h0PSIxIiB4bWxucz0iaHR0cDovL3d3dy53My5vcmcvMjAwMC9zdmciPjwvc3ZnPg==\" style=\"--smush-placeholder-width: 500px; --smush-placeholder-aspect-ratio: 500\/500;\" \/><div class=\"gallery-enlarge\"><\/div><\/a><\/div><style type=\"text\/css\">.gallery-1 .gallery-column { width: 33.33%; padding-bottom: 18.75%; }.gallery-1 { margin-left: -0px; margin-right: -0px; }.gallery-1 .gallery-item {bottom: 0px;left: 0px;right: 0px;top: 0px;}<\/style><\/div>\n<p><img decoding=\"async\" data-src=\"http:\/\/cottage.cz\/wp-content\/uploads\/2017\/07\/cottage_files\/nove-ledopady-ceske-svycarsko.jpg\" src=\"data:image\/svg+xml;base64,PHN2ZyB3aWR0aD0iMSIgaGVpZ2h0PSIxIiB4bWxucz0iaHR0cDovL3d3dy53My5vcmcvMjAwMC9zdmciPjwvc3ZnPg==\" class=\"lazyload\" \/><\/p>\n","protected":false},"excerpt":{"rendered":"<p>Zobacz jak\u00a0Zarz\u0105d Parku Narodowego Czeska Szwajcaria\u00a0odwzorowane dost\u0119pne icefalls wok\u00f3\u0142 Kyjova,\u00a0Brtn\u00edky\u00a0Wolf Mountain. W celu uzyskania wskaz\u00f3wek w snowy parku terenu przygotowa\u0142 map\u0119 jasny, gdzie mo\u017cna znale\u017a\u0107 nie tylko wszystkie najbardziej znane formacje lodowe, ale r\u00f3wnie\u017c wskaz\u00f3wki dotycz\u0105ce dw\u00f3ch rejs\u00f3w do ledop\u00e1d\u016fm. parking dost\u0119pny: Kyjov, Brtn\u00edky, Vl\u010d\u00ed Hora, dudki.<\/p>\n","protected":false},"author":4,"featured_media":12257,"parent":0,"menu_order":0,"comment_status":"closed","ping_status":"closed","template":"","meta":{"_monsterinsights_skip_tracking":false,"_monsterinsights_sitenote_active":false,"_monsterinsights_sitenote_note":"","_monsterinsights_sitenote_category":0,"ngg_post_thumbnail":0,"footnotes":""},"class_list":["post-19786","page","type-page","status-publish","has-post-thumbnail","hentry"],"aioseo_notices":[],"_links":{"self":[{"href":"https:\/\/cottage.cz\/pl\/wp-json\/wp\/v2\/pages\/19786","targetHints":{"allow":["GET"]}}],"collection":[{"href":"https:\/\/cottage.cz\/pl\/wp-json\/wp\/v2\/pages"}],"about":[{"href":"https:\/\/cottage.cz\/pl\/wp-json\/wp\/v2\/types\/page"}],"author":[{"embeddable":true,"href":"https:\/\/cottage.cz\/pl\/wp-json\/wp\/v2\/users\/4"}],"replies":[{"embeddable":true,"href":"https:\/\/cottage.cz\/pl\/wp-json\/wp\/v2\/comments?post=19786"}],"version-history":[{"count":1,"href":"https:\/\/cottage.cz\/pl\/wp-json\/wp\/v2\/pages\/19786\/revisions"}],"predecessor-version":[{"id":19787,"href":"https:\/\/cottage.cz\/pl\/wp-json\/wp\/v2\/pages\/19786\/revisions\/19787"}],"wp:featuredmedia":[{"embeddable":true,"href":"https:\/\/cottage.cz\/pl\/wp-json\/wp\/v2\/media\/12257"}],"wp:attachment":[{"href":"https:\/\/cottage.cz\/pl\/wp-json\/wp\/v2\/media?parent=19786"}],"curies":[{"name":"wp","href":"https:\/\/api.w.org\/{rel}","templated":true}]}}