{"id":19760,"date":"2023-12-03T23:42:03","date_gmt":"2023-12-03T22:42:03","guid":{"rendered":"https:\/\/cottage.napokusy.cz\/?page_id=19760"},"modified":"2023-12-03T23:42:26","modified_gmt":"2023-12-03T22:42:26","slug":"czeski-butik","status":"publish","type":"page","link":"https:\/\/cottage.cz\/pl\/czeski-butik\/","title":{"rendered":"Czeski butik"},"content":{"rendered":"\n<p>Przytulna i designerska galeria sprzeda\u017cy. Jeste\u015bmy zwolennikami znacz\u0105cych do\u015bwiadcze\u0144 i rzeczy, kt\u00f3re nie trac\u0105 trwa\u0142o\u015bci ani popularno\u015bci. Starannie wybieramy, co Ci oferujemy.<\/p>\n\n\n\n<figure class=\"wp-block-gallery has-nested-images columns-default is-cropped wp-block-gallery-1 is-layout-flex wp-block-gallery-is-layout-flex\">\n<figure class=\"wp-block-image size-large\"><img decoding=\"async\" width=\"1024\" height=\"683\" data-id=\"9909\" data-src=\"https:\/\/www.cottage.cz\/wp-content\/uploads\/2022\/12\/Resize-of-11-1-of-1-1024x683.jpg\" alt=\"\" class=\"wp-image-9909 lazyload\" data-srcset=\"https:\/\/cottage.cz\/wp-content\/uploads\/2022\/12\/Resize-of-11-1-of-1-1024x683.jpg 1024w, https:\/\/cottage.cz\/wp-content\/uploads\/2022\/12\/Resize-of-11-1-of-1-300x200.jpg 300w, https:\/\/cottage.cz\/wp-content\/uploads\/2022\/12\/Resize-of-11-1-of-1-768x512.jpg 768w, https:\/\/cottage.cz\/wp-content\/uploads\/2022\/12\/Resize-of-11-1-of-1.jpg 1200w\" data-sizes=\"(max-width: 1024px) 100vw, 1024px\" src=\"data:image\/svg+xml;base64,PHN2ZyB3aWR0aD0iMSIgaGVpZ2h0PSIxIiB4bWxucz0iaHR0cDovL3d3dy53My5vcmcvMjAwMC9zdmciPjwvc3ZnPg==\" style=\"--smush-placeholder-width: 1024px; --smush-placeholder-aspect-ratio: 1024\/683;\" \/><\/figure>\n\n\n\n<figure class=\"wp-block-image size-large\"><img decoding=\"async\" width=\"1024\" height=\"683\" data-id=\"9912\" data-src=\"https:\/\/www.cottage.cz\/wp-content\/uploads\/2022\/12\/16-1-of-1-1024x683.jpg\" alt=\"\" class=\"wp-image-9912 lazyload\" data-srcset=\"https:\/\/cottage.cz\/wp-content\/uploads\/2022\/12\/16-1-of-1-1024x683.jpg 1024w, https:\/\/cottage.cz\/wp-content\/uploads\/2022\/12\/16-1-of-1-300x200.jpg 300w, https:\/\/cottage.cz\/wp-content\/uploads\/2022\/12\/16-1-of-1-768x512.jpg 768w, https:\/\/cottage.cz\/wp-content\/uploads\/2022\/12\/16-1-of-1-1536x1024.jpg 1536w, https:\/\/cottage.cz\/wp-content\/uploads\/2022\/12\/16-1-of-1-2048x1365.jpg 2048w, https:\/\/cottage.cz\/wp-content\/uploads\/2022\/12\/16-1-of-1-1320x880.jpg 1320w\" data-sizes=\"(max-width: 1024px) 100vw, 1024px\" src=\"data:image\/svg+xml;base64,PHN2ZyB3aWR0aD0iMSIgaGVpZ2h0PSIxIiB4bWxucz0iaHR0cDovL3d3dy53My5vcmcvMjAwMC9zdmciPjwvc3ZnPg==\" style=\"--smush-placeholder-width: 1024px; --smush-placeholder-aspect-ratio: 1024\/683;\" \/><\/figure>\n\n\n\n<figure class=\"wp-block-image size-large\"><img decoding=\"async\" width=\"1024\" height=\"683\" data-id=\"9910\" data-src=\"https:\/\/www.cottage.cz\/wp-content\/uploads\/2022\/12\/17-1-of-1-1024x683.jpg\" alt=\"\" class=\"wp-image-9910 lazyload\" data-srcset=\"https:\/\/cottage.cz\/wp-content\/uploads\/2022\/12\/17-1-of-1-1024x683.jpg 1024w, https:\/\/cottage.cz\/wp-content\/uploads\/2022\/12\/17-1-of-1-300x200.jpg 300w, https:\/\/cottage.cz\/wp-content\/uploads\/2022\/12\/17-1-of-1-768x512.jpg 768w, https:\/\/cottage.cz\/wp-content\/uploads\/2022\/12\/17-1-of-1-1536x1024.jpg 1536w, https:\/\/cottage.cz\/wp-content\/uploads\/2022\/12\/17-1-of-1-2048x1365.jpg 2048w, https:\/\/cottage.cz\/wp-content\/uploads\/2022\/12\/17-1-of-1-1320x880.jpg 1320w\" data-sizes=\"(max-width: 1024px) 100vw, 1024px\" src=\"data:image\/svg+xml;base64,PHN2ZyB3aWR0aD0iMSIgaGVpZ2h0PSIxIiB4bWxucz0iaHR0cDovL3d3dy53My5vcmcvMjAwMC9zdmciPjwvc3ZnPg==\" style=\"--smush-placeholder-width: 1024px; --smush-placeholder-aspect-ratio: 1024\/683;\" \/><\/figure>\n\n\n\n<figure class=\"wp-block-image size-large\"><img decoding=\"async\" width=\"1024\" height=\"683\" data-id=\"9913\" data-src=\"https:\/\/www.cottage.cz\/wp-content\/uploads\/2022\/12\/12-1-of-1-1024x683.jpg\" alt=\"\" class=\"wp-image-9913 lazyload\" data-srcset=\"https:\/\/cottage.cz\/wp-content\/uploads\/2022\/12\/12-1-of-1-1024x683.jpg 1024w, https:\/\/cottage.cz\/wp-content\/uploads\/2022\/12\/12-1-of-1-300x200.jpg 300w, https:\/\/cottage.cz\/wp-content\/uploads\/2022\/12\/12-1-of-1-768x512.jpg 768w, https:\/\/cottage.cz\/wp-content\/uploads\/2022\/12\/12-1-of-1-1536x1024.jpg 1536w, https:\/\/cottage.cz\/wp-content\/uploads\/2022\/12\/12-1-of-1-2048x1365.jpg 2048w, https:\/\/cottage.cz\/wp-content\/uploads\/2022\/12\/12-1-of-1-1320x880.jpg 1320w\" data-sizes=\"(max-width: 1024px) 100vw, 1024px\" src=\"data:image\/svg+xml;base64,PHN2ZyB3aWR0aD0iMSIgaGVpZ2h0PSIxIiB4bWxucz0iaHR0cDovL3d3dy53My5vcmcvMjAwMC9zdmciPjwvc3ZnPg==\" style=\"--smush-placeholder-width: 1024px; --smush-placeholder-aspect-ratio: 1024\/683;\" \/><\/figure>\n\n\n\n<figure class=\"wp-block-image size-large\"><img decoding=\"async\" width=\"1024\" height=\"683\" data-id=\"9914\" data-src=\"https:\/\/www.cottage.cz\/wp-content\/uploads\/2022\/12\/8-1-of-1-1024x683.jpg\" alt=\"\" class=\"wp-image-9914 lazyload\" data-srcset=\"https:\/\/cottage.cz\/wp-content\/uploads\/2022\/12\/8-1-of-1-1024x683.jpg 1024w, https:\/\/cottage.cz\/wp-content\/uploads\/2022\/12\/8-1-of-1-300x200.jpg 300w, https:\/\/cottage.cz\/wp-content\/uploads\/2022\/12\/8-1-of-1-768x512.jpg 768w, https:\/\/cottage.cz\/wp-content\/uploads\/2022\/12\/8-1-of-1-1536x1024.jpg 1536w, https:\/\/cottage.cz\/wp-content\/uploads\/2022\/12\/8-1-of-1-2048x1365.jpg 2048w, https:\/\/cottage.cz\/wp-content\/uploads\/2022\/12\/8-1-of-1-1320x880.jpg 1320w\" data-sizes=\"(max-width: 1024px) 100vw, 1024px\" src=\"data:image\/svg+xml;base64,PHN2ZyB3aWR0aD0iMSIgaGVpZ2h0PSIxIiB4bWxucz0iaHR0cDovL3d3dy53My5vcmcvMjAwMC9zdmciPjwvc3ZnPg==\" style=\"--smush-placeholder-width: 1024px; --smush-placeholder-aspect-ratio: 1024\/683;\" \/><\/figure>\n\n\n\n<figure class=\"wp-block-image size-large\"><img decoding=\"async\" width=\"683\" height=\"1024\" data-id=\"9911\" data-src=\"https:\/\/www.cottage.cz\/wp-content\/uploads\/2022\/12\/9-1-of-1-683x1024.jpg\" alt=\"\" class=\"wp-image-9911 lazyload\" data-srcset=\"https:\/\/cottage.cz\/wp-content\/uploads\/2022\/12\/9-1-of-1-683x1024.jpg 683w, https:\/\/cottage.cz\/wp-content\/uploads\/2022\/12\/9-1-of-1-200x300.jpg 200w, https:\/\/cottage.cz\/wp-content\/uploads\/2022\/12\/9-1-of-1-768x1152.jpg 768w, https:\/\/cottage.cz\/wp-content\/uploads\/2022\/12\/9-1-of-1-1024x1536.jpg 1024w, https:\/\/cottage.cz\/wp-content\/uploads\/2022\/12\/9-1-of-1-1365x2048.jpg 1365w, https:\/\/cottage.cz\/wp-content\/uploads\/2022\/12\/9-1-of-1-1320x1980.jpg 1320w, https:\/\/cottage.cz\/wp-content\/uploads\/2022\/12\/9-1-of-1-scaled.jpg 1707w\" data-sizes=\"(max-width: 683px) 100vw, 683px\" src=\"data:image\/svg+xml;base64,PHN2ZyB3aWR0aD0iMSIgaGVpZ2h0PSIxIiB4bWxucz0iaHR0cDovL3d3dy53My5vcmcvMjAwMC9zdmciPjwvc3ZnPg==\" style=\"--smush-placeholder-width: 683px; --smush-placeholder-aspect-ratio: 683\/1024;\" \/><\/figure>\n<\/figure>\n\n\n\n<figure class=\"wp-block-image size-large\"><img decoding=\"async\" width=\"1024\" height=\"683\" data-src=\"https:\/\/www.cottage.cz\/wp-content\/uploads\/2023\/01\/Resize-of-18-1024x683.jpg\" alt=\"\" class=\"wp-image-10142 lazyload\" data-srcset=\"https:\/\/cottage.cz\/wp-content\/uploads\/2023\/01\/Resize-of-18-1024x683.jpg 1024w, https:\/\/cottage.cz\/wp-content\/uploads\/2023\/01\/Resize-of-18-300x200.jpg 300w, https:\/\/cottage.cz\/wp-content\/uploads\/2023\/01\/Resize-of-18-768x512.jpg 768w, https:\/\/cottage.cz\/wp-content\/uploads\/2023\/01\/Resize-of-18.jpg 1200w\" data-sizes=\"(max-width: 1024px) 100vw, 1024px\" src=\"data:image\/svg+xml;base64,PHN2ZyB3aWR0aD0iMSIgaGVpZ2h0PSIxIiB4bWxucz0iaHR0cDovL3d3dy53My5vcmcvMjAwMC9zdmciPjwvc3ZnPg==\" style=\"--smush-placeholder-width: 1024px; --smush-placeholder-aspect-ratio: 1024\/683;\" \/><\/figure>\n","protected":false},"excerpt":{"rendered":"<p>Przytulna i designerska galeria sprzeda\u017cy. Jeste\u015bmy zwolennikami znacz\u0105cych do\u015bwiadcze\u0144 i rzeczy, kt\u00f3re nie trac\u0105 trwa\u0142o\u015bci ani popularno\u015bci. Starannie wybieramy, co Ci oferujemy.<\/p>\n","protected":false},"author":4,"featured_media":18764,"parent":0,"menu_order":0,"comment_status":"closed","ping_status":"closed","template":"","meta":{"_monsterinsights_skip_tracking":false,"_monsterinsights_sitenote_active":false,"_monsterinsights_sitenote_note":"","_monsterinsights_sitenote_category":0,"ngg_post_thumbnail":0,"footnotes":""},"class_list":["post-19760","page","type-page","status-publish","has-post-thumbnail","hentry"],"aioseo_notices":[],"_links":{"self":[{"href":"https:\/\/cottage.cz\/pl\/wp-json\/wp\/v2\/pages\/19760","targetHints":{"allow":["GET"]}}],"collection":[{"href":"https:\/\/cottage.cz\/pl\/wp-json\/wp\/v2\/pages"}],"about":[{"href":"https:\/\/cottage.cz\/pl\/wp-json\/wp\/v2\/types\/page"}],"author":[{"embeddable":true,"href":"https:\/\/cottage.cz\/pl\/wp-json\/wp\/v2\/users\/4"}],"replies":[{"embeddable":true,"href":"https:\/\/cottage.cz\/pl\/wp-json\/wp\/v2\/comments?post=19760"}],"version-history":[{"count":1,"href":"https:\/\/cottage.cz\/pl\/wp-json\/wp\/v2\/pages\/19760\/revisions"}],"predecessor-version":[{"id":19761,"href":"https:\/\/cottage.cz\/pl\/wp-json\/wp\/v2\/pages\/19760\/revisions\/19761"}],"wp:featuredmedia":[{"embeddable":true,"href":"https:\/\/cottage.cz\/pl\/wp-json\/wp\/v2\/media\/18764"}],"wp:attachment":[{"href":"https:\/\/cottage.cz\/pl\/wp-json\/wp\/v2\/media?parent=19760"}],"curies":[{"name":"wp","href":"https:\/\/api.w.org\/{rel}","templated":true}]}}