{"id":19738,"date":"2023-12-03T23:09:59","date_gmt":"2023-12-03T22:09:59","guid":{"rendered":"https:\/\/cottage.napokusy.cz\/?page_id=19738"},"modified":"2023-12-03T23:10:07","modified_gmt":"2023-12-03T22:10:07","slug":"adrenalina-czubek-jodly","status":"publish","type":"page","link":"https:\/\/cottage.cz\/pl\/adrenalina-czubek-jodly\/","title":{"rendered":"Adrenalina czubek jod\u0142y"},"content":{"rendered":"<p>Szukasz miejsca w Szwajcarii Czeskiej, gdzie mo\u017cna podnie\u015b\u0107 poziom adrenaliny w organizmie? masz \u201cnevybyt\u00e9\u201d dzieci? sprawdza\u0107\u00a0<a title=\"Ji\u0159et\u00edn pod Jedlovou\" href=\"https:\/\/www.cottage.cz\/pl\/jiretin-pod-jedlovou\">Ji\u0159et\u00edn pod Jedlovou<\/a>, i przytrzyma\u0107 kierunek Tolsztejn. Wtedy \u0142atwo dotrze\u0107 do adrenaliny Fir Park, Atrakcje gdzie ko\u0144c\u00f3wka: gigant hu\u015btawka, \u015bcianka wspinaczkowa, Zjazd na w\u00f3zki lub skutery i centrum Cable. Obszar obejmuje napoje.<\/p>\n<p>Mog\u0119 zagwarantowa\u0107,, \u017ce dzieci ch\u0119tnie po wizycie atrakcji i spa\u0107 jak k\u0142oda.<\/p>\n<p>wi\u0119cej na\u00a0<a href=\"http:\/\/www.sport-jedlova.cz\/\">www.sport-en-Jedlova<\/a><\/p>\n<p><img decoding=\"async\" data-src=\"http:\/\/cottage.cz\/wp-content\/uploads\/2017\/07\/cottage_files\/jedlova_adrenalin.jpg\" src=\"data:image\/svg+xml;base64,PHN2ZyB3aWR0aD0iMSIgaGVpZ2h0PSIxIiB4bWxucz0iaHR0cDovL3d3dy53My5vcmcvMjAwMC9zdmciPjwvc3ZnPg==\" class=\"lazyload\" \/><\/p>\n","protected":false},"excerpt":{"rendered":"<p>Szukasz miejsca w Szwajcarii Czeskiej, gdzie mo\u017cna podnie\u015b\u0107 poziom adrenaliny w organizmie? masz \u201cnevybyt\u00e9\u201d dzieci? sprawdza\u0107\u00a0Ji\u0159et\u00edn pod Jedlovou, i przytrzyma\u0107 kierunek Tolsztejn. Wtedy \u0142atwo dotrze\u0107 do adrenaliny Fir Park, Atrakcje gdzie ko\u0144c\u00f3wka: gigant hu\u015btawka, \u015bcianka wspinaczkowa, Zjazd na w\u00f3zki lub skutery i centrum Cable. Obszar obejmuje napoje. Mog\u0119 zagwarantowa\u0107,, \u017ce dzieci ch\u0119tnie po wizycie atrakcji [&hellip;]<\/p>\n","protected":false},"author":4,"featured_media":0,"parent":0,"menu_order":0,"comment_status":"closed","ping_status":"closed","template":"","meta":{"_monsterinsights_skip_tracking":false,"_monsterinsights_sitenote_active":false,"_monsterinsights_sitenote_note":"","_monsterinsights_sitenote_category":0,"ngg_post_thumbnail":0,"footnotes":""},"class_list":["post-19738","page","type-page","status-publish","hentry"],"aioseo_notices":[],"_links":{"self":[{"href":"https:\/\/cottage.cz\/pl\/wp-json\/wp\/v2\/pages\/19738","targetHints":{"allow":["GET"]}}],"collection":[{"href":"https:\/\/cottage.cz\/pl\/wp-json\/wp\/v2\/pages"}],"about":[{"href":"https:\/\/cottage.cz\/pl\/wp-json\/wp\/v2\/types\/page"}],"author":[{"embeddable":true,"href":"https:\/\/cottage.cz\/pl\/wp-json\/wp\/v2\/users\/4"}],"replies":[{"embeddable":true,"href":"https:\/\/cottage.cz\/pl\/wp-json\/wp\/v2\/comments?post=19738"}],"version-history":[{"count":1,"href":"https:\/\/cottage.cz\/pl\/wp-json\/wp\/v2\/pages\/19738\/revisions"}],"predecessor-version":[{"id":19739,"href":"https:\/\/cottage.cz\/pl\/wp-json\/wp\/v2\/pages\/19738\/revisions\/19739"}],"wp:attachment":[{"href":"https:\/\/cottage.cz\/pl\/wp-json\/wp\/v2\/media?parent=19738"}],"curies":[{"name":"wp","href":"https:\/\/api.w.org\/{rel}","templated":true}]}}