{"id":19727,"date":"2017-06-26T10:23:17","date_gmt":"2017-06-26T08:23:17","guid":{"rendered":"https:\/\/cottage.napokusy.cz\/35-2\/"},"modified":"2024-03-16T14:16:31","modified_gmt":"2024-03-16T13:16:31","slug":"35-2","status":"publish","type":"page","link":"https:\/\/cottage.cz\/pl\/","title":{"rendered":""},"content":{"rendered":"<div class=\"row\">\n<div class=\"col-md-4\">\n<h3>Chalupa Bohemian COTTAGE<\/h3>\n<p><a href=\"http:\/\/cottage.cz\/krasna-lipa\/chalupa-bohemian-cottage\/\"><img decoding=\"async\" class=\"widgetimg lazyload\" data-src=\"http:\/\/cottage.cz\/wp-content\/uploads\/2017\/12\/chaloupka_1-1024x683.jpg\" src=\"data:image\/svg+xml;base64,PHN2ZyB3aWR0aD0iMSIgaGVpZ2h0PSIxIiB4bWxucz0iaHR0cDovL3d3dy53My5vcmcvMjAwMC9zdmciPjwvc3ZnPg==\" style=\"--smush-placeholder-width: 1024px; --smush-placeholder-aspect-ratio: 1024\/683;\"><\/a><\/p>\n[tp lang=&#8221;cs&#8221; not_in=&#8221;en,de&#8221;]\nVoln\u00e9 term\u00edny na l\u00e9to 2024. Doporu\u010duji pro 2-4 rodiny s d\u011btmi.<\/p>\n<p>Zahrada, Grill, Terasa. <a href=\"http:\/\/cottage.cz\/krasna-lipa\/chalupa-bohemian-cottage\/\">V\u00edce zde &#8230;<\/a><\/p>\n[\/tp]\n[tp lang=&#8221;en&#8221; not_in=&#8221;de,cs&#8221;]\n<strong>Still FREE for autumn and winter<\/strong>. &nbsp;Reccomend for 2 family with kids<br \/>\ngarden, grill swimming poll&nbsp;<em><a href=\"http:\/\/cottage.cz\/accommodation-bohemian-switzerland\/bungalov-podluzi\/?lang=en\">More &#8230;<\/a><\/em>&nbsp;&#8230;<\/p>\n[\/tp]\n[tp lang=&#8221;de&#8221; not_in=&#8221;en,cs&#8221;]\nFreie Termine f\u00fcr den Herbst. Ich empfahl f\u00fcr 2 Familien mit Kindern.<br \/>\nGarten, Grill, Terrasse.<\/p>\n[\/tp]\n<\/div>\n<div class=\"col-md-4\">\n[tp lang=&#8221;cs&#8221; not_in=&#8221;en,de&#8221;]\n<h3>P\u016fj\u010dovna je otev\u0159ena denn\u011b<\/h3>\n[\/tp]\n[tp lang=&#8221;en&#8221; not_in=&#8221;de,cs&#8221;]\n<h3><a title=\"Rental Cottage\" href=\"http:\/\/cottage.cz\/pujcovna\/?lang=en\">Rental &#8211; Open every day<\/a><\/h3>\n[\/tp]\n[tp lang=&#8221;de&#8221; not_in=&#8221;en,cs&#8221;]\n<h3><a title=\"Mieten Sie ein Fahrrad in der B\u00f6hmisch Schweiz\" href=\"http:\/\/cottage.cz\/verleih\/?lang=de\">Verleih 7 Tage die Woche.<\/a><\/h3>\n[\/tp]\n<p><a href=\"http:\/\/cottage.cz\/pujcovna\/\"><img decoding=\"async\" class=\"widgetimg lazyload\" data-src=\"http:\/\/www.cottage.cz\/files\/pujcovna.jpg\" src=\"data:image\/svg+xml;base64,PHN2ZyB3aWR0aD0iMSIgaGVpZ2h0PSIxIiB4bWxucz0iaHR0cDovL3d3dy53My5vcmcvMjAwMC9zdmciPjwvc3ZnPg==\"><\/a><\/p>\n[tp lang=&#8221;cs&#8221; not_in=&#8221;en,de&#8221;]\nP\u016fj\u010dujeme kola, ekola, dvojkolo, kolob\u011b\u017eky, voz\u00edk, a dal\u0161\u00ed&#8230;<\/p>\n<p>Dovezeme a\u017e k m\u00edstu va\u0161eho ubytov\u00e1n\u00ed. <a href=\"http:\/\/cottage.cz\/pujcovna\/\">V\u00edce zde&#8230;<\/a><\/p>\n[\/tp]\n[tp lang=&#8221;en&#8221; not_in=&#8221;de,cs&#8221;]\nCome to Bohemian Switzerland by car.&nbsp;<strong>Rent e-bike<\/strong>&nbsp;and lets go to discover natural secret of the National park. <a href=\"http:\/\/cottage.cz\/pujcovna\/?lang=en\">More&#8230;<\/a><\/p>\n[\/tp]\n[tp lang=&#8221;de&#8221; not_in=&#8221;en,cs&#8221;]\nKommen Sie nach Krasna Lipa Auto, mieten Sie ein E-Bike und genie\u00dfen Sie die geheime Natur des Nationalparks B\u00f6hmische Schweiz.<\/p>\n[\/tp]\n<\/div>\n<div class=\"col-md-4\">\n[ipc_eme]\n<\/div>\n<\/div>\n","protected":false},"excerpt":{"rendered":"","protected":false},"author":4,"featured_media":0,"parent":0,"menu_order":0,"comment_status":"closed","ping_status":"closed","template":"template-advanced-layout.php","meta":{"_monsterinsights_skip_tracking":false,"_monsterinsights_sitenote_active":false,"_monsterinsights_sitenote_note":"","_monsterinsights_sitenote_category":0,"ngg_post_thumbnail":0,"footnotes":""},"class_list":["post-19727","page","type-page","status-publish","hentry"],"aioseo_notices":[],"_links":{"self":[{"href":"https:\/\/cottage.cz\/pl\/wp-json\/wp\/v2\/pages\/19727","targetHints":{"allow":["GET"]}}],"collection":[{"href":"https:\/\/cottage.cz\/pl\/wp-json\/wp\/v2\/pages"}],"about":[{"href":"https:\/\/cottage.cz\/pl\/wp-json\/wp\/v2\/types\/page"}],"author":[{"embeddable":true,"href":"https:\/\/cottage.cz\/pl\/wp-json\/wp\/v2\/users\/4"}],"replies":[{"embeddable":true,"href":"https:\/\/cottage.cz\/pl\/wp-json\/wp\/v2\/comments?post=19727"}],"version-history":[{"count":1,"href":"https:\/\/cottage.cz\/pl\/wp-json\/wp\/v2\/pages\/19727\/revisions"}],"predecessor-version":[{"id":21834,"href":"https:\/\/cottage.cz\/pl\/wp-json\/wp\/v2\/pages\/19727\/revisions\/21834"}],"wp:attachment":[{"href":"https:\/\/cottage.cz\/pl\/wp-json\/wp\/v2\/media?parent=19727"}],"curies":[{"name":"wp","href":"https:\/\/api.w.org\/{rel}","templated":true}]}}