{"id":27562,"date":"2025-09-17T08:51:27","date_gmt":"2025-09-17T06:51:27","guid":{"rendered":"https:\/\/cottage.cz\/?page_id=27562"},"modified":"2025-12-14T17:08:05","modified_gmt":"2025-12-14T16:08:05","slug":"teambuilding-in-bohemian-switzerland","status":"publish","type":"page","link":"https:\/\/cottage.cz\/en\/teambuilding-in-bohemian-switzerland\/","title":{"rendered":"Teambuilding in Bohemian Switzerland"},"content":{"rendered":"\n<p>Teambuilding in Bohemian Switzerland &#8211; an ideal choice for small companies<br><br>Bohemia Cottage, located in the heart of Bohemian Switzerland near Kr\u00e1sn\u00e1 L\u00edpa, is a great place to organize teambuilding in a small friendly team. It combines a peaceful natural environment that inspires creative work with quality facilities &#8211; <a href=\"https:\/\/cottage.cz\/en\/natural-private-wellness\/\" title=\"Natural private wellness\">private wellness<\/a> (hot tub, <a href=\"https:\/\/cottage.cz\/en\/natural-private-wellness\/\" title=\"\">2 saunas<\/a>), yoga hall (comfortable lecture space with custom seating).<br><br>Your employees will certainly appreciate our homemade vegetarian food. Peace and natural atmosphere allow concentration, relaxation and creative work.<br><br>Capacity (<a href=\"https:\/\/cottage.cz\/en\/accommodation\/\" title=\"\">4 apartments, up to 17 beds<\/a>) and a <a href=\"https:\/\/cottage.cz\/en\/rezervace\/maringotka-tiny-house\/\" title=\"\">tiny house<\/a>.<br>&#8211; a flipchart, projector, coffee, tea, water are available<br>&#8211; the possibility of supplementing your program with a guided trip, Nordic walking, yoga, sauna ritual, &#8230;<br><br>To reserve the entire facility and find a suitable date, please see <a href=\"https:\/\/cottage.cz\/en\/rezervace\/whole-bohemian-cottage\/\" title=\"\">here<\/a>.<\/p>\n\n\n\n<p><\/p>\n\n\n\nngg_shortcode_0_placeholder\n","protected":false},"excerpt":{"rendered":"<p>Teambuilding in Bohemian Switzerland &#8211; an ideal choice for small companies Bohemia Cottage, located in the heart of Bohemian Switzerland near Kr\u00e1sn\u00e1 L\u00edpa, is a great place to organize teambuilding in a small friendly team. It combines a peaceful natural environment that inspires creative work with quality facilities &#8211; private wellness (hot tub, 2 saunas), [&hellip;]<\/p>\n","protected":false},"author":2,"featured_media":27308,"parent":0,"menu_order":0,"comment_status":"closed","ping_status":"closed","template":"","meta":{"_monsterinsights_skip_tracking":false,"_monsterinsights_sitenote_active":false,"_monsterinsights_sitenote_note":"","_monsterinsights_sitenote_category":0,"ngg_post_thumbnail":0,"footnotes":""},"class_list":["post-27562","page","type-page","status-publish","has-post-thumbnail","hentry"],"aioseo_notices":[],"_links":{"self":[{"href":"https:\/\/cottage.cz\/en\/wp-json\/wp\/v2\/pages\/27562","targetHints":{"allow":["GET"]}}],"collection":[{"href":"https:\/\/cottage.cz\/en\/wp-json\/wp\/v2\/pages"}],"about":[{"href":"https:\/\/cottage.cz\/en\/wp-json\/wp\/v2\/types\/page"}],"author":[{"embeddable":true,"href":"https:\/\/cottage.cz\/en\/wp-json\/wp\/v2\/users\/2"}],"replies":[{"embeddable":true,"href":"https:\/\/cottage.cz\/en\/wp-json\/wp\/v2\/comments?post=27562"}],"version-history":[{"count":3,"href":"https:\/\/cottage.cz\/en\/wp-json\/wp\/v2\/pages\/27562\/revisions"}],"predecessor-version":[{"id":28170,"href":"https:\/\/cottage.cz\/en\/wp-json\/wp\/v2\/pages\/27562\/revisions\/28170"}],"wp:featuredmedia":[{"embeddable":true,"href":"https:\/\/cottage.cz\/en\/wp-json\/wp\/v2\/media\/27308"}],"wp:attachment":[{"href":"https:\/\/cottage.cz\/en\/wp-json\/wp\/v2\/media?parent=27562"}],"curies":[{"name":"wp","href":"https:\/\/api.w.org\/{rel}","templated":true}]}}