{"id":24139,"date":"2024-11-26T08:30:34","date_gmt":"2024-11-26T07:30:34","guid":{"rendered":"https:\/\/cottage.cz\/?page_id=24139"},"modified":"2025-07-18T10:18:33","modified_gmt":"2025-07-18T08:18:33","slug":"terms-and-registration","status":"publish","type":"page","link":"https:\/\/cottage.cz\/en\/hardening-sauna\/terms-and-registration\/","title":{"rendered":"Terms and registration"},"content":{"rendered":"\n<p class=\"has-text-align-center\">Do you want to be a member of the club and visit Otu\u017eov\u00e1rna? <br>1.Read the terms and conditions<br>2. Payment anual fee by QR<br>3. Registreted and we will send you other instruction<\/p>\n\n\n\n<figure class=\"wp-block-image size-full\"><img decoding=\"async\" width=\"300\" height=\"300\" data-src=\"https:\/\/cottage.cz\/wp-content\/uploads\/2025\/07\/frame-1.png\" alt=\"\" class=\"wp-image-27268 lazyload\" data-srcset=\"https:\/\/cottage.cz\/wp-content\/uploads\/2025\/07\/frame-1.png 300w, https:\/\/cottage.cz\/wp-content\/uploads\/2025\/07\/frame-1-150x150.png 150w, https:\/\/cottage.cz\/wp-content\/uploads\/2025\/07\/frame-1-45x45.png 45w\" data-sizes=\"(max-width: 300px) 100vw, 300px\" src=\"data:image\/svg+xml;base64,PHN2ZyB3aWR0aD0iMSIgaGVpZ2h0PSIxIiB4bWxucz0iaHR0cDovL3d3dy53My5vcmcvMjAwMC9zdmciPjwvc3ZnPg==\" style=\"--smush-placeholder-width: 300px; --smush-placeholder-aspect-ratio: 300\/300;\" \/><\/figure>\n\n\n\n<figure class=\"wp-block-table\"><table><tbody><tr><td><style id=\"wpforms-css-vars-22479\">\n\t\t\t\t#wpforms-22479 {\n\t\t\t\t--wpforms-container-padding: 0px;\n--wpforms-container-border-width: 1px;\n--wpforms-container-border-radius: 3px;\n--wpforms-background-color: rgba(0, 0, 0, 0);\n--wpforms-field-size-input-height: 43px;\n--wpforms-field-size-input-spacing: 15px;\n--wpforms-field-size-font-size: 16px;\n--wpforms-field-size-line-height: 19px;\n--wpforms-field-size-padding-h: 14px;\n--wpforms-field-size-checkbox-size: 16px;\n--wpforms-field-size-sublabel-spacing: 5px;\n--wpforms-field-size-icon-size: 1;\n--wpforms-label-size-font-size: 16px;\n--wpforms-label-size-line-height: 19px;\n--wpforms-label-size-sublabel-font-size: 14px;\n--wpforms-label-size-sublabel-line-height: 17px;\n--wpforms-button-size-font-size: 17px;\n--wpforms-button-size-height: 41px;\n--wpforms-button-size-padding-h: 15px;\n--wpforms-button-size-margin-top: 10px;\n--wpforms-container-shadow-size-box-shadow: none;\n\t\t\t}\n\t\t\t<\/style><div class=\"wpforms-container wpforms-container-full wpforms-render-modern\" id=\"wpforms-22479\"><form id=\"wpforms-form-22479\" class=\"wpforms-validate wpforms-form wpforms-ajax-form\" data-formid=\"22479\" method=\"post\" enctype=\"multipart\/form-data\" action=\"\/en\/wp-json\/wp\/v2\/pages\/24139\" data-token=\"c783be5caec8c8139b8ff8483ceb6e48\" data-token-time=\"1775646620\"><noscript class=\"wpforms-error-noscript\">Please enable JavaScript in your browser to complete this form.<\/noscript><div id=\"wpforms-error-noscript\" style=\"display: none;\">Please enable JavaScript in your browser to complete this form.<\/div><div class=\"wpforms-field-container\"><div id=\"wpforms-22479-field_1-container\" class=\"wpforms-field wpforms-field-name\" data-field-id=\"1\"><fieldset><legend class=\"wpforms-field-label\">Name <span class=\"wpforms-required-label\" aria-hidden=\"true\">*<\/span><\/legend><div class=\"wpforms-field-row wpforms-field-medium\"><div class=\"wpforms-field-row-block wpforms-first wpforms-one-half\"><input type=\"text\" id=\"wpforms-22479-field_1\" class=\"wpforms-field-name-first wpforms-field-required\" name=\"wpforms[fields][1][first]\" aria-errormessage=\"wpforms-22479-field_1-error\" required><label for=\"wpforms-22479-field_1\" class=\"wpforms-field-sublabel after\">First<\/label><\/div><div class=\"wpforms-field-row-block wpforms-one-half\"><input type=\"text\" id=\"wpforms-22479-field_1-last\" class=\"wpforms-field-name-last wpforms-field-required\" name=\"wpforms[fields][1][last]\" aria-errormessage=\"wpforms-22479-field_1-last-error\" required><label for=\"wpforms-22479-field_1-last\" class=\"wpforms-field-sublabel after\">Last<\/label><\/div><\/div><\/fieldset><\/div><div id=\"wpforms-22479-field_7-container\" class=\"wpforms-field wpforms-field-email\" data-field-id=\"7\"><label class=\"wpforms-field-label\" for=\"wpforms-22479-field_7\">Email <span class=\"wpforms-required-label\" aria-hidden=\"true\">*<\/span><\/label><input type=\"email\" id=\"wpforms-22479-field_7\" class=\"wpforms-field-medium wpforms-field-required\" name=\"wpforms[fields][7]\" spellcheck=\"false\" aria-errormessage=\"wpforms-22479-field_7-error\" required><\/div><div id=\"wpforms-22479-field_12-container\" class=\"wpforms-field wpforms-field-text\" data-field-id=\"12\"><label class=\"wpforms-field-label\" for=\"wpforms-22479-field_12\">Phone number: <span class=\"wpforms-required-label\" aria-hidden=\"true\">*<\/span><\/label><input type=\"text\" id=\"wpforms-22479-field_12\" class=\"wpforms-field-medium wpforms-field-required\" name=\"wpforms[fields][12]\" aria-errormessage=\"wpforms-22479-field_12-error\" required><\/div><div id=\"wpforms-22479-field_11-container\" class=\"wpforms-field wpforms-field-checkbox wpforms-list-inline\" data-field-id=\"11\"><fieldset><legend class=\"wpforms-field-label\">Agree with status <span class=\"wpforms-required-label\" aria-hidden=\"true\">*<\/span><\/legend><ul id=\"wpforms-22479-field_11\" class=\"wpforms-field-required\"><li class=\"choice-1 depth-1\"><input type=\"checkbox\" id=\"wpforms-22479-field_11_1\" name=\"wpforms[fields][11][]\" value=\".\" aria-errormessage=\"wpforms-22479-field_11_1-error\" required ><label class=\"wpforms-field-label-inline\" for=\"wpforms-22479-field_11_1\">.<\/label><\/li><\/ul><\/fieldset><\/div><div id=\"wpforms-22479-field_10-container\" class=\"wpforms-field wpforms-field-payment-single\" data-field-id=\"10\"><label class=\"wpforms-field-label\">Registation <span class=\"wpforms-required-label\" aria-hidden=\"true\">*<\/span><\/label><div class=\"wpforms-single-item-price-content\"><div class=\"wpforms-single-item-price wpforms-field-medium wpforms-field-required wpforms-payment-price\">Cena: <span class=\"wpforms-price\">100,00 &#075;&#269;<\/span><\/div><\/div><input type=\"hidden\" id=\"wpforms-22479-field_10\" class=\"wpforms-field-medium wpforms-field-required wpforms-payment-price\" data-rule-required-positive-number=\"1\" name=\"wpforms[fields][10]\" value=\"100,00 &#075;&#269;\"><\/div><\/div><!-- .wpforms-field-container --><input type=\"hidden\" name=\"nlang\" value=\"en\"><div class=\"wpforms-submit-container\" ><input type=\"hidden\" name=\"wpforms[id]\" value=\"22479\"><input type=\"hidden\" name=\"page_title\" value=\"\"><input type=\"hidden\" name=\"page_url\" value=\"https:\/\/cottage.cz\/en\/wp-json\/wp\/v2\/pages\/24139\"><input type=\"hidden\" name=\"url_referer\" value=\"\"><button type=\"submit\" name=\"wpforms[submit]\" id=\"wpforms-submit-22479\" class=\"wpforms-submit\" data-alt-text=\"Sending ...\" data-submit-text=\"Send\" aria-live=\"assertive\" value=\"wpforms-submit\">Send<\/button><img decoding=\"async\" data-src=\"https:\/\/cottage.cz\/wp-content\/plugins\/wpforms-lite\/assets\/images\/submit-spin.svg\" class=\"wpforms-submit-spinner lazyload\" style=\"--smush-placeholder-width: 26px; --smush-placeholder-aspect-ratio: 26\/26;display: none;\" width=\"26\" height=\"26\" alt=\"Loading\" src=\"data:image\/svg+xml;base64,PHN2ZyB3aWR0aD0iMSIgaGVpZ2h0PSIxIiB4bWxucz0iaHR0cDovL3d3dy53My5vcmcvMjAwMC9zdmciPjwvc3ZnPg==\"><\/div><\/form><\/div>  <!-- .wpforms-container --><\/td><\/tr><\/tbody><\/table><\/figure>\n\n\n\n<p><strong>States of the private club Otu\u017eov\u00e1rna:<\/strong><\/p>\n\n\n\n<p>The private club Otu\u017eov\u00e1rna was founded to connect sport and culture. Its goal is to bring together a community of hardy people and sauna enthusiasts, nature lovers, alternative lifestyles and culture.<\/p>\n\n\n\n<p>The Otu\u017eov\u00e1rna and adjacent spaces are a private facility operated only for club members for the purpose of relaxation.<\/p>\n\n\n\n<p>Anyone who registers and is registered in the database can become a member of our club. The member is obliged to pay the relevant <strong>annual membership fee of 100 CZK<\/strong> for club activities (QR payment registration).<\/p>\n\n\n\n<p>Sauna rate 1000 CZK\/max. 4 persons, for approx. 3 hours, each additional 250 CZK\/person (QR payment upon entering the sauna). QR payment will be send it.<\/p>\n\n\n\n<p>The Otuzovarna is open from 8 am to 10 pm. <strong>It have to be reserved privately.<\/strong><\/p>\n\n\n\n<p>The club member undertakes to comply with all laws and generally and locally binding legal regulations valid in the Czech Republic in the premises of the Otu\u017eov\u00e1rna and its surrounding area.<\/p>\n\n\n\n<p>Club members are responsible for their health.<\/p>\n\n\n\n<p>Membership expires automatically after one year from registration.<\/p>\n\n\n\n<p>If a club member violates any of the above club rules, his membership will immediately expire.<\/p>\n\n\n\n<p><\/p>\n","protected":false},"excerpt":{"rendered":"<p>Do you want to be a member of the club and visit Otu\u017eov\u00e1rna? 1.Read the terms and conditions2. Payment anual fee by QR3. Registreted and we will send you other instruction States of the private club Otu\u017eov\u00e1rna: The private club Otu\u017eov\u00e1rna was founded to connect sport and culture. Its goal is to bring together a [&hellip;]<\/p>\n","protected":false},"author":2,"featured_media":23817,"parent":20326,"menu_order":0,"comment_status":"closed","ping_status":"closed","template":"","meta":{"_monsterinsights_skip_tracking":false,"_monsterinsights_sitenote_active":false,"_monsterinsights_sitenote_note":"","_monsterinsights_sitenote_category":0,"ngg_post_thumbnail":0,"footnotes":""},"class_list":["post-24139","page","type-page","status-publish","has-post-thumbnail","hentry"],"aioseo_notices":[],"_links":{"self":[{"href":"https:\/\/cottage.cz\/en\/wp-json\/wp\/v2\/pages\/24139","targetHints":{"allow":["GET"]}}],"collection":[{"href":"https:\/\/cottage.cz\/en\/wp-json\/wp\/v2\/pages"}],"about":[{"href":"https:\/\/cottage.cz\/en\/wp-json\/wp\/v2\/types\/page"}],"author":[{"embeddable":true,"href":"https:\/\/cottage.cz\/en\/wp-json\/wp\/v2\/users\/2"}],"replies":[{"embeddable":true,"href":"https:\/\/cottage.cz\/en\/wp-json\/wp\/v2\/comments?post=24139"}],"version-history":[{"count":7,"href":"https:\/\/cottage.cz\/en\/wp-json\/wp\/v2\/pages\/24139\/revisions"}],"predecessor-version":[{"id":27271,"href":"https:\/\/cottage.cz\/en\/wp-json\/wp\/v2\/pages\/24139\/revisions\/27271"}],"up":[{"embeddable":true,"href":"https:\/\/cottage.cz\/en\/wp-json\/wp\/v2\/pages\/20326"}],"wp:featuredmedia":[{"embeddable":true,"href":"https:\/\/cottage.cz\/en\/wp-json\/wp\/v2\/media\/23817"}],"wp:attachment":[{"href":"https:\/\/cottage.cz\/en\/wp-json\/wp\/v2\/media?parent=24139"}],"curies":[{"name":"wp","href":"https:\/\/api.w.org\/{rel}","templated":true}]}}