{"id":20784,"date":"2024-01-02T19:15:56","date_gmt":"2024-01-02T18:15:56","guid":{"rendered":"https:\/\/cottage.napokusy.cz\/?page_id=20784"},"modified":"2024-01-02T19:15:59","modified_gmt":"2024-01-02T18:15:59","slug":"webcam-krasna-lipa-luzicke-mountains","status":"publish","type":"page","link":"https:\/\/cottage.cz\/en\/webcam-krasna-lipa-luzicke-mountains\/","title":{"rendered":"Web Cam"},"content":{"rendered":"<img decoding=\"async\" data-src=\"\/vivo\/fotka.jpg\" style=\"border: 1px solid black;\" alt=\"Pohled na Lu\u017eick\u00e9 Hory z Kr\u00e1sn\u00e9 L\u00edpy\" src=\"data:image\/svg+xml;base64,PHN2ZyB3aWR0aD0iMSIgaGVpZ2h0PSIxIiB4bWxucz0iaHR0cDovL3d3dy53My5vcmcvMjAwMC9zdmciPjwvc3ZnPg==\" class=\"lazyload\" \/>\n<p>The webcam is located on the Rock near Horka Krasna Lipa in altitude 480 m. overlooking the beautiful Lipa Lusetian Mountains and the mountain Jedlov\u00e1. Photos are updated every minute.<\/p>\n","protected":false},"excerpt":{"rendered":"<p>The webcam is located on the Rock near Horka Krasna Lipa in altitude 480 m. overlooking the beautiful Lipa Lusetian Mountains and the mountain Jedlov\u00e1. Photos are updated every minute.<\/p>\n","protected":false},"author":4,"featured_media":13824,"parent":0,"menu_order":0,"comment_status":"closed","ping_status":"closed","template":"","meta":{"_monsterinsights_skip_tracking":false,"_monsterinsights_sitenote_active":false,"_monsterinsights_sitenote_note":"","_monsterinsights_sitenote_category":0,"ngg_post_thumbnail":0,"footnotes":""},"class_list":["post-20784","page","type-page","status-publish","has-post-thumbnail","hentry"],"aioseo_notices":[],"_links":{"self":[{"href":"https:\/\/cottage.cz\/en\/wp-json\/wp\/v2\/pages\/20784","targetHints":{"allow":["GET"]}}],"collection":[{"href":"https:\/\/cottage.cz\/en\/wp-json\/wp\/v2\/pages"}],"about":[{"href":"https:\/\/cottage.cz\/en\/wp-json\/wp\/v2\/types\/page"}],"author":[{"embeddable":true,"href":"https:\/\/cottage.cz\/en\/wp-json\/wp\/v2\/users\/4"}],"replies":[{"embeddable":true,"href":"https:\/\/cottage.cz\/en\/wp-json\/wp\/v2\/comments?post=20784"}],"version-history":[{"count":1,"href":"https:\/\/cottage.cz\/en\/wp-json\/wp\/v2\/pages\/20784\/revisions"}],"predecessor-version":[{"id":20785,"href":"https:\/\/cottage.cz\/en\/wp-json\/wp\/v2\/pages\/20784\/revisions\/20785"}],"wp:featuredmedia":[{"embeddable":true,"href":"https:\/\/cottage.cz\/en\/wp-json\/wp\/v2\/media\/13824"}],"wp:attachment":[{"href":"https:\/\/cottage.cz\/en\/wp-json\/wp\/v2\/media?parent=20784"}],"curies":[{"name":"wp","href":"https:\/\/api.w.org\/{rel}","templated":true}]}}