{"id":20675,"date":"2024-01-02T13:47:25","date_gmt":"2024-01-02T12:47:25","guid":{"rendered":"https:\/\/cottage.napokusy.cz\/?page_id=20675"},"modified":"2024-01-02T13:56:50","modified_gmt":"2024-01-02T12:56:50","slug":"glass-museum-novy-bor","status":"publish","type":"page","link":"https:\/\/cottage.cz\/en\/glass-museum-novy-bor\/","title":{"rendered":"Glass museum Nov\u00fd Bor"},"content":{"rendered":"\n\n\n<figure class=\"wp-block-gallery has-nested-images columns-default is-cropped wp-block-gallery-1 is-layout-flex wp-block-gallery-is-layout-flex\">\n<figure class=\"wp-block-image size-large\"><img decoding=\"async\" width=\"1024\" height=\"576\" data-id=\"8977\" data-src=\"https:\/\/www.cottage.cz\/wp-content\/uploads\/2022\/02\/20220129_120142-1024x576.jpg\" alt=\"\" class=\"wp-image-8977 lazyload\" data-srcset=\"https:\/\/cottage.cz\/wp-content\/uploads\/2022\/02\/20220129_120142-1024x576.jpg 1024w, https:\/\/cottage.cz\/wp-content\/uploads\/2022\/02\/20220129_120142-300x169.jpg 300w, https:\/\/cottage.cz\/wp-content\/uploads\/2022\/02\/20220129_120142-768x432.jpg 768w, https:\/\/cottage.cz\/wp-content\/uploads\/2022\/02\/20220129_120142-1536x864.jpg 1536w, https:\/\/cottage.cz\/wp-content\/uploads\/2022\/02\/20220129_120142-2048x1152.jpg 2048w\" data-sizes=\"(max-width: 1024px) 100vw, 1024px\" src=\"data:image\/svg+xml;base64,PHN2ZyB3aWR0aD0iMSIgaGVpZ2h0PSIxIiB4bWxucz0iaHR0cDovL3d3dy53My5vcmcvMjAwMC9zdmciPjwvc3ZnPg==\" style=\"--smush-placeholder-width: 1024px; --smush-placeholder-aspect-ratio: 1024\/576;\" \/><\/figure>\n\n\n\n<figure class=\"wp-block-image size-large\"><img decoding=\"async\" width=\"576\" height=\"1024\" data-id=\"8975\" data-src=\"https:\/\/www.cottage.cz\/wp-content\/uploads\/2022\/02\/20220129_115040-576x1024.jpg\" alt=\"\" class=\"wp-image-8975 lazyload\" data-srcset=\"https:\/\/cottage.cz\/wp-content\/uploads\/2022\/02\/20220129_115040-576x1024.jpg 576w, https:\/\/cottage.cz\/wp-content\/uploads\/2022\/02\/20220129_115040-169x300.jpg 169w, https:\/\/cottage.cz\/wp-content\/uploads\/2022\/02\/20220129_115040-768x1365.jpg 768w, https:\/\/cottage.cz\/wp-content\/uploads\/2022\/02\/20220129_115040-864x1536.jpg 864w, https:\/\/cottage.cz\/wp-content\/uploads\/2022\/02\/20220129_115040-1152x2048.jpg 1152w, https:\/\/cottage.cz\/wp-content\/uploads\/2022\/02\/20220129_115040-rotated.jpg 1440w\" data-sizes=\"(max-width: 576px) 100vw, 576px\" src=\"data:image\/svg+xml;base64,PHN2ZyB3aWR0aD0iMSIgaGVpZ2h0PSIxIiB4bWxucz0iaHR0cDovL3d3dy53My5vcmcvMjAwMC9zdmciPjwvc3ZnPg==\" style=\"--smush-placeholder-width: 576px; --smush-placeholder-aspect-ratio: 576\/1024;\" \/><\/figure>\n\n\n\n<figure class=\"wp-block-image size-large\"><img decoding=\"async\" width=\"576\" height=\"1024\" data-id=\"8976\" data-src=\"https:\/\/www.cottage.cz\/wp-content\/uploads\/2022\/02\/20220129_115919-576x1024.jpg\" alt=\"\" class=\"wp-image-8976 lazyload\" data-srcset=\"https:\/\/cottage.cz\/wp-content\/uploads\/2022\/02\/20220129_115919-576x1024.jpg 576w, https:\/\/cottage.cz\/wp-content\/uploads\/2022\/02\/20220129_115919-169x300.jpg 169w, https:\/\/cottage.cz\/wp-content\/uploads\/2022\/02\/20220129_115919-768x1365.jpg 768w, https:\/\/cottage.cz\/wp-content\/uploads\/2022\/02\/20220129_115919-864x1536.jpg 864w, https:\/\/cottage.cz\/wp-content\/uploads\/2022\/02\/20220129_115919-1152x2048.jpg 1152w, https:\/\/cottage.cz\/wp-content\/uploads\/2022\/02\/20220129_115919-rotated.jpg 1440w\" data-sizes=\"(max-width: 576px) 100vw, 576px\" src=\"data:image\/svg+xml;base64,PHN2ZyB3aWR0aD0iMSIgaGVpZ2h0PSIxIiB4bWxucz0iaHR0cDovL3d3dy53My5vcmcvMjAwMC9zdmciPjwvc3ZnPg==\" style=\"--smush-placeholder-width: 576px; --smush-placeholder-aspect-ratio: 576\/1024;\" \/><\/figure>\n\n\n\n<figure class=\"wp-block-image size-large\"><img decoding=\"async\" width=\"1024\" height=\"576\" data-id=\"8972\" data-src=\"https:\/\/www.cottage.cz\/wp-content\/uploads\/2022\/02\/20220129_114221-1024x576.jpg\" alt=\"\" class=\"wp-image-8972 lazyload\" data-srcset=\"https:\/\/cottage.cz\/wp-content\/uploads\/2022\/02\/20220129_114221-1024x576.jpg 1024w, https:\/\/cottage.cz\/wp-content\/uploads\/2022\/02\/20220129_114221-300x169.jpg 300w, https:\/\/cottage.cz\/wp-content\/uploads\/2022\/02\/20220129_114221-768x432.jpg 768w, https:\/\/cottage.cz\/wp-content\/uploads\/2022\/02\/20220129_114221-1536x864.jpg 1536w, https:\/\/cottage.cz\/wp-content\/uploads\/2022\/02\/20220129_114221-2048x1152.jpg 2048w\" data-sizes=\"(max-width: 1024px) 100vw, 1024px\" src=\"data:image\/svg+xml;base64,PHN2ZyB3aWR0aD0iMSIgaGVpZ2h0PSIxIiB4bWxucz0iaHR0cDovL3d3dy53My5vcmcvMjAwMC9zdmciPjwvc3ZnPg==\" style=\"--smush-placeholder-width: 1024px; --smush-placeholder-aspect-ratio: 1024\/576;\" \/><\/figure>\n\n\n\n<figure class=\"wp-block-image size-large\"><img decoding=\"async\" width=\"576\" height=\"1024\" data-id=\"8974\" data-src=\"https:\/\/www.cottage.cz\/wp-content\/uploads\/2022\/02\/20220129_115737-576x1024.jpg\" alt=\"\" class=\"wp-image-8974 lazyload\" data-srcset=\"https:\/\/cottage.cz\/wp-content\/uploads\/2022\/02\/20220129_115737-576x1024.jpg 576w, https:\/\/cottage.cz\/wp-content\/uploads\/2022\/02\/20220129_115737-169x300.jpg 169w, https:\/\/cottage.cz\/wp-content\/uploads\/2022\/02\/20220129_115737-768x1365.jpg 768w, https:\/\/cottage.cz\/wp-content\/uploads\/2022\/02\/20220129_115737-864x1536.jpg 864w, https:\/\/cottage.cz\/wp-content\/uploads\/2022\/02\/20220129_115737-1152x2048.jpg 1152w, https:\/\/cottage.cz\/wp-content\/uploads\/2022\/02\/20220129_115737-rotated.jpg 1440w\" data-sizes=\"(max-width: 576px) 100vw, 576px\" src=\"data:image\/svg+xml;base64,PHN2ZyB3aWR0aD0iMSIgaGVpZ2h0PSIxIiB4bWxucz0iaHR0cDovL3d3dy53My5vcmcvMjAwMC9zdmciPjwvc3ZnPg==\" style=\"--smush-placeholder-width: 576px; --smush-placeholder-aspect-ratio: 576\/1024;\" \/><\/figure>\n\n\n\n<figure class=\"wp-block-image size-large\"><img decoding=\"async\" width=\"576\" height=\"1024\" data-id=\"8973\" data-src=\"https:\/\/www.cottage.cz\/wp-content\/uploads\/2022\/02\/20220129_113918-576x1024.jpg\" alt=\"\" class=\"wp-image-8973 lazyload\" data-srcset=\"https:\/\/cottage.cz\/wp-content\/uploads\/2022\/02\/20220129_113918-576x1024.jpg 576w, https:\/\/cottage.cz\/wp-content\/uploads\/2022\/02\/20220129_113918-169x300.jpg 169w, https:\/\/cottage.cz\/wp-content\/uploads\/2022\/02\/20220129_113918-768x1365.jpg 768w, https:\/\/cottage.cz\/wp-content\/uploads\/2022\/02\/20220129_113918-864x1536.jpg 864w, https:\/\/cottage.cz\/wp-content\/uploads\/2022\/02\/20220129_113918-1152x2048.jpg 1152w, https:\/\/cottage.cz\/wp-content\/uploads\/2022\/02\/20220129_113918-rotated.jpg 1440w\" data-sizes=\"(max-width: 576px) 100vw, 576px\" src=\"data:image\/svg+xml;base64,PHN2ZyB3aWR0aD0iMSIgaGVpZ2h0PSIxIiB4bWxucz0iaHR0cDovL3d3dy53My5vcmcvMjAwMC9zdmciPjwvc3ZnPg==\" style=\"--smush-placeholder-width: 576px; --smush-placeholder-aspect-ratio: 576\/1024;\" \/><\/figure>\n\n\n\n<figure class=\"wp-block-image size-large\"><img decoding=\"async\" width=\"576\" height=\"1024\" data-id=\"8978\" data-src=\"https:\/\/www.cottage.cz\/wp-content\/uploads\/2022\/02\/20220129_113902-576x1024.jpg\" alt=\"\" class=\"wp-image-8978 lazyload\" data-srcset=\"https:\/\/cottage.cz\/wp-content\/uploads\/2022\/02\/20220129_113902-576x1024.jpg 576w, https:\/\/cottage.cz\/wp-content\/uploads\/2022\/02\/20220129_113902-169x300.jpg 169w, https:\/\/cottage.cz\/wp-content\/uploads\/2022\/02\/20220129_113902-768x1365.jpg 768w, https:\/\/cottage.cz\/wp-content\/uploads\/2022\/02\/20220129_113902-864x1536.jpg 864w, https:\/\/cottage.cz\/wp-content\/uploads\/2022\/02\/20220129_113902-1152x2048.jpg 1152w, https:\/\/cottage.cz\/wp-content\/uploads\/2022\/02\/20220129_113902-rotated.jpg 1440w\" data-sizes=\"(max-width: 576px) 100vw, 576px\" src=\"data:image\/svg+xml;base64,PHN2ZyB3aWR0aD0iMSIgaGVpZ2h0PSIxIiB4bWxucz0iaHR0cDovL3d3dy53My5vcmcvMjAwMC9zdmciPjwvc3ZnPg==\" style=\"--smush-placeholder-width: 576px; --smush-placeholder-aspect-ratio: 576\/1024;\" \/><\/figure>\n\n\n\n<figure class=\"wp-block-image size-large\"><img decoding=\"async\" width=\"576\" height=\"1024\" data-id=\"8979\" data-src=\"https:\/\/www.cottage.cz\/wp-content\/uploads\/2022\/02\/20220129_115217-576x1024.jpg\" alt=\"\" class=\"wp-image-8979 lazyload\" data-srcset=\"https:\/\/cottage.cz\/wp-content\/uploads\/2022\/02\/20220129_115217-576x1024.jpg 576w, https:\/\/cottage.cz\/wp-content\/uploads\/2022\/02\/20220129_115217-169x300.jpg 169w, https:\/\/cottage.cz\/wp-content\/uploads\/2022\/02\/20220129_115217-768x1365.jpg 768w, https:\/\/cottage.cz\/wp-content\/uploads\/2022\/02\/20220129_115217-864x1536.jpg 864w, https:\/\/cottage.cz\/wp-content\/uploads\/2022\/02\/20220129_115217-1152x2048.jpg 1152w, https:\/\/cottage.cz\/wp-content\/uploads\/2022\/02\/20220129_115217-rotated.jpg 1440w\" data-sizes=\"(max-width: 576px) 100vw, 576px\" src=\"data:image\/svg+xml;base64,PHN2ZyB3aWR0aD0iMSIgaGVpZ2h0PSIxIiB4bWxucz0iaHR0cDovL3d3dy53My5vcmcvMjAwMC9zdmciPjwvc3ZnPg==\" style=\"--smush-placeholder-width: 576px; --smush-placeholder-aspect-ratio: 576\/1024;\" \/><\/figure>\n<\/figure>\n\n\n\n<p>The museum is located on the main square in the glass town of Nov\u00fd Bor. The museum is located on the main square in the glass town of Nov\u00fd Bor. The museum is located on the main square in the glass town of Nov\u00fd Bor. The museum is located on the main square in the glass town of Nov\u00fd Bor.\u00a0More on the website\u00a0<a href=\"http:\/\/www.glassmuseum.eu\/\" target=\"_blank\" rel=\"noopener\" title=\"\">museums<\/a>.<\/p>\n\n\n\n<p>Contact:<br>Nov\u00fd Bor glass museum<br>organizational component of the City of Nov\u00fd Bor<br>U.S. The museum is located on the main square in the glass town of Nov\u00fd Bor 105<br>473 01 New Bor<\/p>\n\n\n\n<p>TECH ICAL: 00260771<br>The museum is located on the main square in the glass town of Nov\u00fd Bor:&nbsp;CZ00260771<\/p>\n\n\n\n<p>Tel: <a href=\"tel:+420487726196\" title=\"\">+420 487 726 196<\/a><br>e-mail:\u00a0<a href=\"mailto:muzeum@novy-bor.cz\">muzeum@novy-bor.cz<\/a><br><a href=\"https:\/\/www.glassmuseum.eu\" target=\"_blank\" rel=\"noopener\" title=\"\">www.glassmuseum.eu<\/a><\/p>\n\n\n\n<p><\/p>\n","protected":false},"excerpt":{"rendered":"<p>The museum is located on the main square in the glass town of Nov\u00fd Bor. The museum is located on the main square in the glass town of Nov\u00fd Bor. The museum is located on the main square in the glass town of Nov\u00fd Bor. The museum is located on the main square in the [&hellip;]<\/p>\n","protected":false},"author":4,"featured_media":0,"parent":0,"menu_order":0,"comment_status":"closed","ping_status":"closed","template":"","meta":{"_monsterinsights_skip_tracking":false,"_monsterinsights_sitenote_active":false,"_monsterinsights_sitenote_note":"","_monsterinsights_sitenote_category":0,"ngg_post_thumbnail":0,"footnotes":""},"class_list":["post-20675","page","type-page","status-publish","hentry"],"aioseo_notices":[],"_links":{"self":[{"href":"https:\/\/cottage.cz\/en\/wp-json\/wp\/v2\/pages\/20675","targetHints":{"allow":["GET"]}}],"collection":[{"href":"https:\/\/cottage.cz\/en\/wp-json\/wp\/v2\/pages"}],"about":[{"href":"https:\/\/cottage.cz\/en\/wp-json\/wp\/v2\/types\/page"}],"author":[{"embeddable":true,"href":"https:\/\/cottage.cz\/en\/wp-json\/wp\/v2\/users\/4"}],"replies":[{"embeddable":true,"href":"https:\/\/cottage.cz\/en\/wp-json\/wp\/v2\/comments?post=20675"}],"version-history":[{"count":2,"href":"https:\/\/cottage.cz\/en\/wp-json\/wp\/v2\/pages\/20675\/revisions"}],"predecessor-version":[{"id":20684,"href":"https:\/\/cottage.cz\/en\/wp-json\/wp\/v2\/pages\/20675\/revisions\/20684"}],"wp:attachment":[{"href":"https:\/\/cottage.cz\/en\/wp-json\/wp\/v2\/media?parent=20675"}],"curies":[{"name":"wp","href":"https:\/\/api.w.org\/{rel}","templated":true}]}}