{"id":20669,"date":"2024-01-02T13:35:27","date_gmt":"2024-01-02T12:35:27","guid":{"rendered":"https:\/\/cottage.napokusy.cz\/?page_id=20669"},"modified":"2026-02-12T08:49:44","modified_gmt":"2026-02-12T07:49:44","slug":"gardens","status":"publish","type":"page","link":"https:\/\/cottage.cz\/en\/gardens\/","title":{"rendered":"Garden"},"content":{"rendered":"<p style=\"text-align: center;\"><strong>\u201c<span id=\"tr_0\" class=\"tr_\" data-source=\"1\" data-orig=\"kdy\u017e se n\u00e1lada tvo\u0159\u00ed venku\">when the mood is set outside<\/span>\u201d<\/strong><\/p>\n<p style=\"text-align: center;\"><span id=\"tr_1\" class=\"tr_\" data-source=\"1\" data-orig=\"Projd\u011bte se bos\u00ed\">Walk barefoot<\/span>, those are, Lie in the grass,&nbsp;<span id=\"tr_2\" class=\"tr_\" data-source=\"1\" data-orig=\"houpejte se v s\u00edt\u00edch\">swing in nets<\/span>,&nbsp;<span id=\"tr_3\" class=\"tr_\" data-source=\"1\" data-orig=\"\u010dt\u011bte si\">read on<\/span>,&nbsp;<span id=\"tr_4\" class=\"tr_\" data-source=\"1\" data-orig=\"relaxujte na d\u0159ev\u011bn\u00e9 terase\">relax on the wooden terrace<\/span>,&nbsp;<span id=\"tr_5\" class=\"tr_\" data-source=\"1\" data-orig=\"osv\u011b\u017ete se v p\u0159\u00edrodn\u00edm biotopu\">refresh yourself in the natural biotope<\/span>,&nbsp;<span id=\"tr_6\" class=\"tr_\" data-source=\"1\" data-orig=\"pozorujte v\u00e1\u017eky\">watch the dragonflies<\/span>,&nbsp;<span id=\"tr_7\" class=\"tr_\" data-source=\"1\" data-orig=\"promn\u011bte si v ruk\u00e1ch v\u016fni levandul\u00ed\">rub the scent of lavender into your hands<\/span>,&nbsp;<span id=\"tr_8\" class=\"tr_\" data-source=\"1\" data-orig=\"uva\u0159te si v na\u0161\u00ed venkovn\u00ed kuchyni\">cook in our outdoor kitchen<\/span>,&nbsp;<span id=\"tr_9\" class=\"tr_\" data-source=\"1\" data-orig=\"d\u00edvejte se na z\u00e1pad slunce \u010di nebe pln\u00e9 hv\u011bzd\">watch the sunset or the sky full of stars<\/span>.&nbsp;<strong><span id=\"tr_10\" class=\"tr_\" data-source=\"1\" data-orig=\"Inspirujte se\">Get inspired<\/span>\u2026<\/strong><\/p>\n<p style=\"text-align: center;\"><strong><span id=\"tr_11\" class=\"tr_\" data-source=\"1\" data-orig=\"O zahrad\u011b\">About the garden<\/span><\/strong><br>Behave in our garden at home.<br><span id=\"tr_12\" class=\"tr_\" data-source=\"1\" data-orig=\"Zkoumejte\">Explore<\/span>&nbsp;<a href=\"https:\/\/www.cottage.cz\/en\/kcov\/\"><span id=\"tr_13\" class=\"tr_\" data-source=\"1\" data-orig=\"kask\u00e1dovou ko\u0159enovou \u010disti\u010dku\">cascade root cleaner<\/span><\/a>, Peek into the cellar,&nbsp;<span id=\"tr_14\" class=\"tr_\" data-source=\"1\" data-orig=\"pose\u010fte na kamenn\u00e9\">sit on the stone<\/span>&nbsp;<a href=\"https:\/\/www.cottage.cz\/en\/feel\/\"><strong><span id=\"tr_15\" class=\"tr_\" data-source=\"1\" data-orig=\"terase s grilem\">terrace with grill<\/span><\/strong><\/a>, relax on the wooden deck overlooking the countryside,&nbsp;<span id=\"tr_16\" class=\"tr_\" data-source=\"1\" data-orig=\"osv\u011b\u017ete se v\">refresh yourself in<\/span>&nbsp;<strong><span id=\"tr_17\" class=\"tr_\" data-source=\"1\" data-orig=\"p\u0159\u00edrodn\u00ed\">natural<\/span>&nbsp;<a href=\"https:\/\/www.cottage.cz\/en\/natural-wellness\/\"><span id=\"tr_18\" class=\"tr_\" data-source=\"1\" data-orig=\"koupac\u00edm jez\u00edrku\">swimming pool<\/span><\/a><\/strong>&nbsp;(biotope),&nbsp;<span id=\"tr_19\" class=\"tr_\" data-source=\"1\" data-orig=\"p\u0159ivo\u0148te si k\">smell the k<\/span>&nbsp;<strong><span id=\"tr_20\" class=\"tr_\" data-source=\"1\" data-orig=\"bylinkov\u00e9\">herbal<\/span>&nbsp;<\/strong><strong>garden<\/strong>,&nbsp;<strong><span id=\"tr_21\" class=\"tr_\" data-source=\"1\" data-orig=\"zacvi\u010dte si na 42m2 velk\u00e9 terase\">exercise on the 42 m2 large terrace<\/span>.<\/strong><\/p>\nngg_shortcode_0_placeholder\n\n\n<figure class=\"wp-block-image size-large is-resized\"><a href=\"https:\/\/www.cottage.cz\/wp-content\/uploads\/2020\/03\/zahrada_mensi.jpg\" rel=\"lightbox[20669]\"><img decoding=\"async\" width=\"1024\" height=\"673\" data-src=\"https:\/\/www.cottage.cz\/wp-content\/uploads\/2020\/03\/zahrada_mensi-1024x673.jpg\" alt=\"\" class=\"wp-image-7080 lazyload\" style=\"--smush-placeholder-width: 1024px; --smush-placeholder-aspect-ratio: 1024\/673;width:1024px\" data-srcset=\"https:\/\/cottage.cz\/wp-content\/uploads\/2020\/03\/zahrada_mensi-1024x673.jpg 1024w, https:\/\/cottage.cz\/wp-content\/uploads\/2020\/03\/zahrada_mensi-300x197.jpg 300w, https:\/\/cottage.cz\/wp-content\/uploads\/2020\/03\/zahrada_mensi-768x505.jpg 768w, https:\/\/cottage.cz\/wp-content\/uploads\/2020\/03\/zahrada_mensi-1536x1009.jpg 1536w, https:\/\/cottage.cz\/wp-content\/uploads\/2020\/03\/zahrada_mensi.jpg 1800w\" data-sizes=\"(max-width: 1024px) 100vw, 1024px\" src=\"data:image\/svg+xml;base64,PHN2ZyB3aWR0aD0iMSIgaGVpZ2h0PSIxIiB4bWxucz0iaHR0cDovL3d3dy53My5vcmcvMjAwMC9zdmciPjwvc3ZnPg==\" \/><\/a><figcaption class=\"wp-element-caption\">garden plan<\/figcaption><\/figure>\n","protected":false},"excerpt":{"rendered":"<p>\u201cwhen the mood is set outside\u201d Walk barefoot, those are, Lie in the grass,&nbsp;swing in nets,&nbsp;read on,&nbsp;relax on the wooden terrace,&nbsp;refresh yourself in the natural biotope,&nbsp;watch the dragonflies,&nbsp;rub the scent of lavender into your hands,&nbsp;cook in our outdoor kitchen,&nbsp;watch the sunset or the sky full of stars.&nbsp;Get inspired\u2026 About the gardenBehave in our garden at [&hellip;]<\/p>\n","protected":false},"author":4,"featured_media":27066,"parent":0,"menu_order":0,"comment_status":"closed","ping_status":"closed","template":"","meta":{"_monsterinsights_skip_tracking":false,"_monsterinsights_sitenote_active":false,"_monsterinsights_sitenote_note":"","_monsterinsights_sitenote_category":0,"ngg_post_thumbnail":0,"footnotes":""},"class_list":["post-20669","page","type-page","status-publish","has-post-thumbnail","hentry"],"aioseo_notices":[],"_links":{"self":[{"href":"https:\/\/cottage.cz\/en\/wp-json\/wp\/v2\/pages\/20669","targetHints":{"allow":["GET"]}}],"collection":[{"href":"https:\/\/cottage.cz\/en\/wp-json\/wp\/v2\/pages"}],"about":[{"href":"https:\/\/cottage.cz\/en\/wp-json\/wp\/v2\/types\/page"}],"author":[{"embeddable":true,"href":"https:\/\/cottage.cz\/en\/wp-json\/wp\/v2\/users\/4"}],"replies":[{"embeddable":true,"href":"https:\/\/cottage.cz\/en\/wp-json\/wp\/v2\/comments?post=20669"}],"version-history":[{"count":4,"href":"https:\/\/cottage.cz\/en\/wp-json\/wp\/v2\/pages\/20669\/revisions"}],"predecessor-version":[{"id":28762,"href":"https:\/\/cottage.cz\/en\/wp-json\/wp\/v2\/pages\/20669\/revisions\/28762"}],"wp:featuredmedia":[{"embeddable":true,"href":"https:\/\/cottage.cz\/en\/wp-json\/wp\/v2\/media\/27066"}],"wp:attachment":[{"href":"https:\/\/cottage.cz\/en\/wp-json\/wp\/v2\/media?parent=20669"}],"curies":[{"name":"wp","href":"https:\/\/api.w.org\/{rel}","templated":true}]}}