{"id":20547,"date":"2024-01-01T15:08:33","date_gmt":"2024-01-01T14:08:33","guid":{"rendered":"https:\/\/cottage.napokusy.cz\/?page_id=20547"},"modified":"2024-01-01T15:08:35","modified_gmt":"2024-01-01T14:08:35","slug":"reviews","status":"publish","type":"page","link":"https:\/\/cottage.cz\/en\/reviews\/","title":{"rendered":"Reviews"},"content":{"rendered":"<div class=\"pt-cv-wrapper\"><div class=\"pt-cv-view pt-cv-grid pt-cv-colsys pt-cv-sharp-buttons\" id=\"pt-cv-view-9da81908fk\"><div data-id=\"pt-cv-page-1\" class=\"pt-cv-page\" data-cvc=\"2\"><div class=\"col-md-6 col-sm-6 col-xs-12 pt-cv-content-item pt-cv-1-col\"  data-pid=\"20608\"><div class='pt-cv-ifield'><a href=\"https:\/\/cottage.cz\/en\/disconnect-like-this-and-reconnect-i-needed-a-really-long-time\/\" class=\"_self pt-cv-href-thumbnail pt-cv-thumb-default cvplbd\" target=\"_self\" ><img decoding=\"async\" width=\"300\" height=\"225\" data-src=\"https:\/\/cottage.cz\/wp-content\/uploads\/2023\/08\/Melenovi_Bohemian-Cottage-300x225.jpg\" class=\"pt-cv-thumbnail img-none lazyload\" alt=\"Disconnect like this, and reconnect, I needed a really long time\" data-srcset=\"https:\/\/cottage.cz\/wp-content\/uploads\/2023\/08\/Melenovi_Bohemian-Cottage-300x225.jpg 300w, https:\/\/cottage.cz\/wp-content\/uploads\/2023\/08\/Melenovi_Bohemian-Cottage-1024x768.jpg 1024w, https:\/\/cottage.cz\/wp-content\/uploads\/2023\/08\/Melenovi_Bohemian-Cottage-768x576.jpg 768w, https:\/\/cottage.cz\/wp-content\/uploads\/2023\/08\/Melenovi_Bohemian-Cottage-1536x1152.jpg 1536w, https:\/\/cottage.cz\/wp-content\/uploads\/2023\/08\/Melenovi_Bohemian-Cottage-2048x1536.jpg 2048w, https:\/\/cottage.cz\/wp-content\/uploads\/2023\/08\/Melenovi_Bohemian-Cottage-1320x990.jpg 1320w\" data-sizes=\"(max-width: 300px) 100vw, 300px\" src=\"data:image\/svg+xml;base64,PHN2ZyB3aWR0aD0iMSIgaGVpZ2h0PSIxIiB4bWxucz0iaHR0cDovL3d3dy53My5vcmcvMjAwMC9zdmciPjwvc3ZnPg==\" style=\"--smush-placeholder-width: 300px; --smush-placeholder-aspect-ratio: 300\/225;\" \/><\/a>\n<h4 class=\"pt-cv-title\"><a href=\"https:\/\/cottage.cz\/en\/disconnect-like-this-and-reconnect-i-needed-a-really-long-time\/\" class=\"_self cvplbd\" target=\"_self\" >Disconnect like this, and reconnect, I needed a really long time<\/a><\/h4>\n<div class=\"pt-cv-content\">Beautiful day to Bohemian Cottage, greetings (already back from southern Bohemia) and I want to say a big THANK YOU ...<br \/><div class=\"pt-cv-rmwrap\"><a href=\"https:\/\/cottage.cz\/en\/disconnect-like-this-and-reconnect-i-needed-a-really-long-time\/\" class=\"_self pt-cv-readmore btn btn-success cvplbd\" target=\"_self\">Zna\u010dka Pro Pokra\u010dov\u00e1n\u00ed Textu<\/a><\/div><\/div><\/div><\/div>\n<div class=\"col-md-6 col-sm-6 col-xs-12 pt-cv-content-item pt-cv-1-col\"  data-pid=\"21563\"><div class='pt-cv-ifield'><a href=\"https:\/\/cottage.cz\/en\/private-group-tour\/\" class=\"_self pt-cv-href-thumbnail pt-cv-thumb-default cvplbd\" target=\"_self\" ><img decoding=\"async\" width=\"300\" height=\"194\" data-src=\"https:\/\/cottage.cz\/wp-content\/uploads\/2018\/06\/skupinove-vylety_1-300x194.jpg\" class=\"pt-cv-thumbnail img-none lazyload\" alt=\"Private group tour\" data-srcset=\"https:\/\/cottage.cz\/wp-content\/uploads\/2018\/06\/skupinove-vylety_1-300x194.jpg 300w, https:\/\/cottage.cz\/wp-content\/uploads\/2018\/06\/skupinove-vylety_1-768x495.jpg 768w, https:\/\/cottage.cz\/wp-content\/uploads\/2018\/06\/skupinove-vylety_1.jpg 800w\" data-sizes=\"(max-width: 300px) 100vw, 300px\" src=\"data:image\/svg+xml;base64,PHN2ZyB3aWR0aD0iMSIgaGVpZ2h0PSIxIiB4bWxucz0iaHR0cDovL3d3dy53My5vcmcvMjAwMC9zdmciPjwvc3ZnPg==\" style=\"--smush-placeholder-width: 300px; --smush-placeholder-aspect-ratio: 300\/194;\" \/><\/a>\n<h4 class=\"pt-cv-title\"><a href=\"https:\/\/cottage.cz\/en\/private-group-tour\/\" class=\"_self cvplbd\" target=\"_self\" >Private group tour<\/a><\/h4>\n<div class=\"pt-cv-content\">I wrote Mr. Martin, he will arrive with a group of 20 friends aged (35-60 years) in the Bohrmian Switzerland ...<br \/><div class=\"pt-cv-rmwrap\"><a href=\"https:\/\/cottage.cz\/en\/private-group-tour\/\" class=\"_self pt-cv-readmore btn btn-success cvplbd\" target=\"_self\">Zna\u010dka Pro Pokra\u010dov\u00e1n\u00ed Textu<\/a><\/div><\/div><\/div><\/div>\n<div class=\"col-md-6 col-sm-6 col-xs-12 pt-cv-content-item pt-cv-1-col\"  data-pid=\"21544\"><div class='pt-cv-ifield'><a href=\"https:\/\/cottage.cz\/en\/searching-for-the-ideal-place-to-stay-yoga-we-found\/\" class=\"_self pt-cv-href-thumbnail pt-cv-thumb-default cvplbd\" target=\"_self\" ><img decoding=\"async\" width=\"300\" height=\"300\" style=\"--smush-placeholder-width: 300px; --smush-placeholder-aspect-ratio: 300\/300;max-height: 300px;\" data-src=\"https:\/\/cottage.cz\/wp-content\/plugins\/pt-content-views-pro\/public\/assets\/images\/default_image.png\" class=\"pt-cv-thumbnail img-none not-found lazyload\" alt=\"Searching for the ideal place to stay Yoga, we found!!\" src=\"data:image\/svg+xml;base64,PHN2ZyB3aWR0aD0iMSIgaGVpZ2h0PSIxIiB4bWxucz0iaHR0cDovL3d3dy53My5vcmcvMjAwMC9zdmciPjwvc3ZnPg==\" \/><\/a>\n<h4 class=\"pt-cv-title\"><a href=\"https:\/\/cottage.cz\/en\/searching-for-the-ideal-place-to-stay-yoga-we-found\/\" class=\"_self cvplbd\" target=\"_self\" >Searching for the ideal place to stay Yoga, we found!!<\/a><\/h4>\n<div class=\"pt-cv-content\"> ...<br \/><div class=\"pt-cv-rmwrap\"><a href=\"https:\/\/cottage.cz\/en\/searching-for-the-ideal-place-to-stay-yoga-we-found\/\" class=\"_self pt-cv-readmore btn btn-success cvplbd\" target=\"_self\">Zna\u010dka Pro Pokra\u010dov\u00e1n\u00ed Textu<\/a><\/div><\/div><\/div><\/div>\n<div class=\"col-md-6 col-sm-6 col-xs-12 pt-cv-content-item pt-cv-1-col\"  data-pid=\"21313\"><div class='pt-cv-ifield'><a href=\"https:\/\/cottage.cz\/en\/im-excited\/\" class=\"_self pt-cv-href-thumbnail pt-cv-thumb-default cvplbd\" target=\"_self\" ><img decoding=\"async\" width=\"300\" height=\"225\" data-src=\"https:\/\/cottage.cz\/wp-content\/uploads\/2018\/06\/bohemiancottage-300x225.jpg\" class=\"pt-cv-thumbnail img-none lazyload\" alt=\"I&#039;m excited\u2026\" data-srcset=\"https:\/\/cottage.cz\/wp-content\/uploads\/2018\/06\/bohemiancottage-300x225.jpg 300w, https:\/\/cottage.cz\/wp-content\/uploads\/2018\/06\/bohemiancottage-768x576.jpg 768w, https:\/\/cottage.cz\/wp-content\/uploads\/2018\/06\/bohemiancottage.jpg 960w\" data-sizes=\"(max-width: 300px) 100vw, 300px\" src=\"data:image\/svg+xml;base64,PHN2ZyB3aWR0aD0iMSIgaGVpZ2h0PSIxIiB4bWxucz0iaHR0cDovL3d3dy53My5vcmcvMjAwMC9zdmciPjwvc3ZnPg==\" style=\"--smush-placeholder-width: 300px; --smush-placeholder-aspect-ratio: 300\/225;\" \/><\/a>\n<h4 class=\"pt-cv-title\"><a href=\"https:\/\/cottage.cz\/en\/im-excited\/\" class=\"_self cvplbd\" target=\"_self\" >I&#8217;m excited\u2026<\/a><\/h4>\n<div class=\"pt-cv-content\">I'm excited, a place where you feel \"at home\" already between the doors. Beautifully designed environment, delicious food, wonderful attitude...atmosphere ...<br \/><div class=\"pt-cv-rmwrap\"><a href=\"https:\/\/cottage.cz\/en\/im-excited\/\" class=\"_self pt-cv-readmore btn btn-success cvplbd\" target=\"_self\">Zna\u010dka Pro Pokra\u010dov\u00e1n\u00ed Textu<\/a><\/div><\/div><\/div><\/div>\n<div class=\"col-md-6 col-sm-6 col-xs-12 pt-cv-content-item pt-cv-1-col\"  data-pid=\"21309\"><div class='pt-cv-ifield'><a href=\"https:\/\/cottage.cz\/en\/spirit\/\" class=\"_self pt-cv-href-thumbnail pt-cv-thumb-default cvplbd\" target=\"_self\" ><img decoding=\"async\" width=\"300\" height=\"300\" data-src=\"https:\/\/cottage.cz\/wp-content\/uploads\/2018\/06\/36298423_1741005162614387_126168272092528640_n-300x300.jpg\" class=\"pt-cv-thumbnail img-none lazyload\" alt=\"Spirit\" data-srcset=\"https:\/\/cottage.cz\/wp-content\/uploads\/2018\/06\/36298423_1741005162614387_126168272092528640_n-300x300.jpg 300w, https:\/\/cottage.cz\/wp-content\/uploads\/2018\/06\/36298423_1741005162614387_126168272092528640_n-150x150.jpg 150w, https:\/\/cottage.cz\/wp-content\/uploads\/2018\/06\/36298423_1741005162614387_126168272092528640_n-768x768.jpg 768w, https:\/\/cottage.cz\/wp-content\/uploads\/2018\/06\/36298423_1741005162614387_126168272092528640_n-45x45.jpg 45w, https:\/\/cottage.cz\/wp-content\/uploads\/2018\/06\/36298423_1741005162614387_126168272092528640_n.jpg 960w\" data-sizes=\"(max-width: 300px) 100vw, 300px\" src=\"data:image\/svg+xml;base64,PHN2ZyB3aWR0aD0iMSIgaGVpZ2h0PSIxIiB4bWxucz0iaHR0cDovL3d3dy53My5vcmcvMjAwMC9zdmciPjwvc3ZnPg==\" style=\"--smush-placeholder-width: 300px; --smush-placeholder-aspect-ratio: 300\/300;\" \/><\/a>\n<h4 class=\"pt-cv-title\"><a href=\"https:\/\/cottage.cz\/en\/spirit\/\" class=\"_self cvplbd\" target=\"_self\" >Spirit<\/a><\/h4>\n<div class=\"pt-cv-content\">We spent the whole weekend at this magical cottage. Cozy newly furnished accommodation, the smell of wood, a beautiful atmosphere ...<br \/><div class=\"pt-cv-rmwrap\"><a href=\"https:\/\/cottage.cz\/en\/spirit\/\" class=\"_self pt-cv-readmore btn btn-success cvplbd\" target=\"_self\">Zna\u010dka Pro Pokra\u010dov\u00e1n\u00ed Textu<\/a><\/div><\/div><\/div><\/div>\n<div class=\"col-md-6 col-sm-6 col-xs-12 pt-cv-content-item pt-cv-1-col\"  data-pid=\"21272\"><div class='pt-cv-ifield'><a href=\"https:\/\/cottage.cz\/en\/anybody-that-wants-to-see-the-czech-countryside\/\" class=\"_self pt-cv-href-thumbnail pt-cv-thumb-default cvplbd\" target=\"_self\" ><img decoding=\"async\" width=\"300\" height=\"225\" data-src=\"https:\/\/cottage.cz\/wp-content\/uploads\/2018\/03\/IMG_20180309_143446-300x225.jpg\" class=\"pt-cv-thumbnail img-none lazyload\" alt=\"Anybody that wants to see the Czech countryside?\" data-srcset=\"https:\/\/cottage.cz\/wp-content\/uploads\/2018\/03\/IMG_20180309_143446-300x225.jpg 300w, https:\/\/cottage.cz\/wp-content\/uploads\/2018\/03\/IMG_20180309_143446-768x576.jpg 768w, https:\/\/cottage.cz\/wp-content\/uploads\/2018\/03\/IMG_20180309_143446-1024x768.jpg 1024w\" data-sizes=\"(max-width: 300px) 100vw, 300px\" src=\"data:image\/svg+xml;base64,PHN2ZyB3aWR0aD0iMSIgaGVpZ2h0PSIxIiB4bWxucz0iaHR0cDovL3d3dy53My5vcmcvMjAwMC9zdmciPjwvc3ZnPg==\" style=\"--smush-placeholder-width: 300px; --smush-placeholder-aspect-ratio: 300\/225;\" \/><\/a>\n<h4 class=\"pt-cv-title\"><a href=\"https:\/\/cottage.cz\/en\/anybody-that-wants-to-see-the-czech-countryside\/\" class=\"_self cvplbd\" target=\"_self\" >Anybody that wants to see the Czech countryside?<\/a><\/h4>\n<div class=\"pt-cv-content\">Martha from USA We had such an amazing time on this tour! Our guide, Ales, was very patient and very ...<br \/><div class=\"pt-cv-rmwrap\"><a href=\"https:\/\/cottage.cz\/en\/anybody-that-wants-to-see-the-czech-countryside\/\" class=\"_self pt-cv-readmore btn btn-success cvplbd\" target=\"_self\">Zna\u010dka Pro Pokra\u010dov\u00e1n\u00ed Textu<\/a><\/div><\/div><\/div><\/div>\n<div class=\"col-md-6 col-sm-6 col-xs-12 pt-cv-content-item pt-cv-1-col\"  data-pid=\"21229\"><div class='pt-cv-ifield'><a href=\"https:\/\/cottage.cz\/en\/big-thank-you\/\" class=\"_self pt-cv-href-thumbnail pt-cv-thumb-default cvplbd\" target=\"_self\" ><img decoding=\"async\" width=\"300\" height=\"225\" data-src=\"https:\/\/cottage.cz\/wp-content\/uploads\/2018\/09\/IMG_20180826_133539-300x225.jpg\" class=\"pt-cv-thumbnail img-none lazyload\" alt=\"Big thank you\" data-srcset=\"https:\/\/cottage.cz\/wp-content\/uploads\/2018\/09\/IMG_20180826_133539-300x225.jpg 300w, https:\/\/cottage.cz\/wp-content\/uploads\/2018\/09\/IMG_20180826_133539-768x576.jpg 768w, https:\/\/cottage.cz\/wp-content\/uploads\/2018\/09\/IMG_20180826_133539-1024x768.jpg 1024w\" data-sizes=\"(max-width: 300px) 100vw, 300px\" src=\"data:image\/svg+xml;base64,PHN2ZyB3aWR0aD0iMSIgaGVpZ2h0PSIxIiB4bWxucz0iaHR0cDovL3d3dy53My5vcmcvMjAwMC9zdmciPjwvc3ZnPg==\" style=\"--smush-placeholder-width: 300px; --smush-placeholder-aspect-ratio: 300\/225;\" \/><\/a>\n<h4 class=\"pt-cv-title\"><a href=\"https:\/\/cottage.cz\/en\/big-thank-you\/\" class=\"_self cvplbd\" target=\"_self\" >Big thank you<\/a><\/h4>\n<div class=\"pt-cv-content\">Irenko, I send BIG THANKS from the bottom of my heart! \u2764 ..the cottage has NO fault..so much harmony..the energy..I ...<br \/><div class=\"pt-cv-rmwrap\"><a href=\"https:\/\/cottage.cz\/en\/big-thank-you\/\" class=\"_self pt-cv-readmore btn btn-success cvplbd\" target=\"_self\">Zna\u010dka Pro Pokra\u010dov\u00e1n\u00ed Textu<\/a><\/div><\/div><\/div><\/div><\/div><\/div><\/div>\t\t\t<style type=\"text\/css\" id=\"pt-cv-inline-style-b092e9aubg\">#pt-cv-view-9da81908fk.pt-cv-post-border { margin: 0; border-top-width: 1px; border-left-width: 1px }\n#pt-cv-view-9da81908fk.pt-cv-post-border { margin: 0; border-top-style: solid; border-left-style: solid }\n#pt-cv-view-9da81908fk.pt-cv-post-border .pt-cv-content-item   { border-right-width: 1px; border-bottom-width: 1px; border-right-style: solid; border-bottom-style: solid; }\n#pt-cv-view-9da81908fk .pt-cv-title a, #pt-cv-view-9da81908fk  .panel-title { font-weight: 600 !important; }\n#pt-cv-view-9da81908fk .pt-cv-readmore  { color: #ffffff !important; background-color: #ba7f42 !important; }\n#pt-cv-view-9da81908fk .pt-cv-readmore:hover  { color: #ffffff !important; background-color: #ba7f42 !important; }\n#pt-cv-view-9da81908fk  + .pt-cv-pagination-wrapper .pt-cv-more , #pt-cv-view-9da81908fk  + .pt-cv-pagination-wrapper .pagination .active a { color: #ffffff !important; background-color: #00aeef !important; }<\/style>\r\n\t\t\t\n","protected":false},"excerpt":{"rendered":"","protected":false},"author":2,"featured_media":13464,"parent":0,"menu_order":0,"comment_status":"closed","ping_status":"closed","template":"","meta":{"_monsterinsights_skip_tracking":false,"_monsterinsights_sitenote_active":false,"_monsterinsights_sitenote_note":"","_monsterinsights_sitenote_category":0,"ngg_post_thumbnail":0,"footnotes":""},"class_list":["post-20547","page","type-page","status-publish","has-post-thumbnail","hentry"],"aioseo_notices":[],"_links":{"self":[{"href":"https:\/\/cottage.cz\/en\/wp-json\/wp\/v2\/pages\/20547","targetHints":{"allow":["GET"]}}],"collection":[{"href":"https:\/\/cottage.cz\/en\/wp-json\/wp\/v2\/pages"}],"about":[{"href":"https:\/\/cottage.cz\/en\/wp-json\/wp\/v2\/types\/page"}],"author":[{"embeddable":true,"href":"https:\/\/cottage.cz\/en\/wp-json\/wp\/v2\/users\/2"}],"replies":[{"embeddable":true,"href":"https:\/\/cottage.cz\/en\/wp-json\/wp\/v2\/comments?post=20547"}],"version-history":[{"count":1,"href":"https:\/\/cottage.cz\/en\/wp-json\/wp\/v2\/pages\/20547\/revisions"}],"predecessor-version":[{"id":20548,"href":"https:\/\/cottage.cz\/en\/wp-json\/wp\/v2\/pages\/20547\/revisions\/20548"}],"wp:featuredmedia":[{"embeddable":true,"href":"https:\/\/cottage.cz\/en\/wp-json\/wp\/v2\/media\/13464"}],"wp:attachment":[{"href":"https:\/\/cottage.cz\/en\/wp-json\/wp\/v2\/media?parent=20547"}],"curies":[{"name":"wp","href":"https:\/\/api.w.org\/{rel}","templated":true}]}}