{"id":20540,"date":"2024-01-01T15:05:15","date_gmt":"2024-01-01T14:05:15","guid":{"rendered":"https:\/\/cottage.napokusy.cz\/?page_id=20540"},"modified":"2025-05-28T11:12:37","modified_gmt":"2025-05-28T09:12:37","slug":"rental","status":"publish","type":"page","link":"https:\/\/cottage.cz\/en\/rental\/","title":{"rendered":"Rental in Bohemian Switzerland"},"content":{"rendered":"\n<p>Would you like use bike? You did not get your one?? Like to test the e-bikes, snowshoes, skates? We can rent you: bikes, e-bikes, &nbsp;rollerblades, cross country, snowshoes, scooters, seats for bicycles and other equipment.<\/p>\n\n\n\n<p><strong>Opening hours:&nbsp;<\/strong>as agreed Please, call ahead 8:00-20:00.<\/p>\n\n\n\n<p><strong>Contact :\u00a0\u00a0<\/strong>+420 736 224 222,\u00a0<a href=\"mailto:info@cottage.cz\">\u00a0info@cottage.cz<\/a><\/p>\n\n\n\n<figure class=\"wp-block-image\"><img decoding=\"async\" width=\"300\" height=\"200\" data-src=\"https:\/\/www.cottage.cz\/wp-content\/uploads\/2020\/09\/IMG_9490-300x200.jpg\" alt=\"\" class=\"wp-image-7652 lazyload\" src=\"data:image\/svg+xml;base64,PHN2ZyB3aWR0aD0iMSIgaGVpZ2h0PSIxIiB4bWxucz0iaHR0cDovL3d3dy53My5vcmcvMjAwMC9zdmciPjwvc3ZnPg==\" style=\"--smush-placeholder-width: 300px; --smush-placeholder-aspect-ratio: 300\/200;\" \/><\/figure>\n\n\n\n<p><strong>Picked up at:&nbsp;<a href=\"https:\/\/goo.gl\/maps\/2wkRcb6NwnRVPDNbA\">Kamenna Horka 110, Krasna Lipa<\/a>&nbsp;(red house with a big map)<\/strong><\/p>\n\n\n\n<p><strong>If you are interested we the agreement will deliver equipment<\/strong>&nbsp;fee to place your accommodation<a href=\"https:\/\/www.cottage.cz\/en\/Czech-Switzerland-National-Park\">Czech Switzerland<\/a>,&nbsp;<a href=\"https:\/\/www.cottage.cz\/en\/Lusatian-Mountains\">Lusatian mountains<\/a>&nbsp;and Sluknov hook.<\/p>\n\n\n<div class=\"pt-cv-wrapper\"><div class=\"pt-cv-view pt-cv-grid pt-cv-colsys pt-cv-pgregular pt-cv-sharp-buttons\" id=\"pt-cv-view-d56bbc35r0\"><div data-id=\"pt-cv-page-1\" class=\"pt-cv-page\" data-cvc=\"3\"><div class=\"col-md-4 col-sm-6 col-xs-12 pt-cv-content-item pt-cv-1-col\"  data-pid=\"21265\"><div class='pt-cv-ifield'><a href=\"https:\/\/cottage.cz\/en\/bikes\/\" class=\"_self pt-cv-href-thumbnail pt-cv-thumb-default cvplbd cvp-responsive-image img-none\" target=\"_self\" data-iw=\"300\" data-ih=\"300\"><img decoding=\"async\" width=\"300\" height=\"169\" data-src=\"https:\/\/cottage.cz\/wp-content\/uploads\/2018\/03\/20240329_092847-300x169.jpg\" class=\"pt-cv-thumbnail img-none lazyload\" alt=\"Rent Bikes\" data-srcset=\"https:\/\/cottage.cz\/wp-content\/uploads\/2018\/03\/20240329_092847-300x169.jpg 300w, https:\/\/cottage.cz\/wp-content\/uploads\/2018\/03\/20240329_092847-1024x577.jpg 1024w, https:\/\/cottage.cz\/wp-content\/uploads\/2018\/03\/20240329_092847-768x432.jpg 768w, https:\/\/cottage.cz\/wp-content\/uploads\/2018\/03\/20240329_092847-1536x865.jpg 1536w, https:\/\/cottage.cz\/wp-content\/uploads\/2018\/03\/20240329_092847-2048x1153.jpg 2048w\" data-sizes=\"(max-width: 300px) 100vw, 300px\" src=\"data:image\/svg+xml;base64,PHN2ZyB3aWR0aD0iMSIgaGVpZ2h0PSIxIiB4bWxucz0iaHR0cDovL3d3dy53My5vcmcvMjAwMC9zdmciPjwvc3ZnPg==\" style=\"--smush-placeholder-width: 300px; --smush-placeholder-aspect-ratio: 300\/169;\" \/><\/a>\n<h4 class=\"pt-cv-title\"><a href=\"https:\/\/cottage.cz\/en\/bikes\/\" class=\"_self cvplbd\" target=\"_self\" data-iw=\"300\" data-ih=\"300\">Rent Bikes<\/a><\/h4>\n<div class=\"pt-cv-content\">Pickup at: Kamenn\u00e1 Horka 110, Kr\u00e1sn\u00e1 L\u00edpa Price: 350 CZK\/day\/ treking old bike, 500 CZK\/day\/mountain or traking new Description: We ...<\/div><\/div><\/div>\n<div class=\"col-md-4 col-sm-6 col-xs-12 pt-cv-content-item pt-cv-1-col\"  data-pid=\"24976\"><div class='pt-cv-ifield'><a href=\"https:\/\/cottage.cz\/en\/rent-e-bikes-in-bohemian-switzerland-new\/\" class=\"_self pt-cv-href-thumbnail pt-cv-thumb-default cvplbd cvp-responsive-image img-none\" target=\"_self\" data-iw=\"300\" data-ih=\"300\"><img decoding=\"async\" width=\"300\" height=\"225\" data-src=\"https:\/\/cottage.cz\/wp-content\/uploads\/2025\/03\/elektrokolo-300x225.jpg\" class=\"pt-cv-thumbnail img-none lazyload\" alt=\"Rent e-bikes in Bohemian Switzerland\" data-srcset=\"https:\/\/cottage.cz\/wp-content\/uploads\/2025\/03\/elektrokolo-300x225.jpg 300w, https:\/\/cottage.cz\/wp-content\/uploads\/2025\/03\/elektrokolo-1024x769.jpg 1024w, https:\/\/cottage.cz\/wp-content\/uploads\/2025\/03\/elektrokolo-768x577.jpg 768w, https:\/\/cottage.cz\/wp-content\/uploads\/2025\/03\/elektrokolo.jpg 1216w\" data-sizes=\"(max-width: 300px) 100vw, 300px\" src=\"data:image\/svg+xml;base64,PHN2ZyB3aWR0aD0iMSIgaGVpZ2h0PSIxIiB4bWxucz0iaHR0cDovL3d3dy53My5vcmcvMjAwMC9zdmciPjwvc3ZnPg==\" style=\"--smush-placeholder-width: 300px; --smush-placeholder-aspect-ratio: 300\/225;\" \/><\/a>\n<h4 class=\"pt-cv-title\"><a href=\"https:\/\/cottage.cz\/en\/rent-e-bikes-in-bohemian-switzerland-new\/\" class=\"_self cvplbd\" target=\"_self\" data-iw=\"300\" data-ih=\"300\">Rent e-bikes in Bohemian Switzerland<\/a><\/h4>\n<div class=\"pt-cv-content\">Price: 800, 950 CZK \/per piece\/day, no deposit, (Discount for more then 3 days by agreement.) Helmet, locker included. 800 ...<\/div><\/div><\/div>\n<div class=\"col-md-4 col-sm-6 col-xs-12 pt-cv-content-item pt-cv-1-col\"  data-pid=\"21408\"><div class='pt-cv-ifield'><a href=\"https:\/\/cottage.cz\/en\/scooters\/\" class=\"_self pt-cv-href-thumbnail pt-cv-thumb-default cvplbd cvp-responsive-image img-none\" target=\"_self\" data-iw=\"300\" data-ih=\"300\"><img decoding=\"async\" width=\"300\" height=\"221\" data-src=\"https:\/\/cottage.cz\/wp-content\/uploads\/2014\/09\/kolobezka-do-terenu-300x221.jpg\" class=\"pt-cv-thumbnail img-none lazyload\" alt=\"Scooters\" data-srcset=\"https:\/\/cottage.cz\/wp-content\/uploads\/2014\/09\/kolobezka-do-terenu-300x221.jpg 300w, https:\/\/cottage.cz\/wp-content\/uploads\/2014\/09\/kolobezka-do-terenu-768x564.jpg 768w, https:\/\/cottage.cz\/wp-content\/uploads\/2014\/09\/kolobezka-do-terenu.jpg 800w\" data-sizes=\"(max-width: 300px) 100vw, 300px\" src=\"data:image\/svg+xml;base64,PHN2ZyB3aWR0aD0iMSIgaGVpZ2h0PSIxIiB4bWxucz0iaHR0cDovL3d3dy53My5vcmcvMjAwMC9zdmciPjwvc3ZnPg==\" style=\"--smush-placeholder-width: 300px; --smush-placeholder-aspect-ratio: 300\/221;\" \/><\/a>\n<h4 class=\"pt-cv-title\"><a href=\"https:\/\/cottage.cz\/en\/scooters\/\" class=\"_self cvplbd\" target=\"_self\" data-iw=\"300\" data-ih=\"300\">Scooters<\/a><\/h4>\n<div class=\"pt-cv-content\">Vyzvednut\u00ed na adrese:\u00a0Kamenn\u00e1 Horka 110, Kr\u00e1sn\u00e1 L\u00edpa Cena:\u00a0350\/ks\/den Popis: Chcete vyzkou\u0161et kolob\u011b\u017eky v \u010cesk\u00e9m \u0160v\u00fdcarsku? Nechcete jet na kole ani ...<\/div><\/div><\/div>\n<div class=\"col-md-4 col-sm-6 col-xs-12 pt-cv-content-item pt-cv-1-col\"  data-pid=\"21400\"><div class='pt-cv-ifield'><a href=\"https:\/\/cottage.cz\/en\/kids-bikes\/\" class=\"_self pt-cv-href-thumbnail pt-cv-thumb-default cvplbd cvp-responsive-image img-none\" target=\"_self\" data-iw=\"300\" data-ih=\"300\"><img decoding=\"async\" width=\"300\" height=\"225\" data-src=\"https:\/\/cottage.cz\/wp-content\/uploads\/2014\/09\/IMG_20190807_134514-300x225.jpg\" class=\"pt-cv-thumbnail img-none lazyload\" alt=\"Kids bikes\" data-srcset=\"https:\/\/cottage.cz\/wp-content\/uploads\/2014\/09\/IMG_20190807_134514-300x225.jpg 300w, https:\/\/cottage.cz\/wp-content\/uploads\/2014\/09\/IMG_20190807_134514-768x576.jpg 768w, https:\/\/cottage.cz\/wp-content\/uploads\/2014\/09\/IMG_20190807_134514-1024x768.jpg 1024w\" data-sizes=\"(max-width: 300px) 100vw, 300px\" src=\"data:image\/svg+xml;base64,PHN2ZyB3aWR0aD0iMSIgaGVpZ2h0PSIxIiB4bWxucz0iaHR0cDovL3d3dy53My5vcmcvMjAwMC9zdmciPjwvc3ZnPg==\" style=\"--smush-placeholder-width: 300px; --smush-placeholder-aspect-ratio: 300\/225;\" \/><\/a>\n<h4 class=\"pt-cv-title\"><a href=\"https:\/\/cottage.cz\/en\/kids-bikes\/\" class=\"_self cvplbd\" target=\"_self\" data-iw=\"300\" data-ih=\"300\">Kids bikes<\/a><\/h4>\n<div class=\"pt-cv-content\">Price: 300 CZK\/pc\/day Description: We offer children's bikes for children from 3 to 10 years old. Option to add rear ...<\/div><\/div><\/div>\n<div class=\"col-md-4 col-sm-6 col-xs-12 pt-cv-content-item pt-cv-1-col\"  data-pid=\"21387\"><div class='pt-cv-ifield'><a href=\"https:\/\/cottage.cz\/en\/inline-skate\/\" class=\"_self pt-cv-href-thumbnail pt-cv-thumb-default cvplbd cvp-responsive-image img-none\" target=\"_self\" data-iw=\"300\" data-ih=\"300\"><img decoding=\"async\" width=\"300\" height=\"300\" data-src=\"https:\/\/cottage.cz\/wp-content\/uploads\/2014\/11\/koleckove-brusle2-300x300.jpg\" class=\"pt-cv-thumbnail img-none lazyload\" alt=\"Inline skate\" data-srcset=\"https:\/\/cottage.cz\/wp-content\/uploads\/2014\/11\/koleckove-brusle2-300x300.jpg 300w, https:\/\/cottage.cz\/wp-content\/uploads\/2014\/11\/koleckove-brusle2-150x150.jpg 150w, https:\/\/cottage.cz\/wp-content\/uploads\/2014\/11\/koleckove-brusle2-60x60.jpg 60w, https:\/\/cottage.cz\/wp-content\/uploads\/2014\/11\/koleckove-brusle2-45x45.jpg 45w, https:\/\/cottage.cz\/wp-content\/uploads\/2014\/11\/koleckove-brusle2.jpg 600w\" data-sizes=\"(max-width: 300px) 100vw, 300px\" src=\"data:image\/svg+xml;base64,PHN2ZyB3aWR0aD0iMSIgaGVpZ2h0PSIxIiB4bWxucz0iaHR0cDovL3d3dy53My5vcmcvMjAwMC9zdmciPjwvc3ZnPg==\" style=\"--smush-placeholder-width: 300px; --smush-placeholder-aspect-ratio: 300\/300;\" \/><\/a>\n<h4 class=\"pt-cv-title\"><a href=\"https:\/\/cottage.cz\/en\/inline-skate\/\" class=\"_self cvplbd\" target=\"_self\" data-iw=\"300\" data-ih=\"300\">Inline skate<\/a><\/h4>\n<div class=\"pt-cv-content\">Roller skates for children (29-34), men's (42,46), women's (41) Price: 300 CZK \/ couple \/ day For pickup: Kamenn\u00e1 Horka ...<\/div><\/div><\/div>\n<div class=\"col-md-4 col-sm-6 col-xs-12 pt-cv-content-item pt-cv-1-col\"  data-pid=\"20906\"><div class='pt-cv-ifield'><a href=\"https:\/\/cottage.cz\/en\/bezky\/\" class=\"_self pt-cv-href-thumbnail pt-cv-thumb-default cvplbd cvp-responsive-image img-none\" target=\"_self\" data-iw=\"300\" data-ih=\"300\"><img decoding=\"async\" width=\"200\" height=\"300\" data-src=\"https:\/\/cottage.cz\/wp-content\/uploads\/2013\/12\/bezky-set_madsues-2-200x300.jpg\" class=\"pt-cv-thumbnail img-none lazyload\" alt=\"B\u011b\u017eky\" data-srcset=\"https:\/\/cottage.cz\/wp-content\/uploads\/2013\/12\/bezky-set_madsues-2-200x300.jpg 200w, https:\/\/cottage.cz\/wp-content\/uploads\/2013\/12\/bezky-set_madsues-2.jpg 600w\" data-sizes=\"(max-width: 200px) 100vw, 200px\" src=\"data:image\/svg+xml;base64,PHN2ZyB3aWR0aD0iMSIgaGVpZ2h0PSIxIiB4bWxucz0iaHR0cDovL3d3dy53My5vcmcvMjAwMC9zdmciPjwvc3ZnPg==\" style=\"--smush-placeholder-width: 200px; --smush-placeholder-aspect-ratio: 200\/300;\" \/><\/a>\n<h4 class=\"pt-cv-title\"><a href=\"https:\/\/cottage.cz\/en\/bezky\/\" class=\"_self cvplbd\" target=\"_self\" data-iw=\"300\" data-ih=\"300\">B\u011b\u017eky<\/a><\/h4>\n<div class=\"pt-cv-content\">Bohemian Switzerland and Lusatian Mountains tend to have good snow conditions for cross-country skiing, groomed runs several routes. So why ...<\/div><\/div><\/div>\n<div class=\"col-md-4 col-sm-6 col-xs-12 pt-cv-content-item pt-cv-1-col\"  data-pid=\"24382\"><div class='pt-cv-ifield'><a href=\"https:\/\/cottage.cz\/en\/snowshoes\/\" class=\"_self pt-cv-href-thumbnail pt-cv-thumb-default cvplbd cvp-responsive-image img-none\" target=\"_self\" data-iw=\"300\" data-ih=\"300\"><img decoding=\"async\" width=\"300\" height=\"246\" data-src=\"https:\/\/cottage.cz\/wp-content\/uploads\/2013\/01\/sneznice-1-300x246.jpeg\" class=\"pt-cv-thumbnail img-none lazyload\" alt=\"Snowshoes\" data-srcset=\"https:\/\/cottage.cz\/wp-content\/uploads\/2013\/01\/sneznice-1-300x246.jpeg 300w, https:\/\/cottage.cz\/wp-content\/uploads\/2013\/01\/sneznice-1.jpeg 733w\" data-sizes=\"(max-width: 300px) 100vw, 300px\" src=\"data:image\/svg+xml;base64,PHN2ZyB3aWR0aD0iMSIgaGVpZ2h0PSIxIiB4bWxucz0iaHR0cDovL3d3dy53My5vcmcvMjAwMC9zdmciPjwvc3ZnPg==\" style=\"--smush-placeholder-width: 300px; --smush-placeholder-aspect-ratio: 300\/246;\" \/><\/a>\n<h4 class=\"pt-cv-title\"><a href=\"https:\/\/cottage.cz\/en\/snowshoes\/\" class=\"_self cvplbd\" target=\"_self\" data-iw=\"300\" data-ih=\"300\">Snowshoes<\/a><\/h4>\n<div class=\"pt-cv-content\">Do you like walking in the winter landscape? Try an unforgettable climb to the highest mountain in the Lusatian Mountains, ...<\/div><\/div><\/div><\/div><\/div><\/div>\t\t\t<style type=\"text\/css\" id=\"pt-cv-inline-style-7853753djf\">#pt-cv-view-d56bbc35r0.pt-cv-post-border { margin: 0; border-top-width: 1px; border-left-width: 1px }\n#pt-cv-view-d56bbc35r0.pt-cv-post-border { margin: 0; border-top-style: solid; border-left-style: solid }\n#pt-cv-view-d56bbc35r0.pt-cv-post-border .pt-cv-content-item   { border-right-width: 1px; border-bottom-width: 1px; border-right-style: solid; border-bottom-style: solid; }\n#pt-cv-view-d56bbc35r0 .pt-cv-title a, #pt-cv-view-d56bbc35r0  .panel-title { font-weight: 600 !important; }\n#pt-cv-view-d56bbc35r0 .pt-cv-readmore  { color: #ffffff !important; background-color: #ba7f42 !important; }\n#pt-cv-view-d56bbc35r0 .pt-cv-readmore:hover  { color: #ffffff !important; background-color: #ba7f42 !important; }\n#pt-cv-view-d56bbc35r0  + .pt-cv-pagination-wrapper .pt-cv-more , #pt-cv-view-d56bbc35r0  + .pt-cv-pagination-wrapper .pagination .active a { color: #ffffff !important; background-color: #ba7f42 !important; }\n#pt-cv-view-d56bbc35r0 .cvp-responsive-image[style*=\"background-image\"] { width: 300px; height: 300px; }<\/style>\r\n\t\t\t\n","protected":false},"excerpt":{"rendered":"<p>Would you like use bike? You did not get your one?? Like to test the e-bikes, snowshoes, skates? We can rent you: bikes, e-bikes, &nbsp;rollerblades, cross country, snowshoes, scooters, seats for bicycles and other equipment. Opening hours:&nbsp;as agreed Please, call ahead 8:00-20:00. Contact :\u00a0\u00a0+420 736 224 222,\u00a0\u00a0info@cottage.cz Picked up at:&nbsp;Kamenna Horka 110, Krasna Lipa&nbsp;(red house [&hellip;]<\/p>\n","protected":false},"author":2,"featured_media":13362,"parent":0,"menu_order":0,"comment_status":"closed","ping_status":"closed","template":"","meta":{"_monsterinsights_skip_tracking":false,"_monsterinsights_sitenote_active":false,"_monsterinsights_sitenote_note":"","_monsterinsights_sitenote_category":0,"ngg_post_thumbnail":0,"footnotes":""},"class_list":["post-20540","page","type-page","status-publish","has-post-thumbnail","hentry"],"aioseo_notices":[],"_links":{"self":[{"href":"https:\/\/cottage.cz\/en\/wp-json\/wp\/v2\/pages\/20540","targetHints":{"allow":["GET"]}}],"collection":[{"href":"https:\/\/cottage.cz\/en\/wp-json\/wp\/v2\/pages"}],"about":[{"href":"https:\/\/cottage.cz\/en\/wp-json\/wp\/v2\/types\/page"}],"author":[{"embeddable":true,"href":"https:\/\/cottage.cz\/en\/wp-json\/wp\/v2\/users\/2"}],"replies":[{"embeddable":true,"href":"https:\/\/cottage.cz\/en\/wp-json\/wp\/v2\/comments?post=20540"}],"version-history":[{"count":5,"href":"https:\/\/cottage.cz\/en\/wp-json\/wp\/v2\/pages\/20540\/revisions"}],"predecessor-version":[{"id":26576,"href":"https:\/\/cottage.cz\/en\/wp-json\/wp\/v2\/pages\/20540\/revisions\/26576"}],"wp:featuredmedia":[{"embeddable":true,"href":"https:\/\/cottage.cz\/en\/wp-json\/wp\/v2\/media\/13362"}],"wp:attachment":[{"href":"https:\/\/cottage.cz\/en\/wp-json\/wp\/v2\/media?parent=20540"}],"curies":[{"name":"wp","href":"https:\/\/api.w.org\/{rel}","templated":true}]}}