{"id":20519,"date":"2024-01-01T14:49:32","date_gmt":"2024-01-01T13:49:32","guid":{"rendered":"https:\/\/cottage.napokusy.cz\/?page_id=20519"},"modified":"2024-01-01T14:51:22","modified_gmt":"2024-01-01T13:51:22","slug":"when-start-touristm-in-the-bohemian-switzerland","status":"publish","type":"page","link":"https:\/\/cottage.cz\/en\/when-start-touristm-in-the-bohemian-switzerland\/","title":{"rendered":"When start touristm in the Bohemian Switzerland"},"content":{"rendered":"<p>Bohemian Switzerland is one of the first places in the world where business in the field of tourism began to develop. The first tourist attraction was the Bastei rock bridge \u00a0(1851) and the Neuraten rock castle in Saxon Switzerland. The first tourists began to flock to Bohemian Switzerland already in the 19th century. The first business in tourism is associated with Count Edmund Clary-Aldringen (1813-1894) from Teplice. Clary-Aldringen in the 1930s. they created a path from H\u0159ensk to Prav\u010dick\u00e1 br\u00e1na and supported the exhibition of hotels and inns. But it wasn&#8217;t until 1881 that Edmund had the Sokol\u00ed hn\u00edzdo hotel built near Prav\u010dick\u00e1 br\u00e1ny with a capacity of 50 beds (now the hotel only has a restaurant in operation during the season).<\/p>\n<p>Prince Edmund Clary-Aldringen also invested in making the area of the gorges accessible from the 1880s. As the owner of the local manor, he called in Italian experts who built footpaths, bridges, tunnels, footbridges and weirs for pedestrians in the area of the Kamenice canyon. As the first section, Tich\u00e1 sout\u011bska was opened in 1890, and a restaurant was subsequently created. At that time, five boats navigated the waters of the gorge. The popularity of the location continued to rise and in the 1920s the gorges were visited by 160,000 visitors per year (in season).<\/p>\n<p>The neighboring estate was owned by Rudolf Kinsk\u00fd. The one from . 1832 to improve roads and build footbridges and bridges on Jet\u0159ichovicka. In 1864, the princely forest adjunct Ferdinand N\u00e1hl\u00edk from Rynartic published the first guide to part of Bohemian Switzerland here. .<\/p>\n<p>In 1879, groups of the Mountain Association for Bohemian Switzerland (Gebirgsverein f\u00fcr die B\u00f6hmische Schweiz) were founded in Vysok\u00e9 L\u00edpa and H\u0159ensk following the example of alpine associations &#8211; the H\u0159ensk group had 92 members and was headed by Anton Clary.<\/p>\n<p>Tourism in Bohemian Switzerland flourished until the 1930s, when it was significantly affected by World War II.<\/p>\n<p>vlivn\u011bn 2.sv.v\u00e1lkou.<\/p>\n<div class=\"gallery-1 gallery-wrapper columns-wrapper\"><div class=\"gallery-column\"><a class=\"gallery-item photoswipe-item\" data-caption=\"\" data-width=\"440\" data-height=\"480\" href=\"https:\/\/cottage.cz\/wp-content\/uploads\/2016\/11\/edmund_clary_aldringen.jpg\" rel=\"lightbox[20519]\"><img decoding=\"async\" class=\"gallery-img-desktop lazyload\" data-src=\"https:\/\/cottage.cz\/wp-content\/uploads\/2016\/11\/edmund_clary_aldringen-550x309.jpg\" alt=\"\" src=\"data:image\/svg+xml;base64,PHN2ZyB3aWR0aD0iMSIgaGVpZ2h0PSIxIiB4bWxucz0iaHR0cDovL3d3dy53My5vcmcvMjAwMC9zdmciPjwvc3ZnPg==\" style=\"--smush-placeholder-width: 550px; --smush-placeholder-aspect-ratio: 550\/309;\" \/><img decoding=\"async\" class=\"gallery-img-mobile lazyload\" data-src=\"https:\/\/cottage.cz\/wp-content\/uploads\/2016\/11\/edmund_clary_aldringen-500x500.jpg\" alt=\"\" src=\"data:image\/svg+xml;base64,PHN2ZyB3aWR0aD0iMSIgaGVpZ2h0PSIxIiB4bWxucz0iaHR0cDovL3d3dy53My5vcmcvMjAwMC9zdmciPjwvc3ZnPg==\" style=\"--smush-placeholder-width: 500px; --smush-placeholder-aspect-ratio: 500\/500;\" \/><div class=\"gallery-enlarge\"><\/div><\/a><\/div><div class=\"gallery-column\"><a class=\"gallery-item photoswipe-item\" data-caption=\"\" data-width=\"630\" data-height=\"472\" href=\"https:\/\/cottage.cz\/wp-content\/uploads\/2016\/11\/lodicky-edmundova-soutezka.gif\" rel=\"lightbox[20519]\"><img decoding=\"async\" class=\"gallery-img-desktop lazyload\" data-src=\"https:\/\/cottage.cz\/wp-content\/uploads\/2016\/11\/lodicky-edmundova-soutezka-550x309.gif\" alt=\"\" src=\"data:image\/svg+xml;base64,PHN2ZyB3aWR0aD0iMSIgaGVpZ2h0PSIxIiB4bWxucz0iaHR0cDovL3d3dy53My5vcmcvMjAwMC9zdmciPjwvc3ZnPg==\" style=\"--smush-placeholder-width: 550px; --smush-placeholder-aspect-ratio: 550\/309;\" \/><img decoding=\"async\" class=\"gallery-img-mobile lazyload\" data-src=\"https:\/\/cottage.cz\/wp-content\/uploads\/2016\/11\/lodicky-edmundova-soutezka-500x500.gif\" alt=\"\" src=\"data:image\/svg+xml;base64,PHN2ZyB3aWR0aD0iMSIgaGVpZ2h0PSIxIiB4bWxucz0iaHR0cDovL3d3dy53My5vcmcvMjAwMC9zdmciPjwvc3ZnPg==\" style=\"--smush-placeholder-width: 500px; --smush-placeholder-aspect-ratio: 500\/500;\" \/><div class=\"gallery-enlarge\"><\/div><\/a><\/div><div class=\"gallery-column\"><a class=\"gallery-item photoswipe-item\" data-caption=\"under Pravcicka gate\" data-width=\"800\" data-height=\"450\" href=\"https:\/\/cottage.cz\/wp-content\/uploads\/2016\/11\/pravcicka.jpg\" rel=\"lightbox[20519]\"><img decoding=\"async\" class=\"gallery-img-desktop lazyload\" data-src=\"https:\/\/cottage.cz\/wp-content\/uploads\/2016\/11\/pravcicka-550x309.jpg\" alt=\"\" src=\"data:image\/svg+xml;base64,PHN2ZyB3aWR0aD0iMSIgaGVpZ2h0PSIxIiB4bWxucz0iaHR0cDovL3d3dy53My5vcmcvMjAwMC9zdmciPjwvc3ZnPg==\" style=\"--smush-placeholder-width: 550px; --smush-placeholder-aspect-ratio: 550\/309;\" \/><img decoding=\"async\" class=\"gallery-img-mobile lazyload\" data-src=\"https:\/\/cottage.cz\/wp-content\/uploads\/2016\/11\/pravcicka-500x500.jpg\" alt=\"\" src=\"data:image\/svg+xml;base64,PHN2ZyB3aWR0aD0iMSIgaGVpZ2h0PSIxIiB4bWxucz0iaHR0cDovL3d3dy53My5vcmcvMjAwMC9zdmciPjwvc3ZnPg==\" style=\"--smush-placeholder-width: 500px; --smush-placeholder-aspect-ratio: 500\/500;\" \/><div class=\"gallery-enlarge\"><\/div><\/a><\/div><div class=\"gallery-column\"><a class=\"gallery-item photoswipe-item\" data-caption=\"\" data-width=\"750\" data-height=\"458\" href=\"https:\/\/cottage.cz\/wp-content\/uploads\/2016\/11\/old_cottage.jpg\" rel=\"lightbox[20519]\"><img decoding=\"async\" class=\"gallery-img-desktop lazyload\" data-src=\"https:\/\/cottage.cz\/wp-content\/uploads\/2016\/11\/old_cottage-550x309.jpg\" alt=\"\" src=\"data:image\/svg+xml;base64,PHN2ZyB3aWR0aD0iMSIgaGVpZ2h0PSIxIiB4bWxucz0iaHR0cDovL3d3dy53My5vcmcvMjAwMC9zdmciPjwvc3ZnPg==\" style=\"--smush-placeholder-width: 550px; --smush-placeholder-aspect-ratio: 550\/309;\" \/><img decoding=\"async\" class=\"gallery-img-mobile lazyload\" data-src=\"https:\/\/cottage.cz\/wp-content\/uploads\/2016\/11\/old_cottage-500x500.jpg\" alt=\"\" src=\"data:image\/svg+xml;base64,PHN2ZyB3aWR0aD0iMSIgaGVpZ2h0PSIxIiB4bWxucz0iaHR0cDovL3d3dy53My5vcmcvMjAwMC9zdmciPjwvc3ZnPg==\" style=\"--smush-placeholder-width: 500px; --smush-placeholder-aspect-ratio: 500\/500;\" \/><div class=\"gallery-enlarge\"><\/div><\/a><\/div><style type=\"text\/css\">.gallery-1 .gallery-column { width: 33.33%; padding-bottom: 18.75%; }.gallery-1 { margin-left: -0px; margin-right: -0px; }.gallery-1 .gallery-item {bottom: 0px;left: 0px;right: 0px;top: 0px;}<\/style><\/div>\n","protected":false},"excerpt":{"rendered":"<p>Bohemian Switzerland is one of the first places in the world where business in the field of tourism began to develop. The first tourist attraction was the Bastei rock bridge \u00a0(1851) and the Neuraten rock castle in Saxon Switzerland. The first tourists began to flock to Bohemian Switzerland already in the 19th century. The first [&hellip;]<\/p>\n","protected":false},"author":2,"featured_media":0,"parent":0,"menu_order":0,"comment_status":"closed","ping_status":"closed","template":"","meta":{"_monsterinsights_skip_tracking":false,"_monsterinsights_sitenote_active":false,"_monsterinsights_sitenote_note":"","_monsterinsights_sitenote_category":0,"ngg_post_thumbnail":0,"footnotes":""},"class_list":["post-20519","page","type-page","status-publish","hentry"],"aioseo_notices":[],"_links":{"self":[{"href":"https:\/\/cottage.cz\/en\/wp-json\/wp\/v2\/pages\/20519","targetHints":{"allow":["GET"]}}],"collection":[{"href":"https:\/\/cottage.cz\/en\/wp-json\/wp\/v2\/pages"}],"about":[{"href":"https:\/\/cottage.cz\/en\/wp-json\/wp\/v2\/types\/page"}],"author":[{"embeddable":true,"href":"https:\/\/cottage.cz\/en\/wp-json\/wp\/v2\/users\/2"}],"replies":[{"embeddable":true,"href":"https:\/\/cottage.cz\/en\/wp-json\/wp\/v2\/comments?post=20519"}],"version-history":[{"count":2,"href":"https:\/\/cottage.cz\/en\/wp-json\/wp\/v2\/pages\/20519\/revisions"}],"predecessor-version":[{"id":20523,"href":"https:\/\/cottage.cz\/en\/wp-json\/wp\/v2\/pages\/20519\/revisions\/20523"}],"wp:attachment":[{"href":"https:\/\/cottage.cz\/en\/wp-json\/wp\/v2\/media?parent=20519"}],"curies":[{"name":"wp","href":"https:\/\/api.w.org\/{rel}","templated":true}]}}