{"id":20506,"date":"2024-01-01T14:37:27","date_gmt":"2024-01-01T13:37:27","guid":{"rendered":"https:\/\/cottage.napokusy.cz\/?page_id=20506"},"modified":"2024-01-01T14:39:01","modified_gmt":"2024-01-01T13:39:01","slug":"zazitky","status":"publish","type":"page","link":"https:\/\/cottage.cz\/en\/zazitky\/","title":{"rendered":"Experiences"},"content":{"rendered":"<div class=\"pt-cv-wrapper\"><div class=\"pt-cv-view pt-cv-grid pt-cv-colsys pt-cv-pgregular pt-cv-sharp-buttons\" id=\"pt-cv-view-ecdf67a0km\"><div data-id=\"pt-cv-page-1\" class=\"pt-cv-page\" data-cvc=\"3\"><div class=\"col-md-4 col-sm-6 col-xs-12 pt-cv-content-item pt-cv-1-col\"  data-pid=\"25543\"><div class='pt-cv-ifield'><a href=\"https:\/\/cottage.cz\/en\/trip-full-day-e-bike-tour-through-the-entire-bohemian-saxon-switzerland\/\" class=\"_self pt-cv-href-thumbnail pt-cv-thumb-default cvplbd\" target=\"_self\" ><img decoding=\"async\" width=\"300\" height=\"169\" data-src=\"https:\/\/cottage.cz\/wp-content\/uploads\/2015\/07\/ebike-ceske-svycarsko-300x169.jpg\" class=\"pt-cv-thumbnail img-none lazyload\" alt=\"Trip: Full-day e-bike tour through the entire Bohemian-Saxon Switzerland\" data-srcset=\"https:\/\/cottage.cz\/wp-content\/uploads\/2015\/07\/ebike-ceske-svycarsko-300x169.jpg 300w, https:\/\/cottage.cz\/wp-content\/uploads\/2015\/07\/ebike-ceske-svycarsko-768x432.jpg 768w, https:\/\/cottage.cz\/wp-content\/uploads\/2015\/07\/ebike-ceske-svycarsko-1024x576.jpg 1024w, https:\/\/cottage.cz\/wp-content\/uploads\/2015\/07\/ebike-ceske-svycarsko.jpg 1920w\" data-sizes=\"(max-width: 300px) 100vw, 300px\" src=\"data:image\/svg+xml;base64,PHN2ZyB3aWR0aD0iMSIgaGVpZ2h0PSIxIiB4bWxucz0iaHR0cDovL3d3dy53My5vcmcvMjAwMC9zdmciPjwvc3ZnPg==\" style=\"--smush-placeholder-width: 300px; --smush-placeholder-aspect-ratio: 300\/169;\" \/><\/a>\n<h4 class=\"pt-cv-title\"><a href=\"https:\/\/cottage.cz\/en\/trip-full-day-e-bike-tour-through-the-entire-bohemian-saxon-switzerland\/\" class=\"_self cvplbd\" target=\"_self\" >Trip: Full-day e-bike tour through the entire Bohemian-Saxon Switzerland<\/a><\/h4>\n<div class=\"pt-cv-content\">I enjoy nature, but I still pedal and ride without sweating, that's e-bikes!\" During a full-day trip through Bohemian Switzerland, ...<br \/><div class=\"pt-cv-rmwrap\"><a href=\"https:\/\/cottage.cz\/en\/trip-full-day-e-bike-tour-through-the-entire-bohemian-saxon-switzerland\/\" class=\"_self pt-cv-readmore btn btn-success cvplbd\" target=\"_self\">V\u00edce informac\u00ed zde<\/a><\/div><\/div><\/div><\/div>\n<div class=\"col-md-4 col-sm-6 col-xs-12 pt-cv-content-item pt-cv-1-col\"  data-pid=\"23295\"><div class='pt-cv-ifield'><a href=\"https:\/\/cottage.cz\/en\/trip-cycle-trip-for-the-whole-family-on-boats\/\" class=\"_self pt-cv-href-thumbnail pt-cv-thumb-default cvplbd\" target=\"_self\" ><img decoding=\"async\" width=\"300\" height=\"169\" data-src=\"https:\/\/cottage.cz\/wp-content\/uploads\/2015\/01\/lode2-300x169.jpg\" class=\"pt-cv-thumbnail img-none lazyload\" alt=\"Trip: Cycle trip for the whole family on boats\" data-srcset=\"https:\/\/cottage.cz\/wp-content\/uploads\/2015\/01\/lode2-300x169.jpg 300w, https:\/\/cottage.cz\/wp-content\/uploads\/2015\/01\/lode2-768x432.jpg 768w, https:\/\/cottage.cz\/wp-content\/uploads\/2015\/01\/lode2.jpg 800w\" data-sizes=\"(max-width: 300px) 100vw, 300px\" src=\"data:image\/svg+xml;base64,PHN2ZyB3aWR0aD0iMSIgaGVpZ2h0PSIxIiB4bWxucz0iaHR0cDovL3d3dy53My5vcmcvMjAwMC9zdmciPjwvc3ZnPg==\" style=\"--smush-placeholder-width: 300px; --smush-placeholder-aspect-ratio: 300\/169;\" \/><\/a>\n<h4 class=\"pt-cv-title\"><a href=\"https:\/\/cottage.cz\/en\/trip-cycle-trip-for-the-whole-family-on-boats\/\" class=\"_self cvplbd\" target=\"_self\" >Trip: Cycle trip for the whole family on boats<\/a><\/h4>\n<div class=\"pt-cv-content\">We will drive together about 30 km from Kr\u00e1sn\u00e1 L\u00edpa at a leisurely pace with several stops (e.g. Fairy Cave, ...<br \/><div class=\"pt-cv-rmwrap\"><a href=\"https:\/\/cottage.cz\/en\/trip-cycle-trip-for-the-whole-family-on-boats\/\" class=\"_self pt-cv-readmore btn btn-success cvplbd\" target=\"_self\">V\u00edce informac\u00ed zde<\/a><\/div><\/div><\/div><\/div>\n<div class=\"col-md-4 col-sm-6 col-xs-12 pt-cv-content-item pt-cv-1-col\"  data-pid=\"21328\"><div class='pt-cv-ifield'><a href=\"https:\/\/cottage.cz\/en\/course-ice-skating\/\" class=\"_self pt-cv-href-thumbnail pt-cv-thumb-default cvplbd\" target=\"_self\" ><img decoding=\"async\" width=\"300\" height=\"225\" data-src=\"https:\/\/cottage.cz\/wp-content\/uploads\/2018\/05\/IMG_20180226_154924-e1605641186523-300x225.jpg\" class=\"pt-cv-thumbnail img-none lazyload\" alt=\"Course: Ice-skating\" data-srcset=\"https:\/\/cottage.cz\/wp-content\/uploads\/2018\/05\/IMG_20180226_154924-e1605641186523-300x225.jpg 300w, https:\/\/cottage.cz\/wp-content\/uploads\/2018\/05\/IMG_20180226_154924-e1605641186523-768x576.jpg 768w, https:\/\/cottage.cz\/wp-content\/uploads\/2018\/05\/IMG_20180226_154924-e1605641186523-1024x768.jpg 1024w, https:\/\/cottage.cz\/wp-content\/uploads\/2018\/05\/IMG_20180226_154924-e1605641186523-1536x1152.jpg 1536w, https:\/\/cottage.cz\/wp-content\/uploads\/2018\/05\/IMG_20180226_154924-e1605641186523-2048x1536.jpg 2048w, https:\/\/cottage.cz\/wp-content\/uploads\/2018\/05\/IMG_20180226_154924-e1605641186523-450x338.jpg 450w\" data-sizes=\"(max-width: 300px) 100vw, 300px\" src=\"data:image\/svg+xml;base64,PHN2ZyB3aWR0aD0iMSIgaGVpZ2h0PSIxIiB4bWxucz0iaHR0cDovL3d3dy53My5vcmcvMjAwMC9zdmciPjwvc3ZnPg==\" style=\"--smush-placeholder-width: 300px; --smush-placeholder-aspect-ratio: 300\/225;\" \/><\/a>\n<h4 class=\"pt-cv-title\"><a href=\"https:\/\/cottage.cz\/en\/course-ice-skating\/\" class=\"_self cvplbd\" target=\"_self\" >Course: Ice-skating<\/a><\/h4>\n<div class=\"pt-cv-content\">The course is intended for beginners and intermediates (including children). In an hour and a half, you will learn the ...<br \/><div class=\"pt-cv-rmwrap\"><a href=\"https:\/\/cottage.cz\/en\/course-ice-skating\/\" class=\"_self pt-cv-readmore btn btn-success cvplbd\" target=\"_self\">V\u00edce informac\u00ed zde<\/a><\/div><\/div><\/div><\/div>\n<div class=\"col-md-4 col-sm-6 col-xs-12 pt-cv-content-item pt-cv-1-col\"  data-pid=\"21164\"><div class='pt-cv-ifield'><a href=\"https:\/\/cottage.cz\/en\/tour-with-guide-in-snowshoes\/\" class=\"_self pt-cv-href-thumbnail pt-cv-thumb-default cvplbd\" target=\"_self\" ><img decoding=\"async\" width=\"300\" height=\"169\" data-src=\"https:\/\/cottage.cz\/wp-content\/uploads\/2016\/02\/IMG_20170112_143120-300x169.jpg\" class=\"pt-cv-thumbnail img-none lazyload\" alt=\"Tour with guide in snowshoes\" data-srcset=\"https:\/\/cottage.cz\/wp-content\/uploads\/2016\/02\/IMG_20170112_143120-300x169.jpg 300w, https:\/\/cottage.cz\/wp-content\/uploads\/2016\/02\/IMG_20170112_143120-768x432.jpg 768w, https:\/\/cottage.cz\/wp-content\/uploads\/2016\/02\/IMG_20170112_143120-1024x576.jpg 1024w, https:\/\/cottage.cz\/wp-content\/uploads\/2016\/02\/IMG_20170112_143120.jpg 1920w\" data-sizes=\"(max-width: 300px) 100vw, 300px\" src=\"data:image\/svg+xml;base64,PHN2ZyB3aWR0aD0iMSIgaGVpZ2h0PSIxIiB4bWxucz0iaHR0cDovL3d3dy53My5vcmcvMjAwMC9zdmciPjwvc3ZnPg==\" style=\"--smush-placeholder-width: 300px; --smush-placeholder-aspect-ratio: 300\/169;\" \/><\/a>\n<h4 class=\"pt-cv-title\"><a href=\"https:\/\/cottage.cz\/en\/tour-with-guide-in-snowshoes\/\" class=\"_self cvplbd\" target=\"_self\" >Tour with guide in snowshoes<\/a><\/h4>\n<div class=\"pt-cv-content\">Come try snowshoeing and discover the snowy landscape of Bohemian Switzerland and Lusatian Mountains, untrodden place off roads. Snowshoes including ...<br \/><div class=\"pt-cv-rmwrap\"><a href=\"https:\/\/cottage.cz\/en\/tour-with-guide-in-snowshoes\/\" class=\"_self pt-cv-readmore btn btn-success cvplbd\" target=\"_self\">V\u00edce informac\u00ed zde<\/a><\/div><\/div><\/div><\/div>\n<div class=\"col-md-4 col-sm-6 col-xs-12 pt-cv-content-item pt-cv-1-col\"  data-pid=\"21151\"><div class='pt-cv-ifield'><a href=\"https:\/\/cottage.cz\/en\/course-nordic-walking\/\" class=\"_self pt-cv-href-thumbnail pt-cv-thumb-default cvplbd\" target=\"_self\" ><img decoding=\"async\" width=\"300\" height=\"200\" data-src=\"https:\/\/cottage.cz\/wp-content\/uploads\/2018\/03\/IMG_8722-300x200.jpg\" class=\"pt-cv-thumbnail img-none lazyload\" alt=\"Course: Nordic walking\" data-srcset=\"https:\/\/cottage.cz\/wp-content\/uploads\/2018\/03\/IMG_8722-300x200.jpg 300w, https:\/\/cottage.cz\/wp-content\/uploads\/2018\/03\/IMG_8722-768x512.jpg 768w, https:\/\/cottage.cz\/wp-content\/uploads\/2018\/03\/IMG_8722-1024x683.jpg 1024w\" data-sizes=\"(max-width: 300px) 100vw, 300px\" src=\"data:image\/svg+xml;base64,PHN2ZyB3aWR0aD0iMSIgaGVpZ2h0PSIxIiB4bWxucz0iaHR0cDovL3d3dy53My5vcmcvMjAwMC9zdmciPjwvc3ZnPg==\" style=\"--smush-placeholder-width: 300px; --smush-placeholder-aspect-ratio: 300\/200;\" \/><\/a>\n<h4 class=\"pt-cv-title\"><a href=\"https:\/\/cottage.cz\/en\/course-nordic-walking\/\" class=\"_self cvplbd\" target=\"_self\" >Course: Nordic walking<\/a><\/h4>\n<div class=\"pt-cv-content\">Do you go on trips with sticks? Nordic yoga? Want to learn, if you are using the correct hole, perfect ...<br \/><div class=\"pt-cv-rmwrap\"><a href=\"https:\/\/cottage.cz\/en\/course-nordic-walking\/\" class=\"_self pt-cv-readmore btn btn-success cvplbd\" target=\"_self\">V\u00edce informac\u00ed zde<\/a><\/div><\/div><\/div><\/div>\n<div class=\"col-md-4 col-sm-6 col-xs-12 pt-cv-content-item pt-cv-1-col\"  data-pid=\"21144\"><div class='pt-cv-ifield'><a href=\"https:\/\/cottage.cz\/en\/tour-with-guide\/\" class=\"_self pt-cv-href-thumbnail pt-cv-thumb-default cvplbd\" target=\"_self\" ><img decoding=\"async\" width=\"300\" height=\"200\" data-src=\"https:\/\/cottage.cz\/wp-content\/uploads\/2020\/03\/DSCF4847-2-300x200.jpg\" class=\"pt-cv-thumbnail img-none lazyload\" alt=\"Tour with guide\" data-srcset=\"https:\/\/cottage.cz\/wp-content\/uploads\/2020\/03\/DSCF4847-2-300x200.jpg 300w, https:\/\/cottage.cz\/wp-content\/uploads\/2020\/03\/DSCF4847-2-1024x683.jpg 1024w, https:\/\/cottage.cz\/wp-content\/uploads\/2020\/03\/DSCF4847-2-768x512.jpg 768w, https:\/\/cottage.cz\/wp-content\/uploads\/2020\/03\/DSCF4847-2-1536x1024.jpg 1536w, https:\/\/cottage.cz\/wp-content\/uploads\/2020\/03\/DSCF4847-2-2048x1365.jpg 2048w\" data-sizes=\"(max-width: 300px) 100vw, 300px\" src=\"data:image\/svg+xml;base64,PHN2ZyB3aWR0aD0iMSIgaGVpZ2h0PSIxIiB4bWxucz0iaHR0cDovL3d3dy53My5vcmcvMjAwMC9zdmciPjwvc3ZnPg==\" style=\"--smush-placeholder-width: 300px; --smush-placeholder-aspect-ratio: 300\/200;\" \/><\/a>\n<h4 class=\"pt-cv-title\"><a href=\"https:\/\/cottage.cz\/en\/tour-with-guide\/\" class=\"_self cvplbd\" target=\"_self\" >Tour with guide<\/a><\/h4>\n<div class=\"pt-cv-content\">We will organize an individual trip with a program in Bohemian Switzerland, Lusatian mountains at your request. You are a ...<br \/><div class=\"pt-cv-rmwrap\"><a href=\"https:\/\/cottage.cz\/en\/tour-with-guide\/\" class=\"_self pt-cv-readmore btn btn-success cvplbd\" target=\"_self\">V\u00edce informac\u00ed zde<\/a><\/div><\/div><\/div><\/div><\/div><\/div><\/div>\t\t\t<style type=\"text\/css\" id=\"pt-cv-inline-style-41a1d96l8b\">#pt-cv-view-ecdf67a0km.pt-cv-post-border { margin: 0; border-top-width: 1px; border-left-width: 1px }\n#pt-cv-view-ecdf67a0km.pt-cv-post-border { margin: 0; border-top-style: solid; border-left-style: solid }\n#pt-cv-view-ecdf67a0km.pt-cv-post-border .pt-cv-content-item   { border-right-width: 1px; border-bottom-width: 1px; border-right-style: solid; border-bottom-style: solid; }\n#pt-cv-view-ecdf67a0km .pt-cv-title a, #pt-cv-view-ecdf67a0km  .panel-title { font-weight: 600 !important; }\n#pt-cv-view-ecdf67a0km .pt-cv-readmore  { color: #ffffff !important; background-color: #ba7f42 !important; }\n#pt-cv-view-ecdf67a0km .pt-cv-readmore:hover  { color: #ffffff !important; background-color: #ba7f42 !important; }\n#pt-cv-view-ecdf67a0km  + .pt-cv-pagination-wrapper .pt-cv-more , #pt-cv-view-ecdf67a0km  + .pt-cv-pagination-wrapper .pagination .active a { color: #ffffff !important; background-color: #ba7f42 !important; }<\/style>\r\n\t\t\t\n","protected":false},"excerpt":{"rendered":"","protected":false},"author":2,"featured_media":14979,"parent":0,"menu_order":0,"comment_status":"closed","ping_status":"closed","template":"","meta":{"_monsterinsights_skip_tracking":false,"_monsterinsights_sitenote_active":false,"_monsterinsights_sitenote_note":"","_monsterinsights_sitenote_category":0,"ngg_post_thumbnail":0,"footnotes":""},"class_list":["post-20506","page","type-page","status-publish","has-post-thumbnail","hentry"],"aioseo_notices":[],"_links":{"self":[{"href":"https:\/\/cottage.cz\/en\/wp-json\/wp\/v2\/pages\/20506","targetHints":{"allow":["GET"]}}],"collection":[{"href":"https:\/\/cottage.cz\/en\/wp-json\/wp\/v2\/pages"}],"about":[{"href":"https:\/\/cottage.cz\/en\/wp-json\/wp\/v2\/types\/page"}],"author":[{"embeddable":true,"href":"https:\/\/cottage.cz\/en\/wp-json\/wp\/v2\/users\/2"}],"replies":[{"embeddable":true,"href":"https:\/\/cottage.cz\/en\/wp-json\/wp\/v2\/comments?post=20506"}],"version-history":[{"count":2,"href":"https:\/\/cottage.cz\/en\/wp-json\/wp\/v2\/pages\/20506\/revisions"}],"predecessor-version":[{"id":20509,"href":"https:\/\/cottage.cz\/en\/wp-json\/wp\/v2\/pages\/20506\/revisions\/20509"}],"wp:featuredmedia":[{"embeddable":true,"href":"https:\/\/cottage.cz\/en\/wp-json\/wp\/v2\/media\/14979"}],"wp:attachment":[{"href":"https:\/\/cottage.cz\/en\/wp-json\/wp\/v2\/media?parent=20506"}],"curies":[{"name":"wp","href":"https:\/\/api.w.org\/{rel}","templated":true}]}}