{"id":20461,"date":"2023-12-29T16:23:38","date_gmt":"2023-12-29T15:23:38","guid":{"rendered":"https:\/\/cottage.napokusy.cz\/?page_id=20461"},"modified":"2023-12-29T16:23:40","modified_gmt":"2023-12-29T15:23:40","slug":"pravcicka-brana-2","status":"publish","type":"page","link":"https:\/\/cottage.cz\/en\/pravcicka-brana-2\/","title":{"rendered":"Pravcicka brana"},"content":{"rendered":"<p>The national natural monument Prav\u010dick\u00e1 br\u00e1na (Prebischtor in German) is a rock formation located on the territory of the \u010cesk\u00e9 \u0160v\u00fdcarsko National Park, approximately 3 km from H\u0159ensk. The size of the gate is 26.5 meters in width and 16 meters in height. Prav\u010dick\u00e1 br\u00e1na is the largest sandstone rock gate in Europe. In the surrounding rock massif of Prav\u010dick\u00e1 br\u00e1ny there is a castle and restaurant Sokol\u00ed hn\u00edzdo.<\/p>\n<p>Attention: due to the entrance to Prav\u010dick\u00e1 br\u00e1na through the castle, an entrance fee is payable. The entrance fee is 75 CZK and goes into the pocket of the owner of the chateau, n\u00e9e NP \u010cesk\u00e9 \u0160v\u00fdcarsko. Current opening hours and entrance fees can be found here.<\/p>\n<p>You can get to Prav\u010dick\u00e1 br\u00e1na from H\u0159ensk by taking the red road (half of the way is an asphalt road, for the parking fee in H\u0159ensk you pay at least 100 CZK)<\/p>\n<p>The second and better option to get to Prav\u010dick\u00e1 br\u00e1na by taking the red road from Mezn\u00ed Louka (or from Mezn\u00e1 &#8211; without parking fee). If you don&#8217;t want to go back the same way, take the red road down to the main road and go back by tourist bus or follow the yellow tourist sign back to Mezn\u00e1 and Mezn\u00ed Louka.<\/p>\n<p><iframe data-src=\"https:\/\/www.youtube.com\/embed\/xCLTv8WxrKs\" width=\"853\" height=\"480\" frameborder=\"0\" src=\"data:image\/svg+xml;base64,PHN2ZyB3aWR0aD0iMSIgaGVpZ2h0PSIxIiB4bWxucz0iaHR0cDovL3d3dy53My5vcmcvMjAwMC9zdmciPjwvc3ZnPg==\" class=\"lazyload\" data-load-mode=\"1\"><\/iframe><\/p>\n<p><img decoding=\"async\" src=\"http:\/\/cottage.cz\/wp-content\/uploads\/2017\/07\/cottage_files\/01 Prav\u010dick\u00e1 br\u00e1na,  foto Z. Patzelt.jpg\" \/><img decoding=\"async\" src=\"http:\/\/cottage.cz\/wp-content\/uploads\/2017\/07\/cottage_files\/15 Prav\u010dick\u00e1 br\u00e1na v zim\u011b, foto V. Sojka.jpg\" \/><img decoding=\"async\" data-src=\"http:\/\/cottage.cz\/wp-content\/uploads\/2017\/07\/cottage_files\/WP_20150812_13_02_41_Pro.jpg\" src=\"data:image\/svg+xml;base64,PHN2ZyB3aWR0aD0iMSIgaGVpZ2h0PSIxIiB4bWxucz0iaHR0cDovL3d3dy53My5vcmcvMjAwMC9zdmciPjwvc3ZnPg==\" class=\"lazyload\" \/><img decoding=\"async\" data-src=\"http:\/\/cottage.cz\/wp-content\/uploads\/2017\/07\/cottage_files\/WP_20150812_13_16_23_Pro.jpg\" src=\"data:image\/svg+xml;base64,PHN2ZyB3aWR0aD0iMSIgaGVpZ2h0PSIxIiB4bWxucz0iaHR0cDovL3d3dy53My5vcmcvMjAwMC9zdmciPjwvc3ZnPg==\" class=\"lazyload\" \/><\/p>\n","protected":false},"excerpt":{"rendered":"<p>The national natural monument Prav\u010dick\u00e1 br\u00e1na (Prebischtor in German) is a rock formation located on the territory of the \u010cesk\u00e9 \u0160v\u00fdcarsko National Park, approximately 3 km from H\u0159ensk. The size of the gate is 26.5 meters in width and 16 meters in height. Prav\u010dick\u00e1 br\u00e1na is the largest sandstone rock gate in Europe. In the [&hellip;]<\/p>\n","protected":false},"author":2,"featured_media":0,"parent":0,"menu_order":0,"comment_status":"closed","ping_status":"closed","template":"","meta":{"_monsterinsights_skip_tracking":false,"_monsterinsights_sitenote_active":false,"_monsterinsights_sitenote_note":"","_monsterinsights_sitenote_category":0,"ngg_post_thumbnail":0,"footnotes":""},"class_list":["post-20461","page","type-page","status-publish","hentry"],"aioseo_notices":[],"_links":{"self":[{"href":"https:\/\/cottage.cz\/en\/wp-json\/wp\/v2\/pages\/20461","targetHints":{"allow":["GET"]}}],"collection":[{"href":"https:\/\/cottage.cz\/en\/wp-json\/wp\/v2\/pages"}],"about":[{"href":"https:\/\/cottage.cz\/en\/wp-json\/wp\/v2\/types\/page"}],"author":[{"embeddable":true,"href":"https:\/\/cottage.cz\/en\/wp-json\/wp\/v2\/users\/2"}],"replies":[{"embeddable":true,"href":"https:\/\/cottage.cz\/en\/wp-json\/wp\/v2\/comments?post=20461"}],"version-history":[{"count":1,"href":"https:\/\/cottage.cz\/en\/wp-json\/wp\/v2\/pages\/20461\/revisions"}],"predecessor-version":[{"id":20462,"href":"https:\/\/cottage.cz\/en\/wp-json\/wp\/v2\/pages\/20461\/revisions\/20462"}],"wp:attachment":[{"href":"https:\/\/cottage.cz\/en\/wp-json\/wp\/v2\/media?parent=20461"}],"curies":[{"name":"wp","href":"https:\/\/api.w.org\/{rel}","templated":true}]}}