{"id":20426,"date":"2023-12-20T16:49:36","date_gmt":"2023-12-20T15:49:36","guid":{"rendered":"https:\/\/cottage.napokusy.cz\/?page_id=20426"},"modified":"2024-11-22T08:37:27","modified_gmt":"2024-11-22T07:37:27","slug":"krasna-lipa","status":"publish","type":"page","link":"https:\/\/cottage.cz\/en\/krasna-lipa\/","title":{"rendered":"Krasna Lipa \u2013 gateway to the BohemianSwitzerland National Park"},"content":{"rendered":"<p><strong>Krasna Lipa is a town with about 3600 residents\u00a0<\/strong>and is situated in the northeastern part\u00a0<strong>district Decin<\/strong>. Town River K\u0159inice, which continues through the National Park Czech Switzerland in the Elbe.<\/p>\n<div>Krasna Lipa was the end 13. century. The first settlers were probably on 30 Families colonists from Upper Franconia.\u00a0<strong>The first written mention\u00a0<\/strong>dates\u00a0<strong>from year 1361<\/strong>, as the owner of the village is documented Vanek of Vartemberk. With the advent of Lutheranism is in Krasna Lipa 1551 mentioned as a Lutheran. The roughly 100 years later, followed by a complete return to Catholicism. In\u00a0<strong>1731<\/strong>\u00a0the village was Emperor Charles VI. promoted to\u00a0<strong>township<\/strong>, at the same time\u00a0<strong>develop production and processing of textiles<\/strong>. K\u00a0<strong>promotion of the city<\/strong>\u00a0occurred in\u00a0<strong>1870<\/strong>, the textile industry has had an industrial character. Besides the development of the industry 2. polovina 19. Century also associated with the development of tourism, 23. August 1885 It was founded in Krasna Lipa Mountain Club for North Bohemia, who advocated the creation of tourist infrastructure. In 1910 the city had about 7000 resident, as a result of the post-war expulsion of the number fell after the year 1945 roughly 3100. Since year 2000 the city\u00a0<strong>seat\u00a0<a title=\"Management of the National Park Czech Switzerland\" href=\"http:\/\/www.npcs.cz\/\" target=\"_blank\" rel=\"noopener\">Administration of the National Park Czech Switzerland<\/a><\/strong>.<\/div>\n<div><\/div>\n<div>I recommend:<\/div>\n<div>Bohemian Switzerland information center with exposition, open daily<\/div>\n<div>brewery Falkenstein, open daily<\/div>\n<div>Atelier cafe \u2013 open friday \u2013 Sunday<\/div>\n<div>Chocolate Man \u2013 open daily<\/div>\n<div>Sport areal \u2013 open daily<\/div>\n<div><\/div>\n<div>\n<div class=\"gallery-1 gallery-wrapper columns-wrapper\"><div class=\"gallery-column\"><a class=\"gallery-item photoswipe-item\" data-caption=\"\" data-width=\"3904\" data-height=\"2696\" href=\"https:\/\/cottage.cz\/wp-content\/uploads\/2018\/02\/01-N\u00e1m\u011bst\u00ed-s-nov\u00fdm-hotelem.jpg\" rel=\"lightbox[20426]\"><img decoding=\"async\" class=\"gallery-img-desktop lazyload\" data-src=\"https:\/\/cottage.cz\/wp-content\/uploads\/2018\/02\/01-N\u00e1m\u011bst\u00ed-s-nov\u00fdm-hotelem-550x309.jpg\" alt=\"\" src=\"data:image\/svg+xml;base64,PHN2ZyB3aWR0aD0iMSIgaGVpZ2h0PSIxIiB4bWxucz0iaHR0cDovL3d3dy53My5vcmcvMjAwMC9zdmciPjwvc3ZnPg==\" style=\"--smush-placeholder-width: 550px; --smush-placeholder-aspect-ratio: 550\/309;\" \/><img decoding=\"async\" class=\"gallery-img-mobile lazyload\" data-src=\"https:\/\/cottage.cz\/wp-content\/uploads\/2018\/02\/01-N\u00e1m\u011bst\u00ed-s-nov\u00fdm-hotelem-500x500.jpg\" alt=\"\" src=\"data:image\/svg+xml;base64,PHN2ZyB3aWR0aD0iMSIgaGVpZ2h0PSIxIiB4bWxucz0iaHR0cDovL3d3dy53My5vcmcvMjAwMC9zdmciPjwvc3ZnPg==\" style=\"--smush-placeholder-width: 500px; --smush-placeholder-aspect-ratio: 500\/500;\" \/><div class=\"gallery-enlarge\"><\/div><\/a><\/div><div class=\"gallery-column\"><a class=\"gallery-item photoswipe-item\" data-caption=\"sportovni areal\" data-width=\"4122\" data-height=\"2787\" href=\"https:\/\/cottage.cz\/wp-content\/uploads\/2018\/02\/01-Sportovn\u00ed-are\u00e1l-\u010cesk\u00e9ho-\u0160v\u00fdcarska-v-KL.jpg\" rel=\"lightbox[20426]\"><img decoding=\"async\" class=\"gallery-img-desktop lazyload\" data-src=\"https:\/\/cottage.cz\/wp-content\/uploads\/2018\/02\/01-Sportovn\u00ed-are\u00e1l-\u010cesk\u00e9ho-\u0160v\u00fdcarska-v-KL-550x309.jpg\" alt=\"\" src=\"data:image\/svg+xml;base64,PHN2ZyB3aWR0aD0iMSIgaGVpZ2h0PSIxIiB4bWxucz0iaHR0cDovL3d3dy53My5vcmcvMjAwMC9zdmciPjwvc3ZnPg==\" style=\"--smush-placeholder-width: 550px; --smush-placeholder-aspect-ratio: 550\/309;\" \/><img decoding=\"async\" class=\"gallery-img-mobile lazyload\" data-src=\"https:\/\/cottage.cz\/wp-content\/uploads\/2018\/02\/01-Sportovn\u00ed-are\u00e1l-\u010cesk\u00e9ho-\u0160v\u00fdcarska-v-KL-500x500.jpg\" alt=\"\" src=\"data:image\/svg+xml;base64,PHN2ZyB3aWR0aD0iMSIgaGVpZ2h0PSIxIiB4bWxucz0iaHR0cDovL3d3dy53My5vcmcvMjAwMC9zdmciPjwvc3ZnPg==\" style=\"--smush-placeholder-width: 500px; --smush-placeholder-aspect-ratio: 500\/500;\" \/><div class=\"gallery-enlarge\"><\/div><\/a><\/div><div class=\"gallery-column\"><a class=\"gallery-item photoswipe-item\" data-caption=\"\" data-width=\"2048\" data-height=\"1536\" href=\"https:\/\/cottage.cz\/wp-content\/uploads\/2018\/02\/\u010dervenec-2013-1.jpg\" rel=\"lightbox[20426]\"><img decoding=\"async\" class=\"gallery-img-desktop lazyload\" data-src=\"https:\/\/cottage.cz\/wp-content\/uploads\/2018\/02\/\u010dervenec-2013-1-550x309.jpg\" alt=\"\" src=\"data:image\/svg+xml;base64,PHN2ZyB3aWR0aD0iMSIgaGVpZ2h0PSIxIiB4bWxucz0iaHR0cDovL3d3dy53My5vcmcvMjAwMC9zdmciPjwvc3ZnPg==\" style=\"--smush-placeholder-width: 550px; --smush-placeholder-aspect-ratio: 550\/309;\" \/><img decoding=\"async\" class=\"gallery-img-mobile lazyload\" data-src=\"https:\/\/cottage.cz\/wp-content\/uploads\/2018\/02\/\u010dervenec-2013-1-500x500.jpg\" alt=\"\" src=\"data:image\/svg+xml;base64,PHN2ZyB3aWR0aD0iMSIgaGVpZ2h0PSIxIiB4bWxucz0iaHR0cDovL3d3dy53My5vcmcvMjAwMC9zdmciPjwvc3ZnPg==\" style=\"--smush-placeholder-width: 500px; --smush-placeholder-aspect-ratio: 500\/500;\" \/><div class=\"gallery-enlarge\"><\/div><\/a><\/div><div class=\"gallery-column\"><a class=\"gallery-item photoswipe-item\" data-caption=\"\" data-width=\"1536\" data-height=\"2048\" href=\"https:\/\/cottage.cz\/wp-content\/uploads\/2018\/02\/\u010dervenec-2013-5.jpg\" rel=\"lightbox[20426]\"><img decoding=\"async\" class=\"gallery-img-desktop lazyload\" data-src=\"https:\/\/cottage.cz\/wp-content\/uploads\/2018\/02\/\u010dervenec-2013-5-550x309.jpg\" alt=\"\" src=\"data:image\/svg+xml;base64,PHN2ZyB3aWR0aD0iMSIgaGVpZ2h0PSIxIiB4bWxucz0iaHR0cDovL3d3dy53My5vcmcvMjAwMC9zdmciPjwvc3ZnPg==\" style=\"--smush-placeholder-width: 550px; --smush-placeholder-aspect-ratio: 550\/309;\" \/><img decoding=\"async\" class=\"gallery-img-mobile lazyload\" data-src=\"https:\/\/cottage.cz\/wp-content\/uploads\/2018\/02\/\u010dervenec-2013-5-500x500.jpg\" alt=\"\" src=\"data:image\/svg+xml;base64,PHN2ZyB3aWR0aD0iMSIgaGVpZ2h0PSIxIiB4bWxucz0iaHR0cDovL3d3dy53My5vcmcvMjAwMC9zdmciPjwvc3ZnPg==\" style=\"--smush-placeholder-width: 500px; --smush-placeholder-aspect-ratio: 500\/500;\" \/><div class=\"gallery-enlarge\"><\/div><\/a><\/div><div class=\"gallery-column\"><a class=\"gallery-item photoswipe-item\" data-caption=\"informacni cetrum ceske svycarsko\" data-width=\"2048\" data-height=\"1536\" href=\"https:\/\/cottage.cz\/wp-content\/uploads\/2018\/02\/\u010dervenec-2013-7.jpg\" rel=\"lightbox[20426]\"><img decoding=\"async\" class=\"gallery-img-desktop lazyload\" data-src=\"https:\/\/cottage.cz\/wp-content\/uploads\/2018\/02\/\u010dervenec-2013-7-550x309.jpg\" alt=\"\" src=\"data:image\/svg+xml;base64,PHN2ZyB3aWR0aD0iMSIgaGVpZ2h0PSIxIiB4bWxucz0iaHR0cDovL3d3dy53My5vcmcvMjAwMC9zdmciPjwvc3ZnPg==\" style=\"--smush-placeholder-width: 550px; --smush-placeholder-aspect-ratio: 550\/309;\" \/><img decoding=\"async\" class=\"gallery-img-mobile lazyload\" data-src=\"https:\/\/cottage.cz\/wp-content\/uploads\/2018\/02\/\u010dervenec-2013-7-500x500.jpg\" alt=\"\" src=\"data:image\/svg+xml;base64,PHN2ZyB3aWR0aD0iMSIgaGVpZ2h0PSIxIiB4bWxucz0iaHR0cDovL3d3dy53My5vcmcvMjAwMC9zdmciPjwvc3ZnPg==\" style=\"--smush-placeholder-width: 500px; --smush-placeholder-aspect-ratio: 500\/500;\" \/><div class=\"gallery-enlarge\"><\/div><\/a><\/div><div class=\"gallery-column\"><a class=\"gallery-item photoswipe-item\" data-caption=\"krinicke namesti\" data-width=\"1889\" data-height=\"1257\" href=\"https:\/\/cottage.cz\/wp-content\/uploads\/2018\/02\/KL-n\u00e1m\u011bst\u00ed.jpg\" rel=\"lightbox[20426]\"><img decoding=\"async\" class=\"gallery-img-desktop lazyload\" data-src=\"https:\/\/cottage.cz\/wp-content\/uploads\/2018\/02\/KL-n\u00e1m\u011bst\u00ed-550x309.jpg\" alt=\"\" src=\"data:image\/svg+xml;base64,PHN2ZyB3aWR0aD0iMSIgaGVpZ2h0PSIxIiB4bWxucz0iaHR0cDovL3d3dy53My5vcmcvMjAwMC9zdmciPjwvc3ZnPg==\" style=\"--smush-placeholder-width: 550px; --smush-placeholder-aspect-ratio: 550\/309;\" \/><img decoding=\"async\" class=\"gallery-img-mobile lazyload\" data-src=\"https:\/\/cottage.cz\/wp-content\/uploads\/2018\/02\/KL-n\u00e1m\u011bst\u00ed-500x500.jpg\" alt=\"\" src=\"data:image\/svg+xml;base64,PHN2ZyB3aWR0aD0iMSIgaGVpZ2h0PSIxIiB4bWxucz0iaHR0cDovL3d3dy53My5vcmcvMjAwMC9zdmciPjwvc3ZnPg==\" style=\"--smush-placeholder-width: 500px; --smush-placeholder-aspect-ratio: 500\/500;\" \/><div class=\"gallery-enlarge\"><\/div><\/a><\/div><div class=\"gallery-column\"><a class=\"gallery-item photoswipe-item\" data-caption=\"kavarna Atelier\" data-width=\"960\" data-height=\"493\" href=\"https:\/\/cottage.cz\/wp-content\/uploads\/2019\/02\/kavarna-atelier.jpg\" rel=\"lightbox[20426]\"><img decoding=\"async\" class=\"gallery-img-desktop lazyload\" data-src=\"https:\/\/cottage.cz\/wp-content\/uploads\/2019\/02\/kavarna-atelier-550x309.jpg\" alt=\"\" src=\"data:image\/svg+xml;base64,PHN2ZyB3aWR0aD0iMSIgaGVpZ2h0PSIxIiB4bWxucz0iaHR0cDovL3d3dy53My5vcmcvMjAwMC9zdmciPjwvc3ZnPg==\" style=\"--smush-placeholder-width: 550px; --smush-placeholder-aspect-ratio: 550\/309;\" \/><img decoding=\"async\" class=\"gallery-img-mobile lazyload\" data-src=\"https:\/\/cottage.cz\/wp-content\/uploads\/2019\/02\/kavarna-atelier-500x500.jpg\" alt=\"\" src=\"data:image\/svg+xml;base64,PHN2ZyB3aWR0aD0iMSIgaGVpZ2h0PSIxIiB4bWxucz0iaHR0cDovL3d3dy53My5vcmcvMjAwMC9zdmciPjwvc3ZnPg==\" style=\"--smush-placeholder-width: 500px; --smush-placeholder-aspect-ratio: 500\/500;\" \/><div class=\"gallery-enlarge\"><\/div><\/a><\/div><div class=\"gallery-column\"><a class=\"gallery-item photoswipe-item\" data-caption=\"pivovar Falkenstejn\" data-width=\"840\" data-height=\"560\" href=\"https:\/\/cottage.cz\/wp-content\/uploads\/2019\/02\/pivovar-falkenstejn.jpg\" rel=\"lightbox[20426]\"><img decoding=\"async\" class=\"gallery-img-desktop lazyload\" data-src=\"https:\/\/cottage.cz\/wp-content\/uploads\/2019\/02\/pivovar-falkenstejn-550x309.jpg\" alt=\"\" src=\"data:image\/svg+xml;base64,PHN2ZyB3aWR0aD0iMSIgaGVpZ2h0PSIxIiB4bWxucz0iaHR0cDovL3d3dy53My5vcmcvMjAwMC9zdmciPjwvc3ZnPg==\" style=\"--smush-placeholder-width: 550px; --smush-placeholder-aspect-ratio: 550\/309;\" \/><img decoding=\"async\" class=\"gallery-img-mobile lazyload\" data-src=\"https:\/\/cottage.cz\/wp-content\/uploads\/2019\/02\/pivovar-falkenstejn-500x500.jpg\" alt=\"\" src=\"data:image\/svg+xml;base64,PHN2ZyB3aWR0aD0iMSIgaGVpZ2h0PSIxIiB4bWxucz0iaHR0cDovL3d3dy53My5vcmcvMjAwMC9zdmciPjwvc3ZnPg==\" style=\"--smush-placeholder-width: 500px; --smush-placeholder-aspect-ratio: 500\/500;\" \/><div class=\"gallery-enlarge\"><\/div><\/a><\/div><style type=\"text\/css\">.gallery-1 .gallery-column { width: 33.33%; padding-bottom: 18.75%; }.gallery-1 { margin-left: -0px; margin-right: -0px; }.gallery-1 .gallery-item {bottom: 0px;left: 0px;right: 0px;top: 0px;}<\/style><\/div>\n<\/div>\n","protected":false},"excerpt":{"rendered":"<p>Krasna Lipa is a town with about 3600 residents\u00a0and is situated in the northeastern part\u00a0district Decin. Town River K\u0159inice, which continues through the National Park Czech Switzerland in the Elbe. Krasna Lipa was the end 13. century. The first settlers were probably on 30 Families colonists from Upper Franconia.\u00a0The first written mention\u00a0dates\u00a0from year 1361, as [&hellip;]<\/p>\n","protected":false},"author":2,"featured_media":16512,"parent":0,"menu_order":0,"comment_status":"closed","ping_status":"closed","template":"","meta":{"_monsterinsights_skip_tracking":false,"_monsterinsights_sitenote_active":false,"_monsterinsights_sitenote_note":"","_monsterinsights_sitenote_category":0,"ngg_post_thumbnail":0,"footnotes":""},"class_list":["post-20426","page","type-page","status-publish","has-post-thumbnail","hentry"],"aioseo_notices":[],"_links":{"self":[{"href":"https:\/\/cottage.cz\/en\/wp-json\/wp\/v2\/pages\/20426","targetHints":{"allow":["GET"]}}],"collection":[{"href":"https:\/\/cottage.cz\/en\/wp-json\/wp\/v2\/pages"}],"about":[{"href":"https:\/\/cottage.cz\/en\/wp-json\/wp\/v2\/types\/page"}],"author":[{"embeddable":true,"href":"https:\/\/cottage.cz\/en\/wp-json\/wp\/v2\/users\/2"}],"replies":[{"embeddable":true,"href":"https:\/\/cottage.cz\/en\/wp-json\/wp\/v2\/comments?post=20426"}],"version-history":[{"count":4,"href":"https:\/\/cottage.cz\/en\/wp-json\/wp\/v2\/pages\/20426\/revisions"}],"predecessor-version":[{"id":24081,"href":"https:\/\/cottage.cz\/en\/wp-json\/wp\/v2\/pages\/20426\/revisions\/24081"}],"wp:featuredmedia":[{"embeddable":true,"href":"https:\/\/cottage.cz\/en\/wp-json\/wp\/v2\/media\/16512"}],"wp:attachment":[{"href":"https:\/\/cottage.cz\/en\/wp-json\/wp\/v2\/media?parent=20426"}],"curies":[{"name":"wp","href":"https:\/\/api.w.org\/{rel}","templated":true}]}}