{"id":20372,"date":"2023-12-17T23:42:14","date_gmt":"2023-12-17T22:42:14","guid":{"rendered":"https:\/\/cottage.napokusy.cz\/?page_id=20372"},"modified":"2023-12-17T23:54:04","modified_gmt":"2023-12-17T22:54:04","slug":"pink-prospect","status":"publish","type":"page","link":"https:\/\/cottage.cz\/en\/pink-prospect\/","title":{"rendered":"Pink prospect"},"content":{"rendered":"\n<p>Just an hour from the town of D\u011b\u010d\u00edn following the red tourist sign and you are there. View of the Elbe Canyon with everything. Further along the red road you will reach the oldest lookout point in Bohemian Switzerland \u2013\u00a0<a href=\"https:\/\/cottage.cz\/en\/belveder\/\" title=\"Belved\u00e9r\">Belvedere<\/a>.<\/p>\n","protected":false},"excerpt":{"rendered":"<p>Just an hour from the town of D\u011b\u010d\u00edn following the red tourist sign and you are there. View of the Elbe Canyon with everything. Further along the red road you will reach the oldest lookout point in Bohemian Switzerland \u2013\u00a0Belvedere.<\/p>\n","protected":false},"author":4,"featured_media":18489,"parent":0,"menu_order":0,"comment_status":"closed","ping_status":"closed","template":"","meta":{"_monsterinsights_skip_tracking":false,"_monsterinsights_sitenote_active":false,"_monsterinsights_sitenote_note":"","_monsterinsights_sitenote_category":0,"ngg_post_thumbnail":0,"footnotes":""},"class_list":["post-20372","page","type-page","status-publish","has-post-thumbnail","hentry"],"aioseo_notices":[],"_links":{"self":[{"href":"https:\/\/cottage.cz\/en\/wp-json\/wp\/v2\/pages\/20372","targetHints":{"allow":["GET"]}}],"collection":[{"href":"https:\/\/cottage.cz\/en\/wp-json\/wp\/v2\/pages"}],"about":[{"href":"https:\/\/cottage.cz\/en\/wp-json\/wp\/v2\/types\/page"}],"author":[{"embeddable":true,"href":"https:\/\/cottage.cz\/en\/wp-json\/wp\/v2\/users\/4"}],"replies":[{"embeddable":true,"href":"https:\/\/cottage.cz\/en\/wp-json\/wp\/v2\/comments?post=20372"}],"version-history":[{"count":2,"href":"https:\/\/cottage.cz\/en\/wp-json\/wp\/v2\/pages\/20372\/revisions"}],"predecessor-version":[{"id":20387,"href":"https:\/\/cottage.cz\/en\/wp-json\/wp\/v2\/pages\/20372\/revisions\/20387"}],"wp:featuredmedia":[{"embeddable":true,"href":"https:\/\/cottage.cz\/en\/wp-json\/wp\/v2\/media\/18489"}],"wp:attachment":[{"href":"https:\/\/cottage.cz\/en\/wp-json\/wp\/v2\/media?parent=20372"}],"curies":[{"name":"wp","href":"https:\/\/api.w.org\/{rel}","templated":true}]}}