{"id":20365,"date":"2023-12-17T23:33:41","date_gmt":"2023-12-17T22:33:41","guid":{"rendered":"https:\/\/cottage.napokusy.cz\/?page_id=20365"},"modified":"2023-12-17T23:33:44","modified_gmt":"2023-12-17T22:33:44","slug":"jedlova-lookout-tower","status":"publish","type":"page","link":"https:\/\/cottage.cz\/en\/jedlova-lookout-tower\/","title":{"rendered":"Jedlov\u00e1 lookout Tower"},"content":{"rendered":"\n<p>At the top of the mountain Fir (774 m n. m) He was in 1891 built tower and tourist restaurant with a monument of the poet Friedrich Schiller.<br>In 1890 construction began 23 m high stone tower. Negotiations about the construction began 17. March 1889 in Krasna Lipa, When the landowner Prince Kinsky allowed to build on top of the fir. construction, designed by architect Varnsdorfsk\u00e1 Stoy, entered said branch Ji\u0159et\u00ednsk\u00e1 Mountain Association for North Bohemia company Eiselt Kr\u00e1sn\u00e1 L\u00edpa. As masonry builders used mainly local phonolite. lookout, whose construction required a total 5 200 gold, It was inaugurated 14. September 1891.<br>Approximately 1 km east of the summit of the mountain are the ruins Tol\u0161tejn.<\/p>\n\n\n\n<figure class=\"wp-block-gallery has-nested-images columns-default is-cropped wp-block-gallery-1 is-layout-flex wp-block-gallery-is-layout-flex\">\n<figure class=\"wp-block-image size-large\"><img decoding=\"async\" width=\"1024\" height=\"650\" data-id=\"9179\" data-src=\"https:\/\/www.cottage.cz\/wp-content\/uploads\/2022\/03\/rozhledna-jedlova-historie-1024x650.jpg\" alt=\"\" class=\"wp-image-9179 lazyload\" data-srcset=\"https:\/\/cottage.cz\/wp-content\/uploads\/2022\/03\/rozhledna-jedlova-historie-1024x650.jpg 1024w, https:\/\/cottage.cz\/wp-content\/uploads\/2022\/03\/rozhledna-jedlova-historie-300x190.jpg 300w, https:\/\/cottage.cz\/wp-content\/uploads\/2022\/03\/rozhledna-jedlova-historie-768x487.jpg 768w, https:\/\/cottage.cz\/wp-content\/uploads\/2022\/03\/rozhledna-jedlova-historie-1536x975.jpg 1536w, https:\/\/cottage.cz\/wp-content\/uploads\/2022\/03\/rozhledna-jedlova-historie.jpg 1628w\" data-sizes=\"(max-width: 1024px) 100vw, 1024px\" src=\"data:image\/svg+xml;base64,PHN2ZyB3aWR0aD0iMSIgaGVpZ2h0PSIxIiB4bWxucz0iaHR0cDovL3d3dy53My5vcmcvMjAwMC9zdmciPjwvc3ZnPg==\" style=\"--smush-placeholder-width: 1024px; --smush-placeholder-aspect-ratio: 1024\/650;\" \/><\/figure>\n\n\n\n<figure class=\"wp-block-image size-large\"><img decoding=\"async\" width=\"1024\" height=\"683\" data-id=\"9173\" data-src=\"https:\/\/www.cottage.cz\/wp-content\/uploads\/2022\/03\/jedlova-smerovka-1024x683.jpg\" alt=\"\" class=\"wp-image-9173 lazyload\" data-srcset=\"https:\/\/cottage.cz\/wp-content\/uploads\/2022\/03\/jedlova-smerovka-1024x683.jpg 1024w, https:\/\/cottage.cz\/wp-content\/uploads\/2022\/03\/jedlova-smerovka-300x200.jpg 300w, https:\/\/cottage.cz\/wp-content\/uploads\/2022\/03\/jedlova-smerovka-768x512.jpg 768w, https:\/\/cottage.cz\/wp-content\/uploads\/2022\/03\/jedlova-smerovka.jpg 1189w\" data-sizes=\"(max-width: 1024px) 100vw, 1024px\" src=\"data:image\/svg+xml;base64,PHN2ZyB3aWR0aD0iMSIgaGVpZ2h0PSIxIiB4bWxucz0iaHR0cDovL3d3dy53My5vcmcvMjAwMC9zdmciPjwvc3ZnPg==\" style=\"--smush-placeholder-width: 1024px; --smush-placeholder-aspect-ratio: 1024\/683;\" \/><\/figure>\n\n\n\n<figure class=\"wp-block-image size-large\"><img decoding=\"async\" width=\"1024\" height=\"768\" data-id=\"7572\" data-src=\"https:\/\/www.cottage.cz\/wp-content\/uploads\/2020\/08\/20200813_155804-1024x768.jpg\" alt=\"\" class=\"wp-image-7572 lazyload\" data-srcset=\"https:\/\/cottage.cz\/wp-content\/uploads\/2020\/08\/20200813_155804-1024x768.jpg 1024w, https:\/\/cottage.cz\/wp-content\/uploads\/2020\/08\/20200813_155804-300x225.jpg 300w, https:\/\/cottage.cz\/wp-content\/uploads\/2020\/08\/20200813_155804-768x576.jpg 768w, https:\/\/cottage.cz\/wp-content\/uploads\/2020\/08\/20200813_155804-1536x1152.jpg 1536w, https:\/\/cottage.cz\/wp-content\/uploads\/2020\/08\/20200813_155804-2048x1536.jpg 2048w\" data-sizes=\"(max-width: 1024px) 100vw, 1024px\" src=\"data:image\/svg+xml;base64,PHN2ZyB3aWR0aD0iMSIgaGVpZ2h0PSIxIiB4bWxucz0iaHR0cDovL3d3dy53My5vcmcvMjAwMC9zdmciPjwvc3ZnPg==\" style=\"--smush-placeholder-width: 1024px; --smush-placeholder-aspect-ratio: 1024\/768;\" \/><figcaption class=\"wp-element-caption\">View of Mount Jedlov\u00e1 from Mount Mal\u00fd Sto\u017eec<\/figcaption><\/figure>\n\n\n\n<figure class=\"wp-block-image size-large\"><img decoding=\"async\" width=\"1024\" height=\"576\" data-id=\"5466\" data-src=\"https:\/\/www.cottage.cz\/wp-content\/uploads\/2018\/08\/PB134114-1024x576.jpg\" alt=\"\" class=\"wp-image-5466 lazyload\" data-srcset=\"https:\/\/cottage.cz\/wp-content\/uploads\/2018\/08\/PB134114-1024x576.jpg 1024w, https:\/\/cottage.cz\/wp-content\/uploads\/2018\/08\/PB134114-300x169.jpg 300w, https:\/\/cottage.cz\/wp-content\/uploads\/2018\/08\/PB134114-768x432.jpg 768w\" data-sizes=\"(max-width: 1024px) 100vw, 1024px\" src=\"data:image\/svg+xml;base64,PHN2ZyB3aWR0aD0iMSIgaGVpZ2h0PSIxIiB4bWxucz0iaHR0cDovL3d3dy53My5vcmcvMjAwMC9zdmciPjwvc3ZnPg==\" style=\"--smush-placeholder-width: 1024px; --smush-placeholder-aspect-ratio: 1024\/576;\" \/><figcaption class=\"wp-element-caption\">Lusatian Mountains \u2013 Fir \u2013 3 hours on foot<\/figcaption><\/figure>\n\n\n\n<figure class=\"wp-block-image size-large\"><img decoding=\"async\" width=\"450\" height=\"800\" data-id=\"3461\" data-src=\"https:\/\/www.cottage.cz\/wp-content\/uploads\/2017\/01\/rozhledna-jedlova.jpg\" alt=\"\" class=\"wp-image-3461 lazyload\" data-srcset=\"https:\/\/cottage.cz\/wp-content\/uploads\/2017\/01\/rozhledna-jedlova.jpg 450w, https:\/\/cottage.cz\/wp-content\/uploads\/2017\/01\/rozhledna-jedlova-169x300.jpg 169w\" data-sizes=\"(max-width: 450px) 100vw, 450px\" src=\"data:image\/svg+xml;base64,PHN2ZyB3aWR0aD0iMSIgaGVpZ2h0PSIxIiB4bWxucz0iaHR0cDovL3d3dy53My5vcmcvMjAwMC9zdmciPjwvc3ZnPg==\" style=\"--smush-placeholder-width: 450px; --smush-placeholder-aspect-ratio: 450\/800;\" \/><\/figure>\n\n\n\n<figure class=\"wp-block-image size-large\"><img decoding=\"async\" width=\"450\" height=\"800\" data-id=\"3459\" data-src=\"https:\/\/www.cottage.cz\/wp-content\/uploads\/2017\/01\/jedlova.jpg\" alt=\"\" class=\"wp-image-3459 lazyload\" data-srcset=\"https:\/\/cottage.cz\/wp-content\/uploads\/2017\/01\/jedlova.jpg 450w, https:\/\/cottage.cz\/wp-content\/uploads\/2017\/01\/jedlova-169x300.jpg 169w\" data-sizes=\"(max-width: 450px) 100vw, 450px\" src=\"data:image\/svg+xml;base64,PHN2ZyB3aWR0aD0iMSIgaGVpZ2h0PSIxIiB4bWxucz0iaHR0cDovL3d3dy53My5vcmcvMjAwMC9zdmciPjwvc3ZnPg==\" style=\"--smush-placeholder-width: 450px; --smush-placeholder-aspect-ratio: 450\/800;\" \/><\/figure>\n\n\n\n<figure class=\"wp-block-image size-large\"><img decoding=\"async\" width=\"1024\" height=\"768\" data-id=\"9184\" data-src=\"https:\/\/www.cottage.cz\/wp-content\/uploads\/2022\/03\/rozhledna-jedlova-1024x768.jpg\" alt=\"\" class=\"wp-image-9184 lazyload\" data-srcset=\"https:\/\/cottage.cz\/wp-content\/uploads\/2022\/03\/rozhledna-jedlova-1024x768.jpg 1024w, https:\/\/cottage.cz\/wp-content\/uploads\/2022\/03\/rozhledna-jedlova-300x225.jpg 300w, https:\/\/cottage.cz\/wp-content\/uploads\/2022\/03\/rozhledna-jedlova-768x576.jpg 768w, https:\/\/cottage.cz\/wp-content\/uploads\/2022\/03\/rozhledna-jedlova.jpg 1281w\" data-sizes=\"(max-width: 1024px) 100vw, 1024px\" src=\"data:image\/svg+xml;base64,PHN2ZyB3aWR0aD0iMSIgaGVpZ2h0PSIxIiB4bWxucz0iaHR0cDovL3d3dy53My5vcmcvMjAwMC9zdmciPjwvc3ZnPg==\" style=\"--smush-placeholder-width: 1024px; --smush-placeholder-aspect-ratio: 1024\/768;\" \/><\/figure>\n\n\n\n<figure class=\"wp-block-image size-large\"><img decoding=\"async\" width=\"1024\" height=\"683\" data-id=\"9181\" data-src=\"https:\/\/www.cottage.cz\/wp-content\/uploads\/2022\/03\/vyhledy-z-hora-jedlova-1024x683.jpg\" alt=\"\" class=\"wp-image-9181 lazyload\" data-srcset=\"https:\/\/cottage.cz\/wp-content\/uploads\/2022\/03\/vyhledy-z-hora-jedlova-1024x683.jpg 1024w, https:\/\/cottage.cz\/wp-content\/uploads\/2022\/03\/vyhledy-z-hora-jedlova-300x200.jpg 300w, https:\/\/cottage.cz\/wp-content\/uploads\/2022\/03\/vyhledy-z-hora-jedlova-768x512.jpg 768w, https:\/\/cottage.cz\/wp-content\/uploads\/2022\/03\/vyhledy-z-hora-jedlova.jpg 1334w\" data-sizes=\"(max-width: 1024px) 100vw, 1024px\" src=\"data:image\/svg+xml;base64,PHN2ZyB3aWR0aD0iMSIgaGVpZ2h0PSIxIiB4bWxucz0iaHR0cDovL3d3dy53My5vcmcvMjAwMC9zdmciPjwvc3ZnPg==\" style=\"--smush-placeholder-width: 1024px; --smush-placeholder-aspect-ratio: 1024\/683;\" \/><figcaption class=\"wp-element-caption\">Lusatian Mountains<\/figcaption><\/figure>\n\n\n\n<figure class=\"wp-block-image size-large\"><img decoding=\"async\" width=\"1024\" height=\"768\" data-id=\"9185\" data-src=\"https:\/\/www.cottage.cz\/wp-content\/uploads\/2022\/03\/lanove-centrum-jedlova-1024x768.jpg\" alt=\"\" class=\"wp-image-9185 lazyload\" data-srcset=\"https:\/\/cottage.cz\/wp-content\/uploads\/2022\/03\/lanove-centrum-jedlova-1024x768.jpg 1024w, https:\/\/cottage.cz\/wp-content\/uploads\/2022\/03\/lanove-centrum-jedlova-300x225.jpg 300w, https:\/\/cottage.cz\/wp-content\/uploads\/2022\/03\/lanove-centrum-jedlova-768x576.jpg 768w, https:\/\/cottage.cz\/wp-content\/uploads\/2022\/03\/lanove-centrum-jedlova.jpg 1386w\" data-sizes=\"(max-width: 1024px) 100vw, 1024px\" src=\"data:image\/svg+xml;base64,PHN2ZyB3aWR0aD0iMSIgaGVpZ2h0PSIxIiB4bWxucz0iaHR0cDovL3d3dy53My5vcmcvMjAwMC9zdmciPjwvc3ZnPg==\" style=\"--smush-placeholder-width: 1024px; --smush-placeholder-aspect-ratio: 1024\/768;\" \/><\/figure>\n<\/figure>\n","protected":false},"excerpt":{"rendered":"<p>At the top of the mountain Fir (774 m n. m) He was in 1891 built tower and tourist restaurant with a monument of the poet Friedrich Schiller.In 1890 construction began 23 m high stone tower. Negotiations about the construction began 17. March 1889 in Krasna Lipa, When the landowner Prince Kinsky allowed to build [&hellip;]<\/p>\n","protected":false},"author":4,"featured_media":12450,"parent":0,"menu_order":0,"comment_status":"closed","ping_status":"closed","template":"","meta":{"_monsterinsights_skip_tracking":false,"_monsterinsights_sitenote_active":false,"_monsterinsights_sitenote_note":"","_monsterinsights_sitenote_category":0,"ngg_post_thumbnail":0,"footnotes":""},"class_list":["post-20365","page","type-page","status-publish","has-post-thumbnail","hentry"],"aioseo_notices":[],"_links":{"self":[{"href":"https:\/\/cottage.cz\/en\/wp-json\/wp\/v2\/pages\/20365","targetHints":{"allow":["GET"]}}],"collection":[{"href":"https:\/\/cottage.cz\/en\/wp-json\/wp\/v2\/pages"}],"about":[{"href":"https:\/\/cottage.cz\/en\/wp-json\/wp\/v2\/types\/page"}],"author":[{"embeddable":true,"href":"https:\/\/cottage.cz\/en\/wp-json\/wp\/v2\/users\/4"}],"replies":[{"embeddable":true,"href":"https:\/\/cottage.cz\/en\/wp-json\/wp\/v2\/comments?post=20365"}],"version-history":[{"count":1,"href":"https:\/\/cottage.cz\/en\/wp-json\/wp\/v2\/pages\/20365\/revisions"}],"predecessor-version":[{"id":20366,"href":"https:\/\/cottage.cz\/en\/wp-json\/wp\/v2\/pages\/20365\/revisions\/20366"}],"wp:featuredmedia":[{"embeddable":true,"href":"https:\/\/cottage.cz\/en\/wp-json\/wp\/v2\/media\/12450"}],"wp:attachment":[{"href":"https:\/\/cottage.cz\/en\/wp-json\/wp\/v2\/media?parent=20365"}],"curies":[{"name":"wp","href":"https:\/\/api.w.org\/{rel}","templated":true}]}}