{"id":20317,"date":"2023-12-17T21:24:51","date_gmt":"2023-12-17T20:24:51","guid":{"rendered":"https:\/\/cottage.napokusy.cz\/?page_id=20317"},"modified":"2026-02-10T08:26:17","modified_gmt":"2026-02-10T07:26:17","slug":"massage","status":"publish","type":"page","link":"https:\/\/cottage.cz\/en\/massage\/","title":{"rendered":"Massage and therapy"},"content":{"rendered":"<p style=\"text-align: center;\">We love touch, massages, scent\u2026We choose the best for you, our body tested, Would you like to test profesional massage?, please!<\/p>\n<p style=\"text-align: center;\"><strong>Manual rejuvenating face lifting with Mrs. Martina<br><\/strong><br>Manual lifting is an ABSOLUTELY &#8220;GOD&#8221; new revolutionary method that can significantly rejuvenate the face without the use of a scalpel* already after the first treatment, the effect is visible, wrinkles are significantly smoothed, the skin regenerates and tightens<br>* very gentle technique, which is accompanied by a pleasant feeling of deep relaxation and inner well-being<br>* during the massage, up to 1000 strokes are performed, with which we have a great effect on facial wrinkles and those caused by fatigue<br>Manual rejuvenating face lifting (60 minutes) &#8230;&#8230; CZK 800<br>or<br>Indian head massage (60 minutes) &#8230;&#8230;.. CZK 800<br>Must book in advance by phone: Martina,&nbsp; +420728567415<\/p>\n<div class=\"gallery-1 gallery-wrapper columns-wrapper\"><div class=\"gallery-column\"><a class=\"gallery-item photoswipe-item\" data-caption=\"\" data-width=\"1440\" data-height=\"2560\" href=\"https:\/\/cottage.cz\/wp-content\/uploads\/2024\/03\/IMG_4629-scaled.jpg\" rel=\"lightbox[20317]\"><img decoding=\"async\" class=\"gallery-img-desktop lazyload\" data-src=\"https:\/\/cottage.cz\/wp-content\/uploads\/2024\/03\/IMG_4629-scaled-550x309.jpg\" alt=\"\" src=\"data:image\/svg+xml;base64,PHN2ZyB3aWR0aD0iMSIgaGVpZ2h0PSIxIiB4bWxucz0iaHR0cDovL3d3dy53My5vcmcvMjAwMC9zdmciPjwvc3ZnPg==\" style=\"--smush-placeholder-width: 550px; --smush-placeholder-aspect-ratio: 550\/309;\" \/><img decoding=\"async\" class=\"gallery-img-mobile lazyload\" data-src=\"https:\/\/cottage.cz\/wp-content\/uploads\/2024\/03\/IMG_4629-scaled-500x500.jpg\" alt=\"\" src=\"data:image\/svg+xml;base64,PHN2ZyB3aWR0aD0iMSIgaGVpZ2h0PSIxIiB4bWxucz0iaHR0cDovL3d3dy53My5vcmcvMjAwMC9zdmciPjwvc3ZnPg==\" style=\"--smush-placeholder-width: 500px; --smush-placeholder-aspect-ratio: 500\/500;\" \/><div class=\"gallery-enlarge\"><\/div><\/a><\/div><div class=\"gallery-column\"><a class=\"gallery-item photoswipe-item\" data-caption=\"\" data-width=\"1440\" data-height=\"2560\" href=\"https:\/\/cottage.cz\/wp-content\/uploads\/2024\/03\/IMG_4628-scaled.jpg\" rel=\"lightbox[20317]\"><img decoding=\"async\" class=\"gallery-img-desktop lazyload\" data-src=\"https:\/\/cottage.cz\/wp-content\/uploads\/2024\/03\/IMG_4628-scaled-550x309.jpg\" alt=\"\" src=\"data:image\/svg+xml;base64,PHN2ZyB3aWR0aD0iMSIgaGVpZ2h0PSIxIiB4bWxucz0iaHR0cDovL3d3dy53My5vcmcvMjAwMC9zdmciPjwvc3ZnPg==\" style=\"--smush-placeholder-width: 550px; --smush-placeholder-aspect-ratio: 550\/309;\" \/><img decoding=\"async\" class=\"gallery-img-mobile lazyload\" data-src=\"https:\/\/cottage.cz\/wp-content\/uploads\/2024\/03\/IMG_4628-scaled-500x500.jpg\" alt=\"\" src=\"data:image\/svg+xml;base64,PHN2ZyB3aWR0aD0iMSIgaGVpZ2h0PSIxIiB4bWxucz0iaHR0cDovL3d3dy53My5vcmcvMjAwMC9zdmciPjwvc3ZnPg==\" style=\"--smush-placeholder-width: 500px; --smush-placeholder-aspect-ratio: 500\/500;\" \/><div class=\"gallery-enlarge\"><\/div><\/a><\/div><div class=\"gallery-column\"><a class=\"gallery-item photoswipe-item\" data-caption=\"\" data-width=\"1440\" data-height=\"2560\" href=\"https:\/\/cottage.cz\/wp-content\/uploads\/2024\/03\/IMG_4626-scaled.jpg\" rel=\"lightbox[20317]\"><img decoding=\"async\" class=\"gallery-img-desktop lazyload\" data-src=\"https:\/\/cottage.cz\/wp-content\/uploads\/2024\/03\/IMG_4626-scaled-550x309.jpg\" alt=\"\" src=\"data:image\/svg+xml;base64,PHN2ZyB3aWR0aD0iMSIgaGVpZ2h0PSIxIiB4bWxucz0iaHR0cDovL3d3dy53My5vcmcvMjAwMC9zdmciPjwvc3ZnPg==\" style=\"--smush-placeholder-width: 550px; --smush-placeholder-aspect-ratio: 550\/309;\" \/><img decoding=\"async\" class=\"gallery-img-mobile lazyload\" data-src=\"https:\/\/cottage.cz\/wp-content\/uploads\/2024\/03\/IMG_4626-scaled-500x500.jpg\" alt=\"\" src=\"data:image\/svg+xml;base64,PHN2ZyB3aWR0aD0iMSIgaGVpZ2h0PSIxIiB4bWxucz0iaHR0cDovL3d3dy53My5vcmcvMjAwMC9zdmciPjwvc3ZnPg==\" style=\"--smush-placeholder-width: 500px; --smush-placeholder-aspect-ratio: 500\/500;\" \/><div class=\"gallery-enlarge\"><\/div><\/a><\/div><style type=\"text\/css\">.gallery-1 .gallery-column { width: 33.33%; padding-bottom: 18.75%; }.gallery-1 { margin-left: -0px; margin-right: -0px; }.gallery-1 .gallery-item {bottom: 0px;left: 0px;right: 0px;top: 0px;}<\/style><\/div>\n<p style=\"text-align: center;\"><strong>Sport massage with Mr. Jaroslav<\/strong><\/p>\n<p style=\"text-align: left;\"><img decoding=\"async\" class=\"size-medium wp-image-21968 alignleft lazyload\" data-src=\"https:\/\/cottage.cz\/wp-content\/uploads\/2024\/02\/20240123_094016-169x300.jpg\" alt=\"\" width=\"169\" height=\"300\" data-srcset=\"https:\/\/cottage.cz\/wp-content\/uploads\/2024\/02\/20240123_094016-169x300.jpg 169w, https:\/\/cottage.cz\/wp-content\/uploads\/2024\/02\/20240123_094016-577x1024.jpg 577w, https:\/\/cottage.cz\/wp-content\/uploads\/2024\/02\/20240123_094016-768x1364.jpg 768w, https:\/\/cottage.cz\/wp-content\/uploads\/2024\/02\/20240123_094016-865x1536.jpg 865w, https:\/\/cottage.cz\/wp-content\/uploads\/2024\/02\/20240123_094016-1153x2048.jpg 1153w, https:\/\/cottage.cz\/wp-content\/uploads\/2024\/02\/20240123_094016-1320x2345.jpg 1320w, https:\/\/cottage.cz\/wp-content\/uploads\/2024\/02\/20240123_094016-scaled.jpg 1441w\" data-sizes=\"(max-width: 169px) 100vw, 169px\" src=\"data:image\/svg+xml;base64,PHN2ZyB3aWR0aD0iMSIgaGVpZ2h0PSIxIiB4bWxucz0iaHR0cDovL3d3dy53My5vcmcvMjAwMC9zdmciPjwvc3ZnPg==\" style=\"--smush-placeholder-width: 169px; --smush-placeholder-aspect-ratio: 169\/300;\" \/>Sports and regeneration massage, also known as full body massage, is a type of massage in which the back, shoulder\/neck area, upper buttocks, arms, legs and feet are massaged. Particular attention is paid to relaxing the stiff neck in the supine position and massaging the skin of the skull and face (only upon customer request). The masseur is sensitively implementing elements of the Hawaiian Lomi<br><strong><br><\/strong><\/p>\n<p>Price 1000 czk (60 min)<\/p>\n<p><strong>Must be booked in advance<\/strong> on tel: Jaroslav Nov\u00e1k,&nbsp; <strong>+420606540150<\/strong><\/p>\n<p>&nbsp;<\/p>\n<p style=\"text-align: center;\"><strong>Holistic aromatherapy massage with Mrs. Katerina<\/strong><\/p>\n<p><img decoding=\"async\" class=\"size-medium wp-image-13599 alignleft lazyload\" data-src=\"https:\/\/cottage.cz\/wp-content\/uploads\/2018\/06\/katma-300x200.jpg\" alt=\"\" width=\"300\" height=\"200\" data-srcset=\"https:\/\/cottage.cz\/wp-content\/uploads\/2018\/06\/katma-300x200.jpg 300w, https:\/\/cottage.cz\/wp-content\/uploads\/2018\/06\/katma.jpg 450w\" data-sizes=\"(max-width: 300px) 100vw, 300px\" src=\"data:image\/svg+xml;base64,PHN2ZyB3aWR0aD0iMSIgaGVpZ2h0PSIxIiB4bWxucz0iaHR0cDovL3d3dy53My5vcmcvMjAwMC9zdmciPjwvc3ZnPg==\" style=\"--smush-placeholder-width: 300px; --smush-placeholder-aspect-ratio: 300\/200;\" \/>The total aromatherapy massage (120 min.) \u2026. 1550 CZK<\/p>\n<p>Ie partial aromatherapy massage. back, is, head (75 min.) 1150 CZK<\/p>\n<p>Aromatherapy massage your back or feet (60 min) 1050 CZK<\/p>\n<p>Transport 300 CZK (fee).<\/p>\n<p><strong>Must be booked in advance<\/strong>&nbsp;on tel: M.Sc.. Kate\u0159ina Hrazd\u00edrov\u00e1,&nbsp;<strong>+420605541023<\/strong><\/p>\n<p style=\"text-align: center;\"><em>(We only offer massages and treatments to our guests)<\/em><\/p>\n\n\n<p><\/p>\n","protected":false},"excerpt":{"rendered":"<p>We love touch, massages, scent\u2026We choose the best for you, our body tested, Would you like to test profesional massage?, please! Manual rejuvenating face lifting with Mrs. MartinaManual lifting is an ABSOLUTELY &#8220;GOD&#8221; new revolutionary method that can significantly rejuvenate the face without the use of a scalpel* already after the first treatment, the effect [&hellip;]<\/p>\n","protected":false},"author":4,"featured_media":17367,"parent":0,"menu_order":0,"comment_status":"closed","ping_status":"closed","template":"","meta":{"_monsterinsights_skip_tracking":false,"_monsterinsights_sitenote_active":false,"_monsterinsights_sitenote_note":"","_monsterinsights_sitenote_category":0,"ngg_post_thumbnail":0,"footnotes":""},"class_list":["post-20317","page","type-page","status-publish","has-post-thumbnail","hentry"],"aioseo_notices":[],"_links":{"self":[{"href":"https:\/\/cottage.cz\/en\/wp-json\/wp\/v2\/pages\/20317","targetHints":{"allow":["GET"]}}],"collection":[{"href":"https:\/\/cottage.cz\/en\/wp-json\/wp\/v2\/pages"}],"about":[{"href":"https:\/\/cottage.cz\/en\/wp-json\/wp\/v2\/types\/page"}],"author":[{"embeddable":true,"href":"https:\/\/cottage.cz\/en\/wp-json\/wp\/v2\/users\/4"}],"replies":[{"embeddable":true,"href":"https:\/\/cottage.cz\/en\/wp-json\/wp\/v2\/comments?post=20317"}],"version-history":[{"count":10,"href":"https:\/\/cottage.cz\/en\/wp-json\/wp\/v2\/pages\/20317\/revisions"}],"predecessor-version":[{"id":28692,"href":"https:\/\/cottage.cz\/en\/wp-json\/wp\/v2\/pages\/20317\/revisions\/28692"}],"wp:featuredmedia":[{"embeddable":true,"href":"https:\/\/cottage.cz\/en\/wp-json\/wp\/v2\/media\/17367"}],"wp:attachment":[{"href":"https:\/\/cottage.cz\/en\/wp-json\/wp\/v2\/media?parent=20317"}],"curies":[{"name":"wp","href":"https:\/\/api.w.org\/{rel}","templated":true}]}}