{"id":20248,"date":"2023-12-16T20:59:22","date_gmt":"2023-12-16T19:59:22","guid":{"rendered":"https:\/\/cottage.napokusy.cz\/?page_id=20248"},"modified":"2023-12-16T20:59:25","modified_gmt":"2023-12-16T19:59:25","slug":"lilienstein","status":"publish","type":"page","link":"https:\/\/cottage.cz\/en\/lilienstein\/","title":{"rendered":"Lilienstein"},"content":{"rendered":"<p><span id=\"tr_2\" class=\"tr_\" data-source=\"1\" data-orig=\"Lilienstein je jedn\u00edm z nejv\u00fdrazn\u011bj\u0161\u00edch hor Sask\u00e9ho \u0160v\u00fdcarska\">Lilienstein is one of the most distinctive mountains of Saxon Switzerland<\/span>.\u00a0<span id=\"tr_3\" class=\"tr_\" data-source=\"1\" data-orig=\"Lilienstein je jedinou pravob\u0159e\u017en\u00ed stolovou horou v Sask\u00e9m \u0161v\u00fdcarsku a  je tak\u00e9 symbolem N\u00e1rodn\u00edho parku Sask\u00e9 \u0160v\u00fdcarsko\">Lilienstein is the only right-bank table mountain in Saxon Switzerland and is also the symbol of the Saxon Switzerland National Park<\/span>.\u00a0<span id=\"tr_4\" class=\"tr_\" data-source=\"1\" data-orig=\"Lilienstein se nach\u00e1z\u00ed\">Lilienstein is located<\/span>\u00a015\u00a0<span id=\"tr_5\" class=\"tr_\" data-source=\"1\" data-orig=\"km v\u00fdchodn\u011b od Pirny a\">km east of Pirna and<\/span>\u00a05\u00a0<span id=\"tr_6\" class=\"tr_\" data-source=\"1\" data-orig=\"kilometr\u016f z\u00e1padn\u011b od Bad Schandau\">kilometers west of Bad Schandau<\/span>.\u00a0<span id=\"tr_7\" class=\"tr_\" data-source=\"1\" data-orig=\"P2n\u00e1 cesta i pro d\u011bti vede z cenr\u00e1ln\u00edho parkovist\u011b\">The second route, also for children, leads from the central parking lot<\/span>\u00a0(3eur)\u00a0<span id=\"tr_8\" class=\"tr_\" data-source=\"1\" data-orig=\"na kter\u00e9 se dostanete z  Bad Schadau\">which you can reach from Bad Schadau<\/span>.\u00a0<span id=\"tr_9\" class=\"tr_\" data-source=\"1\" data-orig=\"Dal\u0161\u00ed cesta vede od Labe z vesnice Prossen\">Another road leads from the Elbe from the village of Prossen<\/span>.<\/p>\n<div class=\"gallery-1 gallery-wrapper columns-wrapper\"><div class=\"gallery-column\"><a class=\"gallery-item photoswipe-item\" data-caption=\"\" data-width=\"703\" data-height=\"355\" href=\"https:\/\/cottage.cz\/wp-content\/uploads\/2017\/01\/lilienstein.jpg\" rel=\"lightbox[20248]\"><img decoding=\"async\" class=\"gallery-img-desktop lazyload\" data-src=\"https:\/\/cottage.cz\/wp-content\/uploads\/2017\/01\/lilienstein-550x309.jpg\" alt=\"\" src=\"data:image\/svg+xml;base64,PHN2ZyB3aWR0aD0iMSIgaGVpZ2h0PSIxIiB4bWxucz0iaHR0cDovL3d3dy53My5vcmcvMjAwMC9zdmciPjwvc3ZnPg==\" style=\"--smush-placeholder-width: 550px; --smush-placeholder-aspect-ratio: 550\/309;\" \/><img decoding=\"async\" class=\"gallery-img-mobile lazyload\" data-src=\"https:\/\/cottage.cz\/wp-content\/uploads\/2017\/01\/lilienstein-500x500.jpg\" alt=\"\" src=\"data:image\/svg+xml;base64,PHN2ZyB3aWR0aD0iMSIgaGVpZ2h0PSIxIiB4bWxucz0iaHR0cDovL3d3dy53My5vcmcvMjAwMC9zdmciPjwvc3ZnPg==\" style=\"--smush-placeholder-width: 500px; --smush-placeholder-aspect-ratio: 500\/500;\" \/><div class=\"gallery-enlarge\"><\/div><\/a><\/div><div class=\"gallery-column\"><a class=\"gallery-item photoswipe-item\" data-caption=\"\" data-width=\"800\" data-height=\"450\" href=\"https:\/\/cottage.cz\/wp-content\/uploads\/2017\/01\/IMG_20161229_105231.jpg\" rel=\"lightbox[20248]\"><img decoding=\"async\" class=\"gallery-img-desktop lazyload\" data-src=\"https:\/\/cottage.cz\/wp-content\/uploads\/2017\/01\/IMG_20161229_105231-550x309.jpg\" alt=\"\" src=\"data:image\/svg+xml;base64,PHN2ZyB3aWR0aD0iMSIgaGVpZ2h0PSIxIiB4bWxucz0iaHR0cDovL3d3dy53My5vcmcvMjAwMC9zdmciPjwvc3ZnPg==\" style=\"--smush-placeholder-width: 550px; --smush-placeholder-aspect-ratio: 550\/309;\" \/><img decoding=\"async\" class=\"gallery-img-mobile lazyload\" data-src=\"https:\/\/cottage.cz\/wp-content\/uploads\/2017\/01\/IMG_20161229_105231-500x500.jpg\" alt=\"\" src=\"data:image\/svg+xml;base64,PHN2ZyB3aWR0aD0iMSIgaGVpZ2h0PSIxIiB4bWxucz0iaHR0cDovL3d3dy53My5vcmcvMjAwMC9zdmciPjwvc3ZnPg==\" style=\"--smush-placeholder-width: 500px; --smush-placeholder-aspect-ratio: 500\/500;\" \/><div class=\"gallery-enlarge\"><\/div><\/a><\/div><div class=\"gallery-column\"><a class=\"gallery-item photoswipe-item\" data-caption=\"\" data-width=\"800\" data-height=\"450\" href=\"https:\/\/cottage.cz\/wp-content\/uploads\/2017\/01\/IMG_20161229_110051.jpg\" rel=\"lightbox[20248]\"><img decoding=\"async\" class=\"gallery-img-desktop lazyload\" data-src=\"https:\/\/cottage.cz\/wp-content\/uploads\/2017\/01\/IMG_20161229_110051-550x309.jpg\" alt=\"\" src=\"data:image\/svg+xml;base64,PHN2ZyB3aWR0aD0iMSIgaGVpZ2h0PSIxIiB4bWxucz0iaHR0cDovL3d3dy53My5vcmcvMjAwMC9zdmciPjwvc3ZnPg==\" style=\"--smush-placeholder-width: 550px; --smush-placeholder-aspect-ratio: 550\/309;\" \/><img decoding=\"async\" class=\"gallery-img-mobile lazyload\" data-src=\"https:\/\/cottage.cz\/wp-content\/uploads\/2017\/01\/IMG_20161229_110051-500x500.jpg\" alt=\"\" src=\"data:image\/svg+xml;base64,PHN2ZyB3aWR0aD0iMSIgaGVpZ2h0PSIxIiB4bWxucz0iaHR0cDovL3d3dy53My5vcmcvMjAwMC9zdmciPjwvc3ZnPg==\" style=\"--smush-placeholder-width: 500px; --smush-placeholder-aspect-ratio: 500\/500;\" \/><div class=\"gallery-enlarge\"><\/div><\/a><\/div><div class=\"gallery-column\"><a class=\"gallery-item photoswipe-item\" data-caption=\"\" data-width=\"800\" data-height=\"450\" href=\"https:\/\/cottage.cz\/wp-content\/uploads\/2017\/01\/IMG_20161229_111000.jpg\" rel=\"lightbox[20248]\"><img decoding=\"async\" class=\"gallery-img-desktop lazyload\" data-src=\"https:\/\/cottage.cz\/wp-content\/uploads\/2017\/01\/IMG_20161229_111000-550x309.jpg\" alt=\"\" src=\"data:image\/svg+xml;base64,PHN2ZyB3aWR0aD0iMSIgaGVpZ2h0PSIxIiB4bWxucz0iaHR0cDovL3d3dy53My5vcmcvMjAwMC9zdmciPjwvc3ZnPg==\" style=\"--smush-placeholder-width: 550px; --smush-placeholder-aspect-ratio: 550\/309;\" \/><img decoding=\"async\" class=\"gallery-img-mobile lazyload\" data-src=\"https:\/\/cottage.cz\/wp-content\/uploads\/2017\/01\/IMG_20161229_111000-500x500.jpg\" alt=\"\" src=\"data:image\/svg+xml;base64,PHN2ZyB3aWR0aD0iMSIgaGVpZ2h0PSIxIiB4bWxucz0iaHR0cDovL3d3dy53My5vcmcvMjAwMC9zdmciPjwvc3ZnPg==\" style=\"--smush-placeholder-width: 500px; --smush-placeholder-aspect-ratio: 500\/500;\" \/><div class=\"gallery-enlarge\"><\/div><\/a><\/div><style type=\"text\/css\">.gallery-1 .gallery-column { width: 33.33%; padding-bottom: 18.75%; }.gallery-1 { margin-left: -0px; margin-right: -0px; }.gallery-1 .gallery-item {bottom: 0px;left: 0px;right: 0px;top: 0px;}<\/style><\/div>\n","protected":false},"excerpt":{"rendered":"<p>Lilienstein is one of the most distinctive mountains of Saxon Switzerland.\u00a0Lilienstein is the only right-bank table mountain in Saxon Switzerland and is also the symbol of the Saxon Switzerland National Park.\u00a0Lilienstein is located\u00a015\u00a0km east of Pirna and\u00a05\u00a0kilometers west of Bad Schandau.\u00a0The second route, also for children, leads from the central parking lot\u00a0(3eur)\u00a0which you can reach [&hellip;]<\/p>\n","protected":false},"author":4,"featured_media":0,"parent":0,"menu_order":0,"comment_status":"closed","ping_status":"closed","template":"","meta":{"_monsterinsights_skip_tracking":false,"_monsterinsights_sitenote_active":false,"_monsterinsights_sitenote_note":"","_monsterinsights_sitenote_category":0,"ngg_post_thumbnail":0,"footnotes":""},"class_list":["post-20248","page","type-page","status-publish","hentry"],"aioseo_notices":[],"_links":{"self":[{"href":"https:\/\/cottage.cz\/en\/wp-json\/wp\/v2\/pages\/20248","targetHints":{"allow":["GET"]}}],"collection":[{"href":"https:\/\/cottage.cz\/en\/wp-json\/wp\/v2\/pages"}],"about":[{"href":"https:\/\/cottage.cz\/en\/wp-json\/wp\/v2\/types\/page"}],"author":[{"embeddable":true,"href":"https:\/\/cottage.cz\/en\/wp-json\/wp\/v2\/users\/4"}],"replies":[{"embeddable":true,"href":"https:\/\/cottage.cz\/en\/wp-json\/wp\/v2\/comments?post=20248"}],"version-history":[{"count":1,"href":"https:\/\/cottage.cz\/en\/wp-json\/wp\/v2\/pages\/20248\/revisions"}],"predecessor-version":[{"id":20249,"href":"https:\/\/cottage.cz\/en\/wp-json\/wp\/v2\/pages\/20248\/revisions\/20249"}],"wp:attachment":[{"href":"https:\/\/cottage.cz\/en\/wp-json\/wp\/v2\/media?parent=20248"}],"curies":[{"name":"wp","href":"https:\/\/api.w.org\/{rel}","templated":true}]}}