{"id":20186,"date":"2023-12-16T15:34:41","date_gmt":"2023-12-16T14:34:41","guid":{"rendered":"https:\/\/cottage.napokusy.cz\/?page_id=20186"},"modified":"2024-05-02T08:59:05","modified_gmt":"2024-05-02T06:59:05","slug":"konigstein","status":"publish","type":"page","link":"https:\/\/cottage.cz\/en\/konigstein\/","title":{"rendered":"K\u00f6nigstein"},"content":{"rendered":"<p>K\u00f6nigstein is a town in <a href=\"https:\/\/cottage.cz\/en\/top3-of-saxon-switzerland\/\">Saxon Switzerland<\/a> (Saxon Switzerland-Eastern Ore Mountains) and lives around in it 3 we have sheep wool. resident. The first mention of the city is from the 1st century. table setting., when a settlement is established near K\u00f6nigstein Castle. Originally, the city belonged to the Czech kings.<\/p>\n<p>K\u00f6nigstein Fortress is one of the largest mountain fortresses in Europe. On the plateau, which is located 240 meters above the Elbe, a military historical open-air museum with an area of 9,5 ha. They are built of sandstone 1 800 meters long and up to 42 meters high walls of the fortress. It is located in the middle of the fortification 152,5 meters deep well \u2013 the deepest in Saxony and the second deepest in Europe. I recommend to visit. Park either in the parking lot outside the city. Or dock at the Elbe and take a nice footpath up to the mountain.<\/p>\n<p>There are very nice Christmas markets in the fort. more on:\u00a0 <a href=\"https:\/\/www.koenigstein.de\/\">https:\/\/www.koenigstein.de\/<\/a><\/p>\n<p><img decoding=\"async\" data-src=\"http:\/\/cottage.cz\/wp-content\/uploads\/2017\/07\/cottage_files\/k\u00f6nigstein.jpg\" src=\"data:image\/svg+xml;base64,PHN2ZyB3aWR0aD0iMSIgaGVpZ2h0PSIxIiB4bWxucz0iaHR0cDovL3d3dy53My5vcmcvMjAwMC9zdmciPjwvc3ZnPg==\" class=\"lazyload\" \/><img decoding=\"async\" src=\"http:\/\/cottage.cz\/wp-content\/uploads\/2017\/07\/cottage_files\/22 Pevnost K\u00f6nigstein - celkov\u00fd pohled, foto J. La\u0161t\u016fvka.jpg\" \/><img decoding=\"async\" data-src=\"http:\/\/cottage.cz\/wp-content\/uploads\/2017\/07\/cottage_files\/k\u00f6nigstein-chodby.jpg\" src=\"data:image\/svg+xml;base64,PHN2ZyB3aWR0aD0iMSIgaGVpZ2h0PSIxIiB4bWxucz0iaHR0cDovL3d3dy53My5vcmcvMjAwMC9zdmciPjwvc3ZnPg==\" class=\"lazyload\" \/><\/p>\n","protected":false},"excerpt":{"rendered":"<p>K\u00f6nigstein is a town in Saxon Switzerland (Saxon Switzerland-Eastern Ore Mountains) and lives around in it 3 we have sheep wool. resident. The first mention of the city is from the 1st century. table setting., when a settlement is established near K\u00f6nigstein Castle. Originally, the city belonged to the Czech kings. K\u00f6nigstein Fortress is one [&hellip;]<\/p>\n","protected":false},"author":2,"featured_media":14910,"parent":0,"menu_order":0,"comment_status":"closed","ping_status":"closed","template":"","meta":{"_monsterinsights_skip_tracking":false,"_monsterinsights_sitenote_active":false,"_monsterinsights_sitenote_note":"","_monsterinsights_sitenote_category":0,"ngg_post_thumbnail":0,"footnotes":""},"class_list":["post-20186","page","type-page","status-publish","has-post-thumbnail","hentry"],"aioseo_notices":[],"_links":{"self":[{"href":"https:\/\/cottage.cz\/en\/wp-json\/wp\/v2\/pages\/20186","targetHints":{"allow":["GET"]}}],"collection":[{"href":"https:\/\/cottage.cz\/en\/wp-json\/wp\/v2\/pages"}],"about":[{"href":"https:\/\/cottage.cz\/en\/wp-json\/wp\/v2\/types\/page"}],"author":[{"embeddable":true,"href":"https:\/\/cottage.cz\/en\/wp-json\/wp\/v2\/users\/2"}],"replies":[{"embeddable":true,"href":"https:\/\/cottage.cz\/en\/wp-json\/wp\/v2\/comments?post=20186"}],"version-history":[{"count":3,"href":"https:\/\/cottage.cz\/en\/wp-json\/wp\/v2\/pages\/20186\/revisions"}],"predecessor-version":[{"id":23001,"href":"https:\/\/cottage.cz\/en\/wp-json\/wp\/v2\/pages\/20186\/revisions\/23001"}],"wp:featuredmedia":[{"embeddable":true,"href":"https:\/\/cottage.cz\/en\/wp-json\/wp\/v2\/media\/14910"}],"wp:attachment":[{"href":"https:\/\/cottage.cz\/en\/wp-json\/wp\/v2\/media?parent=20186"}],"curies":[{"name":"wp","href":"https:\/\/api.w.org\/{rel}","templated":true}]}}