{"id":20167,"date":"2013-07-24T07:19:21","date_gmt":"2013-07-24T05:19:21","guid":{"rendered":"https:\/\/cottage.napokusy.cz\/plavba-na-lodickach-na-hornim-splavu-obere-schleuse\/"},"modified":"2023-12-13T01:11:42","modified_gmt":"2023-12-13T00:11:42","slug":"plavba-na-lodickach-na-hornim-splavu-obere-schleuse","status":"publish","type":"page","link":"https:\/\/cottage.cz\/en\/plavba-na-lodickach-na-hornim-splavu-obere-schleuse\/","title":{"rendered":"Boating on the Upper Weir Obere Schleuse"},"content":{"rendered":"<p>you know, Kyjovsk\u00e9 that when you pass through the valley to the rear Doubice, cross the border with Germany, so after a while you can sail on boats in the gorge near the town K\u0159inice Hinterhermsdorf? During the half-hour cruise you will hear stories (Only in German) the local rocky landscape and the island of love. You can go back and forth, or purchase a one-way ticket back and strolling along a narrow path along the river.<\/p>\n<p>Cruise tourists is the original wood sluice open from Easter to late October.\u00a0<strong>The gorge can be reached walking \/ cycling route along K\u0159inice Kyjovsk\u00e9 valley of the red trail through the rear Doubice.<\/strong>\u00a0Here you cross the state line further down the road you have to overcome a broken bridge and a bike ride either over heels, where you lock the wheel and go 5 min walk down to the river or circumnavigating the ridge and arrive directly to the river.<\/p>\n<p>Other (longer (about 5km), but enjoyable route for cyclists ) leads from the border through the picturesque village Hinterhermsdorf. The location is also refreshment. Another path leads to lodi\u010dk\u00e1m from Mikul\u00e1\u0161ovice lookout over Weifberg.<\/p>\n<p>Current information on\u00a0<a href=\"http:\/\/www.hinterhermsdorf.de\/\" target=\"_blank\" rel=\"noopener noreferrer\">www.hinterhermsdorf.de<\/a>\/<\/p>\n<p><strong>Opening hours:<\/strong>\u00a0From Easter to late \u0159\u00edjnaPo \u2013 Fri 9:30-16:30, So, Born 9:00-17:00<\/p>\n<p><strong>Fare:<\/strong>\u00a0Adult 5,- EUR, BABY3,- EUR<\/p>\n<p><iframe data-src=\"http:\/\/www.youtube.com\/embed\/0Vk08Aj2VQ0\" width=\"640\" height=\"390\" frameborder=\"0\" src=\"data:image\/svg+xml;base64,PHN2ZyB3aWR0aD0iMSIgaGVpZ2h0PSIxIiB4bWxucz0iaHR0cDovL3d3dy53My5vcmcvMjAwMC9zdmciPjwvc3ZnPg==\" class=\"lazyload\" data-load-mode=\"1\"><\/iframe><\/p>\n<div class=\"gallery-1 gallery-wrapper columns-wrapper\"><div class=\"gallery-column\"><a class=\"gallery-item photoswipe-item\" data-caption=\"\" data-width=\"800\" data-height=\"600\" href=\"https:\/\/cottage.cz\/wp-content\/uploads\/2013\/07\/lodicky-saske-svycarskoObereSchleuse.jpg\" rel=\"lightbox[20167]\"><img decoding=\"async\" class=\"gallery-img-desktop lazyload\" data-src=\"https:\/\/cottage.cz\/wp-content\/uploads\/2013\/07\/lodicky-saske-svycarskoObereSchleuse-550x309.jpg\" alt=\"\" src=\"data:image\/svg+xml;base64,PHN2ZyB3aWR0aD0iMSIgaGVpZ2h0PSIxIiB4bWxucz0iaHR0cDovL3d3dy53My5vcmcvMjAwMC9zdmciPjwvc3ZnPg==\" style=\"--smush-placeholder-width: 550px; --smush-placeholder-aspect-ratio: 550\/309;\" \/><img decoding=\"async\" class=\"gallery-img-mobile lazyload\" data-src=\"https:\/\/cottage.cz\/wp-content\/uploads\/2013\/07\/lodicky-saske-svycarskoObereSchleuse-500x500.jpg\" alt=\"\" src=\"data:image\/svg+xml;base64,PHN2ZyB3aWR0aD0iMSIgaGVpZ2h0PSIxIiB4bWxucz0iaHR0cDovL3d3dy53My5vcmcvMjAwMC9zdmciPjwvc3ZnPg==\" style=\"--smush-placeholder-width: 500px; --smush-placeholder-aspect-ratio: 500\/500;\" \/><div class=\"gallery-enlarge\"><\/div><\/a><\/div><div class=\"gallery-column\"><a class=\"gallery-item photoswipe-item\" data-caption=\"\" data-width=\"800\" data-height=\"600\" href=\"https:\/\/cottage.cz\/wp-content\/uploads\/2013\/07\/lodicky-obere-schleuse.jpg\" rel=\"lightbox[20167]\"><img decoding=\"async\" class=\"gallery-img-desktop lazyload\" data-src=\"https:\/\/cottage.cz\/wp-content\/uploads\/2013\/07\/lodicky-obere-schleuse-550x309.jpg\" alt=\"\" src=\"data:image\/svg+xml;base64,PHN2ZyB3aWR0aD0iMSIgaGVpZ2h0PSIxIiB4bWxucz0iaHR0cDovL3d3dy53My5vcmcvMjAwMC9zdmciPjwvc3ZnPg==\" style=\"--smush-placeholder-width: 550px; --smush-placeholder-aspect-ratio: 550\/309;\" \/><img decoding=\"async\" class=\"gallery-img-mobile lazyload\" data-src=\"https:\/\/cottage.cz\/wp-content\/uploads\/2013\/07\/lodicky-obere-schleuse-500x500.jpg\" alt=\"\" src=\"data:image\/svg+xml;base64,PHN2ZyB3aWR0aD0iMSIgaGVpZ2h0PSIxIiB4bWxucz0iaHR0cDovL3d3dy53My5vcmcvMjAwMC9zdmciPjwvc3ZnPg==\" style=\"--smush-placeholder-width: 500px; --smush-placeholder-aspect-ratio: 500\/500;\" \/><div class=\"gallery-enlarge\"><\/div><\/a><\/div><div class=\"gallery-column\"><a class=\"gallery-item photoswipe-item\" data-caption=\"\" data-width=\"800\" data-height=\"600\" href=\"https:\/\/cottage.cz\/wp-content\/uploads\/2013\/07\/lodicky-obere-schleuse_2.jpg\" rel=\"lightbox[20167]\"><img decoding=\"async\" class=\"gallery-img-desktop lazyload\" data-src=\"https:\/\/cottage.cz\/wp-content\/uploads\/2013\/07\/lodicky-obere-schleuse_2-550x309.jpg\" alt=\"\" src=\"data:image\/svg+xml;base64,PHN2ZyB3aWR0aD0iMSIgaGVpZ2h0PSIxIiB4bWxucz0iaHR0cDovL3d3dy53My5vcmcvMjAwMC9zdmciPjwvc3ZnPg==\" style=\"--smush-placeholder-width: 550px; --smush-placeholder-aspect-ratio: 550\/309;\" \/><img decoding=\"async\" class=\"gallery-img-mobile lazyload\" data-src=\"https:\/\/cottage.cz\/wp-content\/uploads\/2013\/07\/lodicky-obere-schleuse_2-500x500.jpg\" alt=\"\" src=\"data:image\/svg+xml;base64,PHN2ZyB3aWR0aD0iMSIgaGVpZ2h0PSIxIiB4bWxucz0iaHR0cDovL3d3dy53My5vcmcvMjAwMC9zdmciPjwvc3ZnPg==\" style=\"--smush-placeholder-width: 500px; --smush-placeholder-aspect-ratio: 500\/500;\" \/><div class=\"gallery-enlarge\"><\/div><\/a><\/div><style type=\"text\/css\">.gallery-1 .gallery-column { width: 33.33%; padding-bottom: 18.75%; }.gallery-1 { margin-left: -0px; margin-right: -0px; }.gallery-1 .gallery-item {bottom: 0px;left: 0px;right: 0px;top: 0px;}<\/style><\/div>\n","protected":false},"excerpt":{"rendered":"<p>you know, Kyjovsk\u00e9 that when you pass through the valley to the rear Doubice, cross the border with Germany, so after a while you can sail on boats in the gorge near the town K\u0159inice Hinterhermsdorf? During the half-hour cruise you will hear stories (Only in German) the local rocky landscape and the island of [&hellip;]<\/p>\n","protected":false},"author":4,"featured_media":13500,"parent":0,"menu_order":0,"comment_status":"closed","ping_status":"closed","template":"","meta":{"_monsterinsights_skip_tracking":false,"_monsterinsights_sitenote_active":false,"_monsterinsights_sitenote_note":"","_monsterinsights_sitenote_category":0,"ngg_post_thumbnail":0,"footnotes":""},"class_list":["post-20167","page","type-page","status-publish","has-post-thumbnail","hentry"],"aioseo_notices":[],"_links":{"self":[{"href":"https:\/\/cottage.cz\/en\/wp-json\/wp\/v2\/pages\/20167","targetHints":{"allow":["GET"]}}],"collection":[{"href":"https:\/\/cottage.cz\/en\/wp-json\/wp\/v2\/pages"}],"about":[{"href":"https:\/\/cottage.cz\/en\/wp-json\/wp\/v2\/types\/page"}],"author":[{"embeddable":true,"href":"https:\/\/cottage.cz\/en\/wp-json\/wp\/v2\/users\/4"}],"replies":[{"embeddable":true,"href":"https:\/\/cottage.cz\/en\/wp-json\/wp\/v2\/comments?post=20167"}],"version-history":[{"count":1,"href":"https:\/\/cottage.cz\/en\/wp-json\/wp\/v2\/pages\/20167\/revisions"}],"predecessor-version":[{"id":20168,"href":"https:\/\/cottage.cz\/en\/wp-json\/wp\/v2\/pages\/20167\/revisions\/20168"}],"wp:featuredmedia":[{"embeddable":true,"href":"https:\/\/cottage.cz\/en\/wp-json\/wp\/v2\/media\/13500"}],"wp:attachment":[{"href":"https:\/\/cottage.cz\/en\/wp-json\/wp\/v2\/media?parent=20167"}],"curies":[{"name":"wp","href":"https:\/\/api.w.org\/{rel}","templated":true}]}}