{"id":19955,"date":"2023-12-08T00:23:08","date_gmt":"2023-12-07T23:23:08","guid":{"rendered":"https:\/\/cottage.napokusy.cz\/?page_id=19955"},"modified":"2023-12-08T00:23:10","modified_gmt":"2023-12-07T23:23:10","slug":"jirikov","status":"publish","type":"page","link":"https:\/\/cottage.cz\/en\/jirikov\/","title":{"rendered":"Ji\u0159\u00edkov"},"content":{"rendered":"<p>North Bohemian town Ji\u0159\u00edkov is located in the \u0160luknov foothills near the border with Germany. In George&#8217;s find diverse buildings, and panel construction, new family houses, to the well-kept homes obvazcov\u00e9, which stands mostly along the creek Ji\u0159\u00edkovsk\u00fd. On the square you can see the magnificent buildings of the last century heyday, with original jewelry folk buildings, so. timbered wooden houses. The dominant feature of the original town hall in classic style and the baroque church dedicated to St. George from 1728-1729. The most famous place of pilgrimage Pseudo-Gothic church in Filipov \u2013 Basilika helper of the Virgin Mary. He was ordained 11. October 1886 and in 1926 he received the title \u201cBasilica Minor\u201d. Pape\u017e Pius XI., who made this decision contributed to the fame of the temple, since this was in 30. years of the last century, the most visited church in Central Europe. Filipovsk\u00e1 Fair to be held in late May has its tradition and its attractiveness to tourists sought from the Czech Republic and Germany.<\/p>\n<p>Official website: www.mestojirikov.cz<\/p>\n<p><img decoding=\"async\" data-src=\"http:\/\/cottage.cz\/wp-content\/uploads\/2017\/07\/cottage_files\/Jirikov-Filipov.jpg\" src=\"data:image\/svg+xml;base64,PHN2ZyB3aWR0aD0iMSIgaGVpZ2h0PSIxIiB4bWxucz0iaHR0cDovL3d3dy53My5vcmcvMjAwMC9zdmciPjwvc3ZnPg==\" class=\"lazyload\" \/><\/p>\n","protected":false},"excerpt":{"rendered":"<p>North Bohemian town Ji\u0159\u00edkov is located in the \u0160luknov foothills near the border with Germany. In George&#8217;s find diverse buildings, and panel construction, new family houses, to the well-kept homes obvazcov\u00e9, which stands mostly along the creek Ji\u0159\u00edkovsk\u00fd. On the square you can see the magnificent buildings of the last century heyday, with original jewelry [&hellip;]<\/p>\n","protected":false},"author":4,"featured_media":0,"parent":0,"menu_order":0,"comment_status":"closed","ping_status":"closed","template":"","meta":{"_monsterinsights_skip_tracking":false,"_monsterinsights_sitenote_active":false,"_monsterinsights_sitenote_note":"","_monsterinsights_sitenote_category":0,"ngg_post_thumbnail":0,"footnotes":""},"class_list":["post-19955","page","type-page","status-publish","hentry"],"aioseo_notices":[],"_links":{"self":[{"href":"https:\/\/cottage.cz\/en\/wp-json\/wp\/v2\/pages\/19955","targetHints":{"allow":["GET"]}}],"collection":[{"href":"https:\/\/cottage.cz\/en\/wp-json\/wp\/v2\/pages"}],"about":[{"href":"https:\/\/cottage.cz\/en\/wp-json\/wp\/v2\/types\/page"}],"author":[{"embeddable":true,"href":"https:\/\/cottage.cz\/en\/wp-json\/wp\/v2\/users\/4"}],"replies":[{"embeddable":true,"href":"https:\/\/cottage.cz\/en\/wp-json\/wp\/v2\/comments?post=19955"}],"version-history":[{"count":1,"href":"https:\/\/cottage.cz\/en\/wp-json\/wp\/v2\/pages\/19955\/revisions"}],"predecessor-version":[{"id":19956,"href":"https:\/\/cottage.cz\/en\/wp-json\/wp\/v2\/pages\/19955\/revisions\/19956"}],"wp:attachment":[{"href":"https:\/\/cottage.cz\/en\/wp-json\/wp\/v2\/media?parent=19955"}],"curies":[{"name":"wp","href":"https:\/\/api.w.org\/{rel}","templated":true}]}}