{"id":19930,"date":"2023-12-07T23:56:31","date_gmt":"2023-12-07T22:56:31","guid":{"rendered":"https:\/\/cottage.napokusy.cz\/?page_id=19930"},"modified":"2023-12-07T23:59:00","modified_gmt":"2023-12-07T22:59:00","slug":"hrazeny","status":"publish","type":"page","link":"https:\/\/cottage.cz\/en\/hrazeny\/","title":{"rendered":"Paid"},"content":{"rendered":"\n<figure class=\"wp-block-gallery has-nested-images columns-default is-cropped wp-block-gallery-1 is-layout-flex wp-block-gallery-is-layout-flex\">\n<figure class=\"wp-block-image size-large\"><img decoding=\"async\" width=\"1024\" height=\"768\" data-id=\"8039\" data-src=\"https:\/\/www.cottage.cz\/wp-content\/uploads\/2021\/05\/20210501_105344-1024x768.jpg\" alt=\"\" class=\"wp-image-8039 lazyload\" data-srcset=\"https:\/\/cottage.cz\/wp-content\/uploads\/2021\/05\/20210501_105344-1024x768.jpg 1024w, https:\/\/cottage.cz\/wp-content\/uploads\/2021\/05\/20210501_105344-300x225.jpg 300w, https:\/\/cottage.cz\/wp-content\/uploads\/2021\/05\/20210501_105344-768x576.jpg 768w, https:\/\/cottage.cz\/wp-content\/uploads\/2021\/05\/20210501_105344-1536x1152.jpg 1536w, https:\/\/cottage.cz\/wp-content\/uploads\/2021\/05\/20210501_105344-2048x1536.jpg 2048w\" data-sizes=\"(max-width: 1024px) 100vw, 1024px\" src=\"data:image\/svg+xml;base64,PHN2ZyB3aWR0aD0iMSIgaGVpZ2h0PSIxIiB4bWxucz0iaHR0cDovL3d3dy53My5vcmcvMjAwMC9zdmciPjwvc3ZnPg==\" style=\"--smush-placeholder-width: 1024px; --smush-placeholder-aspect-ratio: 1024\/768;\" \/><\/figure>\n\n\n\n<figure class=\"wp-block-image size-large\"><img decoding=\"async\" width=\"768\" height=\"1024\" data-id=\"8040\" data-src=\"https:\/\/www.cottage.cz\/wp-content\/uploads\/2021\/05\/20210501_105944-768x1024.jpg\" alt=\"\" class=\"wp-image-8040 lazyload\" data-srcset=\"https:\/\/cottage.cz\/wp-content\/uploads\/2021\/05\/20210501_105944-768x1024.jpg 768w, https:\/\/cottage.cz\/wp-content\/uploads\/2021\/05\/20210501_105944-225x300.jpg 225w, https:\/\/cottage.cz\/wp-content\/uploads\/2021\/05\/20210501_105944-1152x1536.jpg 1152w, https:\/\/cottage.cz\/wp-content\/uploads\/2021\/05\/20210501_105944-1536x2048.jpg 1536w, https:\/\/cottage.cz\/wp-content\/uploads\/2021\/05\/20210501_105944-scaled.jpg 1920w\" data-sizes=\"(max-width: 768px) 100vw, 768px\" src=\"data:image\/svg+xml;base64,PHN2ZyB3aWR0aD0iMSIgaGVpZ2h0PSIxIiB4bWxucz0iaHR0cDovL3d3dy53My5vcmcvMjAwMC9zdmciPjwvc3ZnPg==\" style=\"--smush-placeholder-width: 768px; --smush-placeholder-aspect-ratio: 768\/1024;\" \/><\/figure>\n\n\n\n<figure class=\"wp-block-image size-large\"><img decoding=\"async\" width=\"1024\" height=\"768\" data-id=\"8041\" data-src=\"https:\/\/www.cottage.cz\/wp-content\/uploads\/2021\/05\/20210501_105952-1-1024x768.jpg\" alt=\"\" class=\"wp-image-8041 lazyload\" data-srcset=\"https:\/\/cottage.cz\/wp-content\/uploads\/2021\/05\/20210501_105952-1-1024x768.jpg 1024w, https:\/\/cottage.cz\/wp-content\/uploads\/2021\/05\/20210501_105952-1-300x225.jpg 300w, https:\/\/cottage.cz\/wp-content\/uploads\/2021\/05\/20210501_105952-1-768x576.jpg 768w, https:\/\/cottage.cz\/wp-content\/uploads\/2021\/05\/20210501_105952-1-1536x1152.jpg 1536w, https:\/\/cottage.cz\/wp-content\/uploads\/2021\/05\/20210501_105952-1-2048x1536.jpg 2048w\" data-sizes=\"(max-width: 1024px) 100vw, 1024px\" src=\"data:image\/svg+xml;base64,PHN2ZyB3aWR0aD0iMSIgaGVpZ2h0PSIxIiB4bWxucz0iaHR0cDovL3d3dy53My5vcmcvMjAwMC9zdmciPjwvc3ZnPg==\" style=\"--smush-placeholder-width: 1024px; --smush-placeholder-aspect-ratio: 1024\/768;\" \/><\/figure>\n<\/figure>\n\n\n\n<p>Ascent to the highest peak of the \u0160luknov promontory, Paid (610 m.n.m.) you can organize it from several sides. From the village of Kunratice follow the red road, from the village&nbsp;<a href=\"https:\/\/www.cottage.cz\/en\/brtniky\/\">Brtn\u00edky<\/a>&nbsp;after the red and finally after the green from Star\u00fd Hrab\u011bc\u00ed. The view directly from the top is not much (the view is hindered by mature beeches), but, for example, on the way out of Kunratice you will come across the Volsk\u00fd k\u00e1men viewpoint with the Bienert Cross.<\/p>\n","protected":false},"excerpt":{"rendered":"<p>Ascent to the highest peak of the \u0160luknov promontory, Paid (610 m.n.m.) you can organize it from several sides. From the village of Kunratice follow the red road, from the village&nbsp;Brtn\u00edky&nbsp;after the red and finally after the green from Star\u00fd Hrab\u011bc\u00ed. The view directly from the top is not much (the view is hindered by [&hellip;]<\/p>\n","protected":false},"author":4,"featured_media":16173,"parent":0,"menu_order":0,"comment_status":"closed","ping_status":"closed","template":"","meta":{"_monsterinsights_skip_tracking":false,"_monsterinsights_sitenote_active":false,"_monsterinsights_sitenote_note":"","_monsterinsights_sitenote_category":0,"ngg_post_thumbnail":0,"footnotes":""},"class_list":["post-19930","page","type-page","status-publish","has-post-thumbnail","hentry"],"aioseo_notices":[],"_links":{"self":[{"href":"https:\/\/cottage.cz\/en\/wp-json\/wp\/v2\/pages\/19930","targetHints":{"allow":["GET"]}}],"collection":[{"href":"https:\/\/cottage.cz\/en\/wp-json\/wp\/v2\/pages"}],"about":[{"href":"https:\/\/cottage.cz\/en\/wp-json\/wp\/v2\/types\/page"}],"author":[{"embeddable":true,"href":"https:\/\/cottage.cz\/en\/wp-json\/wp\/v2\/users\/4"}],"replies":[{"embeddable":true,"href":"https:\/\/cottage.cz\/en\/wp-json\/wp\/v2\/comments?post=19930"}],"version-history":[{"count":2,"href":"https:\/\/cottage.cz\/en\/wp-json\/wp\/v2\/pages\/19930\/revisions"}],"predecessor-version":[{"id":19936,"href":"https:\/\/cottage.cz\/en\/wp-json\/wp\/v2\/pages\/19930\/revisions\/19936"}],"wp:featuredmedia":[{"embeddable":true,"href":"https:\/\/cottage.cz\/en\/wp-json\/wp\/v2\/media\/16173"}],"wp:attachment":[{"href":"https:\/\/cottage.cz\/en\/wp-json\/wp\/v2\/media?parent=19930"}],"curies":[{"name":"wp","href":"https:\/\/api.w.org\/{rel}","templated":true}]}}