{"id":19859,"date":"2023-12-06T22:21:52","date_gmt":"2023-12-06T21:21:52","guid":{"rendered":"https:\/\/cottage.napokusy.cz\/?page_id=19859"},"modified":"2023-12-06T22:31:36","modified_gmt":"2023-12-06T21:31:36","slug":"doubice","status":"publish","type":"page","link":"https:\/\/cottage.cz\/en\/doubice\/","title":{"rendered":"Doubice"},"content":{"rendered":"<div class=\"gallery-1 gallery-wrapper columns-wrapper\"><div class=\"gallery-column\"><a class=\"gallery-item photoswipe-item\" data-caption=\"road from V\u00e1penka to Doubice\" data-width=\"2976\" data-height=\"3968\" href=\"https:\/\/cottage.cz\/wp-content\/uploads\/2018\/11\/IMG_20181117_132942.jpg\" rel=\"lightbox[19859]\"><img decoding=\"async\" class=\"gallery-img-desktop lazyload\" data-src=\"https:\/\/cottage.cz\/wp-content\/uploads\/2018\/11\/IMG_20181117_132942-550x309.jpg\" alt=\"\" src=\"data:image\/svg+xml;base64,PHN2ZyB3aWR0aD0iMSIgaGVpZ2h0PSIxIiB4bWxucz0iaHR0cDovL3d3dy53My5vcmcvMjAwMC9zdmciPjwvc3ZnPg==\" style=\"--smush-placeholder-width: 550px; --smush-placeholder-aspect-ratio: 550\/309;\" \/><img decoding=\"async\" class=\"gallery-img-mobile lazyload\" data-src=\"https:\/\/cottage.cz\/wp-content\/uploads\/2018\/11\/IMG_20181117_132942-500x500.jpg\" alt=\"\" src=\"data:image\/svg+xml;base64,PHN2ZyB3aWR0aD0iMSIgaGVpZ2h0PSIxIiB4bWxucz0iaHR0cDovL3d3dy53My5vcmcvMjAwMC9zdmciPjwvc3ZnPg==\" style=\"--smush-placeholder-width: 500px; --smush-placeholder-aspect-ratio: 500\/500;\" \/><div class=\"gallery-enlarge\"><\/div><\/a><\/div><div class=\"gallery-column\"><a class=\"gallery-item photoswipe-item\" data-caption=\"substation in Doubica\" data-width=\"2976\" data-height=\"3968\" href=\"https:\/\/cottage.cz\/wp-content\/uploads\/2018\/11\/IMG_20181117_130412-1.jpg\" rel=\"lightbox[19859]\"><img decoding=\"async\" class=\"gallery-img-desktop lazyload\" data-src=\"https:\/\/cottage.cz\/wp-content\/uploads\/2018\/11\/IMG_20181117_130412-1-550x309.jpg\" alt=\"\" src=\"data:image\/svg+xml;base64,PHN2ZyB3aWR0aD0iMSIgaGVpZ2h0PSIxIiB4bWxucz0iaHR0cDovL3d3dy53My5vcmcvMjAwMC9zdmciPjwvc3ZnPg==\" style=\"--smush-placeholder-width: 550px; --smush-placeholder-aspect-ratio: 550\/309;\" \/><img decoding=\"async\" class=\"gallery-img-mobile lazyload\" data-src=\"https:\/\/cottage.cz\/wp-content\/uploads\/2018\/11\/IMG_20181117_130412-1-500x500.jpg\" alt=\"\" src=\"data:image\/svg+xml;base64,PHN2ZyB3aWR0aD0iMSIgaGVpZ2h0PSIxIiB4bWxucz0iaHR0cDovL3d3dy53My5vcmcvMjAwMC9zdmciPjwvc3ZnPg==\" style=\"--smush-placeholder-width: 500px; --smush-placeholder-aspect-ratio: 500\/500;\" \/><div class=\"gallery-enlarge\"><\/div><\/a><\/div><div class=\"gallery-column\"><a class=\"gallery-item photoswipe-item\" data-caption=\"center of Doubice village\" data-width=\"3968\" data-height=\"2976\" href=\"https:\/\/cottage.cz\/wp-content\/uploads\/2018\/11\/IMG_20181117_121019-1.jpg\" rel=\"lightbox[19859]\"><img decoding=\"async\" class=\"gallery-img-desktop lazyload\" data-src=\"https:\/\/cottage.cz\/wp-content\/uploads\/2018\/11\/IMG_20181117_121019-1-550x309.jpg\" alt=\"\" src=\"data:image\/svg+xml;base64,PHN2ZyB3aWR0aD0iMSIgaGVpZ2h0PSIxIiB4bWxucz0iaHR0cDovL3d3dy53My5vcmcvMjAwMC9zdmciPjwvc3ZnPg==\" style=\"--smush-placeholder-width: 550px; --smush-placeholder-aspect-ratio: 550\/309;\" \/><img decoding=\"async\" class=\"gallery-img-mobile lazyload\" data-src=\"https:\/\/cottage.cz\/wp-content\/uploads\/2018\/11\/IMG_20181117_121019-1-500x500.jpg\" alt=\"\" src=\"data:image\/svg+xml;base64,PHN2ZyB3aWR0aD0iMSIgaGVpZ2h0PSIxIiB4bWxucz0iaHR0cDovL3d3dy53My5vcmcvMjAwMC9zdmciPjwvc3ZnPg==\" style=\"--smush-placeholder-width: 500px; --smush-placeholder-aspect-ratio: 500\/500;\" \/><div class=\"gallery-enlarge\"><\/div><\/a><\/div><div class=\"gallery-column\"><a class=\"gallery-item photoswipe-item\" data-caption=\"the road from Rybni\u0161t\u011b to Doubice\" data-width=\"3968\" data-height=\"2976\" href=\"https:\/\/cottage.cz\/wp-content\/uploads\/2018\/11\/IMG_20181117_120406-1.jpg\" rel=\"lightbox[19859]\"><img decoding=\"async\" class=\"gallery-img-desktop lazyload\" data-src=\"https:\/\/cottage.cz\/wp-content\/uploads\/2018\/11\/IMG_20181117_120406-1-550x309.jpg\" alt=\"\" src=\"data:image\/svg+xml;base64,PHN2ZyB3aWR0aD0iMSIgaGVpZ2h0PSIxIiB4bWxucz0iaHR0cDovL3d3dy53My5vcmcvMjAwMC9zdmciPjwvc3ZnPg==\" style=\"--smush-placeholder-width: 550px; --smush-placeholder-aspect-ratio: 550\/309;\" \/><img decoding=\"async\" class=\"gallery-img-mobile lazyload\" data-src=\"https:\/\/cottage.cz\/wp-content\/uploads\/2018\/11\/IMG_20181117_120406-1-500x500.jpg\" alt=\"\" src=\"data:image\/svg+xml;base64,PHN2ZyB3aWR0aD0iMSIgaGVpZ2h0PSIxIiB4bWxucz0iaHR0cDovL3d3dy53My5vcmcvMjAwMC9zdmciPjwvc3ZnPg==\" style=\"--smush-placeholder-width: 500px; --smush-placeholder-aspect-ratio: 500\/500;\" \/><div class=\"gallery-enlarge\"><\/div><\/a><\/div><div class=\"gallery-column\"><a class=\"gallery-item photoswipe-item\" data-caption=\"DCIM100GOPROGOPR1064.JPG\" data-width=\"4000\" data-height=\"3000\" href=\"https:\/\/cottage.cz\/wp-content\/uploads\/2019\/10\/GOPR1064.jpg\" rel=\"lightbox[19859]\"><img decoding=\"async\" class=\"gallery-img-desktop lazyload\" data-src=\"https:\/\/cottage.cz\/wp-content\/uploads\/2019\/10\/GOPR1064-550x309.jpg\" alt=\"\" src=\"data:image\/svg+xml;base64,PHN2ZyB3aWR0aD0iMSIgaGVpZ2h0PSIxIiB4bWxucz0iaHR0cDovL3d3dy53My5vcmcvMjAwMC9zdmciPjwvc3ZnPg==\" style=\"--smush-placeholder-width: 550px; --smush-placeholder-aspect-ratio: 550\/309;\" \/><img decoding=\"async\" class=\"gallery-img-mobile lazyload\" data-src=\"https:\/\/cottage.cz\/wp-content\/uploads\/2019\/10\/GOPR1064-500x500.jpg\" alt=\"\" src=\"data:image\/svg+xml;base64,PHN2ZyB3aWR0aD0iMSIgaGVpZ2h0PSIxIiB4bWxucz0iaHR0cDovL3d3dy53My5vcmcvMjAwMC9zdmciPjwvc3ZnPg==\" style=\"--smush-placeholder-width: 500px; --smush-placeholder-aspect-ratio: 500\/500;\" \/><div class=\"gallery-enlarge\"><\/div><\/a><\/div><div class=\"gallery-column\"><a class=\"gallery-item photoswipe-item\" data-caption=\"\" data-width=\"800\" data-height=\"600\" href=\"https:\/\/cottage.cz\/wp-content\/uploads\/2017\/04\/obec-doubice.jpg\" rel=\"lightbox[19859]\"><img decoding=\"async\" class=\"gallery-img-desktop lazyload\" data-src=\"https:\/\/cottage.cz\/wp-content\/uploads\/2017\/04\/obec-doubice-550x309.jpg\" alt=\"\" src=\"data:image\/svg+xml;base64,PHN2ZyB3aWR0aD0iMSIgaGVpZ2h0PSIxIiB4bWxucz0iaHR0cDovL3d3dy53My5vcmcvMjAwMC9zdmciPjwvc3ZnPg==\" style=\"--smush-placeholder-width: 550px; --smush-placeholder-aspect-ratio: 550\/309;\" \/><img decoding=\"async\" class=\"gallery-img-mobile lazyload\" data-src=\"https:\/\/cottage.cz\/wp-content\/uploads\/2017\/04\/obec-doubice-500x500.jpg\" alt=\"\" src=\"data:image\/svg+xml;base64,PHN2ZyB3aWR0aD0iMSIgaGVpZ2h0PSIxIiB4bWxucz0iaHR0cDovL3d3dy53My5vcmcvMjAwMC9zdmciPjwvc3ZnPg==\" style=\"--smush-placeholder-width: 500px; --smush-placeholder-aspect-ratio: 500\/500;\" \/><div class=\"gallery-enlarge\"><\/div><\/a><\/div><div class=\"gallery-column\"><a class=\"gallery-item photoswipe-item\" data-caption=\"Gallery Cifra - Doubice\" data-width=\"960\" data-height=\"720\" href=\"https:\/\/cottage.cz\/wp-content\/uploads\/2021\/06\/galerie-cifra-2.jpg\" rel=\"lightbox[19859]\"><img decoding=\"async\" class=\"gallery-img-desktop lazyload\" data-src=\"https:\/\/cottage.cz\/wp-content\/uploads\/2021\/06\/galerie-cifra-2-550x309.jpg\" alt=\"\" src=\"data:image\/svg+xml;base64,PHN2ZyB3aWR0aD0iMSIgaGVpZ2h0PSIxIiB4bWxucz0iaHR0cDovL3d3dy53My5vcmcvMjAwMC9zdmciPjwvc3ZnPg==\" style=\"--smush-placeholder-width: 550px; --smush-placeholder-aspect-ratio: 550\/309;\" \/><img decoding=\"async\" class=\"gallery-img-mobile lazyload\" data-src=\"https:\/\/cottage.cz\/wp-content\/uploads\/2021\/06\/galerie-cifra-2-500x500.jpg\" alt=\"\" src=\"data:image\/svg+xml;base64,PHN2ZyB3aWR0aD0iMSIgaGVpZ2h0PSIxIiB4bWxucz0iaHR0cDovL3d3dy53My5vcmcvMjAwMC9zdmciPjwvc3ZnPg==\" style=\"--smush-placeholder-width: 500px; --smush-placeholder-aspect-ratio: 500\/500;\" \/><div class=\"gallery-enlarge\"><\/div><\/a><\/div><div class=\"gallery-column\"><a class=\"gallery-item photoswipe-item\" data-caption=\"\" data-width=\"1021\" data-height=\"582\" href=\"https:\/\/cottage.cz\/wp-content\/uploads\/2021\/01\/doubice-bezky.jpg\" rel=\"lightbox[19859]\"><img decoding=\"async\" class=\"gallery-img-desktop lazyload\" data-src=\"https:\/\/cottage.cz\/wp-content\/uploads\/2021\/01\/doubice-bezky-550x309.jpg\" alt=\"\" src=\"data:image\/svg+xml;base64,PHN2ZyB3aWR0aD0iMSIgaGVpZ2h0PSIxIiB4bWxucz0iaHR0cDovL3d3dy53My5vcmcvMjAwMC9zdmciPjwvc3ZnPg==\" style=\"--smush-placeholder-width: 550px; --smush-placeholder-aspect-ratio: 550\/309;\" \/><img decoding=\"async\" class=\"gallery-img-mobile lazyload\" data-src=\"https:\/\/cottage.cz\/wp-content\/uploads\/2021\/01\/doubice-bezky-500x500.jpg\" alt=\"\" src=\"data:image\/svg+xml;base64,PHN2ZyB3aWR0aD0iMSIgaGVpZ2h0PSIxIiB4bWxucz0iaHR0cDovL3d3dy53My5vcmcvMjAwMC9zdmciPjwvc3ZnPg==\" style=\"--smush-placeholder-width: 500px; --smush-placeholder-aspect-ratio: 500\/500;\" \/><div class=\"gallery-enlarge\"><\/div><\/a><\/div><div class=\"gallery-column\"><a class=\"gallery-item photoswipe-item\" data-caption=\"Doubice \" data-width=\"2976\" data-height=\"3968\" href=\"https:\/\/cottage.cz\/wp-content\/uploads\/2018\/11\/IMG_20181117_130412.jpg\" rel=\"lightbox[19859]\"><img decoding=\"async\" class=\"gallery-img-desktop lazyload\" data-src=\"https:\/\/cottage.cz\/wp-content\/uploads\/2018\/11\/IMG_20181117_130412-550x309.jpg\" alt=\"\" src=\"data:image\/svg+xml;base64,PHN2ZyB3aWR0aD0iMSIgaGVpZ2h0PSIxIiB4bWxucz0iaHR0cDovL3d3dy53My5vcmcvMjAwMC9zdmciPjwvc3ZnPg==\" style=\"--smush-placeholder-width: 550px; --smush-placeholder-aspect-ratio: 550\/309;\" \/><img decoding=\"async\" class=\"gallery-img-mobile lazyload\" data-src=\"https:\/\/cottage.cz\/wp-content\/uploads\/2018\/11\/IMG_20181117_130412-500x500.jpg\" alt=\"\" src=\"data:image\/svg+xml;base64,PHN2ZyB3aWR0aD0iMSIgaGVpZ2h0PSIxIiB4bWxucz0iaHR0cDovL3d3dy53My5vcmcvMjAwMC9zdmciPjwvc3ZnPg==\" style=\"--smush-placeholder-width: 500px; --smush-placeholder-aspect-ratio: 500\/500;\" \/><div class=\"gallery-enlarge\"><\/div><\/a><\/div><div class=\"gallery-column\"><a class=\"gallery-item photoswipe-item\" data-caption=\"Doubice\" data-width=\"3968\" data-height=\"2976\" href=\"https:\/\/cottage.cz\/wp-content\/uploads\/2018\/11\/IMG_20181117_121019.jpg\" rel=\"lightbox[19859]\"><img decoding=\"async\" class=\"gallery-img-desktop lazyload\" data-src=\"https:\/\/cottage.cz\/wp-content\/uploads\/2018\/11\/IMG_20181117_121019-550x309.jpg\" alt=\"\" src=\"data:image\/svg+xml;base64,PHN2ZyB3aWR0aD0iMSIgaGVpZ2h0PSIxIiB4bWxucz0iaHR0cDovL3d3dy53My5vcmcvMjAwMC9zdmciPjwvc3ZnPg==\" style=\"--smush-placeholder-width: 550px; --smush-placeholder-aspect-ratio: 550\/309;\" \/><img decoding=\"async\" class=\"gallery-img-mobile lazyload\" data-src=\"https:\/\/cottage.cz\/wp-content\/uploads\/2018\/11\/IMG_20181117_121019-500x500.jpg\" alt=\"\" src=\"data:image\/svg+xml;base64,PHN2ZyB3aWR0aD0iMSIgaGVpZ2h0PSIxIiB4bWxucz0iaHR0cDovL3d3dy53My5vcmcvMjAwMC9zdmciPjwvc3ZnPg==\" style=\"--smush-placeholder-width: 500px; --smush-placeholder-aspect-ratio: 500\/500;\" \/><div class=\"gallery-enlarge\"><\/div><\/a><\/div><div class=\"gallery-column\"><a class=\"gallery-item photoswipe-item\" data-caption=\"from Kamenn\u00e1 cesta to Doubice\" data-width=\"3968\" data-height=\"2976\" href=\"https:\/\/cottage.cz\/wp-content\/uploads\/2018\/11\/IMG_20181117_120406.jpg\" rel=\"lightbox[19859]\"><img decoding=\"async\" class=\"gallery-img-desktop lazyload\" data-src=\"https:\/\/cottage.cz\/wp-content\/uploads\/2018\/11\/IMG_20181117_120406-550x309.jpg\" alt=\"\" src=\"data:image\/svg+xml;base64,PHN2ZyB3aWR0aD0iMSIgaGVpZ2h0PSIxIiB4bWxucz0iaHR0cDovL3d3dy53My5vcmcvMjAwMC9zdmciPjwvc3ZnPg==\" style=\"--smush-placeholder-width: 550px; --smush-placeholder-aspect-ratio: 550\/309;\" \/><img decoding=\"async\" class=\"gallery-img-mobile lazyload\" data-src=\"https:\/\/cottage.cz\/wp-content\/uploads\/2018\/11\/IMG_20181117_120406-500x500.jpg\" alt=\"\" src=\"data:image\/svg+xml;base64,PHN2ZyB3aWR0aD0iMSIgaGVpZ2h0PSIxIiB4bWxucz0iaHR0cDovL3d3dy53My5vcmcvMjAwMC9zdmciPjwvc3ZnPg==\" style=\"--smush-placeholder-width: 500px; --smush-placeholder-aspect-ratio: 500\/500;\" \/><div class=\"gallery-enlarge\"><\/div><\/a><\/div><div class=\"gallery-column\"><a class=\"gallery-item photoswipe-item\" data-caption=\"\" data-width=\"800\" data-height=\"600\" href=\"https:\/\/cottage.cz\/wp-content\/uploads\/2018\/04\/doubice_2.jpg\" rel=\"lightbox[19859]\"><img decoding=\"async\" class=\"gallery-img-desktop lazyload\" data-src=\"https:\/\/cottage.cz\/wp-content\/uploads\/2018\/04\/doubice_2-550x309.jpg\" alt=\"\" src=\"data:image\/svg+xml;base64,PHN2ZyB3aWR0aD0iMSIgaGVpZ2h0PSIxIiB4bWxucz0iaHR0cDovL3d3dy53My5vcmcvMjAwMC9zdmciPjwvc3ZnPg==\" style=\"--smush-placeholder-width: 550px; --smush-placeholder-aspect-ratio: 550\/309;\" \/><img decoding=\"async\" class=\"gallery-img-mobile lazyload\" data-src=\"https:\/\/cottage.cz\/wp-content\/uploads\/2018\/04\/doubice_2-500x500.jpg\" alt=\"\" src=\"data:image\/svg+xml;base64,PHN2ZyB3aWR0aD0iMSIgaGVpZ2h0PSIxIiB4bWxucz0iaHR0cDovL3d3dy53My5vcmcvMjAwMC9zdmciPjwvc3ZnPg==\" style=\"--smush-placeholder-width: 500px; --smush-placeholder-aspect-ratio: 500\/500;\" \/><div class=\"gallery-enlarge\"><\/div><\/a><\/div><div class=\"gallery-column\"><a class=\"gallery-item photoswipe-item\" data-caption=\"\" data-width=\"800\" data-height=\"600\" href=\"https:\/\/cottage.cz\/wp-content\/uploads\/2018\/03\/zadni-doubice.jpg\" rel=\"lightbox[19859]\"><img decoding=\"async\" class=\"gallery-img-desktop lazyload\" data-src=\"https:\/\/cottage.cz\/wp-content\/uploads\/2018\/03\/zadni-doubice-550x309.jpg\" alt=\"\" src=\"data:image\/svg+xml;base64,PHN2ZyB3aWR0aD0iMSIgaGVpZ2h0PSIxIiB4bWxucz0iaHR0cDovL3d3dy53My5vcmcvMjAwMC9zdmciPjwvc3ZnPg==\" style=\"--smush-placeholder-width: 550px; --smush-placeholder-aspect-ratio: 550\/309;\" \/><img decoding=\"async\" class=\"gallery-img-mobile lazyload\" data-src=\"https:\/\/cottage.cz\/wp-content\/uploads\/2018\/03\/zadni-doubice-500x500.jpg\" alt=\"\" src=\"data:image\/svg+xml;base64,PHN2ZyB3aWR0aD0iMSIgaGVpZ2h0PSIxIiB4bWxucz0iaHR0cDovL3d3dy53My5vcmcvMjAwMC9zdmciPjwvc3ZnPg==\" style=\"--smush-placeholder-width: 500px; --smush-placeholder-aspect-ratio: 500\/500;\" \/><div class=\"gallery-enlarge\"><\/div><\/a><\/div><div class=\"gallery-column\"><a class=\"gallery-item photoswipe-item\" data-caption=\"\" data-width=\"1024\" data-height=\"768\" href=\"https:\/\/cottage.cz\/wp-content\/uploads\/2015\/06\/chalupa-doubice.jpg\" rel=\"lightbox[19859]\"><img decoding=\"async\" class=\"gallery-img-desktop lazyload\" data-src=\"https:\/\/cottage.cz\/wp-content\/uploads\/2015\/06\/chalupa-doubice-550x309.jpg\" alt=\"\" src=\"data:image\/svg+xml;base64,PHN2ZyB3aWR0aD0iMSIgaGVpZ2h0PSIxIiB4bWxucz0iaHR0cDovL3d3dy53My5vcmcvMjAwMC9zdmciPjwvc3ZnPg==\" style=\"--smush-placeholder-width: 550px; --smush-placeholder-aspect-ratio: 550\/309;\" \/><img decoding=\"async\" class=\"gallery-img-mobile lazyload\" data-src=\"https:\/\/cottage.cz\/wp-content\/uploads\/2015\/06\/chalupa-doubice-500x500.jpg\" alt=\"\" src=\"data:image\/svg+xml;base64,PHN2ZyB3aWR0aD0iMSIgaGVpZ2h0PSIxIiB4bWxucz0iaHR0cDovL3d3dy53My5vcmcvMjAwMC9zdmciPjwvc3ZnPg==\" style=\"--smush-placeholder-width: 500px; --smush-placeholder-aspect-ratio: 500\/500;\" \/><div class=\"gallery-enlarge\"><\/div><\/a><\/div><style type=\"text\/css\">.gallery-1 .gallery-column { width: 33.33%; padding-bottom: 18.75%; }.gallery-1 { margin-left: -0px; margin-right: -0px; }.gallery-1 .gallery-item {bottom: 0px;left: 0px;right: 0px;top: 0px;}<\/style><\/div>\n<p>The smallest village in the D\u011b\u010d\u00edn district is Doubice (German: Daubitz). It is located on the edge of the Lusatian Mountains and the Czech Switzerland National Park. The original population was displaced after 1945, today the village is mainly used for recreation, it has about 100 permanent residents. In Doubica, there are probably the most pubs and guesthouses for a constant number of inhabitants. The most famous is the Old Inn in the middle of the village with a children&#8217;s park (carved and stone statues)<\/p>\n","protected":false},"excerpt":{"rendered":"<p>The smallest village in the D\u011b\u010d\u00edn district is Doubice (German: Daubitz). It is located on the edge of the Lusatian Mountains and the Czech Switzerland National Park. The original population was displaced after 1945, today the village is mainly used for recreation, it has about 100 permanent residents. In Doubica, there are probably the most [&hellip;]<\/p>\n","protected":false},"author":4,"featured_media":18474,"parent":0,"menu_order":0,"comment_status":"closed","ping_status":"closed","template":"","meta":{"_monsterinsights_skip_tracking":false,"_monsterinsights_sitenote_active":false,"_monsterinsights_sitenote_note":"","_monsterinsights_sitenote_category":0,"ngg_post_thumbnail":0,"footnotes":""},"class_list":["post-19859","page","type-page","status-publish","has-post-thumbnail","hentry"],"aioseo_notices":[],"_links":{"self":[{"href":"https:\/\/cottage.cz\/en\/wp-json\/wp\/v2\/pages\/19859","targetHints":{"allow":["GET"]}}],"collection":[{"href":"https:\/\/cottage.cz\/en\/wp-json\/wp\/v2\/pages"}],"about":[{"href":"https:\/\/cottage.cz\/en\/wp-json\/wp\/v2\/types\/page"}],"author":[{"embeddable":true,"href":"https:\/\/cottage.cz\/en\/wp-json\/wp\/v2\/users\/4"}],"replies":[{"embeddable":true,"href":"https:\/\/cottage.cz\/en\/wp-json\/wp\/v2\/comments?post=19859"}],"version-history":[{"count":2,"href":"https:\/\/cottage.cz\/en\/wp-json\/wp\/v2\/pages\/19859\/revisions"}],"predecessor-version":[{"id":19867,"href":"https:\/\/cottage.cz\/en\/wp-json\/wp\/v2\/pages\/19859\/revisions\/19867"}],"wp:featuredmedia":[{"embeddable":true,"href":"https:\/\/cottage.cz\/en\/wp-json\/wp\/v2\/media\/18474"}],"wp:attachment":[{"href":"https:\/\/cottage.cz\/en\/wp-json\/wp\/v2\/media?parent=19859"}],"curies":[{"name":"wp","href":"https:\/\/api.w.org\/{rel}","templated":true}]}}