{"id":19843,"date":"2023-12-06T21:49:07","date_gmt":"2023-12-06T20:49:07","guid":{"rendered":"https:\/\/cottage.napokusy.cz\/?page_id=19843"},"modified":"2023-12-06T21:49:10","modified_gmt":"2023-12-06T20:49:10","slug":"wild-gorge","status":"publish","type":"page","link":"https:\/\/cottage.cz\/en\/wild-gorge\/","title":{"rendered":"Wild gorge"},"content":{"rendered":"<p>Wild Gorge is a deep rocky canyon of the river Kamenice, For critical bridge adjacent to Edmund Gorge. From limiting bridge, the trail leads to the bottom dock, another 450m long section accessible only by boat. It continues to Mezn\u00ed Louka (3,5km) or Vysok\u00e9 L\u00edpy.<\/p>\n<p>Tourism was opened in the gorge 1898.<\/p>\n<p>\u00a0<\/p>\n<p>Current traffic information can be found on boats www.hrensko.cz<\/p>\n\n\n<figure class=\"wp-block-gallery has-nested-images columns-default is-cropped wp-block-gallery-1 is-layout-flex wp-block-gallery-is-layout-flex\">\n<figure class=\"wp-block-image\"><img decoding=\"async\" width=\"1024\" height=\"768\" data-id=\"6365\" data-src=\"https:\/\/www.cottage.cz\/wp-content\/uploads\/2019\/06\/IMG_20190604_092606-1024x768.jpg\" alt=\"\" class=\"wp-image-6365 lazyload\" data-srcset=\"https:\/\/cottage.cz\/wp-content\/uploads\/2019\/06\/IMG_20190604_092606-1024x768.jpg 1024w, https:\/\/cottage.cz\/wp-content\/uploads\/2019\/06\/IMG_20190604_092606-300x225.jpg 300w, https:\/\/cottage.cz\/wp-content\/uploads\/2019\/06\/IMG_20190604_092606-768x576.jpg 768w\" data-sizes=\"(max-width: 1024px) 100vw, 1024px\" src=\"data:image\/svg+xml;base64,PHN2ZyB3aWR0aD0iMSIgaGVpZ2h0PSIxIiB4bWxucz0iaHR0cDovL3d3dy53My5vcmcvMjAwMC9zdmciPjwvc3ZnPg==\" style=\"--smush-placeholder-width: 1024px; --smush-placeholder-aspect-ratio: 1024\/768;\" \/><\/figure>\n\n\n\n<figure class=\"wp-block-image\"><img decoding=\"async\" width=\"1024\" height=\"768\" data-id=\"6366\" data-src=\"https:\/\/www.cottage.cz\/wp-content\/uploads\/2019\/06\/IMG_20190604_093121-1024x768.jpg\" alt=\"\" class=\"wp-image-6366 lazyload\" data-srcset=\"https:\/\/cottage.cz\/wp-content\/uploads\/2019\/06\/IMG_20190604_093121-1024x768.jpg 1024w, https:\/\/cottage.cz\/wp-content\/uploads\/2019\/06\/IMG_20190604_093121-300x225.jpg 300w, https:\/\/cottage.cz\/wp-content\/uploads\/2019\/06\/IMG_20190604_093121-768x576.jpg 768w\" data-sizes=\"(max-width: 1024px) 100vw, 1024px\" src=\"data:image\/svg+xml;base64,PHN2ZyB3aWR0aD0iMSIgaGVpZ2h0PSIxIiB4bWxucz0iaHR0cDovL3d3dy53My5vcmcvMjAwMC9zdmciPjwvc3ZnPg==\" style=\"--smush-placeholder-width: 1024px; --smush-placeholder-aspect-ratio: 1024\/768;\" \/><\/figure>\n\n\n\n<figure class=\"wp-block-image\"><img decoding=\"async\" width=\"1024\" height=\"768\" data-id=\"6367\" data-src=\"https:\/\/www.cottage.cz\/wp-content\/uploads\/2019\/06\/IMG_20190604_093409-1024x768.jpg\" alt=\"\" class=\"wp-image-6367 lazyload\" data-srcset=\"https:\/\/cottage.cz\/wp-content\/uploads\/2019\/06\/IMG_20190604_093409-1024x768.jpg 1024w, https:\/\/cottage.cz\/wp-content\/uploads\/2019\/06\/IMG_20190604_093409-300x225.jpg 300w, https:\/\/cottage.cz\/wp-content\/uploads\/2019\/06\/IMG_20190604_093409-768x576.jpg 768w\" data-sizes=\"(max-width: 1024px) 100vw, 1024px\" src=\"data:image\/svg+xml;base64,PHN2ZyB3aWR0aD0iMSIgaGVpZ2h0PSIxIiB4bWxucz0iaHR0cDovL3d3dy53My5vcmcvMjAwMC9zdmciPjwvc3ZnPg==\" style=\"--smush-placeholder-width: 1024px; --smush-placeholder-aspect-ratio: 1024\/768;\" \/><\/figure>\n\n\n\n<figure class=\"wp-block-image\"><img decoding=\"async\" width=\"1024\" height=\"768\" data-id=\"6368\" data-src=\"https:\/\/www.cottage.cz\/wp-content\/uploads\/2019\/06\/IMG_20190604_093650-1024x768.jpg\" alt=\"\" class=\"wp-image-6368 lazyload\" data-srcset=\"https:\/\/cottage.cz\/wp-content\/uploads\/2019\/06\/IMG_20190604_093650-1024x768.jpg 1024w, https:\/\/cottage.cz\/wp-content\/uploads\/2019\/06\/IMG_20190604_093650-300x225.jpg 300w, https:\/\/cottage.cz\/wp-content\/uploads\/2019\/06\/IMG_20190604_093650-768x576.jpg 768w\" data-sizes=\"(max-width: 1024px) 100vw, 1024px\" src=\"data:image\/svg+xml;base64,PHN2ZyB3aWR0aD0iMSIgaGVpZ2h0PSIxIiB4bWxucz0iaHR0cDovL3d3dy53My5vcmcvMjAwMC9zdmciPjwvc3ZnPg==\" style=\"--smush-placeholder-width: 1024px; --smush-placeholder-aspect-ratio: 1024\/768;\" \/><\/figure>\n\n\n\n<figure class=\"wp-block-image\"><img decoding=\"async\" width=\"1024\" height=\"768\" data-id=\"6369\" data-src=\"https:\/\/www.cottage.cz\/wp-content\/uploads\/2019\/06\/IMG_20190604_094005-1024x768.jpg\" alt=\"\" class=\"wp-image-6369 lazyload\" data-srcset=\"https:\/\/cottage.cz\/wp-content\/uploads\/2019\/06\/IMG_20190604_094005-1024x768.jpg 1024w, https:\/\/cottage.cz\/wp-content\/uploads\/2019\/06\/IMG_20190604_094005-300x225.jpg 300w, https:\/\/cottage.cz\/wp-content\/uploads\/2019\/06\/IMG_20190604_094005-768x576.jpg 768w\" data-sizes=\"(max-width: 1024px) 100vw, 1024px\" src=\"data:image\/svg+xml;base64,PHN2ZyB3aWR0aD0iMSIgaGVpZ2h0PSIxIiB4bWxucz0iaHR0cDovL3d3dy53My5vcmcvMjAwMC9zdmciPjwvc3ZnPg==\" style=\"--smush-placeholder-width: 1024px; --smush-placeholder-aspect-ratio: 1024\/768;\" \/><\/figure>\n\n\n\n<figure class=\"wp-block-image\"><img decoding=\"async\" width=\"768\" height=\"1024\" data-id=\"6370\" data-src=\"https:\/\/www.cottage.cz\/wp-content\/uploads\/2019\/06\/IMG_20190604_094104-768x1024.jpg\" alt=\"\" class=\"wp-image-6370 lazyload\" data-srcset=\"https:\/\/cottage.cz\/wp-content\/uploads\/2019\/06\/IMG_20190604_094104-768x1024.jpg 768w, https:\/\/cottage.cz\/wp-content\/uploads\/2019\/06\/IMG_20190604_094104-225x300.jpg 225w\" data-sizes=\"(max-width: 768px) 100vw, 768px\" src=\"data:image\/svg+xml;base64,PHN2ZyB3aWR0aD0iMSIgaGVpZ2h0PSIxIiB4bWxucz0iaHR0cDovL3d3dy53My5vcmcvMjAwMC9zdmciPjwvc3ZnPg==\" style=\"--smush-placeholder-width: 768px; --smush-placeholder-aspect-ratio: 768\/1024;\" \/><\/figure>\n\n\n\n<figure class=\"wp-block-image\"><img decoding=\"async\" width=\"1024\" height=\"768\" data-id=\"6371\" data-src=\"https:\/\/www.cottage.cz\/wp-content\/uploads\/2019\/06\/IMG_20190604_094536-1024x768.jpg\" alt=\"\" class=\"wp-image-6371 lazyload\" data-srcset=\"https:\/\/cottage.cz\/wp-content\/uploads\/2019\/06\/IMG_20190604_094536-1024x768.jpg 1024w, https:\/\/cottage.cz\/wp-content\/uploads\/2019\/06\/IMG_20190604_094536-300x225.jpg 300w, https:\/\/cottage.cz\/wp-content\/uploads\/2019\/06\/IMG_20190604_094536-768x576.jpg 768w\" data-sizes=\"(max-width: 1024px) 100vw, 1024px\" src=\"data:image\/svg+xml;base64,PHN2ZyB3aWR0aD0iMSIgaGVpZ2h0PSIxIiB4bWxucz0iaHR0cDovL3d3dy53My5vcmcvMjAwMC9zdmciPjwvc3ZnPg==\" style=\"--smush-placeholder-width: 1024px; --smush-placeholder-aspect-ratio: 1024\/768;\" \/><\/figure>\n\n\n\n<figure class=\"wp-block-image\"><img decoding=\"async\" width=\"768\" height=\"1024\" data-id=\"6372\" data-src=\"https:\/\/www.cottage.cz\/wp-content\/uploads\/2019\/06\/IMG_20190604_101302-768x1024.jpg\" alt=\"\" class=\"wp-image-6372 lazyload\" src=\"data:image\/svg+xml;base64,PHN2ZyB3aWR0aD0iMSIgaGVpZ2h0PSIxIiB4bWxucz0iaHR0cDovL3d3dy53My5vcmcvMjAwMC9zdmciPjwvc3ZnPg==\" style=\"--smush-placeholder-width: 768px; --smush-placeholder-aspect-ratio: 768\/1024;\" \/><\/figure>\n\n\n\n<figure class=\"wp-block-image\"><img decoding=\"async\" width=\"768\" height=\"1024\" data-id=\"6373\" data-src=\"https:\/\/www.cottage.cz\/wp-content\/uploads\/2019\/06\/IMG_20190604_102513-768x1024.jpg\" alt=\"\" class=\"wp-image-6373 lazyload\" src=\"data:image\/svg+xml;base64,PHN2ZyB3aWR0aD0iMSIgaGVpZ2h0PSIxIiB4bWxucz0iaHR0cDovL3d3dy53My5vcmcvMjAwMC9zdmciPjwvc3ZnPg==\" style=\"--smush-placeholder-width: 768px; --smush-placeholder-aspect-ratio: 768\/1024;\" \/><\/figure>\n<\/figure>\n","protected":false},"excerpt":{"rendered":"<p>Wild Gorge is a deep rocky canyon of the river Kamenice, For critical bridge adjacent to Edmund Gorge. From limiting bridge, the trail leads to the bottom dock, another 450m long section accessible only by boat. It continues to Mezn\u00ed Louka (3,5km) or Vysok\u00e9 L\u00edpy. Tourism was opened in the gorge 1898. \u00a0 Current traffic [&hellip;]<\/p>\n","protected":false},"author":4,"featured_media":13470,"parent":0,"menu_order":0,"comment_status":"closed","ping_status":"closed","template":"","meta":{"_monsterinsights_skip_tracking":false,"_monsterinsights_sitenote_active":false,"_monsterinsights_sitenote_note":"","_monsterinsights_sitenote_category":0,"ngg_post_thumbnail":0,"footnotes":""},"class_list":["post-19843","page","type-page","status-publish","has-post-thumbnail","hentry"],"aioseo_notices":[],"_links":{"self":[{"href":"https:\/\/cottage.cz\/en\/wp-json\/wp\/v2\/pages\/19843","targetHints":{"allow":["GET"]}}],"collection":[{"href":"https:\/\/cottage.cz\/en\/wp-json\/wp\/v2\/pages"}],"about":[{"href":"https:\/\/cottage.cz\/en\/wp-json\/wp\/v2\/types\/page"}],"author":[{"embeddable":true,"href":"https:\/\/cottage.cz\/en\/wp-json\/wp\/v2\/users\/4"}],"replies":[{"embeddable":true,"href":"https:\/\/cottage.cz\/en\/wp-json\/wp\/v2\/comments?post=19843"}],"version-history":[{"count":1,"href":"https:\/\/cottage.cz\/en\/wp-json\/wp\/v2\/pages\/19843\/revisions"}],"predecessor-version":[{"id":19844,"href":"https:\/\/cottage.cz\/en\/wp-json\/wp\/v2\/pages\/19843\/revisions\/19844"}],"wp:featuredmedia":[{"embeddable":true,"href":"https:\/\/cottage.cz\/en\/wp-json\/wp\/v2\/media\/13470"}],"wp:attachment":[{"href":"https:\/\/cottage.cz\/en\/wp-json\/wp\/v2\/media?parent=19843"}],"curies":[{"name":"wp","href":"https:\/\/api.w.org\/{rel}","templated":true}]}}