{"id":19794,"date":"2023-12-06T20:43:21","date_gmt":"2023-12-06T19:43:21","guid":{"rendered":"https:\/\/cottage.napokusy.cz\/?page_id=19794"},"modified":"2023-12-06T20:43:23","modified_gmt":"2023-12-06T19:43:23","slug":"brtniky","status":"publish","type":"page","link":"https:\/\/cottage.cz\/en\/brtniky\/","title":{"rendered":"Brtniky"},"content":{"rendered":"<p>Village Brtn\u00edky (German Zeidler) It lies between the village Krasna Lipa and Old K\u0159e\u010dany. Its location on the edge of the National Park Czech Switzerland plays the role of the northern gateway. In 2011 lived here permanently 251 resident. There is a restaurant U Krkovi\u010dky a newly restored Calvary. We recommend that you also visit the settlement Kopec (1 km from Brnik) and restaurant U Oty.<\/p>\n","protected":false},"excerpt":{"rendered":"<p>Village Brtn\u00edky (German Zeidler) It lies between the village Krasna Lipa and Old K\u0159e\u010dany. Its location on the edge of the National Park Czech Switzerland plays the role of the northern gateway. In 2011 lived here permanently 251 resident. There is a restaurant U Krkovi\u010dky a newly restored Calvary. We recommend that you also visit [&hellip;]<\/p>\n","protected":false},"author":4,"featured_media":13605,"parent":0,"menu_order":0,"comment_status":"closed","ping_status":"closed","template":"","meta":{"_monsterinsights_skip_tracking":false,"_monsterinsights_sitenote_active":false,"_monsterinsights_sitenote_note":"","_monsterinsights_sitenote_category":0,"ngg_post_thumbnail":0,"footnotes":""},"class_list":["post-19794","page","type-page","status-publish","has-post-thumbnail","hentry"],"aioseo_notices":[],"_links":{"self":[{"href":"https:\/\/cottage.cz\/en\/wp-json\/wp\/v2\/pages\/19794","targetHints":{"allow":["GET"]}}],"collection":[{"href":"https:\/\/cottage.cz\/en\/wp-json\/wp\/v2\/pages"}],"about":[{"href":"https:\/\/cottage.cz\/en\/wp-json\/wp\/v2\/types\/page"}],"author":[{"embeddable":true,"href":"https:\/\/cottage.cz\/en\/wp-json\/wp\/v2\/users\/4"}],"replies":[{"embeddable":true,"href":"https:\/\/cottage.cz\/en\/wp-json\/wp\/v2\/comments?post=19794"}],"version-history":[{"count":1,"href":"https:\/\/cottage.cz\/en\/wp-json\/wp\/v2\/pages\/19794\/revisions"}],"predecessor-version":[{"id":19795,"href":"https:\/\/cottage.cz\/en\/wp-json\/wp\/v2\/pages\/19794\/revisions\/19795"}],"wp:featuredmedia":[{"embeddable":true,"href":"https:\/\/cottage.cz\/en\/wp-json\/wp\/v2\/media\/13605"}],"wp:attachment":[{"href":"https:\/\/cottage.cz\/en\/wp-json\/wp\/v2\/media?parent=19794"}],"curies":[{"name":"wp","href":"https:\/\/api.w.org\/{rel}","templated":true}]}}